{"id":28,"date":"2014-09-18T12:29:35","date_gmt":"2014-09-18T11:29:35","guid":{"rendered":"http:\/\/agora.xtec.cat\/escolacharlesdarwin\/?page_id=28"},"modified":"2025-12-04T13:06:16","modified_gmt":"2025-12-04T12:06:16","slug":"consell-escolar","status":"publish","type":"page","link":"https:\/\/agora.xtec.cat\/escolacharlesdarwin\/lescola\/consell-escolar\/","title":{"rendered":"Consell Escolar"},"content":{"rendered":"\n<p>&nbsp;<\/p>\n\n\n\n<figure class=\"wp-block-image alignright\"><a href=\"https:\/\/agora.xtec.cat\/escolacharlesdarwin\/resum-actes-consell-escolar\/\"><img loading=\"lazy\" decoding=\"async\" width=\"500\" height=\"500\" src=\"https:\/\/agora.xtec.cat\/escolacharlesdarwin\/wp-content\/uploads\/usu160\/2019\/10\/ACORDS-CEC.png\" alt=\"\" class=\"wp-image-14896\" srcset=\"https:\/\/agora.xtec.cat\/escolacharlesdarwin\/wp-content\/uploads\/usu160\/2019\/10\/ACORDS-CEC.png 500w, https:\/\/agora.xtec.cat\/escolacharlesdarwin\/wp-content\/uploads\/usu160\/2019\/10\/ACORDS-CEC-150x150.png 150w, https:\/\/agora.xtec.cat\/escolacharlesdarwin\/wp-content\/uploads\/usu160\/2019\/10\/ACORDS-CEC-300x300.png 300w\" sizes=\"auto, (max-width: 500px) 100vw, 500px\" \/><\/a><\/figure>\n\n\n\n<p><\/p>\n\n\n\n<p>El Consell Escolar de Centre \u00e9s un \u00f2rgan de govern col\u00b7legiat on es troba representat tota la comunitat educativa. \u00c9s un \u00f2rgan de decisi\u00f3 i participaci\u00f3 que juga un paper important en el funcionament del centre.<\/p>\n\n\n\n<h2 class=\"wp-block-heading\"><sup><a href=\"http:\/\/dps.gencat.cat\/WebAcollida\/AppJava\/ca\/Menu_Principal\/Educacio\/MenuComun\/PreguntesRespostes\/Participacio_families\/Participacio_families1.jsp@pag=tcm_393-87538-64&amp;pagindex=tcm_393-87560-64.html\">Compet\u00e8ncies del CEC<\/a> formular propostes a l&#8217;equip directiu sobre la programaci\u00f3 anual del centre i&nbsp; aprovar el projecte educatiu, sens perjudici de les compet\u00e8ncies del Claustre en relaci\u00f3 amb la plani\ufb01caci\u00f3 i l\u2019organitzaci\u00f3 docent.<\/sup><\/h2>\n\n\n\n<ol class=\"wp-block-list\">\n<li>Elaborar informes, a petici\u00f3 de l&#8217;administraci\u00f3 competent, sobre el funcionament&nbsp; del centre i sobre aquells altres aspectes relacionats amb la seva activitat.<\/li>\n\n\n\n<li>Participar en el proc\u00e9s d&#8217;admissi\u00f3 d&#8217;alumnes i vetllar per a que es realitzi segons marca la llei.<\/li>\n\n\n\n<li>Aprovar el Reglament de R\u00e8gim Intern del centre.<\/li>\n\n\n\n<li>Con\u00e8ixer la resoluci\u00f3 de con\ufb02ictes disciplinaris i la imposici\u00f3 de sancions i vetllar perqu\u00e8 s&#8217;atenguin a la llei vigent. Quan les mesures disciplin\u00e0ries adoptades pel director corresponguin a conductes de l\u2019alumnat que perjudiquin greument la conviv\u00e8ncia del centre, el consell escolar, a inst\u00e0ncia de pares o tutors, pot revisar la decisi\u00f3 adoptada i proposar, si s\u2019escau, les mesures oportunes.<\/li>\n\n\n\n<li>Aprovar el projecte de pressupost del centre i la seva liquidaci\u00f3.<\/li>\n\n\n\n<li>Promoure la conservaci\u00f3 i renovaci\u00f3 de les instal\u00b7lacions i equip escolar i aprovar l\u2019obtenci\u00f3 de recursos complementaris d\u2019acord amb el que estableix l\u2019article 122.3.<\/li>\n\n\n\n<li>Proposar les directrius per a la col\u00b7laboraci\u00f3, amb \ufb01nalitats educatives i culturals,&nbsp; amb altres centres, entitats i organismes.<\/li>\n\n\n\n<li>Analitzar i valorar el funcionament general del centre, la evoluci\u00f3 del rendiment&nbsp; escolar i els resultats de l&#8217;avaluaci\u00f3 del centre que faci l&#8217;administraci\u00f3 educativa.<\/li>\n\n\n\n<li>Participar en la selecci\u00f3 del director del centre en els termes que estableix aquesta Llei. Ser informat del nomenament i cessament dels altres membres de l\u2019equip&nbsp; directiu. Si s\u2019escau, amb l\u2019acord previ dels seus membres, adoptat per majoria de&nbsp; dos ter\u00e7os, proposar la revocaci\u00f3 del nomenament del director.<\/li>\n\n\n\n<li>Proposar mesures i iniciatives que afavoreixin la conviv\u00e8ncia en el centre la igualtat&nbsp; entre homes i dones i la resoluci\u00f3 pac\u00ed\ufb01ca de con\ufb02ictes en tots els \u00e0mbits de la vida&nbsp; personal, familiar i social.<\/li>\n\n\n\n<li>Qualsevol altra que li sigui atorgada per l&#8217;administraci\u00f3 educativa.<\/li>\n\n\n\n<li>L&#8217;establiment del nombre total de representants de cada sector en el consell&nbsp; escolar, tot respectant els criteris generals.<\/li>\n\n\n\n<li>Elecci\u00f3 dels representants, un d\u2019entre els quals haur\u00e0 de ser del sector dels pares i mares, per a la nova comissi\u00f3 de selecci\u00f3 de director.<\/li>\n\n\n\n<li>Els consells escolars de centre podran establir convenis de col\u00b7laboraci\u00f3 amb associacions culturals o entitats sense \u00e0nim de lucre per al desplegament d&#8217;activitats extraescolars i complement\u00e0ries, en virtut d\u2019all\u00f2 que disposin les Administracions&nbsp; educatives.<\/li>\n<\/ol>\n\n\n\n<h2 class=\"wp-block-heading\">Composici\u00f3 del CEC<\/h2>\n\n\n\n<p>El consell escolar dels centres docents p\u00fablics est\u00e0 format per:<\/p>\n\n\n\n<figure class=\"wp-block-image alignright\"><img decoding=\"async\" src=\"http:\/\/www.insjoanamigo.cat\/web\/images\/consell_escolar.jpg\" alt=\"\"\/><\/figure>\n\n\n\n<p><\/p>\n\n\n\n<p>&#8211; El director\/a (que n&#8217;\u00e9s el president\/a).<br>&#8211; El\/la cap d&#8217;estudis.<br>&#8211; El\/la secretari\/\u00e0ria (amb veu i sense vot).<\/p>\n\n\n\n<p>&#8211; Un\/una representant de l&#8217;Ajuntament.<br>&#8211; Un\/una representant del PAS (personal d&#8217;administraci\u00f3 i serveis).<br>&#8211; Un\/una representant de l&#8217;AFA.<br>&#8211; Un nombre determinat de mestres o professors elegits pel claustre.<br>&#8211; Un nombre determinat de pares o mares d&#8217;alumnes i de l\u2019alumnat.<\/p>\n\n\n\n<figure class=\"wp-block-table\"><table class=\"has-fixed-layout\"><tbody><tr><td><strong>Nom<\/strong><\/td><td><strong>Representaci\u00f3&nbsp;<\/strong><\/td><td><strong>Comissi\u00f3&nbsp;<\/strong><\/td><\/tr><tr><td>Vanessa Rubio Carrasco<\/td><td>Directora\/Presidenta CEC<\/td><td>Permanent, econ\u00f2mica, conviv\u00e8ncia i&nbsp;<\/td><\/tr><tr><td>Laura Mart\u00ednez Ruda&nbsp;<\/td><td>Cap d&#8217;estudis<\/td><td>Permanent, conviv\u00e8ncia&nbsp;<\/td><\/tr><tr><td>Ana Isabel Mart\u00ednez Santos&nbsp;<\/td><td>Secret\u00e0ria<\/td><td>Permanent, econ\u00f2mica, conviv\u00e8ncia<\/td><\/tr><tr><td>Juan Rafael Luque Rios&nbsp;<\/td><td>Representant Ajuntament<\/td><td>&#8211;<\/td><\/tr><tr><td>Cristina Valero Brun<\/td><td>Representant mestres<\/td><td>&#8211;<\/td><\/tr><tr><td>Jennifer Calder\u00f3n D\u00edez-Madro\u00f1ero<\/td><td>Representant mestres<\/td><td>Permanent<\/td><\/tr><tr><td>D\u00e0maris Adrover Fern\u00e1ndez<\/td><td>Representant mestres<\/td><td>Econ\u00f2mica<\/td><\/tr><tr><td>Marc Torres Ruiz&nbsp;<\/td><td>Representant mestres<\/td><td>Conviv\u00e8ncia<\/td><\/tr><tr><td>Clara Toribio \u00c1lvarez<\/td><td>Representant mestres<\/td><td>&#8211;<\/td><\/tr><tr><td>Marta Grau Guiu&nbsp;<\/td><td>Representant mestres<\/td><td>&#8211;<\/td><\/tr><tr><td>Karen Isabel Narvaez Velasquez&nbsp;<\/td><td>Representant mares i pares<\/td><td>&#8211;<\/td><\/tr><tr><td>Alexandra L\u00f3pez Ruiz<\/td><td>Representant mares i pares<\/td><td>Permanent<\/td><\/tr><tr><td>Marta Redondo Soto<\/td><td>Representant mares i pares<\/td><td>&#8211;<\/td><\/tr><tr><td>Roser Pi Joan<\/td><td>Representant mares i pares<\/td><td>Conviv\u00e8ncia<\/td><\/tr><tr><td>Marta Fern\u00e1ndez S\u00e1nchez<\/td><td>Representant mares i pares<\/td><td>&#8211;<\/td><\/tr><tr><td>Javier Romero Dur\u00e1n<\/td><td>Representant mares i pares<\/td><td>Econ\u00f2mica<\/td><\/tr><tr><td>Roc\u00edo Segura Tapia&nbsp;<\/td><td>Representant AFA<\/td><td>&#8211;<\/td><\/tr><tr><td>Lourdes Sevilla Olmos<\/td><td>Representant PAS<\/td><td>&#8211;<\/td><\/tr><tr><td>Noem\u00ed Navarro Gal\u00e1n<\/td><td>Representant PAE<\/td><td>&#8211;<\/td><\/tr><\/tbody><\/table><\/figure>\n","protected":false},"excerpt":{"rendered":"<p>&nbsp; El Consell Escolar de Centre \u00e9s un \u00f2rgan de govern col\u00b7legiat on es troba representat tota la comunitat educativa. [&hellip;]<\/p>\n","protected":false},"author":2,"featured_media":0,"parent":22,"menu_order":30,"comment_status":"open","ping_status":"closed","template":"","meta":{"site-sidebar-layout":"default","site-content-layout":"","ast-site-content-layout":"default","site-content-style":"default","site-sidebar-style":"default","ast-global-header-display":"","ast-banner-title-visibility":"","ast-main-header-display":"","ast-hfb-above-header-display":"","ast-hfb-below-header-display":"","ast-hfb-mobile-header-display":"","site-post-title":"","ast-breadcrumbs-content":"","ast-featured-img":"","footer-sml-layout":"","theme-transparent-header-meta":"","adv-header-id-meta":"","stick-header-meta":"","header-above-stick-meta":"","header-main-stick-meta":"","header-below-stick-meta":"","astra-migrate-meta-layouts":"set","ast-page-background-enabled":"default","ast-page-background-meta":{"desktop":{"background-color":"var(--ast-global-color-4)","background-image":"","background-repeat":"repeat","background-position":"center center","background-size":"auto","background-attachment":"scroll","background-type":"","background-media":"","overlay-type":"","overlay-color":"","overlay-opacity":"","overlay-gradient":""},"tablet":{"background-color":"","background-image":"","background-repeat":"repeat","background-position":"center center","background-size":"auto","background-attachment":"scroll","background-type":"","background-media":"","overlay-type":"","overlay-color":"","overlay-opacity":"","overlay-gradient":""},"mobile":{"background-color":"","background-image":"","background-repeat":"repeat","background-position":"center center","background-size":"auto","background-attachment":"scroll","background-type":"","background-media":"","overlay-type":"","overlay-color":"","overlay-opacity":"","overlay-gradient":""}},"ast-content-background-meta":{"desktop":{"background-color":"var(--ast-global-color-5)","background-image":"","background-repeat":"repeat","background-position":"center center","background-size":"auto","background-attachment":"scroll","background-type":"","background-media":"","overlay-type":"","overlay-color":"","overlay-opacity":"","overlay-gradient":""},"tablet":{"background-color":"var(--ast-global-color-5)","background-image":"","background-repeat":"repeat","background-position":"center center","background-size":"auto","background-attachment":"scroll","background-type":"","background-media":"","overlay-type":"","overlay-color":"","overlay-opacity":"","overlay-gradient":""},"mobile":{"background-color":"var(--ast-global-color-5)","background-image":"","background-repeat":"repeat","background-position":"center center","background-size":"auto","background-attachment":"scroll","background-type":"","background-media":"","overlay-type":"","overlay-color":"","overlay-opacity":"","overlay-gradient":""}},"footnotes":""},"class_list":["post-28","page","type-page","status-publish","hentry"],"post_mailing_queue_ids":[],"_links":{"self":[{"href":"https:\/\/agora.xtec.cat\/escolacharlesdarwin\/wp-json\/wp\/v2\/pages\/28","targetHints":{"allow":["GET"]}}],"collection":[{"href":"https:\/\/agora.xtec.cat\/escolacharlesdarwin\/wp-json\/wp\/v2\/pages"}],"about":[{"href":"https:\/\/agora.xtec.cat\/escolacharlesdarwin\/wp-json\/wp\/v2\/types\/page"}],"author":[{"embeddable":true,"href":"https:\/\/agora.xtec.cat\/escolacharlesdarwin\/wp-json\/wp\/v2\/users\/2"}],"replies":[{"embeddable":true,"href":"https:\/\/agora.xtec.cat\/escolacharlesdarwin\/wp-json\/wp\/v2\/comments?post=28"}],"version-history":[{"count":5,"href":"https:\/\/agora.xtec.cat\/escolacharlesdarwin\/wp-json\/wp\/v2\/pages\/28\/revisions"}],"predecessor-version":[{"id":30101,"href":"https:\/\/agora.xtec.cat\/escolacharlesdarwin\/wp-json\/wp\/v2\/pages\/28\/revisions\/30101"}],"up":[{"embeddable":true,"href":"https:\/\/agora.xtec.cat\/escolacharlesdarwin\/wp-json\/wp\/v2\/pages\/22"}],"wp:attachment":[{"href":"https:\/\/agora.xtec.cat\/escolacharlesdarwin\/wp-json\/wp\/v2\/media?parent=28"}],"curies":[{"name":"wp","href":"https:\/\/api.w.org\/{rel}","templated":true}]}}