{"id":25472,"date":"2023-03-31T16:32:22","date_gmt":"2023-03-31T14:32:22","guid":{"rendered":"https:\/\/agora.xtec.cat\/escolacharlesdarwin\/?page_id=25472"},"modified":"2023-05-29T15:42:48","modified_gmt":"2023-05-29T13:42:48","slug":"roba-i-objectes-perduts","status":"publish","type":"page","link":"https:\/\/agora.xtec.cat\/escolacharlesdarwin\/roba-i-objectes-perduts\/","title":{"rendered":"Roba i objectes perduts"},"content":{"rendered":"<p><strong>Aquest espai web s\u2019ha creat amb la finalitat d\u2019ajudar a les fam\u00edlies a que trobeu els objectes o peces de roba que es perden a l\u2019escola de forma regular i habitual.<\/strong><\/p>\n<p><strong> Val a dir, que \u00e9s molt recomanable etiquetar les pertinences, sobretot les dels m\u00e9s petits i petites per evitar que aix\u00f2 passi amb tanta facilitat!<\/strong><\/p>\n<p><strong> \ud83d\ude00Com podeu recuperar-les? <\/strong>Cada pe\u00e7a\/objecte, estar\u00e0 classificat i enumerat en dues categories:<\/p>\n<h3><a href=\"https:\/\/photos.app.goo.gl\/EQstsfFxcGEskx868\">PECES DE ROBA<\/a><\/h3>\n<p>&nbsp;<\/p>\n<h3><a href=\"https:\/\/photos.app.goo.gl\/2zuSVTL1Anxc4UJF8\">ACCESSORIS, COMPLEMENTS I ALTRES OBJECTES<\/a><\/h3>\n<p>&nbsp;<\/p>\n<p>Si localitzeu una pertinen\u00e7a, podeu passar per consergeria de 9:15 a 13:00 i de 15:15 a 16:45 de dilluns a divendres.<\/p>\n<p>\ud83e\udd17Eduquem en la responsabilitat i la sostenibilitat d&#8217;all\u00f2 que ens pertany!<\/p>\n","protected":false},"excerpt":{"rendered":"<p>Aquest espai web s\u2019ha creat amb la finalitat d\u2019ajudar a les fam\u00edlies a que trobeu els objectes o peces de [&hellip;]<\/p>\n","protected":false},"author":1,"featured_media":0,"parent":0,"menu_order":0,"comment_status":"closed","ping_status":"closed","template":"","meta":{"site-sidebar-layout":"default","site-content-layout":"","ast-site-content-layout":"","site-content-style":"default","site-sidebar-style":"default","ast-global-header-display":"","ast-banner-title-visibility":"","ast-main-header-display":"","ast-hfb-above-header-display":"","ast-hfb-below-header-display":"","ast-hfb-mobile-header-display":"","site-post-title":"","ast-breadcrumbs-content":"","ast-featured-img":"","footer-sml-layout":"","theme-transparent-header-meta":"","adv-header-id-meta":"","stick-header-meta":"","header-above-stick-meta":"","header-main-stick-meta":"","header-below-stick-meta":"","astra-migrate-meta-layouts":"default","ast-page-background-enabled":"default","ast-page-background-meta":{"desktop":{"background-color":"var(--ast-global-color-4)","background-image":"","background-repeat":"repeat","background-position":"center center","background-size":"auto","background-attachment":"scroll","background-type":"","background-media":"","overlay-type":"","overlay-color":"","overlay-opacity":"","overlay-gradient":""},"tablet":{"background-color":"","background-image":"","background-repeat":"repeat","background-position":"center center","background-size":"auto","background-attachment":"scroll","background-type":"","background-media":"","overlay-type":"","overlay-color":"","overlay-opacity":"","overlay-gradient":""},"mobile":{"background-color":"","background-image":"","background-repeat":"repeat","background-position":"center center","background-size":"auto","background-attachment":"scroll","background-type":"","background-media":"","overlay-type":"","overlay-color":"","overlay-opacity":"","overlay-gradient":""}},"ast-content-background-meta":{"desktop":{"background-color":"var(--ast-global-color-5)","background-image":"","background-repeat":"repeat","background-position":"center center","background-size":"auto","background-attachment":"scroll","background-type":"","background-media":"","overlay-type":"","overlay-color":"","overlay-opacity":"","overlay-gradient":""},"tablet":{"background-color":"var(--ast-global-color-5)","background-image":"","background-repeat":"repeat","background-position":"center center","background-size":"auto","background-attachment":"scroll","background-type":"","background-media":"","overlay-type":"","overlay-color":"","overlay-opacity":"","overlay-gradient":""},"mobile":{"background-color":"var(--ast-global-color-5)","background-image":"","background-repeat":"repeat","background-position":"center center","background-size":"auto","background-attachment":"scroll","background-type":"","background-media":"","overlay-type":"","overlay-color":"","overlay-opacity":"","overlay-gradient":""}},"footnotes":""},"class_list":["post-25472","page","type-page","status-publish","hentry"],"post_mailing_queue_ids":[],"_links":{"self":[{"href":"https:\/\/agora.xtec.cat\/escolacharlesdarwin\/wp-json\/wp\/v2\/pages\/25472","targetHints":{"allow":["GET"]}}],"collection":[{"href":"https:\/\/agora.xtec.cat\/escolacharlesdarwin\/wp-json\/wp\/v2\/pages"}],"about":[{"href":"https:\/\/agora.xtec.cat\/escolacharlesdarwin\/wp-json\/wp\/v2\/types\/page"}],"author":[{"embeddable":true,"href":"https:\/\/agora.xtec.cat\/escolacharlesdarwin\/wp-json\/wp\/v2\/users\/1"}],"replies":[{"embeddable":true,"href":"https:\/\/agora.xtec.cat\/escolacharlesdarwin\/wp-json\/wp\/v2\/comments?post=25472"}],"version-history":[{"count":3,"href":"https:\/\/agora.xtec.cat\/escolacharlesdarwin\/wp-json\/wp\/v2\/pages\/25472\/revisions"}],"predecessor-version":[{"id":25779,"href":"https:\/\/agora.xtec.cat\/escolacharlesdarwin\/wp-json\/wp\/v2\/pages\/25472\/revisions\/25779"}],"wp:attachment":[{"href":"https:\/\/agora.xtec.cat\/escolacharlesdarwin\/wp-json\/wp\/v2\/media?parent=25472"}],"curies":[{"name":"wp","href":"https:\/\/api.w.org\/{rel}","templated":true}]}}