{"id":24611,"date":"2023-01-16T13:43:05","date_gmt":"2023-01-16T12:43:05","guid":{"rendered":"https:\/\/agora.xtec.cat\/escolacharlesdarwin\/?page_id=24611"},"modified":"2024-07-22T09:15:11","modified_gmt":"2024-07-22T07:15:11","slug":"delegats-i-delegades-de-curs","status":"publish","type":"page","link":"https:\/\/agora.xtec.cat\/escolacharlesdarwin\/delegats-i-delegades-de-curs\/","title":{"rendered":"Delegats i delegades de curs"},"content":{"rendered":"<p><strong>Orientacions sobre pares i mares delegats de classe<\/strong><\/p>\n<p>La implicaci\u00f3 i la participaci\u00f3 de les fam\u00edlies en el proc\u00e9s educatiu dels fills i filles \u00e9s un element imprescindible per assolir l\u2019\u00e8xit educatiu i contribuir a la inclusi\u00f3 escolar i social de l\u2019alumnat.<br \/>\nEn aquest sentit, cal afavorir que les fam\u00edlies s\u2019impliquin i participin en el funcionament del centre. Aquesta participaci\u00f3, recollida en diferents normatives, pot ser; individual o col\u00b7lectiva, segons el tipus d\u2019acci\u00f3 i la motivaci\u00f3, i formal o informal, segons el grau d\u2019institucionalitzaci\u00f3. Aix\u00ed, existeixen diferents canals de participaci\u00f3, des dels menys formalitzats, com poden ser trobades de pares i mares per impulsar una celebraci\u00f3 o una revista, als espais m\u00e9s formals, com s\u00f3n les comissions mixtes, l\u2019AFA i el Consell Escolar.<\/p>\n<p>En l\u2019\u00e0mbit m\u00e9s proper a les accions de l\u2019aula, trobem la participaci\u00f3 dels pares i mares com a delegats i delegades de classe.<br \/>\nLa figura de delegat o delegada de classe, en una situaci\u00f3 de confinament, pot ser un vincle o canal per mantenir el lligam amb la pluralitat de fam\u00edlies del grup-classe i el centre educatiu<br \/>\nAquesta figura facilita l\u2019acci\u00f3 tutorial i la creaci\u00f3 de vincles entre fam\u00edlies i entre fam\u00edlies i escola, factor molt important sempre per\u00f2 encara m\u00e9s en situacions de confinament.<\/p>\n<p>El delegat o delegada de classe \u00e9s un pare, mare o tutor legal que exerceix el paper d&#8217;enlla\u00e7 entre les fam\u00edlies d\u2019un grup-classe, el tutor o tutora del grup, l\u2019escola i l\u2019AFA.<br \/>\nAquesta figura no est\u00e0 regulada normativament, per\u00f2 est\u00e0 molt estesa entre els centres educatius ja que permet impulsar la col\u00b7laboraci\u00f3 entre les fam\u00edlies i els tutors o tutores de grup.<br \/>\nEl delegat s\u2019ofereix de forma volunt\u00e0ria i \u00e9s escollit per les fam\u00edlies del grup-classe. Representa el col\u00b7lectiu de fam\u00edlies d\u2019aquest grup recollint necessitats, interessos i expectatives i establint un vincle entre les fam\u00edlies i el tutor o tutora.<\/p>\n<p>Les funcions m\u00e9s destacables dels pares o mares delegats de classe estan relacionades amb: Col\u00b7laboraci\u00f3 amb el tutor\/a:<\/p>\n<ul>\n<li>fer d\u2019enlla\u00e7 entre el tutor o tutora i les fam\u00edlies del grup en temes d\u2019inter\u00e8s per a la classe<\/li>\n<li>detectar inquietuds o necessitats de les fam\u00edlies en relaci\u00f3 amb el centre: expectatives, interessos formatius de les fam\u00edlies, etc.<\/li>\n<li>traspassar informaci\u00f3 \u201curgent\u201d que el tutor necessiti fer arribar a les fam\u00edlies<\/li>\n<li>fer crides de col\u00b7laboraci\u00f3 Dinamitzaci\u00f3 de les fam\u00edlies del grup-classe:<\/li>\n<li>fomentar la conviv\u00e8ncia i el bon clima escolar, evitant la transmissi\u00f3 de prejudicis i d\u2019actituds fiscalitzadores<\/li>\n<li>promoure els canals de comunicaci\u00f3 del centre i el seu bon \u00fas<\/li>\n<li>motivar i dinamitzar els pares i mares i afavorir que participin en activitats organitzades pel centre, AFA o les fam\u00edlies<\/li>\n<li>acollir les noves fam\u00edlies que s\u2019incorporin al grup-classe i ajudar-les en el seu proc\u00e9s d\u2019inclusi\u00f3 en la comunitat educativa<\/li>\n<li>promoure accions cohesionadores entre les fam\u00edlies del grup-classe Col\u00b7laboraci\u00f3 amb l\u2019AFA:<\/li>\n<li>fomentar la participaci\u00f3 de les fam\u00edlies en les diferents comissions de l\u2019AFA<\/li>\n<li>detectar necessitats de formaci\u00f3 o inquietuds de les fam\u00edlies<\/li>\n<li>recollir propostes de millora en relaci\u00f3 amb els serveis que gestiona l\u2019AFA<\/li>\n<li>difondre comunicacions de l\u2019AFA<\/li>\n<li>fer arribar els dubtes, inquietuds, suggeriments, necessitats i interessos generals dels pares i mares de la classe cap a l\u2019escola<\/li>\n<li>coordinar-se amb els membres de l\u2019AFA per animar les fam\u00edlies a participar en la vida del centre<\/li>\n<li>fer arribar al consell escolar i a l\u2019equip directiu propostes de millora<\/li>\n<\/ul>\n","protected":false},"excerpt":{"rendered":"<p>Orientacions sobre pares i mares delegats de classe La implicaci\u00f3 i la participaci\u00f3 de les fam\u00edlies en el proc\u00e9s educatiu [&hellip;]<\/p>\n","protected":false},"author":1,"featured_media":0,"parent":0,"menu_order":0,"comment_status":"closed","ping_status":"closed","template":"","meta":{"site-sidebar-layout":"default","site-content-layout":"","ast-site-content-layout":"","site-content-style":"default","site-sidebar-style":"default","ast-global-header-display":"","ast-banner-title-visibility":"","ast-main-header-display":"","ast-hfb-above-header-display":"","ast-hfb-below-header-display":"","ast-hfb-mobile-header-display":"","site-post-title":"","ast-breadcrumbs-content":"","ast-featured-img":"","footer-sml-layout":"","theme-transparent-header-meta":"","adv-header-id-meta":"","stick-header-meta":"","header-above-stick-meta":"","header-main-stick-meta":"","header-below-stick-meta":"","astra-migrate-meta-layouts":"default","ast-page-background-enabled":"default","ast-page-background-meta":{"desktop":{"background-color":"var(--ast-global-color-4)","background-image":"","background-repeat":"repeat","background-position":"center center","background-size":"auto","background-attachment":"scroll","background-type":"","background-media":"","overlay-type":"","overlay-color":"","overlay-opacity":"","overlay-gradient":""},"tablet":{"background-color":"","background-image":"","background-repeat":"repeat","background-position":"center center","background-size":"auto","background-attachment":"scroll","background-type":"","background-media":"","overlay-type":"","overlay-color":"","overlay-opacity":"","overlay-gradient":""},"mobile":{"background-color":"","background-image":"","background-repeat":"repeat","background-position":"center center","background-size":"auto","background-attachment":"scroll","background-type":"","background-media":"","overlay-type":"","overlay-color":"","overlay-opacity":"","overlay-gradient":""}},"ast-content-background-meta":{"desktop":{"background-color":"var(--ast-global-color-5)","background-image":"","background-repeat":"repeat","background-position":"center center","background-size":"auto","background-attachment":"scroll","background-type":"","background-media":"","overlay-type":"","overlay-color":"","overlay-opacity":"","overlay-gradient":""},"tablet":{"background-color":"var(--ast-global-color-5)","background-image":"","background-repeat":"repeat","background-position":"center center","background-size":"auto","background-attachment":"scroll","background-type":"","background-media":"","overlay-type":"","overlay-color":"","overlay-opacity":"","overlay-gradient":""},"mobile":{"background-color":"var(--ast-global-color-5)","background-image":"","background-repeat":"repeat","background-position":"center center","background-size":"auto","background-attachment":"scroll","background-type":"","background-media":"","overlay-type":"","overlay-color":"","overlay-opacity":"","overlay-gradient":""}},"footnotes":""},"class_list":["post-24611","page","type-page","status-publish","hentry"],"post_mailing_queue_ids":[],"_links":{"self":[{"href":"https:\/\/agora.xtec.cat\/escolacharlesdarwin\/wp-json\/wp\/v2\/pages\/24611","targetHints":{"allow":["GET"]}}],"collection":[{"href":"https:\/\/agora.xtec.cat\/escolacharlesdarwin\/wp-json\/wp\/v2\/pages"}],"about":[{"href":"https:\/\/agora.xtec.cat\/escolacharlesdarwin\/wp-json\/wp\/v2\/types\/page"}],"author":[{"embeddable":true,"href":"https:\/\/agora.xtec.cat\/escolacharlesdarwin\/wp-json\/wp\/v2\/users\/1"}],"replies":[{"embeddable":true,"href":"https:\/\/agora.xtec.cat\/escolacharlesdarwin\/wp-json\/wp\/v2\/comments?post=24611"}],"version-history":[{"count":5,"href":"https:\/\/agora.xtec.cat\/escolacharlesdarwin\/wp-json\/wp\/v2\/pages\/24611\/revisions"}],"predecessor-version":[{"id":27742,"href":"https:\/\/agora.xtec.cat\/escolacharlesdarwin\/wp-json\/wp\/v2\/pages\/24611\/revisions\/27742"}],"wp:attachment":[{"href":"https:\/\/agora.xtec.cat\/escolacharlesdarwin\/wp-json\/wp\/v2\/media?parent=24611"}],"curies":[{"name":"wp","href":"https:\/\/api.w.org\/{rel}","templated":true}]}}