{"id":24567,"date":"2023-01-15T19:06:48","date_gmt":"2023-01-15T18:06:48","guid":{"rendered":"https:\/\/agora.xtec.cat\/escolacharlesdarwin\/?page_id=24567"},"modified":"2024-07-21T10:32:44","modified_gmt":"2024-07-21T08:32:44","slug":"camins-vius","status":"publish","type":"page","link":"https:\/\/agora.xtec.cat\/escolacharlesdarwin\/camins-vius\/","title":{"rendered":"Camins Vius"},"content":{"rendered":"<p><img loading=\"lazy\" decoding=\"async\" class=\"\" src=\"https:\/\/www.teatrelartesa.cat\/sites\/all\/themes\/teatreartesa\/img\/logo-artesa.svg\" width=\"220\" height=\"47\" \/><\/p>\n<p><strong>L\u2019itinerari CAMINS VIUS proposa a les escoles gaudir de les Arts en Viu en la seva plenitud.<\/strong> Convida a veure, tocar, experimentar, posar cos i reflexionar a partir de tot un seguit d\u2019activitats pensades i creades espec\u00edficament per a la comunitat educativa. Despertant l\u2019esperit cr\u00edtic. Perqu\u00e8 una societat que es pregunta \u00e9s una societat m\u00e9s oberta, m\u00e9s plural, amb m\u00e9s respecte per la difer\u00e8ncia i el di\u00e0leg.<\/p>\n<p>CAMINS VIUS \u00e9s un projecte dedicat a crear espais d\u2019intercanvi i col\u00b7laboraci\u00f3 entre els artistes que treballen al Teatre L\u2019Artes\u00e0 i diverses escoles del Prat. Es tracta de fer del teatre un lloc de trobada en el qual artistes, mestres i alumnes puguin posar en joc interessos i feines comunes i d\u2019aquesta manera construir juntes pr\u00e0ctiques pedag\u00f2giques cada vegada m\u00e9s c\u00f2mplices. A trav\u00e9s de les arts podem afavorir el desenvolupament de la participaci\u00f3 i col\u00b7laboraci\u00f3 en els contextos educatius i, d\u2019aquesta manera, cr\u00e9ixer juntes en la comunitat escolar, en l\u2019entorn familiar i en la ciutat-m\u00f3n.<\/p>\n<p>CAMINS VIUS \u00e9s un projecte sat\u00e8l\u00b7lit d\u2019<a href=\"https:\/\/www.elprat.cat\/interseccions\">IntersECCions<\/a>, que en comparteix els valors i desborda l\u2019aula per traspassar coneixements i fer\u00a0viure experi\u00e8ncies dins i fora de l\u2019escola en horari lectiu i no lectiu, situant l\u2019alumnat en el centre de l\u2019acci\u00f3 amb la complicitat d\u2019altres agents comunitaris que l\u2019acompanyen: artistes, mestres i fam\u00edlies.<\/p>\n<h2 class=\"title\">CAMINS VIUS 2024-25<\/h2>\n<p>&#8220;El millor de la ci\u00e8ncia \u00e9s que les preguntes s\u00f3n molt m\u00e9s importants que les respostes\u201d, afirma George Wald, Premi Nobel de Biologia. Sense haver trobat una bona pregunta cap cient\u00edfic pot arribar a descobrir una resposta. Precisament, en el context educatiu, on les respostes estan sent avaluades constantment,\u00a0CAMINS VIUS, ens convida un any m\u00e9s a repensar l\u2019acci\u00f3 de preguntar. Ens proposa practicar el dubte, habitar la incertesa i visualitzar els interrogants m\u00e9s enll\u00e0 dels prejudicis adquirits a trav\u00e9s d\u2019un ventall molt divers de propostes art\u00edstiques.<\/p>\n<p>Una nova cartera d\u2019artistes, d\u2019investigadors en les arts,\u00a0 ens arriben aquest curs fugint de les respostes, fins i tot d\u2019aquelles que diuen ser definitives. Si la ci\u00e8ncia viu amb les preguntes, la cultura i l\u2019educaci\u00f3 tamb\u00e9 hi conviuen, sobretot amb les preguntes realment fant\u00e0stiques, les que podria fer qualsevol alumn@ i que mai s\u2019acaben de respondre.<\/p>\n","protected":false},"excerpt":{"rendered":"<p>L\u2019itinerari CAMINS VIUS proposa a les escoles gaudir de les Arts en Viu en la seva plenitud. Convida a veure, [&hellip;]<\/p>\n","protected":false},"author":1,"featured_media":0,"parent":0,"menu_order":0,"comment_status":"closed","ping_status":"closed","template":"","meta":{"site-sidebar-layout":"default","site-content-layout":"","ast-site-content-layout":"","site-content-style":"default","site-sidebar-style":"default","ast-global-header-display":"","ast-banner-title-visibility":"","ast-main-header-display":"","ast-hfb-above-header-display":"","ast-hfb-below-header-display":"","ast-hfb-mobile-header-display":"","site-post-title":"","ast-breadcrumbs-content":"","ast-featured-img":"","footer-sml-layout":"","theme-transparent-header-meta":"","adv-header-id-meta":"","stick-header-meta":"","header-above-stick-meta":"","header-main-stick-meta":"","header-below-stick-meta":"","astra-migrate-meta-layouts":"default","ast-page-background-enabled":"default","ast-page-background-meta":{"desktop":{"background-color":"var(--ast-global-color-4)","background-image":"","background-repeat":"repeat","background-position":"center center","background-size":"auto","background-attachment":"scroll","background-type":"","background-media":"","overlay-type":"","overlay-color":"","overlay-opacity":"","overlay-gradient":""},"tablet":{"background-color":"","background-image":"","background-repeat":"repeat","background-position":"center center","background-size":"auto","background-attachment":"scroll","background-type":"","background-media":"","overlay-type":"","overlay-color":"","overlay-opacity":"","overlay-gradient":""},"mobile":{"background-color":"","background-image":"","background-repeat":"repeat","background-position":"center center","background-size":"auto","background-attachment":"scroll","background-type":"","background-media":"","overlay-type":"","overlay-color":"","overlay-opacity":"","overlay-gradient":""}},"ast-content-background-meta":{"desktop":{"background-color":"var(--ast-global-color-5)","background-image":"","background-repeat":"repeat","background-position":"center center","background-size":"auto","background-attachment":"scroll","background-type":"","background-media":"","overlay-type":"","overlay-color":"","overlay-opacity":"","overlay-gradient":""},"tablet":{"background-color":"var(--ast-global-color-5)","background-image":"","background-repeat":"repeat","background-position":"center center","background-size":"auto","background-attachment":"scroll","background-type":"","background-media":"","overlay-type":"","overlay-color":"","overlay-opacity":"","overlay-gradient":""},"mobile":{"background-color":"var(--ast-global-color-5)","background-image":"","background-repeat":"repeat","background-position":"center center","background-size":"auto","background-attachment":"scroll","background-type":"","background-media":"","overlay-type":"","overlay-color":"","overlay-opacity":"","overlay-gradient":""}},"footnotes":""},"class_list":["post-24567","page","type-page","status-publish","hentry"],"post_mailing_queue_ids":[],"_links":{"self":[{"href":"https:\/\/agora.xtec.cat\/escolacharlesdarwin\/wp-json\/wp\/v2\/pages\/24567","targetHints":{"allow":["GET"]}}],"collection":[{"href":"https:\/\/agora.xtec.cat\/escolacharlesdarwin\/wp-json\/wp\/v2\/pages"}],"about":[{"href":"https:\/\/agora.xtec.cat\/escolacharlesdarwin\/wp-json\/wp\/v2\/types\/page"}],"author":[{"embeddable":true,"href":"https:\/\/agora.xtec.cat\/escolacharlesdarwin\/wp-json\/wp\/v2\/users\/1"}],"replies":[{"embeddable":true,"href":"https:\/\/agora.xtec.cat\/escolacharlesdarwin\/wp-json\/wp\/v2\/comments?post=24567"}],"version-history":[{"count":3,"href":"https:\/\/agora.xtec.cat\/escolacharlesdarwin\/wp-json\/wp\/v2\/pages\/24567\/revisions"}],"predecessor-version":[{"id":27729,"href":"https:\/\/agora.xtec.cat\/escolacharlesdarwin\/wp-json\/wp\/v2\/pages\/24567\/revisions\/27729"}],"wp:attachment":[{"href":"https:\/\/agora.xtec.cat\/escolacharlesdarwin\/wp-json\/wp\/v2\/media?parent=24567"}],"curies":[{"name":"wp","href":"https:\/\/api.w.org\/{rel}","templated":true}]}}