{"id":24524,"date":"2023-01-15T17:38:19","date_gmt":"2023-01-15T16:38:19","guid":{"rendered":"https:\/\/agora.xtec.cat\/escolacharlesdarwin\/?page_id=24524"},"modified":"2025-02-14T09:34:33","modified_gmt":"2025-02-14T08:34:33","slug":"ciutadania-global-i-consciencia-democratica-a-lescola","status":"publish","type":"page","link":"https:\/\/agora.xtec.cat\/escolacharlesdarwin\/ciutadania-global-i-consciencia-democratica-a-lescola\/","title":{"rendered":"Ciutadania global i consci\u00e8ncia democr\u00e0tica a l&#8217;escola"},"content":{"rendered":"\n<figure class=\"wp-block-image\"><img decoding=\"async\" src=\"https:\/\/agenda21escolarplussabadell.cat\/wp-content\/uploads\/sites\/49\/2020\/09\/ODS__CAT_Poster_A3-1024x724-1.jpg\" alt=\"\"\/><\/figure>\n\n\n\n<p>Des del curs 2021-22 amb el projecte Global Darwin, tenim les mirades enfocades al Desenvolupament Sostenible. En moments de crisi global s\u2019evidencia com estem totes connectades com a esp\u00e8cie i la import\u00e0ncia de tenir cura del nostre medi, aix\u00ed com la necessitat d\u2019establir mecanismes de governan\u00e7a global que ens permetin unir-nos per pal\u00b7liar els efectes de l\u2019emerg\u00e8ncia clim\u00e0tica.<\/p>\n\n\n\n<p>\u00c9s per aix\u00f2 que el curs passat vam comen\u00e7ar&nbsp; a con\u00e8ixer i treballar els Objectius de Desenvolupament Sostenible (ODS), una agenda global creada per les Nacions Unides i que cont\u00e9 17 objectius per a transformar el m\u00f3n fins el 2030.<\/p>\n\n\n\n<figure class=\"wp-block-image aligncenter\"><img decoding=\"async\" src=\"https:\/\/agenda21escolarplussabadell.cat\/wp-content\/uploads\/sites\/49\/2020\/09\/ods-cercle-300x137.png\" alt=\"\" class=\"wp-image-1183\"\/><\/figure>\n\n\n\n<p>Els ODS s\u00f3n la continuaci\u00f3 dels Objectius de Desenvolupament del Mil\u00b7lenni (ODM), que van caducar a la fi del 2015, per\u00f2 a difer\u00e8ncia d\u2019aquests van ser elaborats mitjan\u00e7ant un proc\u00e9s participatiu que va involucrar 193 estats i a la societat civil. Es dirigeixen a tots els pa\u00efsos del m\u00f3n com a recomanacions per als seus governs, les seves associacions i tota la societat civil. Es tracta d\u2019objectius d\u2019ampli abast que aborden de manera interconnectada l\u2019economia, la just\u00edcia social i la protecci\u00f3 del medi ambient.<\/p>\n\n\n\n<p>Enguany, seguim treballant mitjan\u00e7ant el projecte Green Power. Donem sentit a l&#8217;aprenentatge, a la connexi\u00f3 amb el m\u00f3n global que habitem i ajudem a cercar solucions que ens ajudin a millorar la vida del planeta que habitem!<\/p>\n\n\n\n<p class=\"has-text-align-center\"><iframe loading=\"lazy\" src=\"\/\/giphy.com\/embed\/igsVfO6Sro82xBQP8I\" width=\"480\" height=\"480\" frameborder=\"0\" allowfullscreen=\"allowfullscreen\"><\/iframe><\/p>\n","protected":false},"excerpt":{"rendered":"<p>Des del curs 2021-22 amb el projecte Global Darwin, tenim les mirades enfocades al Desenvolupament Sostenible. En moments de crisi [&hellip;]<\/p>\n","protected":false},"author":1,"featured_media":0,"parent":0,"menu_order":0,"comment_status":"closed","ping_status":"closed","template":"","meta":{"site-sidebar-layout":"default","site-content-layout":"","ast-site-content-layout":"default","site-content-style":"default","site-sidebar-style":"default","ast-global-header-display":"","ast-banner-title-visibility":"","ast-main-header-display":"","ast-hfb-above-header-display":"","ast-hfb-below-header-display":"","ast-hfb-mobile-header-display":"","site-post-title":"","ast-breadcrumbs-content":"","ast-featured-img":"","footer-sml-layout":"","theme-transparent-header-meta":"","adv-header-id-meta":"","stick-header-meta":"","header-above-stick-meta":"","header-main-stick-meta":"","header-below-stick-meta":"","astra-migrate-meta-layouts":"set","ast-page-background-enabled":"default","ast-page-background-meta":{"desktop":{"background-color":"var(--ast-global-color-4)","background-image":"","background-repeat":"repeat","background-position":"center center","background-size":"auto","background-attachment":"scroll","background-type":"","background-media":"","overlay-type":"","overlay-color":"","overlay-opacity":"","overlay-gradient":""},"tablet":{"background-color":"","background-image":"","background-repeat":"repeat","background-position":"center center","background-size":"auto","background-attachment":"scroll","background-type":"","background-media":"","overlay-type":"","overlay-color":"","overlay-opacity":"","overlay-gradient":""},"mobile":{"background-color":"","background-image":"","background-repeat":"repeat","background-position":"center center","background-size":"auto","background-attachment":"scroll","background-type":"","background-media":"","overlay-type":"","overlay-color":"","overlay-opacity":"","overlay-gradient":""}},"ast-content-background-meta":{"desktop":{"background-color":"var(--ast-global-color-5)","background-image":"","background-repeat":"repeat","background-position":"center center","background-size":"auto","background-attachment":"scroll","background-type":"","background-media":"","overlay-type":"","overlay-color":"","overlay-opacity":"","overlay-gradient":""},"tablet":{"background-color":"var(--ast-global-color-5)","background-image":"","background-repeat":"repeat","background-position":"center center","background-size":"auto","background-attachment":"scroll","background-type":"","background-media":"","overlay-type":"","overlay-color":"","overlay-opacity":"","overlay-gradient":""},"mobile":{"background-color":"var(--ast-global-color-5)","background-image":"","background-repeat":"repeat","background-position":"center center","background-size":"auto","background-attachment":"scroll","background-type":"","background-media":"","overlay-type":"","overlay-color":"","overlay-opacity":"","overlay-gradient":""}},"footnotes":""},"class_list":["post-24524","page","type-page","status-publish","hentry"],"post_mailing_queue_ids":[],"_links":{"self":[{"href":"https:\/\/agora.xtec.cat\/escolacharlesdarwin\/wp-json\/wp\/v2\/pages\/24524","targetHints":{"allow":["GET"]}}],"collection":[{"href":"https:\/\/agora.xtec.cat\/escolacharlesdarwin\/wp-json\/wp\/v2\/pages"}],"about":[{"href":"https:\/\/agora.xtec.cat\/escolacharlesdarwin\/wp-json\/wp\/v2\/types\/page"}],"author":[{"embeddable":true,"href":"https:\/\/agora.xtec.cat\/escolacharlesdarwin\/wp-json\/wp\/v2\/users\/1"}],"replies":[{"embeddable":true,"href":"https:\/\/agora.xtec.cat\/escolacharlesdarwin\/wp-json\/wp\/v2\/comments?post=24524"}],"version-history":[{"count":4,"href":"https:\/\/agora.xtec.cat\/escolacharlesdarwin\/wp-json\/wp\/v2\/pages\/24524\/revisions"}],"predecessor-version":[{"id":28753,"href":"https:\/\/agora.xtec.cat\/escolacharlesdarwin\/wp-json\/wp\/v2\/pages\/24524\/revisions\/28753"}],"wp:attachment":[{"href":"https:\/\/agora.xtec.cat\/escolacharlesdarwin\/wp-json\/wp\/v2\/media?parent=24524"}],"curies":[{"name":"wp","href":"https:\/\/api.w.org\/{rel}","templated":true}]}}