{"id":24519,"date":"2023-01-15T17:36:57","date_gmt":"2023-01-15T16:36:57","guid":{"rendered":"https:\/\/agora.xtec.cat\/escolacharlesdarwin\/?page_id=24519"},"modified":"2025-02-14T09:38:17","modified_gmt":"2025-02-14T08:38:17","slug":"perspectiva-de-genere","status":"publish","type":"page","link":"https:\/\/agora.xtec.cat\/escolacharlesdarwin\/perspectiva-de-genere\/","title":{"rendered":"Perspectiva de g\u00e8nere"},"content":{"rendered":"\n<p>La coeducaci\u00f3 \u00e9s l\u2019acci\u00f3 educadora que potencia la igualtat real d\u2019oportunitats i valora indistintament l\u2019experi\u00e8ncia, les aptituds i l\u2019aportaci\u00f3 social i cultural de dones i homes, en igualtat de drets, sense estereotips sexistes, homof\u00f2bics, bif\u00f2bics, transf\u00f2bics o androc\u00e8ntrics ni actituds discriminat\u00f2ries per ra\u00f3 de sexe, orientaci\u00f3 sexual, identitat de g\u00e8nere o expressi\u00f3 de g\u00e8nere.<\/p>\n\n\n\n<p>Des de l&#8217;escola, hem de treballar amb perspectiva de g\u00e8nere, considerant les difer\u00e8ncies per sexe i g\u00e8nere en tota activitat, amb l\u2019objectiu de reflexionar-hi per trobar l\u00ednies d\u2019acci\u00f3 que permetin prevenir i resoldre desigualtats. Alhora, la perspectiva de g\u00e8nere s\u2019ha d\u2019implementar amb una mirada interseccional, valorant com el g\u00e8nere interactua amb altres condicionants que tamb\u00e9 travessen les persones, com poden ser la situaci\u00f3 de discapacitat, origen, classe.<\/p>\n\n\n\n<p>Cal incorporar la coeducaci\u00f3 a tots els nivells i modalitats del sistema educatiu, en la programaci\u00f3 educativa i el curr\u00edculum, a l\u2019efecte d\u2019afavorir el desenvolupament de les persones al marge dels estereotips i rols en funci\u00f3 del sexe, garantint una orientaci\u00f3 personal, acad\u00e8mica i professional lliure de biaixos sexistes i androc\u00e8ntrics, evitant tota discriminaci\u00f3 associada al sexe o g\u00e8nere.<\/p>\n\n\n\r\n\t<div class=\"slideshow_container slideshow_container_style-light\" style=\"height: 300px; \" data-slideshow-id=\"26896\" data-style-name=\"style-light\" data-style-version=\"2.3.1\" >\r\n\r\n\t\t\t\t\t<div class=\"slideshow_loading_icon\"><\/div>\r\n\t\t\r\n\t\t<div class=\"slideshow_content\" style=\"display: none;\">\r\n\r\n\t\t\t<div class=\"slideshow_view\">\r\n\t\t\t\t<div class=\"slideshow_slide slideshow_slide_image\">\r\n\t\t\t\t\t\t\t\t\t\t\t<img src=\"https:\/\/agora.xtec.cat\/escolacharlesdarwin\/wp-content\/uploads\/usu160\/2024\/03\/4-1.jpg\" alt=\"\" width=\"1200\" height=\"1600\" \/>\r\n\t\t\t\t\t\t\t\t\t\t<div class=\"slideshow_description_box slideshow_transparent\">\r\n\t\t\t\t\t\t\t\t\t\t\t\t\t\t\t\t\t<\/div>\r\n\t\t\t\t<\/div>\r\n\r\n\t\t\t\t\t\t<div style=\"clear: both;\"><\/div><\/div><div class=\"slideshow_view\">\r\n\t\t\t\t<div class=\"slideshow_slide slideshow_slide_image\">\r\n\t\t\t\t\t\t\t\t\t\t\t<img src=\"https:\/\/agora.xtec.cat\/escolacharlesdarwin\/wp-content\/uploads\/usu160\/2024\/03\/3-1.jpg\" alt=\"\" width=\"1200\" height=\"1600\" \/>\r\n\t\t\t\t\t\t\t\t\t\t<div class=\"slideshow_description_box slideshow_transparent\">\r\n\t\t\t\t\t\t\t\t\t\t\t\t\t\t\t\t\t<\/div>\r\n\t\t\t\t<\/div>\r\n\r\n\t\t\t\t\t\t<div style=\"clear: both;\"><\/div><\/div><div class=\"slideshow_view\">\r\n\t\t\t\t<div class=\"slideshow_slide slideshow_slide_image\">\r\n\t\t\t\t\t\t\t\t\t\t\t<img src=\"https:\/\/agora.xtec.cat\/escolacharlesdarwin\/wp-content\/uploads\/usu160\/2024\/03\/2-e1709910725255.jpg\" alt=\"\" width=\"1600\" height=\"1200\" \/>\r\n\t\t\t\t\t\t\t\t\t\t<div class=\"slideshow_description_box slideshow_transparent\">\r\n\t\t\t\t\t\t\t\t\t\t\t\t\t\t\t\t\t<\/div>\r\n\t\t\t\t<\/div>\r\n\r\n\t\t\t\t\t\t<div style=\"clear: both;\"><\/div><\/div><div class=\"slideshow_view\">\r\n\t\t\t\t<div class=\"slideshow_slide slideshow_slide_image\">\r\n\t\t\t\t\t\t\t\t\t\t\t<img src=\"https:\/\/agora.xtec.cat\/escolacharlesdarwin\/wp-content\/uploads\/usu160\/2024\/03\/1-1.jpg\" alt=\"1\" width=\"1200\" height=\"1600\" \/>\r\n\t\t\t\t\t\t\t\t\t\t<div class=\"slideshow_description_box slideshow_transparent\">\r\n\t\t\t\t\t\t\t\t\t\t\t\t\t\t\t\t\t<\/div>\r\n\t\t\t\t<\/div>\r\n\r\n\t\t\t\t\t\t<div style=\"clear: both;\"><\/div><\/div>\r\n\t\t<\/div>\r\n\r\n\t\t<div class=\"slideshow_controlPanel slideshow_transparent\" style=\"display: none;\"><ul><li class=\"slideshow_togglePlay\" data-play-text=\"Visualitza\" data-pause-text=\"Pausa\"><\/li><\/ul><\/div>\r\n\r\n\t\t<div class=\"slideshow_button slideshow_previous slideshow_transparent\" role=\"button\" data-previous-text=\"Anterior\" style=\"display: none;\"><\/div>\r\n\t\t<div class=\"slideshow_button slideshow_next slideshow_transparent\" role=\"button\" data-next-text=\"Seg\u00fcent\" style=\"display: none;\"><\/div>\r\n\r\n\t\t<div class=\"slideshow_pagination\" style=\"display: none;\" data-go-to-text=\"V\u00e9s a la diapositiva\"><div class=\"slideshow_pagination_center\"><\/div><\/div>\r\n\r\n\t\t<!-- WordPress Slideshow Version 2.3.1 -->\r\n\r\n\t\t\t<\/div>\r\n\r\n\n\n\n\n<p>La coeducaci\u00f3 \u00e9s l\u2019eina que permet prevenir i abordar les viol\u00e8ncies masclistes.<\/p>\n\n\n\n<p>A l&#8217;escola desenvolupem una programaci\u00f3 que contempla aquest treball de forma integrada en el decurs de l&#8217;any escolar.<\/p>\n\n\n\n<figure class=\"wp-block-table is-style-stripes\"><table><tbody><tr><td>&nbsp;<\/td><td>Data<\/td><td>Qu\u00e8 commemorem?<\/td><td>Qu\u00e8 treballem?<\/td><\/tr><tr><td rowspan=\"2\">1r Trimestre<\/td><td><b>20 novembre<\/b><\/td><td>Dia dels Drets del Infants\n<p>&nbsp;<\/p>\n<\/td><td>Esfor\u00e7 i responsabilitat\n<p>Drets humans<\/p>\n<p>Igualtat (TOTS els infants)<\/p>\n<\/td><\/tr><tr><td><b>25 novembre<\/b><\/td><td>Dia internacional per a l&#8217;eliminaci\u00f3 de la viol\u00e8ncia contra les dones<\/td><td>Viol\u00e8ncia masclista (Dia de la no-viol\u00e8ncia)<\/td><\/tr><tr><td rowspan=\"2\">2n Trimestre<\/td><td><b>30 de gener<\/b><\/td><td>Dia de la Pau<\/td><td>Gesti\u00f3 de conflictes\n<p>Diversitat cultural<\/p>\n<p>Interculturalitat<\/p>\n<\/td><\/tr><tr><td><b>11 de febrer<\/b><\/td><td>Dia de la dona i la nena a la ci\u00e8ncia<\/td><td>Coeducaci\u00f3\n<p>Igualtat (Dia de la dona)<\/p>\n<\/td><\/tr><tr><td rowspan=\"2\">3r Trimestre<\/td><td><b>2 d\u2019abril<\/b><\/td><td>Dia Mundial de Sensibilitzaci\u00f3 sobre l&#8217;Autisme<\/td><td>Inclusi\u00f3\n<p>Educaci\u00f3 socioemocional<\/p>\n<p>Respecte<\/p>\n<\/td><\/tr><tr><td><b>15 maig<\/b><\/td><td>Dia Internacional de les Fam\u00edlies<\/td><td>Igualtat\n<p>Respecte<\/p>\n<p>Diversitat<\/p>\n<p>Perspectiva de g\u00e8nere<\/p>\n<\/td><\/tr><\/tbody><\/table><\/figure>\n\n\n\n<p><b>Coeducaci\u00f3 &#8211; Dia de la dona i la ci\u00e8ncia (11 de febrer)<\/b><\/p>\n\n\n\n<p><b>Educaci\u00f3 intercultural &#8211; Dia de la Pau ( 30 de gener)&nbsp;<\/b><\/p>\n\n\n\n<p><b>Educaci\u00f3 per la Pau &#8211; Dia de la Pau (30 de gener)<\/b><\/p>\n\n\n\n<p><b>Educaci\u00f3 socioemocional &#8211; Assemblea, educaci\u00f3 en valors, etc<\/b><\/p>\n\n\n\n<p><b>Educar en el respecte &#8211; Dia de la familia (15 de maig)<\/b><\/p>\n\n\n\n<p><b>Educar en gesti\u00f3 positiva dels conflictes &#8211;&nbsp; Dia de la Pau (30 de gener)<\/b><\/p>\n\n\n\n<p><b>Educar en l\u2019esfor\u00e7 i la responsabilitat &#8211; Dia dels drets dels infants (20 de novembre)<\/b><\/p>\n\n\n\n<p><b>Inclusi\u00f3&nbsp; &#8211; Dia de l\u2019autisme ( 2 d\u2019abril)<\/b><\/p>\n\n\n\n<p><a href=\"https:\/\/agora.xtec.cat\/escolacharlesdarwin\/wp-content\/uploads\/usu160\/2023\/01\/COEDUQUEM-TOTES-I-TOTS-1.pdf\">COEDUQUEM TOTES I TOTS<\/a><\/p>\n","protected":false},"excerpt":{"rendered":"<p>La coeducaci\u00f3 \u00e9s l\u2019acci\u00f3 educadora que potencia la igualtat real d\u2019oportunitats i valora indistintament l\u2019experi\u00e8ncia, les aptituds i l\u2019aportaci\u00f3 social [&hellip;]<\/p>\n","protected":false},"author":1,"featured_media":0,"parent":0,"menu_order":0,"comment_status":"closed","ping_status":"closed","template":"","meta":{"site-sidebar-layout":"default","site-content-layout":"","ast-site-content-layout":"default","site-content-style":"default","site-sidebar-style":"default","ast-global-header-display":"","ast-banner-title-visibility":"","ast-main-header-display":"","ast-hfb-above-header-display":"","ast-hfb-below-header-display":"","ast-hfb-mobile-header-display":"","site-post-title":"","ast-breadcrumbs-content":"","ast-featured-img":"","footer-sml-layout":"","theme-transparent-header-meta":"","adv-header-id-meta":"","stick-header-meta":"","header-above-stick-meta":"","header-main-stick-meta":"","header-below-stick-meta":"","astra-migrate-meta-layouts":"set","ast-page-background-enabled":"default","ast-page-background-meta":{"desktop":{"background-color":"var(--ast-global-color-4)","background-image":"","background-repeat":"repeat","background-position":"center center","background-size":"auto","background-attachment":"scroll","background-type":"","background-media":"","overlay-type":"","overlay-color":"","overlay-opacity":"","overlay-gradient":""},"tablet":{"background-color":"","background-image":"","background-repeat":"repeat","background-position":"center center","background-size":"auto","background-attachment":"scroll","background-type":"","background-media":"","overlay-type":"","overlay-color":"","overlay-opacity":"","overlay-gradient":""},"mobile":{"background-color":"","background-image":"","background-repeat":"repeat","background-position":"center center","background-size":"auto","background-attachment":"scroll","background-type":"","background-media":"","overlay-type":"","overlay-color":"","overlay-opacity":"","overlay-gradient":""}},"ast-content-background-meta":{"desktop":{"background-color":"var(--ast-global-color-5)","background-image":"","background-repeat":"repeat","background-position":"center center","background-size":"auto","background-attachment":"scroll","background-type":"","background-media":"","overlay-type":"","overlay-color":"","overlay-opacity":"","overlay-gradient":""},"tablet":{"background-color":"var(--ast-global-color-5)","background-image":"","background-repeat":"repeat","background-position":"center center","background-size":"auto","background-attachment":"scroll","background-type":"","background-media":"","overlay-type":"","overlay-color":"","overlay-opacity":"","overlay-gradient":""},"mobile":{"background-color":"var(--ast-global-color-5)","background-image":"","background-repeat":"repeat","background-position":"center center","background-size":"auto","background-attachment":"scroll","background-type":"","background-media":"","overlay-type":"","overlay-color":"","overlay-opacity":"","overlay-gradient":""}},"footnotes":""},"class_list":["post-24519","page","type-page","status-publish","hentry"],"post_mailing_queue_ids":[],"_links":{"self":[{"href":"https:\/\/agora.xtec.cat\/escolacharlesdarwin\/wp-json\/wp\/v2\/pages\/24519","targetHints":{"allow":["GET"]}}],"collection":[{"href":"https:\/\/agora.xtec.cat\/escolacharlesdarwin\/wp-json\/wp\/v2\/pages"}],"about":[{"href":"https:\/\/agora.xtec.cat\/escolacharlesdarwin\/wp-json\/wp\/v2\/types\/page"}],"author":[{"embeddable":true,"href":"https:\/\/agora.xtec.cat\/escolacharlesdarwin\/wp-json\/wp\/v2\/users\/1"}],"replies":[{"embeddable":true,"href":"https:\/\/agora.xtec.cat\/escolacharlesdarwin\/wp-json\/wp\/v2\/comments?post=24519"}],"version-history":[{"count":5,"href":"https:\/\/agora.xtec.cat\/escolacharlesdarwin\/wp-json\/wp\/v2\/pages\/24519\/revisions"}],"predecessor-version":[{"id":28755,"href":"https:\/\/agora.xtec.cat\/escolacharlesdarwin\/wp-json\/wp\/v2\/pages\/24519\/revisions\/28755"}],"wp:attachment":[{"href":"https:\/\/agora.xtec.cat\/escolacharlesdarwin\/wp-json\/wp\/v2\/media?parent=24519"}],"curies":[{"name":"wp","href":"https:\/\/api.w.org\/{rel}","templated":true}]}}