{"id":22,"date":"2014-09-18T12:19:57","date_gmt":"2014-09-18T12:19:57","guid":{"rendered":"http:\/\/agora.xtec.cat\/escolacharlesdarwin\/?page_id=22"},"modified":"2019-02-10T09:50:57","modified_gmt":"2019-02-10T08:50:57","slug":"lescola","status":"publish","type":"page","link":"https:\/\/agora.xtec.cat\/escolacharlesdarwin\/lescola\/","title":{"rendered":"L&#8217;escola"},"content":{"rendered":"<p>Ens definim com a escola oberta, cohesionada i inclusiva, on tothom pot desenvolupar les seves capacitats, associades a les seves condicions personals.<\/p>\n<p>La nostra l\u00ednia pedag\u00f2gica t\u00e9 com a objectiu formar alumnes competents mitjan\u00e7ant el desenvolupament de metodologies com: aprenentatge cooperatiu, aprenentatge basat en projectes, AICLE i aprenentatge globalitzat.<\/p>\n<p>Prioritzem l\u2019\u00fas de les TAC i els recursos digitals per afavorir la connexi\u00f3 transversal entre el que s\u2019apr\u00e8n a l\u2019escola i<\/p>\n<p>l\u2019entorn real.<\/p>\n<p>Com a escola pluriling\u00fce amb dimensi\u00f3 europea, treballem per tal que l\u2019alumnat adquireixi una bona compet\u00e8ncia<\/p>\n<p>ling\u00fc\u00edstica i comunicativa d\u2019acord amb el Marc Europeu Com\u00fa de Refer\u00e8ncia per a les lleng\u00fces i valori l\u2019enriquiment<\/p>\n<p>que suposa el fet de poder-se comunicar en altres lleng\u00fces.<\/p>\n<p>&nbsp;<\/p>\n<p>&nbsp;<\/p>\n<p><strong>Projectes, serveis i altres informacions:<\/strong><\/p>\n<p>&#8211; <strong>Llengua estrangera<\/strong>: centre GEP de 3r any (generaci\u00f3 pluriling\u00fce). Inici de la llengua anglesa a P4 (<\/p>\n<p>metodologia AICLE i ABP en Think Maths, Art i Science) al llarg de la prim\u00e0ria.<\/p>\n<p>&#8211; <strong>Compet\u00e8ncia digital:<\/strong> desplegament transversal de les compet\u00e8ncies digitals mitjan\u00e7ant la integraci\u00f3 de les tecnologies a l\u2019aula (tauletes i Google Classroom).<\/p>\n<p>&#8211; Rob\u00f2tica i programaci\u00f3:\u00a0 (Beebot, Scratch, Lego i Code)<\/p>\n<p>&#8211; <strong>Inclusi\u00f3<\/strong>: doc\u00e8ncia compartida en espais d\u2019aprenentatge cooperatiu. Recurs SIEI.<\/p>\n<p>&#8211; Metodologia: Xarxa de Compet\u00e8ncies B\u00e0siques, aprenentatge per projectes a l\u2019\u00e0rea de medi i Projecte transversal d\u2019escola. Tallers intercicle. Parelles lectores.<\/p>\n<p>&#8211; Grups Interactius: racons a Ed Infantil i matem\u00e0tiques manipulatives\u00a0 a CI.<\/p>\n<p>&#8211; Escola Verda adherida a la Xarxa d\u2019Escoles Sostenibles de Catalunya (XESC).<\/p>\n<p>&#8211; Activitats i sortides culturals i ambientals que fomentin el coneixement del nostre territori. Col\u00f2nies a P-5, 2n, 4t i 6\u00e8.<\/p>\n<p>&#8211; M\u00fasica a l\u2019entrada i a la sortida de l\u2019escola.<\/p>\n<p>&#8211; Projecte SORELL de reutilitzaci\u00f3 de llibres, de 3r a 6\u00e8.<\/p>\n<p>&#8211;\u00a0 Pla educatiu d\u2019entorn i pati obert.<\/p>\n<p>&#8211; AMPA: servei d\u2019acollida de 7:30 a 9 h del mat\u00ed; espai de menjador amb programa d\u2019activitats: hort, esports, aula d\u2019estudi, tallers art\u00edstics; ampli ventall d\u2019activitats extraescolars i participaci\u00f3 amb els gegantons de l\u2019escola a les celebracions locals.<\/p>\n<p>&#8211; Comissions mixtes de treball: festes d\u2019escola, biblioteca i TAC.<\/p>\n<p>&#8211; Comunicaci\u00f3 amb les fam\u00edlies mitjan\u00e7ant app m\u00f2bil.<\/p>\n<p>&nbsp;<\/p>\n","protected":false},"excerpt":{"rendered":"<p>Ens definim com a escola oberta, cohesionada i inclusiva, on tothom pot desenvolupar les seves capacitats, associades a les seves [&hellip;]<\/p>\n","protected":false},"author":2,"featured_media":0,"parent":0,"menu_order":0,"comment_status":"closed","ping_status":"closed","template":"page-templates\/side-menu.php","meta":{"site-sidebar-layout":"default","site-content-layout":"","ast-site-content-layout":"","site-content-style":"default","site-sidebar-style":"default","ast-global-header-display":"","ast-banner-title-visibility":"","ast-main-header-display":"","ast-hfb-above-header-display":"","ast-hfb-below-header-display":"","ast-hfb-mobile-header-display":"","site-post-title":"","ast-breadcrumbs-content":"","ast-featured-img":"","footer-sml-layout":"","theme-transparent-header-meta":"","adv-header-id-meta":"","stick-header-meta":"","header-above-stick-meta":"","header-main-stick-meta":"","header-below-stick-meta":"","astra-migrate-meta-layouts":"default","ast-page-background-enabled":"default","ast-page-background-meta":{"desktop":{"background-color":"var(--ast-global-color-4)","background-image":"","background-repeat":"repeat","background-position":"center center","background-size":"auto","background-attachment":"scroll","background-type":"","background-media":"","overlay-type":"","overlay-color":"","overlay-opacity":"","overlay-gradient":""},"tablet":{"background-color":"","background-image":"","background-repeat":"repeat","background-position":"center center","background-size":"auto","background-attachment":"scroll","background-type":"","background-media":"","overlay-type":"","overlay-color":"","overlay-opacity":"","overlay-gradient":""},"mobile":{"background-color":"","background-image":"","background-repeat":"repeat","background-position":"center center","background-size":"auto","background-attachment":"scroll","background-type":"","background-media":"","overlay-type":"","overlay-color":"","overlay-opacity":"","overlay-gradient":""}},"ast-content-background-meta":{"desktop":{"background-color":"var(--ast-global-color-5)","background-image":"","background-repeat":"repeat","background-position":"center center","background-size":"auto","background-attachment":"scroll","background-type":"","background-media":"","overlay-type":"","overlay-color":"","overlay-opacity":"","overlay-gradient":""},"tablet":{"background-color":"var(--ast-global-color-5)","background-image":"","background-repeat":"repeat","background-position":"center center","background-size":"auto","background-attachment":"scroll","background-type":"","background-media":"","overlay-type":"","overlay-color":"","overlay-opacity":"","overlay-gradient":""},"mobile":{"background-color":"var(--ast-global-color-5)","background-image":"","background-repeat":"repeat","background-position":"center center","background-size":"auto","background-attachment":"scroll","background-type":"","background-media":"","overlay-type":"","overlay-color":"","overlay-opacity":"","overlay-gradient":""}},"footnotes":""},"class_list":["post-22","page","type-page","status-publish","hentry"],"post_mailing_queue_ids":[],"_links":{"self":[{"href":"https:\/\/agora.xtec.cat\/escolacharlesdarwin\/wp-json\/wp\/v2\/pages\/22","targetHints":{"allow":["GET"]}}],"collection":[{"href":"https:\/\/agora.xtec.cat\/escolacharlesdarwin\/wp-json\/wp\/v2\/pages"}],"about":[{"href":"https:\/\/agora.xtec.cat\/escolacharlesdarwin\/wp-json\/wp\/v2\/types\/page"}],"author":[{"embeddable":true,"href":"https:\/\/agora.xtec.cat\/escolacharlesdarwin\/wp-json\/wp\/v2\/users\/2"}],"replies":[{"embeddable":true,"href":"https:\/\/agora.xtec.cat\/escolacharlesdarwin\/wp-json\/wp\/v2\/comments?post=22"}],"version-history":[{"count":2,"href":"https:\/\/agora.xtec.cat\/escolacharlesdarwin\/wp-json\/wp\/v2\/pages\/22\/revisions"}],"predecessor-version":[{"id":14290,"href":"https:\/\/agora.xtec.cat\/escolacharlesdarwin\/wp-json\/wp\/v2\/pages\/22\/revisions\/14290"}],"wp:attachment":[{"href":"https:\/\/agora.xtec.cat\/escolacharlesdarwin\/wp-json\/wp\/v2\/media?parent=22"}],"curies":[{"name":"wp","href":"https:\/\/api.w.org\/{rel}","templated":true}]}}