{"id":195,"date":"2015-02-03T16:09:45","date_gmt":"2015-02-03T15:09:45","guid":{"rendered":"http:\/\/agora.xtec.cat\/escolacharlesdarwin\/?page_id=195"},"modified":"2024-03-07T12:27:21","modified_gmt":"2024-03-07T11:27:21","slug":"escola-sostenible-xesc","status":"publish","type":"page","link":"https:\/\/agora.xtec.cat\/escolacharlesdarwin\/escola-sostenible-xesc\/","title":{"rendered":"Escola Verda"},"content":{"rendered":"<p><img loading=\"lazy\" decoding=\"async\" class=\" wp-image-26818 alignleft\" src=\"https:\/\/agora.xtec.cat\/escolacharlesdarwin\/wp-content\/uploads\/usu160\/2024\/03\/Captura.jpg\" alt=\"\" width=\"317\" height=\"437\" srcset=\"https:\/\/agora.xtec.cat\/escolacharlesdarwin\/wp-content\/uploads\/usu160\/2024\/03\/Captura.jpg 381w, https:\/\/agora.xtec.cat\/escolacharlesdarwin\/wp-content\/uploads\/usu160\/2024\/03\/Captura-218x300.jpg 218w\" sizes=\"auto, (max-width: 317px) 100vw, 317px\" \/><\/p>\n<p><img loading=\"lazy\" decoding=\"async\" class=\"aligncenter wp-image-26819\" src=\"https:\/\/agora.xtec.cat\/escolacharlesdarwin\/wp-content\/uploads\/usu160\/2024\/03\/Captura-1.jpg\" alt=\"\" width=\"313\" height=\"425\" srcset=\"https:\/\/agora.xtec.cat\/escolacharlesdarwin\/wp-content\/uploads\/usu160\/2024\/03\/Captura-1.jpg 377w, https:\/\/agora.xtec.cat\/escolacharlesdarwin\/wp-content\/uploads\/usu160\/2024\/03\/Captura-1-221x300.jpg 221w\" sizes=\"auto, (max-width: 313px) 100vw, 313px\" \/><\/p>\n<p><img loading=\"lazy\" decoding=\"async\" class=\" wp-image-26820 alignleft\" src=\"https:\/\/agora.xtec.cat\/escolacharlesdarwin\/wp-content\/uploads\/usu160\/2024\/03\/Captura-2.jpg\" alt=\"\" width=\"315\" height=\"430\" srcset=\"https:\/\/agora.xtec.cat\/escolacharlesdarwin\/wp-content\/uploads\/usu160\/2024\/03\/Captura-2.jpg 377w, https:\/\/agora.xtec.cat\/escolacharlesdarwin\/wp-content\/uploads\/usu160\/2024\/03\/Captura-2-220x300.jpg 220w\" sizes=\"auto, (max-width: 315px) 100vw, 315px\" \/><\/p>\n<p><img loading=\"lazy\" decoding=\"async\" class=\"wp-image-26821 aligncenter\" src=\"https:\/\/agora.xtec.cat\/escolacharlesdarwin\/wp-content\/uploads\/usu160\/2024\/03\/Captura-3.jpg\" alt=\"\" width=\"312\" height=\"435\" srcset=\"https:\/\/agora.xtec.cat\/escolacharlesdarwin\/wp-content\/uploads\/usu160\/2024\/03\/Captura-3.jpg 369w, https:\/\/agora.xtec.cat\/escolacharlesdarwin\/wp-content\/uploads\/usu160\/2024\/03\/Captura-3-215x300.jpg 215w\" sizes=\"auto, (max-width: 312px) 100vw, 312px\" \/><\/p>\n<p>&nbsp;<\/p>\n<p>1.SOM ESCOLA VERDA<img loading=\"lazy\" decoding=\"async\" class=\"wp-image-14024 alignright\" src=\"https:\/\/agora.xtec.cat\/escolacharlesdarwin\/wp-content\/uploads\/usu160\/2019\/02\/Icona_escoles_verdes.png\" alt=\"\" width=\"245\" height=\"241\" srcset=\"https:\/\/agora.xtec.cat\/escolacharlesdarwin\/wp-content\/uploads\/usu160\/2019\/02\/Icona_escoles_verdes.png 323w, https:\/\/agora.xtec.cat\/escolacharlesdarwin\/wp-content\/uploads\/usu160\/2019\/02\/Icona_escoles_verdes-300x295.png 300w\" sizes=\"auto, (max-width: 245px) 100vw, 245px\" \/><\/p>\n<p>2.ESMORZEM FRUITA ELS DIMECRES!<\/p>\n<p>3.ESPAI VERD<\/p>\n<p>4.ALTRES ACTIVITATS QUE FEM COM A ESCOLA VERDA<\/p>\n<p>5.L&#8217;HORT ESCOLAR<\/p>\n<p>&nbsp;<\/p>\n<ol>\n<li><strong>SOM ESCOLA VERDA<\/strong><\/li>\n<\/ol>\n<p>Des de fa m\u00e9s de 10 anys, la Generalitat de Catalunya, junt amb diferents ajuntaments, promocionen programes d\u2019educaci\u00f3 per a la sostenibilitat adre\u00e7ats als centres educatius, tot promovent la participaci\u00f3 i implicaci\u00f3 de tota la comunitat educativa.<\/p>\n<p>En aquest marc neix, l\u2019any 2009, la Xarxa d\u2019Escoles per a la Sostenibilitat de Catalunya (XESC), formada per la xarxa d\u2019escoles verdes i xarxes locals que promouen programes d\u2019educaci\u00f3 per a la sostenibilitat.<\/p>\n<p>Al Prat es va crear<strong><a href=\"https:\/\/www.elprat.cat\/educacio\/millora-de-lexit-educatiu\/al-prat-escoles-mes-sostenibles\"> \u201cAl Prat, Xarxa d\u2019Escoles + Sostenibles\u201d<\/a> <\/strong>del qual en formem part.<\/p>\n<p>La nostra escola est\u00e0 adherida a la XESC des de l\u2019any 2011 i el 2016 tamb\u00e9 ens van atorgar el distintiu d\u2019<strong>Escola Verda<\/strong> ja que fomentem valors de sostenibilitat tant en el nostre alumnat com a la resta de la Comunitat Educativa.<\/p>\n<ol start=\"2\">\n<li><strong>ESMORZEM FRUITA EL DIMECRES!<\/strong><\/li>\n<\/ol>\n<p>A l\u2019escola des de fa ja uns quants anys promovem el consum de fruita ens els esmorzars del\u00a0<strong>dimecres<\/strong>.<\/p>\n<p>Creiem que \u00e9s molt positiu fomentar h\u00e0bits saludables per a una vida millor.<\/p>\n<p>Aprofitem tamb\u00e9 per recordar la\u00a0<strong>import\u00e0ncia del consum de fruita<\/strong>\u00a0i tot el valor nutritiu que aporta al cos.<\/p>\n<p>Us animem a continuar consumint fruita i a portar una dieta sana i equilibrada.<\/p>\n<p>3.<strong> ESPAI VERD<\/strong><\/p>\n<p>Situat al peu de l&#8217;escala de l\u2019escola, hi trobareu l\u2019ESPAI\u00a0 VERD. \u00c9s on anem penjant mensualment informacions, not\u00edcies, consells, lectures recomanades, idees&#8230; en refer\u00e8ncia al medi ambient. Sempre que vulgueu ho podeu consultar.<\/p>\n<p>Animeu-vos a fer-ho!<\/p>\n<p>4.<strong> ACTIVITATS QUE FEM COM A ESCOLA VERDA<\/strong>:<\/p>\n<p>Com a escola verda al llarg del curs portem a terme un seguit d\u2019activitats mediambientals per a tots els nivells. Les m\u00e9s destacades s\u00f3n:<\/p>\n<ul>\n<li>Separaci\u00f3 residus de paper i envasos.<\/li>\n<li>\u00das de la carmanyola pels esmorzars.<\/li>\n<li>\u00das de vaixella sostenible reutilitzable per les festes de Nadal, final de curs&#8230;<\/li>\n<li>Participaci\u00f3 en l\u2019activitat del Dia Mundial del Medi ambient.<\/li>\n<li>Dia escolar (dimecres) de la fruita per a esmorzar. Concurs mensual a prim\u00e0ria (premis taronja i llimona).<\/li>\n<li>Hort urb\u00e0 i jard\u00ed arom\u00e0tic.<\/li>\n<li>C\u00e0rrec de Gestor energ\u00e8tic a les classes de cicle mitj\u00e0 i superior.<\/li>\n<li>Recollida de piles.<\/li>\n<li>Comunicaci\u00f3 a les fam\u00edlies via mail, Din\u00e0ntia o mitjan\u00e7ant la Web de l&#8217;escola, evitant aix\u00ed despesa innecess\u00e0ria de paper.<\/li>\n<li>Activitats mediambientals proposades per l&#8217;Ajuntament de El Prat a tots els nivells educatius.<\/li>\n<li>Utilitzaci\u00f3 de materials reutilitzats i de rebuig\u00a0 per diferents activitats amb els alumnes: ambients a educaci\u00f3 infantil amb material de rebuig, decoracions, tallers, pl\u00e0stica,&#8230; Per poder portar a terme aquestes activitats tenim un punt de recollida de materials a l\u2019escola.<\/li>\n<li>Participaci\u00f3 en la Xarxa d\u2019Escoles M\u00e9s Sostenibles del Prat: F\u00f2rums, Trobades, Seminaris, &#8230;.<\/li>\n<\/ul>\n<p>Aqu\u00ed tenim un v\u00eddeo que explica algunes d\u2019aquestes activitats:<\/p>\n<p><a href=\"https:\/\/youtu.be\/387TgGzAsE8\">https:\/\/youtu.be\/387TgGzAsE8<\/a><\/p>\n<p>5. <strong>L&#8217;HORT ESCOLAR<\/strong><\/p>\n<p>L\u2019hort escolar \u00e9s un espai privilegiat per plantejar-se preguntes, formular hip\u00f2tesis i experimentar. Possibilita el tractament de problemes reals que s\u2019originen, desenvolupen i reformulen de manera natural, i tamb\u00e9 la viv\u00e8ncia d\u2019experi\u00e8ncies que poden ser compartides i analitzades.<\/p>\n<p>Aix\u00ed mateix, \u00e9s un context en el qual l&#8217;alumnat pot gaudir del contacte amb la natura i aprendre a tenir-ne cura. \u00c9s destacable l\u2019inter\u00e8s i curiositat que desperta, en alumnes d\u2019un entorn urb\u00e0 i d\u2019edats molt diverses, el fet de participar en les diferents tasques que al llarg de l\u2019any s\u2019han de realitzar a l\u2019hort escolar. \u00c9s habitual que es tracti de nois i noies que no mantenen un contacte gaire freq\u00fcent amb entorns naturals i solen connectar-se afectivament amb el fet d\u2019ajudar a n\u00e9ixer i desenvolupar elements vius.<\/p>\n<p>L\u2019hort escolar \u00e9s tamb\u00e9 una estrat\u00e8gia per incorporar dins d\u2019una proposta d\u2019educaci\u00f3 ambiental. \u00c9s<br \/>\nun projecte que permet adonar-se de la necessitat d\u2019integrar coneixements te\u00f2rics i solucions pr\u00e0ctiques en la intervenci\u00f3 humana sobre els sistemes naturals, i reflexionar sobre l\u2019\u00fas i la conservaci\u00f3 dels recursos. A m\u00e9s, brinda l\u2019ocasi\u00f3 de revisar els h\u00e0bits alimentaris i motiva a incorporar a la dieta verdures i hortalisses, que adquireixen un sabor excepcional quan els mateixos alumnes s\u00f3n els responsables de la seva plantaci\u00f3, creixement i collita.<\/p>\n<p>&nbsp;<\/p>\n<p>&nbsp;<\/p>\n<p>&nbsp;<\/p>\n","protected":false},"excerpt":{"rendered":"<p>&nbsp; 1.SOM ESCOLA VERDA 2.ESMORZEM FRUITA ELS DIMECRES! 3.ESPAI VERD 4.ALTRES ACTIVITATS QUE FEM COM A ESCOLA VERDA 5.L&#8217;HORT ESCOLAR [&hellip;]<\/p>\n","protected":false},"author":1,"featured_media":0,"parent":0,"menu_order":0,"comment_status":"closed","ping_status":"closed","template":"","meta":{"site-sidebar-layout":"default","site-content-layout":"","ast-site-content-layout":"","site-content-style":"default","site-sidebar-style":"default","ast-global-header-display":"","ast-banner-title-visibility":"","ast-main-header-display":"","ast-hfb-above-header-display":"","ast-hfb-below-header-display":"","ast-hfb-mobile-header-display":"","site-post-title":"","ast-breadcrumbs-content":"","ast-featured-img":"","footer-sml-layout":"","theme-transparent-header-meta":"","adv-header-id-meta":"","stick-header-meta":"","header-above-stick-meta":"","header-main-stick-meta":"","header-below-stick-meta":"","astra-migrate-meta-layouts":"default","ast-page-background-enabled":"default","ast-page-background-meta":{"desktop":{"background-color":"var(--ast-global-color-4)","background-image":"","background-repeat":"repeat","background-position":"center center","background-size":"auto","background-attachment":"scroll","background-type":"","background-media":"","overlay-type":"","overlay-color":"","overlay-opacity":"","overlay-gradient":""},"tablet":{"background-color":"","background-image":"","background-repeat":"repeat","background-position":"center center","background-size":"auto","background-attachment":"scroll","background-type":"","background-media":"","overlay-type":"","overlay-color":"","overlay-opacity":"","overlay-gradient":""},"mobile":{"background-color":"","background-image":"","background-repeat":"repeat","background-position":"center center","background-size":"auto","background-attachment":"scroll","background-type":"","background-media":"","overlay-type":"","overlay-color":"","overlay-opacity":"","overlay-gradient":""}},"ast-content-background-meta":{"desktop":{"background-color":"var(--ast-global-color-5)","background-image":"","background-repeat":"repeat","background-position":"center center","background-size":"auto","background-attachment":"scroll","background-type":"","background-media":"","overlay-type":"","overlay-color":"","overlay-opacity":"","overlay-gradient":""},"tablet":{"background-color":"var(--ast-global-color-5)","background-image":"","background-repeat":"repeat","background-position":"center center","background-size":"auto","background-attachment":"scroll","background-type":"","background-media":"","overlay-type":"","overlay-color":"","overlay-opacity":"","overlay-gradient":""},"mobile":{"background-color":"var(--ast-global-color-5)","background-image":"","background-repeat":"repeat","background-position":"center center","background-size":"auto","background-attachment":"scroll","background-type":"","background-media":"","overlay-type":"","overlay-color":"","overlay-opacity":"","overlay-gradient":""}},"footnotes":""},"class_list":["post-195","page","type-page","status-publish","hentry"],"post_mailing_queue_ids":[],"_links":{"self":[{"href":"https:\/\/agora.xtec.cat\/escolacharlesdarwin\/wp-json\/wp\/v2\/pages\/195","targetHints":{"allow":["GET"]}}],"collection":[{"href":"https:\/\/agora.xtec.cat\/escolacharlesdarwin\/wp-json\/wp\/v2\/pages"}],"about":[{"href":"https:\/\/agora.xtec.cat\/escolacharlesdarwin\/wp-json\/wp\/v2\/types\/page"}],"author":[{"embeddable":true,"href":"https:\/\/agora.xtec.cat\/escolacharlesdarwin\/wp-json\/wp\/v2\/users\/1"}],"replies":[{"embeddable":true,"href":"https:\/\/agora.xtec.cat\/escolacharlesdarwin\/wp-json\/wp\/v2\/comments?post=195"}],"version-history":[{"count":5,"href":"https:\/\/agora.xtec.cat\/escolacharlesdarwin\/wp-json\/wp\/v2\/pages\/195\/revisions"}],"predecessor-version":[{"id":26875,"href":"https:\/\/agora.xtec.cat\/escolacharlesdarwin\/wp-json\/wp\/v2\/pages\/195\/revisions\/26875"}],"wp:attachment":[{"href":"https:\/\/agora.xtec.cat\/escolacharlesdarwin\/wp-json\/wp\/v2\/media?parent=195"}],"curies":[{"name":"wp","href":"https:\/\/api.w.org\/{rel}","templated":true}]}}