{"id":14062,"date":"2019-02-06T10:40:32","date_gmt":"2019-02-06T09:40:32","guid":{"rendered":"http:\/\/agora.xtec.cat\/escolacharlesdarwin\/?page_id=14062"},"modified":"2025-02-14T10:13:22","modified_gmt":"2025-02-14T09:13:22","slug":"impuls-de-langles","status":"publish","type":"page","link":"https:\/\/agora.xtec.cat\/escolacharlesdarwin\/impuls-de-langles\/","title":{"rendered":"Auxiliar de conversa a l&#8217;escola"},"content":{"rendered":"\n<p>El m\u00f3n \u00e9s canviant i molts d\u2019aquests canvis s\u2019expressen en llengua anglesa. El coneixement m\u00e9s que mai parla en angl\u00e8s. Aquest \u00e0mbit promou les oportunitats d\u2019aprendre aquesta llengua i fer-ho amb qualitat. Al context educatiu&nbsp;per\u00f2 tamb\u00e9 al&nbsp;conjunt de la de ciutat. La compet\u00e8ncia en llengua anglesa esdev\u00e9 un element clau tant per l\u2019acc\u00e9s a la feina com per la conviv\u00e8ncia i obertura a d\u2019altres cultures i realitats socials, ens projecta al m\u00f3n, i de retruc, es fa present en el nostre dia a dia.<\/p>\n\n\n\n<figure class=\"wp-block-image aligncenter\"><img decoding=\"async\" src=\"https:\/\/www.elprat.cat\/sites\/default\/files\/styles\/image_principal_large\/public\/images-accions\/FACC-28_PRANGCHA_foto.jpg?itok=Ws80N2Jq\" alt=\"\"\/><\/figure>\n\n\n\n<p>El projecte Auxiliars de Conversa d&#8217;Angl\u00e8s neix amb la voluntat d&#8217;engegar un projecte a llarg termini per transformar la realitat ling\u00fc\u00edstica del Prat. Potencia l&#8217;\u00fas de l&#8217;angl\u00e8s en diversos \u00e0mbits culturals i la seva visibilitat a la ciutat, millora les compet\u00e8ncies en llengua anglesa de l&#8217;alumnat i impulsa la innovaci\u00f3 metodol\u00f2gica i la capacitaci\u00f3 del professorat.<\/p>\n\n\n\n<p>El projecte aposta per l&#8217;entrada a l&#8217;aula d&#8217;auxiliars de conversa de forma continuada. La pr\u00e0ctica recurrent dels alumnes amb la llengua anglesa s&#8217;acompanya del seu \u00fas en diferents contextos culturals i d&#8217;aprenentatge. Potenciant l&#8217;intercanvi cultural, la relaci\u00f3 entre espais lectius i no lectius i el treball en xarxa es refor\u00e7a el car\u00e0cter comunitari de l&#8217;aprenentatge i el vincle amb la ciutat. Els espais de coordinaci\u00f3 i formaci\u00f3 amb els docents faciliten tamb\u00e9 les millores metodol\u00f2giques als centres educatius.<\/p>\n\n\n\n<p>El nostre centre&nbsp; &nbsp;\u00e9s pioner en metodologies AICLE, fa Science , P.E i compet\u00e8ncia oral en llengua anglesa des de fa alguns cursos.<\/p>\n\n\n\n<h3 class=\"wp-block-heading\">Treball en el temps no lectiu<\/h3>\n\n\n\n<p>L&#8217;auxiliar donar\u00e0 suport a l&#8217;equip del centre per tal d&#8217;intervenir en el m\u00e0xim de grups per fomentar l&#8217;oralitat i la comprensi\u00f3 de l&#8217;angl\u00e8s treballant en petits grups fora de l&#8217;aula.<\/p>\n","protected":false},"excerpt":{"rendered":"<p>El m\u00f3n \u00e9s canviant i molts d\u2019aquests canvis s\u2019expressen en llengua anglesa. El coneixement m\u00e9s que mai parla en angl\u00e8s. [&hellip;]<\/p>\n","protected":false},"author":1,"featured_media":0,"parent":0,"menu_order":0,"comment_status":"closed","ping_status":"closed","template":"","meta":{"site-sidebar-layout":"default","site-content-layout":"","ast-site-content-layout":"default","site-content-style":"default","site-sidebar-style":"default","ast-global-header-display":"","ast-banner-title-visibility":"","ast-main-header-display":"","ast-hfb-above-header-display":"","ast-hfb-below-header-display":"","ast-hfb-mobile-header-display":"","site-post-title":"","ast-breadcrumbs-content":"","ast-featured-img":"","footer-sml-layout":"","theme-transparent-header-meta":"","adv-header-id-meta":"","stick-header-meta":"","header-above-stick-meta":"","header-main-stick-meta":"","header-below-stick-meta":"","astra-migrate-meta-layouts":"set","ast-page-background-enabled":"default","ast-page-background-meta":{"desktop":{"background-color":"var(--ast-global-color-4)","background-image":"","background-repeat":"repeat","background-position":"center center","background-size":"auto","background-attachment":"scroll","background-type":"","background-media":"","overlay-type":"","overlay-color":"","overlay-opacity":"","overlay-gradient":""},"tablet":{"background-color":"","background-image":"","background-repeat":"repeat","background-position":"center center","background-size":"auto","background-attachment":"scroll","background-type":"","background-media":"","overlay-type":"","overlay-color":"","overlay-opacity":"","overlay-gradient":""},"mobile":{"background-color":"","background-image":"","background-repeat":"repeat","background-position":"center center","background-size":"auto","background-attachment":"scroll","background-type":"","background-media":"","overlay-type":"","overlay-color":"","overlay-opacity":"","overlay-gradient":""}},"ast-content-background-meta":{"desktop":{"background-color":"var(--ast-global-color-5)","background-image":"","background-repeat":"repeat","background-position":"center center","background-size":"auto","background-attachment":"scroll","background-type":"","background-media":"","overlay-type":"","overlay-color":"","overlay-opacity":"","overlay-gradient":""},"tablet":{"background-color":"var(--ast-global-color-5)","background-image":"","background-repeat":"repeat","background-position":"center center","background-size":"auto","background-attachment":"scroll","background-type":"","background-media":"","overlay-type":"","overlay-color":"","overlay-opacity":"","overlay-gradient":""},"mobile":{"background-color":"var(--ast-global-color-5)","background-image":"","background-repeat":"repeat","background-position":"center center","background-size":"auto","background-attachment":"scroll","background-type":"","background-media":"","overlay-type":"","overlay-color":"","overlay-opacity":"","overlay-gradient":""}},"footnotes":""},"class_list":["post-14062","page","type-page","status-publish","hentry"],"post_mailing_queue_ids":[],"_links":{"self":[{"href":"https:\/\/agora.xtec.cat\/escolacharlesdarwin\/wp-json\/wp\/v2\/pages\/14062","targetHints":{"allow":["GET"]}}],"collection":[{"href":"https:\/\/agora.xtec.cat\/escolacharlesdarwin\/wp-json\/wp\/v2\/pages"}],"about":[{"href":"https:\/\/agora.xtec.cat\/escolacharlesdarwin\/wp-json\/wp\/v2\/types\/page"}],"author":[{"embeddable":true,"href":"https:\/\/agora.xtec.cat\/escolacharlesdarwin\/wp-json\/wp\/v2\/users\/1"}],"replies":[{"embeddable":true,"href":"https:\/\/agora.xtec.cat\/escolacharlesdarwin\/wp-json\/wp\/v2\/comments?post=14062"}],"version-history":[{"count":5,"href":"https:\/\/agora.xtec.cat\/escolacharlesdarwin\/wp-json\/wp\/v2\/pages\/14062\/revisions"}],"predecessor-version":[{"id":28766,"href":"https:\/\/agora.xtec.cat\/escolacharlesdarwin\/wp-json\/wp\/v2\/pages\/14062\/revisions\/28766"}],"wp:attachment":[{"href":"https:\/\/agora.xtec.cat\/escolacharlesdarwin\/wp-json\/wp\/v2\/media?parent=14062"}],"curies":[{"name":"wp","href":"https:\/\/api.w.org\/{rel}","templated":true}]}}