{"id":14060,"date":"2019-02-06T10:40:20","date_gmt":"2019-02-06T09:40:20","guid":{"rendered":"http:\/\/agora.xtec.cat\/escolacharlesdarwin\/?page_id=14060"},"modified":"2025-02-14T12:58:16","modified_gmt":"2025-02-14T11:58:16","slug":"lectura","status":"publish","type":"page","link":"https:\/\/agora.xtec.cat\/escolacharlesdarwin\/lectura\/","title":{"rendered":"L\u00e8cxit"},"content":{"rendered":"\n<h5 class=\"wp-block-heading\"><\/h5>\n\n\n\n<p>LECXIT&nbsp;\u00e9s un programa que t\u00e9 per objectiu incrementar l&#8217;\u00e8xit educatiu dels infants a trav\u00e9s del treball per la millora de la seva&nbsp;<strong>comprensi\u00f3 lectora<\/strong>. La clau de LECXIT&nbsp;est\u00e0 a treballar de forma l\u00fadica i amena gr\u00e0cies al&nbsp;<strong>voluntariat<\/strong>&nbsp;i a la&nbsp;<strong>implicaci\u00f3 de l&#8217;entorn<\/strong>&nbsp;dels nens i nenes que participen en el programa.<\/p>\n\n\n\n<p>Setmanalment, diversos voluntaris i volunt\u00e0ries, principalment joves dels instituts propers, acompanyen de forma l\u00fadica i amena els infants en la lectura. Les accions del LECXIT&nbsp;es desenvolupen en horari no lectiu, en finalitzar l\u2019horari escolar i de manera coordinada. En paral\u00b7lel tamb\u00e9 es desenvolupen un ventall d\u2019accions comunit\u00e0ries que connecten alumnes, voluntaris i ciutat.<\/p>\n\n\n\n<figure class=\"wp-block-image alignleft\"><img loading=\"lazy\" decoding=\"async\" width=\"1200\" height=\"1600\" src=\"https:\/\/agora.xtec.cat\/escolacharlesdarwin\/wp-content\/uploads\/usu160\/2019\/02\/2304bc62-37df-42cc-8b23-e5748d6d673f.jpg\" alt=\"\" class=\"wp-image-14141\" srcset=\"https:\/\/agora.xtec.cat\/escolacharlesdarwin\/wp-content\/uploads\/usu160\/2019\/02\/2304bc62-37df-42cc-8b23-e5748d6d673f.jpg 1200w, https:\/\/agora.xtec.cat\/escolacharlesdarwin\/wp-content\/uploads\/usu160\/2019\/02\/2304bc62-37df-42cc-8b23-e5748d6d673f-225x300.jpg 225w, https:\/\/agora.xtec.cat\/escolacharlesdarwin\/wp-content\/uploads\/usu160\/2019\/02\/2304bc62-37df-42cc-8b23-e5748d6d673f-768x1024.jpg 768w\" sizes=\"auto, (max-width: 1200px) 100vw, 1200px\" \/><\/figure>\n\n\n\n<figure class=\"wp-block-image alignleft\"><img loading=\"lazy\" decoding=\"async\" width=\"1200\" height=\"1600\" src=\"https:\/\/agora.xtec.cat\/escolacharlesdarwin\/wp-content\/uploads\/usu160\/2019\/02\/da6ff95a-30d5-4d1f-8768-6aaea2bfa294.jpg\" alt=\"\" class=\"wp-image-14142\" srcset=\"https:\/\/agora.xtec.cat\/escolacharlesdarwin\/wp-content\/uploads\/usu160\/2019\/02\/da6ff95a-30d5-4d1f-8768-6aaea2bfa294.jpg 1200w, https:\/\/agora.xtec.cat\/escolacharlesdarwin\/wp-content\/uploads\/usu160\/2019\/02\/da6ff95a-30d5-4d1f-8768-6aaea2bfa294-225x300.jpg 225w, https:\/\/agora.xtec.cat\/escolacharlesdarwin\/wp-content\/uploads\/usu160\/2019\/02\/da6ff95a-30d5-4d1f-8768-6aaea2bfa294-768x1024.jpg 768w\" sizes=\"auto, (max-width: 1200px) 100vw, 1200px\" \/><\/figure>\n\n\n\n<figure class=\"wp-block-image alignleft\"><img loading=\"lazy\" decoding=\"async\" width=\"1600\" height=\"1200\" src=\"https:\/\/agora.xtec.cat\/escolacharlesdarwin\/wp-content\/uploads\/usu160\/2019\/02\/1a92c633-b6f0-4fa7-a4b8-7185a098fff0.jpg\" alt=\"\" class=\"wp-image-14144\" srcset=\"https:\/\/agora.xtec.cat\/escolacharlesdarwin\/wp-content\/uploads\/usu160\/2019\/02\/1a92c633-b6f0-4fa7-a4b8-7185a098fff0.jpg 1600w, https:\/\/agora.xtec.cat\/escolacharlesdarwin\/wp-content\/uploads\/usu160\/2019\/02\/1a92c633-b6f0-4fa7-a4b8-7185a098fff0-300x225.jpg 300w, https:\/\/agora.xtec.cat\/escolacharlesdarwin\/wp-content\/uploads\/usu160\/2019\/02\/1a92c633-b6f0-4fa7-a4b8-7185a098fff0-768x576.jpg 768w, https:\/\/agora.xtec.cat\/escolacharlesdarwin\/wp-content\/uploads\/usu160\/2019\/02\/1a92c633-b6f0-4fa7-a4b8-7185a098fff0-1024x768.jpg 1024w, https:\/\/agora.xtec.cat\/escolacharlesdarwin\/wp-content\/uploads\/usu160\/2019\/02\/1a92c633-b6f0-4fa7-a4b8-7185a098fff0-200x150.jpg 200w\" sizes=\"auto, (max-width: 1600px) 100vw, 1600px\" \/><\/figure>\n\n\n\n<figure class=\"wp-block-image alignleft\"><img loading=\"lazy\" decoding=\"async\" width=\"1600\" height=\"1200\" src=\"https:\/\/agora.xtec.cat\/escolacharlesdarwin\/wp-content\/uploads\/usu160\/2019\/02\/24666000-9423-4c0f-ae9a-e6d974742c98.jpg\" alt=\"\" class=\"wp-image-14145\" srcset=\"https:\/\/agora.xtec.cat\/escolacharlesdarwin\/wp-content\/uploads\/usu160\/2019\/02\/24666000-9423-4c0f-ae9a-e6d974742c98.jpg 1600w, https:\/\/agora.xtec.cat\/escolacharlesdarwin\/wp-content\/uploads\/usu160\/2019\/02\/24666000-9423-4c0f-ae9a-e6d974742c98-300x225.jpg 300w, https:\/\/agora.xtec.cat\/escolacharlesdarwin\/wp-content\/uploads\/usu160\/2019\/02\/24666000-9423-4c0f-ae9a-e6d974742c98-768x576.jpg 768w, https:\/\/agora.xtec.cat\/escolacharlesdarwin\/wp-content\/uploads\/usu160\/2019\/02\/24666000-9423-4c0f-ae9a-e6d974742c98-1024x768.jpg 1024w, https:\/\/agora.xtec.cat\/escolacharlesdarwin\/wp-content\/uploads\/usu160\/2019\/02\/24666000-9423-4c0f-ae9a-e6d974742c98-200x150.jpg 200w\" sizes=\"auto, (max-width: 1600px) 100vw, 1600px\" \/><\/figure>\n\n\n\n<figure class=\"wp-block-image alignleft\"><img loading=\"lazy\" decoding=\"async\" width=\"1600\" height=\"1200\" src=\"https:\/\/agora.xtec.cat\/escolacharlesdarwin\/wp-content\/uploads\/usu160\/2019\/02\/a0f12c0b-4142-440a-9bee-21d9bacfc39b.jpg\" alt=\"\" class=\"wp-image-14146\" srcset=\"https:\/\/agora.xtec.cat\/escolacharlesdarwin\/wp-content\/uploads\/usu160\/2019\/02\/a0f12c0b-4142-440a-9bee-21d9bacfc39b.jpg 1600w, https:\/\/agora.xtec.cat\/escolacharlesdarwin\/wp-content\/uploads\/usu160\/2019\/02\/a0f12c0b-4142-440a-9bee-21d9bacfc39b-300x225.jpg 300w, https:\/\/agora.xtec.cat\/escolacharlesdarwin\/wp-content\/uploads\/usu160\/2019\/02\/a0f12c0b-4142-440a-9bee-21d9bacfc39b-768x576.jpg 768w, https:\/\/agora.xtec.cat\/escolacharlesdarwin\/wp-content\/uploads\/usu160\/2019\/02\/a0f12c0b-4142-440a-9bee-21d9bacfc39b-1024x768.jpg 1024w, https:\/\/agora.xtec.cat\/escolacharlesdarwin\/wp-content\/uploads\/usu160\/2019\/02\/a0f12c0b-4142-440a-9bee-21d9bacfc39b-200x150.jpg 200w\" sizes=\"auto, (max-width: 1600px) 100vw, 1600px\" \/><\/figure>\n\n\n\n<p>\u00c9s un projecte que utilitza la metodologia APS (Aprenentatge i Servei)&nbsp; i est\u00e0 impulsat per Interseccions,&nbsp;el departament de ciutadania i la Fundaci\u00f3 Jaume Bofill.<\/p>\n\n\n\n<h5 class=\"wp-block-heading\">&nbsp;<\/h5>\n\n\n\n<h5 class=\"wp-block-heading\">&nbsp;<\/h5>\n\n\n\n<h5 class=\"wp-block-heading\">&nbsp;<\/h5>\n\n\n\n<h5 class=\"wp-block-heading\">&nbsp;<\/h5>\n\n\n\n<h5 class=\"wp-block-heading\"><strong>Treball a l\u2019aula<\/strong><\/h5>\n\n\n\n<p>Sessions setmanals dinamitzades pel voluntariat de manera individualitzada amb els infants en les que es treballa la lectura. Aquest curs han participat 13 alumnes de l\u2019Escola, de 4t i 5\u00e8 curs, i 13 persones volunt\u00e0ries, totes elles estudiants de l\u2019Institut Dal\u00ed, l\u2019Institut Baldiri Guilera i l\u2019Institut Estany de la Ricarda.<\/p>\n\n\n\n<p>Les persones volunt\u00e0ries proposen lectures basades en les necessitats d\u2019aprenentatge i els interessos de cada infant; trien lectures d\u2019entre els lots dels llibres cedits per la Biblioteca Antonio Mart\u00edn, i proposen activitats basades en els&nbsp;<a href=\"http:\/\/www.lecxit.org\/materials\">materials de suport<\/a>&nbsp;per al voluntariat.<\/p>\n\n\n\n<h5 class=\"wp-block-heading\"><strong>Treball amb el centre educatiu<\/strong><\/h5>\n\n\n\n<p>Sessions de coordinaci\u00f3 amb les tutores i la direcci\u00f3 on s\u2019avalua i dissenya el projecte.<\/p>\n\n\n\n<h5 class=\"wp-block-heading\"><strong>Activitats comunit\u00e0ries<\/strong><\/h5>\n\n\n\n<p>En diversos moments del curs&nbsp; es realitzen activitats en les quals es convida a participar a les fam\u00edlies i tota la comunitat educativa. En darrer curs a&nbsp;banda de les activitats creades pel propi grup de persones volunt\u00e0ries,<\/p>\n\n\n\n<figure class=\"wp-block-image alignleft\"><img decoding=\"async\" src=\"https:\/\/www.elprat.cat\/sites\/default\/files\/styles\/image_principal_large\/public\/images-accions\/FACC-43_PRLECCHA_foto.JPG?itok=Xn-itavO\" alt=\"\"\/><\/figure>\n\n\n\n<p>es va poder gaudir del taller de narraci\u00f3 de contes amb el llibre&nbsp;<em>Amic meu!<\/em>&nbsp;que tracta la tem\u00e0tica dels refugiats. El taller va ser dinamitzat per una de les persones volunt\u00e0ries de l\u2019entitat Open Cultural Center.<\/p>\n","protected":false},"excerpt":{"rendered":"<p>LECXIT&nbsp;\u00e9s un programa que t\u00e9 per objectiu incrementar l&#8217;\u00e8xit educatiu dels infants a trav\u00e9s del treball per la millora de [&hellip;]<\/p>\n","protected":false},"author":1,"featured_media":0,"parent":0,"menu_order":0,"comment_status":"closed","ping_status":"closed","template":"","meta":{"site-sidebar-layout":"default","site-content-layout":"","ast-site-content-layout":"default","site-content-style":"default","site-sidebar-style":"default","ast-global-header-display":"","ast-banner-title-visibility":"","ast-main-header-display":"","ast-hfb-above-header-display":"","ast-hfb-below-header-display":"","ast-hfb-mobile-header-display":"","site-post-title":"","ast-breadcrumbs-content":"","ast-featured-img":"","footer-sml-layout":"","theme-transparent-header-meta":"","adv-header-id-meta":"","stick-header-meta":"","header-above-stick-meta":"","header-main-stick-meta":"","header-below-stick-meta":"","astra-migrate-meta-layouts":"set","ast-page-background-enabled":"default","ast-page-background-meta":{"desktop":{"background-color":"var(--ast-global-color-4)","background-image":"","background-repeat":"repeat","background-position":"center center","background-size":"auto","background-attachment":"scroll","background-type":"","background-media":"","overlay-type":"","overlay-color":"","overlay-opacity":"","overlay-gradient":""},"tablet":{"background-color":"","background-image":"","background-repeat":"repeat","background-position":"center center","background-size":"auto","background-attachment":"scroll","background-type":"","background-media":"","overlay-type":"","overlay-color":"","overlay-opacity":"","overlay-gradient":""},"mobile":{"background-color":"","background-image":"","background-repeat":"repeat","background-position":"center center","background-size":"auto","background-attachment":"scroll","background-type":"","background-media":"","overlay-type":"","overlay-color":"","overlay-opacity":"","overlay-gradient":""}},"ast-content-background-meta":{"desktop":{"background-color":"var(--ast-global-color-5)","background-image":"","background-repeat":"repeat","background-position":"center center","background-size":"auto","background-attachment":"scroll","background-type":"","background-media":"","overlay-type":"","overlay-color":"","overlay-opacity":"","overlay-gradient":""},"tablet":{"background-color":"var(--ast-global-color-5)","background-image":"","background-repeat":"repeat","background-position":"center center","background-size":"auto","background-attachment":"scroll","background-type":"","background-media":"","overlay-type":"","overlay-color":"","overlay-opacity":"","overlay-gradient":""},"mobile":{"background-color":"var(--ast-global-color-5)","background-image":"","background-repeat":"repeat","background-position":"center center","background-size":"auto","background-attachment":"scroll","background-type":"","background-media":"","overlay-type":"","overlay-color":"","overlay-opacity":"","overlay-gradient":""}},"footnotes":""},"class_list":["post-14060","page","type-page","status-publish","hentry"],"post_mailing_queue_ids":[],"_links":{"self":[{"href":"https:\/\/agora.xtec.cat\/escolacharlesdarwin\/wp-json\/wp\/v2\/pages\/14060","targetHints":{"allow":["GET"]}}],"collection":[{"href":"https:\/\/agora.xtec.cat\/escolacharlesdarwin\/wp-json\/wp\/v2\/pages"}],"about":[{"href":"https:\/\/agora.xtec.cat\/escolacharlesdarwin\/wp-json\/wp\/v2\/types\/page"}],"author":[{"embeddable":true,"href":"https:\/\/agora.xtec.cat\/escolacharlesdarwin\/wp-json\/wp\/v2\/users\/1"}],"replies":[{"embeddable":true,"href":"https:\/\/agora.xtec.cat\/escolacharlesdarwin\/wp-json\/wp\/v2\/comments?post=14060"}],"version-history":[{"count":6,"href":"https:\/\/agora.xtec.cat\/escolacharlesdarwin\/wp-json\/wp\/v2\/pages\/14060\/revisions"}],"predecessor-version":[{"id":28840,"href":"https:\/\/agora.xtec.cat\/escolacharlesdarwin\/wp-json\/wp\/v2\/pages\/14060\/revisions\/28840"}],"wp:attachment":[{"href":"https:\/\/agora.xtec.cat\/escolacharlesdarwin\/wp-json\/wp\/v2\/media?parent=14060"}],"curies":[{"name":"wp","href":"https:\/\/api.w.org\/{rel}","templated":true}]}}