{"id":14058,"date":"2019-02-06T10:40:11","date_gmt":"2019-02-06T09:40:11","guid":{"rendered":"http:\/\/agora.xtec.cat\/escolacharlesdarwin\/?page_id=14058"},"modified":"2024-07-22T09:19:25","modified_gmt":"2024-07-22T07:19:25","slug":"coneixement-cientific-tecnic-i-digital","status":"publish","type":"page","link":"https:\/\/agora.xtec.cat\/escolacharlesdarwin\/coneixement-cientific-tecnic-i-digital\/","title":{"rendered":"Coneixement Cient\u00edfic, T\u00e8cnic i Digital"},"content":{"rendered":"\r\n\t<div class=\"slideshow_container slideshow_container_style-light\" style=\"height: 300px; \" data-slideshow-id=\"26827\" data-style-name=\"style-light\" data-style-version=\"2.3.1\" >\r\n\r\n\t\t\t\t\t<div class=\"slideshow_loading_icon\"><\/div>\r\n\t\t\r\n\t\t<div class=\"slideshow_content\" style=\"display: none;\">\r\n\r\n\t\t\t<div class=\"slideshow_view\">\r\n\t\t\t\t<div class=\"slideshow_slide slideshow_slide_image\">\r\n\t\t\t\t\t\t\t\t\t\t\t<img src=\"https:\/\/agora.xtec.cat\/escolacharlesdarwin\/wp-content\/uploads\/usu160\/2024\/03\/IMG_3860.jpg\" alt=\"IMG_3860\" width=\"2181\" height=\"1636\" \/>\r\n\t\t\t\t\t\t\t\t\t\t<div class=\"slideshow_description_box slideshow_transparent\">\r\n\t\t\t\t\t\t<div class=\"slideshow_title\">IMG_3860<\/div>\t\t\t\t\t\t\t\t\t\t\t<\/div>\r\n\t\t\t\t<\/div>\r\n\r\n\t\t\t\t\t\t<div style=\"clear: both;\"><\/div><\/div><div class=\"slideshow_view\">\r\n\t\t\t\t<div class=\"slideshow_slide slideshow_slide_image\">\r\n\t\t\t\t\t\t\t\t\t\t\t<img src=\"https:\/\/agora.xtec.cat\/escolacharlesdarwin\/wp-content\/uploads\/usu160\/2024\/03\/d1ed07a2-3281-47d8-ac96-aba3a9a05c5c.jpg\" alt=\"d1ed07a2-3281-47d8-ac96-aba3a9a05c5c\" width=\"2000\" height=\"1500\" \/>\r\n\t\t\t\t\t\t\t\t\t\t<div class=\"slideshow_description_box slideshow_transparent\">\r\n\t\t\t\t\t\t<div class=\"slideshow_title\">d1ed07a2-3281-47d8-ac96-aba3a9a05c5c<\/div>\t\t\t\t\t\t\t\t\t\t\t<\/div>\r\n\t\t\t\t<\/div>\r\n\r\n\t\t\t\t\t\t<div style=\"clear: both;\"><\/div><\/div><div class=\"slideshow_view\">\r\n\t\t\t\t<div class=\"slideshow_slide slideshow_slide_image\">\r\n\t\t\t\t\t\t\t\t\t\t\t<img src=\"https:\/\/agora.xtec.cat\/escolacharlesdarwin\/wp-content\/uploads\/usu160\/2024\/03\/forn-solar.png\" alt=\"forn solar\" width=\"1008\" height=\"756\" \/>\r\n\t\t\t\t\t\t\t\t\t\t<div class=\"slideshow_description_box slideshow_transparent\">\r\n\t\t\t\t\t\t<div class=\"slideshow_title\">forn solar<\/div>\t\t\t\t\t\t\t\t\t\t\t<\/div>\r\n\t\t\t\t<\/div>\r\n\r\n\t\t\t\t\t\t<div style=\"clear: both;\"><\/div><\/div><div class=\"slideshow_view\">\r\n\t\t\t\t<div class=\"slideshow_slide slideshow_slide_image\">\r\n\t\t\t\t\t\t\t\t\t\t\t<img src=\"https:\/\/agora.xtec.cat\/escolacharlesdarwin\/wp-content\/uploads\/usu160\/2024\/03\/IMG_0093-scaled.jpg\" alt=\"IMG_0093\" width=\"1920\" height=\"2560\" \/>\r\n\t\t\t\t\t\t\t\t\t\t<div class=\"slideshow_description_box slideshow_transparent\">\r\n\t\t\t\t\t\t\t\t\t\t\t\t\t\t\t\t\t<\/div>\r\n\t\t\t\t<\/div>\r\n\r\n\t\t\t\t\t\t<div style=\"clear: both;\"><\/div><\/div><div class=\"slideshow_view\">\r\n\t\t\t\t<div class=\"slideshow_slide slideshow_slide_image\">\r\n\t\t\t\t\t\t\t\t\t\t\t<img src=\"https:\/\/agora.xtec.cat\/escolacharlesdarwin\/wp-content\/uploads\/usu160\/2024\/03\/IMG_3667-scaled.jpg\" alt=\"IMG_3667\" width=\"1920\" height=\"2560\" \/>\r\n\t\t\t\t\t\t\t\t\t\t<div class=\"slideshow_description_box slideshow_transparent\">\r\n\t\t\t\t\t\t\t\t\t\t\t\t\t\t\t\t\t<\/div>\r\n\t\t\t\t<\/div>\r\n\r\n\t\t\t\t\t\t<div style=\"clear: both;\"><\/div><\/div><div class=\"slideshow_view\">\r\n\t\t\t\t<div class=\"slideshow_slide slideshow_slide_image\">\r\n\t\t\t\t\t\t\t\t\t\t\t<img src=\"https:\/\/agora.xtec.cat\/escolacharlesdarwin\/wp-content\/uploads\/usu160\/2024\/03\/IMG_4117.jpg\" alt=\"IMG_4117\" width=\"1284\" height=\"753\" \/>\r\n\t\t\t\t\t\t\t\t\t\t<div class=\"slideshow_description_box slideshow_transparent\">\r\n\t\t\t\t\t\t\t\t\t\t\t\t\t\t\t\t\t<\/div>\r\n\t\t\t\t<\/div>\r\n\r\n\t\t\t\t\t\t<div style=\"clear: both;\"><\/div><\/div>\r\n\t\t<\/div>\r\n\r\n\t\t<div class=\"slideshow_controlPanel slideshow_transparent\" style=\"display: none;\"><ul><li class=\"slideshow_togglePlay\" data-play-text=\"Visualitza\" data-pause-text=\"Pausa\"><\/li><\/ul><\/div>\r\n\r\n\t\t<div class=\"slideshow_button slideshow_previous slideshow_transparent\" role=\"button\" data-previous-text=\"Anterior\" style=\"display: none;\"><\/div>\r\n\t\t<div class=\"slideshow_button slideshow_next slideshow_transparent\" role=\"button\" data-next-text=\"Seg\u00fcent\" style=\"display: none;\"><\/div>\r\n\r\n\t\t<div class=\"slideshow_pagination\" style=\"display: none;\" data-go-to-text=\"V\u00e9s a la diapositiva\"><div class=\"slideshow_pagination_center\"><\/div><\/div>\r\n\r\n\t\t<!-- WordPress Slideshow Version 2.3.1 -->\r\n\r\n\t\t\t<\/div>\r\n\r\n\n<p>Entendre el m\u00f3n per donar resposta als reptes del present. Investigar per generar coneixement sobre el m\u00f3n en qu\u00e8 vivim, per\u00f2 tamb\u00e9 passar a l\u2019acci\u00f3, proposar solucions, inventar, construir, innovar, entrella\u00e7ar tot el potencial tecnol\u00f2gic amb el dia a dia de les persones. Situar la ciutadania en el centre d\u2019aquest coneixement universal i potenciar el vessant creatiu, convertint-nos en inventors, amb recursos d&#8217;informaci\u00f3 i capacitat cr\u00edtica.<\/p>\n<p><strong>IntersECCions<\/strong>\u00a0\u00e9s un<strong>\u00a0<\/strong>programa de ciutat que, des del\u00a0<strong>2016<\/strong>, impulsa l&#8217;<strong>Ajuntament del Prat de Llobregat<\/strong>, per a impulsar el treball transversal entre <strong>cultura i educaci\u00f3<\/strong>\u00a0com a eina per la<strong>\u00a0transformaci\u00f3 social i comunit\u00e0ria<\/strong>. Es desenvolupa a partir de la cooperaci\u00f3 i\u00a0corresponsabilitat\u00a0amb l&#8217;ecosistema educatiu i cultural del municipi, implicant-los en el repte d&#8217;impulsar els drets culturals i la democratitzaci\u00f3 de la pr\u00e0ctica cultural aix\u00ed com el dret a una educaci\u00f3 de qualitat al llarg i ample de la vida.<\/p>\n<p>El programa planteja\u00a0<strong>tres tipus d&#8217;accions &#8211;<\/strong>projectes, laboratoris i entorns d&#8217;aprenentatge- que es desenvolupen en relaci\u00f3 a\u00a0<strong>cinc \u00e0mbits de coneixement<\/strong>\u00a0-Lectura, Impuls de l&#8217;angl\u00e8s, Educaci\u00f3 en les arts (teatre, m\u00fasica, dansa, arts visuals i cinema), Coneixement de la ciutat\u00a0i <span style=\"text-decoration: underline;\"><strong>Coneixement Cient\u00edfic, tecnol\u00f2gic i digital.<\/strong><\/span><\/p>\n<p>Respecte a la\u00a0<strong>metodologia<\/strong>\u00a0de treball, el projecte es desenvolupa en tres fases:<\/p>\n<p><strong>&#8211; Fase de disseny:\u00a0<\/strong>s\u2019acorda l\u2019eix tem\u00e0tic que vertebrar\u00e0 el curs i s\u2019acompanya amb formaci\u00f3 adre\u00e7ada al professorat i a referents dels equipaments culturals implicats.<\/p>\n<p><strong>&#8211; Fase d\u2019implementaci\u00f3:<\/strong>\u00a0es desenvolupen els projectes espec\u00edfics a cada escola i s\u2019acompanyen amb suport expert en did\u00e0ctica de la ci\u00e8ncia, recursos bibliogr\u00e0fics especialitzats i visites a equipaments vinculats a la tem\u00e0tica.<\/p>\n<p><strong>&#8211; Fase de tancament:\u00a0<\/strong>els aprenentatges i experi\u00e8ncies de l\u2019alumnat es comparteixen amb la ciutadania en diversos formats, i s\u2019avalua tot el proc\u00e9s de treball per definir les l\u00ednies futures del projecte.<\/p>\n<p><a href=\"_wp_link_placeholder\" data-wplink-edit=\"true\">https:\/\/www.elprat.cat\/interseccions\/diverciencia<\/a><\/p>\n<p><img loading=\"lazy\" decoding=\"async\" class=\"aligncenter wp-image-24485\" src=\"https:\/\/agora.xtec.cat\/escolacharlesdarwin\/wp-content\/uploads\/usu160\/2023\/01\/Captura-de-Pantalla-2023-01-14-a-las-11.19.55.png\" alt=\"\" width=\"426\" height=\"242\" srcset=\"https:\/\/agora.xtec.cat\/escolacharlesdarwin\/wp-content\/uploads\/usu160\/2023\/01\/Captura-de-Pantalla-2023-01-14-a-las-11.19.55.png 1390w, https:\/\/agora.xtec.cat\/escolacharlesdarwin\/wp-content\/uploads\/usu160\/2023\/01\/Captura-de-Pantalla-2023-01-14-a-las-11.19.55-300x171.png 300w, https:\/\/agora.xtec.cat\/escolacharlesdarwin\/wp-content\/uploads\/usu160\/2023\/01\/Captura-de-Pantalla-2023-01-14-a-las-11.19.55-1024x582.png 1024w, https:\/\/agora.xtec.cat\/escolacharlesdarwin\/wp-content\/uploads\/usu160\/2023\/01\/Captura-de-Pantalla-2023-01-14-a-las-11.19.55-768x436.png 768w\" sizes=\"auto, (max-width: 426px) 100vw, 426px\" \/><\/p>\n","protected":false},"excerpt":{"rendered":"<p>Entendre el m\u00f3n per donar resposta als reptes del present. Investigar per generar coneixement sobre el m\u00f3n en qu\u00e8 vivim, [&hellip;]<\/p>\n","protected":false},"author":1,"featured_media":0,"parent":0,"menu_order":0,"comment_status":"closed","ping_status":"closed","template":"","meta":{"site-sidebar-layout":"default","site-content-layout":"","ast-site-content-layout":"","site-content-style":"default","site-sidebar-style":"default","ast-global-header-display":"","ast-banner-title-visibility":"","ast-main-header-display":"","ast-hfb-above-header-display":"","ast-hfb-below-header-display":"","ast-hfb-mobile-header-display":"","site-post-title":"","ast-breadcrumbs-content":"","ast-featured-img":"","footer-sml-layout":"","theme-transparent-header-meta":"","adv-header-id-meta":"","stick-header-meta":"","header-above-stick-meta":"","header-main-stick-meta":"","header-below-stick-meta":"","astra-migrate-meta-layouts":"default","ast-page-background-enabled":"default","ast-page-background-meta":{"desktop":{"background-color":"var(--ast-global-color-4)","background-image":"","background-repeat":"repeat","background-position":"center center","background-size":"auto","background-attachment":"scroll","background-type":"","background-media":"","overlay-type":"","overlay-color":"","overlay-opacity":"","overlay-gradient":""},"tablet":{"background-color":"","background-image":"","background-repeat":"repeat","background-position":"center center","background-size":"auto","background-attachment":"scroll","background-type":"","background-media":"","overlay-type":"","overlay-color":"","overlay-opacity":"","overlay-gradient":""},"mobile":{"background-color":"","background-image":"","background-repeat":"repeat","background-position":"center center","background-size":"auto","background-attachment":"scroll","background-type":"","background-media":"","overlay-type":"","overlay-color":"","overlay-opacity":"","overlay-gradient":""}},"ast-content-background-meta":{"desktop":{"background-color":"var(--ast-global-color-5)","background-image":"","background-repeat":"repeat","background-position":"center center","background-size":"auto","background-attachment":"scroll","background-type":"","background-media":"","overlay-type":"","overlay-color":"","overlay-opacity":"","overlay-gradient":""},"tablet":{"background-color":"var(--ast-global-color-5)","background-image":"","background-repeat":"repeat","background-position":"center center","background-size":"auto","background-attachment":"scroll","background-type":"","background-media":"","overlay-type":"","overlay-color":"","overlay-opacity":"","overlay-gradient":""},"mobile":{"background-color":"var(--ast-global-color-5)","background-image":"","background-repeat":"repeat","background-position":"center center","background-size":"auto","background-attachment":"scroll","background-type":"","background-media":"","overlay-type":"","overlay-color":"","overlay-opacity":"","overlay-gradient":""}},"footnotes":""},"class_list":["post-14058","page","type-page","status-publish","hentry"],"post_mailing_queue_ids":[],"_links":{"self":[{"href":"https:\/\/agora.xtec.cat\/escolacharlesdarwin\/wp-json\/wp\/v2\/pages\/14058","targetHints":{"allow":["GET"]}}],"collection":[{"href":"https:\/\/agora.xtec.cat\/escolacharlesdarwin\/wp-json\/wp\/v2\/pages"}],"about":[{"href":"https:\/\/agora.xtec.cat\/escolacharlesdarwin\/wp-json\/wp\/v2\/types\/page"}],"author":[{"embeddable":true,"href":"https:\/\/agora.xtec.cat\/escolacharlesdarwin\/wp-json\/wp\/v2\/users\/1"}],"replies":[{"embeddable":true,"href":"https:\/\/agora.xtec.cat\/escolacharlesdarwin\/wp-json\/wp\/v2\/comments?post=14058"}],"version-history":[{"count":5,"href":"https:\/\/agora.xtec.cat\/escolacharlesdarwin\/wp-json\/wp\/v2\/pages\/14058\/revisions"}],"predecessor-version":[{"id":27743,"href":"https:\/\/agora.xtec.cat\/escolacharlesdarwin\/wp-json\/wp\/v2\/pages\/14058\/revisions\/27743"}],"wp:attachment":[{"href":"https:\/\/agora.xtec.cat\/escolacharlesdarwin\/wp-json\/wp\/v2\/media?parent=14058"}],"curies":[{"name":"wp","href":"https:\/\/api.w.org\/{rel}","templated":true}]}}