{"id":14056,"date":"2019-02-06T10:39:39","date_gmt":"2019-02-06T09:39:39","guid":{"rendered":"http:\/\/agora.xtec.cat\/escolacharlesdarwin\/?page_id=14056"},"modified":"2019-02-06T10:43:39","modified_gmt":"2019-02-06T09:43:39","slug":"interseccions","status":"publish","type":"page","link":"https:\/\/agora.xtec.cat\/escolacharlesdarwin\/interseccions\/","title":{"rendered":"IntersECCions"},"content":{"rendered":"<div class=\"content container contenido\">\n<div>\n<h2>Som Interseccions<\/h2>\n<div class=\"contenido\">\n<div class=\"intro-contingut\">\n<p>Som un programa impulsat des del 2016 per l\u2019Ajuntament del Prat de Llobregat, que situa l\u2019educaci\u00f3 i la cultura com a eixos estrat\u00e8gics de ciutat, motors de transformaci\u00f3 social.<\/p>\n<\/div>\n<p><strong>Tenim el repte de millorar la qualitat de vida de la ciutadania<\/strong>, afavorint el desenvolupament cultural i art\u00edstic de les persones al llarg de la vida, formant persones amb capacitat cr\u00edtica, amb una mirada oberta, amb interessos culturals diversos, i facilitant les pr\u00e0ctiques culturals.<\/p>\n<p><strong>Posem les condicions per teixir un projecte educatiu global de ciutat<\/strong>\u00a0que generi contextos d\u2019aprenentatge amb la corresponsabilitat entre els diferents agents educatius i culturals locals.<\/p>\n<p><strong>Obrim nous espais de coneixen\u00e7a, relaci\u00f3 i treball col\u00b7laboratiu<\/strong>\u00a0<strong>entre les persones<\/strong>\u00a0que formen part de la xarxa d\u2019equipaments i serveis educatius i culturals de la ciutat. Aquesta intersecci\u00f3 entre comunitats diverses (centres educatius, equipaments culturals, AMPA, entitats culturals, serveis educatius i ciutadania) aconsegueix generar projectes educatius m\u00e9s transformadors, que passen dins i fora dels centres educatius, i estan m\u00e9s vinculats al context i la ciutat.<\/p>\n<p><strong>Ho fem des de cinc grans \u00e0mbits de treball,<\/strong>\u00a0on s\u2019articulen diferents projectes i accions: l\u2019Educaci\u00f3 en les Arts (teatre, m\u00fasica, dansa, arts visuals i cinema), l\u2019Impuls de l\u2019angl\u00e8s, el Coneixement de la ciutat, la Lectura i \u00a0el Coneixement cient\u00edfic, t\u00e8cnic, digital.<\/p>\n<p><strong>Som interseccions<\/strong>\u00a0en moviment constant, que transformen, que modifiquen, que evolucionen, que fan progressar la comunitat mitjan\u00e7ant la igualtat d\u2019oportunitats, la creativitat, l\u2019esperit cr\u00edtic.<\/p>\n<\/div>\n<\/div>\n<\/div>\n<div class=\"content container contenido\">\n<div>\n<div class=\"embed-content\">\n<div id=\"manifest\"><\/div>\n<\/div>\n<\/div>\n<\/div>\n<div class=\"content container contenido\">\n<div>\n<h2>Manifest del programa Interseccions<\/h2>\n<div class=\"llistat-contingut\"><\/div>\n<div class=\"row 1\">\n<div class=\"col-xs-12 col-sm-12 col-md-6 top-padding-10px bottom-padding-10px\">\n<div class=\"contenedor-fitxa\">\n<div class=\"img-fitxa\"><img loading=\"lazy\" decoding=\"async\" class=\"\" src=\"https:\/\/www.elprat.cat\/sites\/default\/files\/styles\/miniatura_listado_small\/public\/intersecciones-1.png?itok=I4Z5Vnmj\" width=\"40\" height=\"40\" \/><\/div>\n<div class=\"contingut-fitxa\">\n<h4 class=\"link_listado\">Som educaci\u00f3 des de la cultura<\/h4>\n<p>Les persones aprenem i fem cultura en tots els espais de la quotidianitat i al llarg de tota la vida. Connectem aquests espais d\u2019aprenentatge, educatius i culturals, per tal d\u2019oferir experi\u00e8ncies personals transformadores en qualsevol moment vital de les persones.<\/p>\n<\/div>\n<\/div>\n<\/div>\n<div class=\"row 2\">\n<div class=\"col-xs-12 col-sm-12 col-md-6 top-padding-10px bottom-padding-10px\">\n<div class=\"contenedor-fitxa\">\n<div class=\"img-fitxa\"><img loading=\"lazy\" decoding=\"async\" class=\"\" src=\"https:\/\/www.elprat.cat\/sites\/default\/files\/styles\/miniatura_listado_small\/public\/intersecciones-2.png?itok=6cvIMI2c\" width=\"40\" height=\"40\" \/><\/div>\n<div class=\"contingut-fitxa\">\n<h4 class=\"link_listado\">Som cultura des de l\u2019educaci\u00f3<\/h4>\n<p>Creiem en la cultura horitzontal, feta per la gent i per a la gent, viva, oberta i en col\u00b7laboraci\u00f3. Fomentem el coneixement i espais de pr\u00e0ctica cultural i educativa.<\/p>\n<\/div>\n<\/div>\n<\/div>\n<\/div>\n<div class=\"col-xs-12 col-sm-12 col-md-6 top-padding-10px bottom-padding-10px\">\n<div class=\"contenedor-fitxa\">\n<div class=\"img-fitxa\"><img loading=\"lazy\" decoding=\"async\" class=\"\" src=\"https:\/\/www.elprat.cat\/sites\/default\/files\/styles\/miniatura_listado_small\/public\/intersecciones-3.png?itok=L3Ycikhf\" width=\"40\" height=\"40\" \/><\/div>\n<div class=\"contingut-fitxa\">\n<h4 class=\"link_listado\">Som transformaci\u00f3 des de la comunitat<\/h4>\n<p>L\u2019educaci\u00f3 i la cultura entrella\u00e7ades poden canviar el m\u00f3n. Fomentem experi\u00e8ncies transformadores per ser una ciutadania m\u00e9s conscient, lliure i feli\u00e7, que creix a nivell personal i col\u00b7lectiu, i ho fem a partir de la implicaci\u00f3 directa de la comunitat.<\/p>\n<\/div>\n<\/div>\n<\/div>\n<div class=\"row 4\">\n<div class=\"col-xs-12 col-sm-12 col-md-6 top-padding-10px bottom-padding-10px\">\n<div class=\"contenedor-fitxa\">\n<div class=\"img-fitxa\"><img loading=\"lazy\" decoding=\"async\" class=\"\" src=\"https:\/\/www.elprat.cat\/sites\/default\/files\/styles\/miniatura_listado_small\/public\/intersecciones-4.png?itok=6B1GVNTJ\" width=\"40\" height=\"40\" \/><\/div>\n<div class=\"contingut-fitxa\">\n<h4 class=\"link_listado\">Som diversitat i equitat<\/h4>\n<p>Totes les persones som necess\u00e0ries per fer comunitat. Entenem la diversitat com un valor fonamental, i treballem per garantir la igualtat d\u2019oportunitats educatives i culturals.<\/p>\n<\/div>\n<\/div>\n<\/div>\n<\/div>\n<div class=\"col-xs-12 col-sm-12 col-md-6 top-padding-10px bottom-padding-10px\">\n<div class=\"contenedor-fitxa\">\n<div class=\"img-fitxa\"><img loading=\"lazy\" decoding=\"async\" class=\"\" src=\"https:\/\/www.elprat.cat\/sites\/default\/files\/styles\/miniatura_listado_small\/public\/intersecciones-5_0.png?itok=mf0VRgH_\" width=\"40\" height=\"40\" \/><\/div>\n<div class=\"contingut-fitxa\">\n<h4 class=\"link_listado\">Som transversalitat i xarxa<\/h4>\n<p>Generem punts de trobada vius entre persones diverses, professionals, entitats, administraci\u00f3 p\u00fablica, col\u00b7lectius, ve\u00efns i ve\u00efnes&#8230; Cooperant i compartint veus i mirades, treballem conjuntament en un projecte com\u00fa.<\/p>\n<\/div>\n<\/div>\n<\/div>\n<div class=\"row 6\">\n<div class=\"col-xs-12 col-sm-12 col-md-6 top-padding-10px bottom-padding-10px\">\n<div class=\"contenedor-fitxa\">\n<div class=\"img-fitxa\"><img loading=\"lazy\" decoding=\"async\" class=\"\" src=\"https:\/\/www.elprat.cat\/sites\/default\/files\/styles\/miniatura_listado_small\/public\/intersecciones-6.png?itok=gwM_k7Vw\" width=\"40\" height=\"40\" \/><\/div>\n<div class=\"contingut-fitxa\">\n<h4 class=\"link_listado\">Som aprenentatge i innovaci\u00f3<\/h4>\n<p>Volem aprendre de manera vivencial, enriquint-nos m\u00fatuament a partir dels coneixements i les experi\u00e8ncies pr\u00e8vies, per\u00f2 tamb\u00e9 generant-ne de noves, construint espais per investigar, jugar i experimentar.<\/p>\n<\/div>\n<\/div>\n<\/div>\n<\/div>\n<div class=\"col-xs-12 col-sm-12 col-md-6 top-padding-10px bottom-padding-10px\">\n<div class=\"contenedor-fitxa\">\n<div class=\"img-fitxa\"><img loading=\"lazy\" decoding=\"async\" class=\"\" src=\"https:\/\/www.elprat.cat\/sites\/default\/files\/styles\/miniatura_listado_small\/public\/intersecciones-7.png?itok=i0CzugOr\" width=\"40\" height=\"40\" \/><\/div>\n<div class=\"contingut-fitxa\">\n<h4 class=\"link_listado\">Som futur<\/h4>\n<p>Promovem la implicaci\u00f3, l\u2019autonomia de les persones, el pensament col\u00b7lectiu cr\u00edtic i una vida digna en comunitat.<\/p>\n<h3>Som El Prat, on el m\u00f3n canvia.<\/h3>\n<\/div>\n<\/div>\n<\/div>\n<\/div>\n<\/div>\n<\/div>\n","protected":false},"excerpt":{"rendered":"<p>Som Interseccions Som un programa impulsat des del 2016 per l\u2019Ajuntament del Prat de Llobregat, que situa l\u2019educaci\u00f3 i la [&hellip;]<\/p>\n","protected":false},"author":1,"featured_media":0,"parent":0,"menu_order":0,"comment_status":"closed","ping_status":"closed","template":"","meta":{"site-sidebar-layout":"default","site-content-layout":"","ast-site-content-layout":"","site-content-style":"default","site-sidebar-style":"default","ast-global-header-display":"","ast-banner-title-visibility":"","ast-main-header-display":"","ast-hfb-above-header-display":"","ast-hfb-below-header-display":"","ast-hfb-mobile-header-display":"","site-post-title":"","ast-breadcrumbs-content":"","ast-featured-img":"","footer-sml-layout":"","theme-transparent-header-meta":"","adv-header-id-meta":"","stick-header-meta":"","header-above-stick-meta":"","header-main-stick-meta":"","header-below-stick-meta":"","astra-migrate-meta-layouts":"default","ast-page-background-enabled":"default","ast-page-background-meta":{"desktop":{"background-color":"var(--ast-global-color-4)","background-image":"","background-repeat":"repeat","background-position":"center center","background-size":"auto","background-attachment":"scroll","background-type":"","background-media":"","overlay-type":"","overlay-color":"","overlay-opacity":"","overlay-gradient":""},"tablet":{"background-color":"","background-image":"","background-repeat":"repeat","background-position":"center center","background-size":"auto","background-attachment":"scroll","background-type":"","background-media":"","overlay-type":"","overlay-color":"","overlay-opacity":"","overlay-gradient":""},"mobile":{"background-color":"","background-image":"","background-repeat":"repeat","background-position":"center center","background-size":"auto","background-attachment":"scroll","background-type":"","background-media":"","overlay-type":"","overlay-color":"","overlay-opacity":"","overlay-gradient":""}},"ast-content-background-meta":{"desktop":{"background-color":"var(--ast-global-color-5)","background-image":"","background-repeat":"repeat","background-position":"center center","background-size":"auto","background-attachment":"scroll","background-type":"","background-media":"","overlay-type":"","overlay-color":"","overlay-opacity":"","overlay-gradient":""},"tablet":{"background-color":"var(--ast-global-color-5)","background-image":"","background-repeat":"repeat","background-position":"center center","background-size":"auto","background-attachment":"scroll","background-type":"","background-media":"","overlay-type":"","overlay-color":"","overlay-opacity":"","overlay-gradient":""},"mobile":{"background-color":"var(--ast-global-color-5)","background-image":"","background-repeat":"repeat","background-position":"center center","background-size":"auto","background-attachment":"scroll","background-type":"","background-media":"","overlay-type":"","overlay-color":"","overlay-opacity":"","overlay-gradient":""}},"footnotes":""},"class_list":["post-14056","page","type-page","status-publish","hentry"],"post_mailing_queue_ids":[],"_links":{"self":[{"href":"https:\/\/agora.xtec.cat\/escolacharlesdarwin\/wp-json\/wp\/v2\/pages\/14056","targetHints":{"allow":["GET"]}}],"collection":[{"href":"https:\/\/agora.xtec.cat\/escolacharlesdarwin\/wp-json\/wp\/v2\/pages"}],"about":[{"href":"https:\/\/agora.xtec.cat\/escolacharlesdarwin\/wp-json\/wp\/v2\/types\/page"}],"author":[{"embeddable":true,"href":"https:\/\/agora.xtec.cat\/escolacharlesdarwin\/wp-json\/wp\/v2\/users\/1"}],"replies":[{"embeddable":true,"href":"https:\/\/agora.xtec.cat\/escolacharlesdarwin\/wp-json\/wp\/v2\/comments?post=14056"}],"version-history":[{"count":3,"href":"https:\/\/agora.xtec.cat\/escolacharlesdarwin\/wp-json\/wp\/v2\/pages\/14056\/revisions"}],"predecessor-version":[{"id":28701,"href":"https:\/\/agora.xtec.cat\/escolacharlesdarwin\/wp-json\/wp\/v2\/pages\/14056\/revisions\/28701"}],"wp:attachment":[{"href":"https:\/\/agora.xtec.cat\/escolacharlesdarwin\/wp-json\/wp\/v2\/media?parent=14056"}],"curies":[{"name":"wp","href":"https:\/\/api.w.org\/{rel}","templated":true}]}}