{"id":14025,"date":"2019-02-04T20:56:51","date_gmt":"2019-02-04T19:56:51","guid":{"rendered":"http:\/\/agora.xtec.cat\/escolacharlesdarwin\/?page_id=14025"},"modified":"2024-08-01T10:01:02","modified_gmt":"2024-08-01T08:01:02","slug":"equip-huma","status":"publish","type":"page","link":"https:\/\/agora.xtec.cat\/escolacharlesdarwin\/equip-huma\/","title":{"rendered":"Equip Hum\u00e0"},"content":{"rendered":"<h3>PERSONAL DOCENT DEL CENTRE<\/h3>\n<h3>CURS 2024-25<\/h3>\n<p><strong>Vanessa Rubio, Directora.<\/strong><\/p>\n<p>Sempre m\u2019ha agradat aprendre i ensenyar. Impregno el meu dia a dia de positivisme i entusiasme. Vaig comen\u00e7ar a ser mestra l\u2019any 2000. Despr\u00e9s de 8 cursos a l\u2019escola concertada, l\u2019any 2008 vaig donar el salt a l\u2019Escola P\u00fablica aprovant les oposicions al Cos de Mestres per l\u2019especialitat PAN. La meva destinaci\u00f3 des de llavors ha estat l\u2019Escola Charles Darwin. El centre tenia una gran traject\u00f2ria en el tractament de la llengua anglesa i r\u00e0pidament em vaig involucrar en diferents projectes (PELE, Comenius Regio..). Tots ells, em van aportar coneixement i estrat\u00e8gies per portar a terme una tasca educativa de m\u00e9s qualitat.<\/p>\n<p>Ja que la meva especialitat \u00e9s Llengua Estrangera, gran part de la meva formaci\u00f3 l\u2019he adre\u00e7at al desenvolupament d\u2019estrat\u00e8gies i metodologia en l\u2019\u00e0mbit de Lleng\u00fces (AICLE, PBL, Portfolio Lleng\u00fces&#8230;).<\/p>\n<p>L\u2019any 2013 vaig entrar a formar part de l\u2019Equip Directiu en el c\u00e0rrec de Secret\u00e0ria.<\/p>\n<p>Al llarg d\u2019aquests darrers cursos, he apr\u00e8s a fer una mirada m\u00e9s reflexiva i m\u00e9s global del nostre centre tant a nivell pedag\u00f2gic com organitzatiu i de relacions entre els diferents agents de la Comunitat Educativa.<\/p>\n<p>Des del 2017 s\u00f3c la Directora de l&#8217;escola. Producte de l\u2019an\u00e0lisi, el di\u00e0leg i la reflexi\u00f3 m\u00e9s profunda juntament amb l\u2019 Equip Directiu que hem format, \u00a0proposem mantenir una l\u00ednia de renovaci\u00f3 coherent i meditada. Crec en el lideratge compartit i l\u2019empoderament professional dels membres que composen l\u2019Equip Docent segons les seves potencialitats.<\/p>\n<p><strong>Laura Mart\u00ednez, Cap d\u2019Estudis<\/strong><\/p>\n<p><strong>Ana Mart\u00ednez, Secret\u00e0ria<\/strong><\/p>\n<p><span style=\"font-weight: 400;\">Amb una traject\u00f2ria de m\u00e9s de 20 anys a l&#8217;ensenyament en l&#8217;escola p\u00fablica, formo part del claustre del Darwin des del 2017.<\/span><\/p>\n<p><span style=\"font-weight: 400;\">Com a tutora, aqu\u00ed he pogut desenvolupar una filosofia educativa centrada en l&#8217;aprenentatge continu i en l\u00b4esfor\u00e7 del dia a dia, tant per als meus estudiants com per a mi mateixa. El meu desig constant de cr\u00e9ixer i millorar m&#8217;ha fet participar en nombroses formacions i capacitacions, mantenint-me al dia amb les millors pr\u00e0ctiques educatives i les noves metodologies d&#8217;ensenyament.<\/span><\/p>\n<p><span style=\"font-weight: 400;\">Aspiro a col\u00b7laborar en la creaci\u00f3 d&#8217;un entorn educatiu on tant els estudiants, les fam\u00edlies i els docents es puguin desenvolupar, promovent una comunitat escolar s\u00f2lida i unida.<\/span><\/p>\n","protected":false},"excerpt":{"rendered":"<p>PERSONAL DOCENT DEL CENTRE CURS 2024-25 Vanessa Rubio, Directora. Sempre m\u2019ha agradat aprendre i ensenyar. Impregno el meu dia a [&hellip;]<\/p>\n","protected":false},"author":1,"featured_media":0,"parent":0,"menu_order":0,"comment_status":"closed","ping_status":"closed","template":"","meta":{"site-sidebar-layout":"default","site-content-layout":"","ast-site-content-layout":"","site-content-style":"default","site-sidebar-style":"default","ast-global-header-display":"","ast-banner-title-visibility":"","ast-main-header-display":"","ast-hfb-above-header-display":"","ast-hfb-below-header-display":"","ast-hfb-mobile-header-display":"","site-post-title":"","ast-breadcrumbs-content":"","ast-featured-img":"","footer-sml-layout":"","theme-transparent-header-meta":"","adv-header-id-meta":"","stick-header-meta":"","header-above-stick-meta":"","header-main-stick-meta":"","header-below-stick-meta":"","astra-migrate-meta-layouts":"default","ast-page-background-enabled":"default","ast-page-background-meta":{"desktop":{"background-color":"var(--ast-global-color-4)","background-image":"","background-repeat":"repeat","background-position":"center center","background-size":"auto","background-attachment":"scroll","background-type":"","background-media":"","overlay-type":"","overlay-color":"","overlay-opacity":"","overlay-gradient":""},"tablet":{"background-color":"","background-image":"","background-repeat":"repeat","background-position":"center center","background-size":"auto","background-attachment":"scroll","background-type":"","background-media":"","overlay-type":"","overlay-color":"","overlay-opacity":"","overlay-gradient":""},"mobile":{"background-color":"","background-image":"","background-repeat":"repeat","background-position":"center center","background-size":"auto","background-attachment":"scroll","background-type":"","background-media":"","overlay-type":"","overlay-color":"","overlay-opacity":"","overlay-gradient":""}},"ast-content-background-meta":{"desktop":{"background-color":"var(--ast-global-color-5)","background-image":"","background-repeat":"repeat","background-position":"center center","background-size":"auto","background-attachment":"scroll","background-type":"","background-media":"","overlay-type":"","overlay-color":"","overlay-opacity":"","overlay-gradient":""},"tablet":{"background-color":"var(--ast-global-color-5)","background-image":"","background-repeat":"repeat","background-position":"center center","background-size":"auto","background-attachment":"scroll","background-type":"","background-media":"","overlay-type":"","overlay-color":"","overlay-opacity":"","overlay-gradient":""},"mobile":{"background-color":"var(--ast-global-color-5)","background-image":"","background-repeat":"repeat","background-position":"center center","background-size":"auto","background-attachment":"scroll","background-type":"","background-media":"","overlay-type":"","overlay-color":"","overlay-opacity":"","overlay-gradient":""}},"footnotes":""},"class_list":["post-14025","page","type-page","status-publish","hentry"],"post_mailing_queue_ids":[],"_links":{"self":[{"href":"https:\/\/agora.xtec.cat\/escolacharlesdarwin\/wp-json\/wp\/v2\/pages\/14025","targetHints":{"allow":["GET"]}}],"collection":[{"href":"https:\/\/agora.xtec.cat\/escolacharlesdarwin\/wp-json\/wp\/v2\/pages"}],"about":[{"href":"https:\/\/agora.xtec.cat\/escolacharlesdarwin\/wp-json\/wp\/v2\/types\/page"}],"author":[{"embeddable":true,"href":"https:\/\/agora.xtec.cat\/escolacharlesdarwin\/wp-json\/wp\/v2\/users\/1"}],"replies":[{"embeddable":true,"href":"https:\/\/agora.xtec.cat\/escolacharlesdarwin\/wp-json\/wp\/v2\/comments?post=14025"}],"version-history":[{"count":5,"href":"https:\/\/agora.xtec.cat\/escolacharlesdarwin\/wp-json\/wp\/v2\/pages\/14025\/revisions"}],"predecessor-version":[{"id":27753,"href":"https:\/\/agora.xtec.cat\/escolacharlesdarwin\/wp-json\/wp\/v2\/pages\/14025\/revisions\/27753"}],"wp:attachment":[{"href":"https:\/\/agora.xtec.cat\/escolacharlesdarwin\/wp-json\/wp\/v2\/media?parent=14025"}],"curies":[{"name":"wp","href":"https:\/\/api.w.org\/{rel}","templated":true}]}}