{"id":14011,"date":"2019-02-04T20:05:49","date_gmt":"2019-02-04T19:05:49","guid":{"rendered":"http:\/\/agora.xtec.cat\/escolacharlesdarwin\/?page_id=14011"},"modified":"2025-02-12T18:21:14","modified_gmt":"2025-02-12T17:21:14","slug":"les-families-a-lescola-un-paper-actiu","status":"publish","type":"page","link":"https:\/\/agora.xtec.cat\/escolacharlesdarwin\/les-families-a-lescola-un-paper-actiu\/","title":{"rendered":"Les fam\u00edlies a l&#8217;escola: un paper actiu"},"content":{"rendered":"<p>A l\u2019<strong>Escola Charles Darwin<\/strong> entenem la fam\u00edlia com a element principal en l\u2019educaci\u00f3 del nostre alumnat i, per tant, la fam\u00edlia forma part de la vida del dia a dia a l\u2019escola.<\/p>\n<p>Volem que les fam\u00edlies s\u2019impliquin en el proc\u00e9s educatiu dels seus fills i filles, perqu\u00e8 l\u2019entenem com <strong>un proc\u00e9s col\u00b7lectiu<\/strong>. El nostre objectiu \u00e9s <strong>aconseguir una vinculaci\u00f3 m\u00e9s gran entre l\u2019escola i la fam\u00edlia, i una confian\u00e7a m\u00e9s gran entre totes dues institucions<\/strong>. En conseq\u00fc\u00e8ncia, les relacions esdevenen m\u00e9s flu\u00efdes i l\u2019alumnat en surt molt beneficiat. Els pares i les mares es consideren protagonistes del proc\u00e9s educatiu de les seves criatures i uns acompanyants importants de l\u2019aventura de l\u2019aprenentatge gr\u00e0cies a aquests <strong>mecanismes d\u2019interacci\u00f3<\/strong>.<\/p>\n<p>El nostre centre busca camins perqu\u00e8 fam\u00edlies i docents treballin conjuntament i en una mateixa l\u00ednia, essencial en la vida dels infants, perqu\u00e8 tenim un mateix objectiu com\u00fa; el ple desenvolupament de les capacitats dels nostres nens i nenes.<\/p>\n<p>Com a filosofia de centre es promou que les fam\u00edlies tinguin\u00a0<strong>cada curs l\u2019oportunitat de participar en diverses activitats que es duen a terme a l&#8217;escola.\u00a0 <\/strong><\/p>\n<p><strong>Algunes d&#8217;aquestes s\u00f3n:\u00a0 <\/strong>decoraci\u00f3 nadalenca dels espais de les aules, tallers de manualitats relacionades amb les festes d&#8217;escola, confecci\u00f3 de disfresses per Carnaval, participaci\u00f3 en el desenvolupament de l&#8217;assemblea d&#8217;aula, exposici\u00f3 de les professions dels pares i mares, convidats\/des a les converses liter\u00e0ries,\u00a0 confecci\u00f3 de panellets&#8230;<\/p>\n<p>D&#8217;altra banda el Departament d&#8217;Educaci\u00f3 ofereix eines amb la voluntat de facilitar la participaci\u00f3 de les fam\u00edlies en la vida escolar dels fills i filles i guiar-les en l&#8217;acompanyament de la seva educaci\u00f3, i promoure&#8217;n, com a conseq\u00fc\u00e8ncia, l&#8217;\u00e8xit educatiu.<\/p>\n<p>Hi trobareu una diversitat de tem\u00e0tiques d&#8217;inter\u00e8s educatiu, vinculades a orientacions, recomanacions, enquestes de coneixement i formacions, a fi que fam\u00edlies i escola sumin en la tasca compartida de l&#8217;educaci\u00f3 dels infants i joves.<\/p>\n<p><a href=\"https:\/\/educacio.gencat.cat\/ca\/arees-actuacio\/families\/\">https:\/\/educacio.gencat.cat\/ca\/arees-actuacio\/families\/<\/a><\/p>\n","protected":false},"excerpt":{"rendered":"<p>A l\u2019Escola Charles Darwin entenem la fam\u00edlia com a element principal en l\u2019educaci\u00f3 del nostre alumnat i, per tant, la [&hellip;]<\/p>\n","protected":false},"author":1,"featured_media":0,"parent":0,"menu_order":0,"comment_status":"closed","ping_status":"closed","template":"","meta":{"site-sidebar-layout":"default","site-content-layout":"","ast-site-content-layout":"default","site-content-style":"default","site-sidebar-style":"default","ast-global-header-display":"","ast-banner-title-visibility":"","ast-main-header-display":"","ast-hfb-above-header-display":"","ast-hfb-below-header-display":"","ast-hfb-mobile-header-display":"","site-post-title":"","ast-breadcrumbs-content":"","ast-featured-img":"","footer-sml-layout":"","theme-transparent-header-meta":"","adv-header-id-meta":"","stick-header-meta":"","header-above-stick-meta":"","header-main-stick-meta":"","header-below-stick-meta":"","astra-migrate-meta-layouts":"set","ast-page-background-enabled":"default","ast-page-background-meta":{"desktop":{"background-color":"var(--ast-global-color-4)","background-image":"","background-repeat":"repeat","background-position":"center center","background-size":"auto","background-attachment":"scroll","background-type":"","background-media":"","overlay-type":"","overlay-color":"","overlay-opacity":"","overlay-gradient":""},"tablet":{"background-color":"","background-image":"","background-repeat":"repeat","background-position":"center center","background-size":"auto","background-attachment":"scroll","background-type":"","background-media":"","overlay-type":"","overlay-color":"","overlay-opacity":"","overlay-gradient":""},"mobile":{"background-color":"","background-image":"","background-repeat":"repeat","background-position":"center center","background-size":"auto","background-attachment":"scroll","background-type":"","background-media":"","overlay-type":"","overlay-color":"","overlay-opacity":"","overlay-gradient":""}},"ast-content-background-meta":{"desktop":{"background-color":"var(--ast-global-color-5)","background-image":"","background-repeat":"repeat","background-position":"center center","background-size":"auto","background-attachment":"scroll","background-type":"","background-media":"","overlay-type":"","overlay-color":"","overlay-opacity":"","overlay-gradient":""},"tablet":{"background-color":"var(--ast-global-color-5)","background-image":"","background-repeat":"repeat","background-position":"center center","background-size":"auto","background-attachment":"scroll","background-type":"","background-media":"","overlay-type":"","overlay-color":"","overlay-opacity":"","overlay-gradient":""},"mobile":{"background-color":"var(--ast-global-color-5)","background-image":"","background-repeat":"repeat","background-position":"center center","background-size":"auto","background-attachment":"scroll","background-type":"","background-media":"","overlay-type":"","overlay-color":"","overlay-opacity":"","overlay-gradient":""}},"footnotes":""},"class_list":["post-14011","page","type-page","status-publish","hentry"],"post_mailing_queue_ids":[],"_links":{"self":[{"href":"https:\/\/agora.xtec.cat\/escolacharlesdarwin\/wp-json\/wp\/v2\/pages\/14011","targetHints":{"allow":["GET"]}}],"collection":[{"href":"https:\/\/agora.xtec.cat\/escolacharlesdarwin\/wp-json\/wp\/v2\/pages"}],"about":[{"href":"https:\/\/agora.xtec.cat\/escolacharlesdarwin\/wp-json\/wp\/v2\/types\/page"}],"author":[{"embeddable":true,"href":"https:\/\/agora.xtec.cat\/escolacharlesdarwin\/wp-json\/wp\/v2\/users\/1"}],"replies":[{"embeddable":true,"href":"https:\/\/agora.xtec.cat\/escolacharlesdarwin\/wp-json\/wp\/v2\/comments?post=14011"}],"version-history":[{"count":4,"href":"https:\/\/agora.xtec.cat\/escolacharlesdarwin\/wp-json\/wp\/v2\/pages\/14011\/revisions"}],"predecessor-version":[{"id":28706,"href":"https:\/\/agora.xtec.cat\/escolacharlesdarwin\/wp-json\/wp\/v2\/pages\/14011\/revisions\/28706"}],"wp:attachment":[{"href":"https:\/\/agora.xtec.cat\/escolacharlesdarwin\/wp-json\/wp\/v2\/media?parent=14011"}],"curies":[{"name":"wp","href":"https:\/\/api.w.org\/{rel}","templated":true}]}}