{"id":13994,"date":"2019-02-04T19:30:02","date_gmt":"2019-02-04T18:30:02","guid":{"rendered":"http:\/\/agora.xtec.cat\/escolacharlesdarwin\/?page_id=13994"},"modified":"2024-03-06T10:08:30","modified_gmt":"2024-03-06T09:08:30","slug":"metodologia-aprenem-de-forma-activa","status":"publish","type":"page","link":"https:\/\/agora.xtec.cat\/escolacharlesdarwin\/metodologia-aprenem-de-forma-activa\/","title":{"rendered":"Metodologia: aprenem de forma activa!"},"content":{"rendered":"<p>Aprendre de forma activa \u00e9s un enfocament pedag\u00f2gic integral que promou la instrucci\u00f3 personalitzada i la creaci\u00f3 de forts vincles entre l\u2019escola i la comunitat per tal d&#8217;assegurar que els nens i nenes aprenguin les compet\u00e8ncies necess\u00e0ries per a la vida.<\/p>\n<p>Moltes persones asseguren que va ser justament la hist\u00f2ria del nostre proc\u00e9s personal, que ens va portar a fer els primers passos per a crear una escola alternativa, la que els havia inspirat per buscar nous camins en la seva pr\u00f2pia relaci\u00f3 amb els nens i nenes, fos privada o professionalment. Es basa en les capacitats de sentir i comprendre, fet que fomenta la iniciativa pr\u00f2pia i la presa de decisions, sense por a equivocar-se, per a formar persones segures i amb confian\u00e7a en ells mateixos.<\/p>\n<p>&nbsp;<\/p>\n<p>El sistema actiu exigeix un nivell molt alt de preparaci\u00f3, una disposici\u00f3 inesgotable per tot el que \u00e9s nou, una capacitat infinita per inventar, confeccionar, reunir, ordenar, i conservar materials.<\/p>\n<p>La proposta\u00a0 neix com a resultat d\u2019un proc\u00e9s participatiu i reflexiu que ha perm\u00e8s analitzar la complexitat dels problemes que afecten la qualitat de l\u2019escola, reconeixent la participaci\u00f3 comunit\u00e0ria i els patrons culturals. <strong>Per tant, \u00e9s un aprenentatge significatiu i aut\u00f2nom, on la creativitat est\u00e0 present<\/strong>.<\/p>\n<p>En aquest cas, el\/la docent t\u00e9 un paper d\u2019acompanyament a l\u2019alumnat, proporcionant-li recursos cognitius i emocionals m\u00e9s apropiats. B\u00e0sicament centra l\u2019atenci\u00f3 en els nens i nenes, les seves idees i els seus interessos, ja que \u00e9s amb ells, en qu\u00e8 es basa l\u2019educaci\u00f3.<\/p>\n<p><strong>&#8220;El Professor i el llibre ja no s\u00f3n els \u00fanics instructors: les mans, els ulls, les orelles, de fet, el cos sencer, es converteixen en fonts d&#8217;informaci\u00f3, mentre que el professor i el llibre de text es converteixen, respectivament, en l&#8217;iniciador i el verificador, un substitut de l&#8217;experi\u00e8ncia personal, no poden substituir el viatge real&#8221;<sup id=\"cite_ref-7\" class=\"reference\"><\/sup><\/strong><\/p>\n<p>&nbsp;<\/p>\n","protected":false},"excerpt":{"rendered":"<p>Aprendre de forma activa \u00e9s un enfocament pedag\u00f2gic integral que promou la instrucci\u00f3 personalitzada i la creaci\u00f3 de forts vincles [&hellip;]<\/p>\n","protected":false},"author":1,"featured_media":0,"parent":0,"menu_order":0,"comment_status":"closed","ping_status":"closed","template":"","meta":{"site-sidebar-layout":"default","site-content-layout":"","ast-site-content-layout":"","site-content-style":"default","site-sidebar-style":"default","ast-global-header-display":"","ast-banner-title-visibility":"","ast-main-header-display":"","ast-hfb-above-header-display":"","ast-hfb-below-header-display":"","ast-hfb-mobile-header-display":"","site-post-title":"","ast-breadcrumbs-content":"","ast-featured-img":"","footer-sml-layout":"","theme-transparent-header-meta":"","adv-header-id-meta":"","stick-header-meta":"","header-above-stick-meta":"","header-main-stick-meta":"","header-below-stick-meta":"","astra-migrate-meta-layouts":"default","ast-page-background-enabled":"default","ast-page-background-meta":{"desktop":{"background-color":"var(--ast-global-color-4)","background-image":"","background-repeat":"repeat","background-position":"center center","background-size":"auto","background-attachment":"scroll","background-type":"","background-media":"","overlay-type":"","overlay-color":"","overlay-opacity":"","overlay-gradient":""},"tablet":{"background-color":"","background-image":"","background-repeat":"repeat","background-position":"center center","background-size":"auto","background-attachment":"scroll","background-type":"","background-media":"","overlay-type":"","overlay-color":"","overlay-opacity":"","overlay-gradient":""},"mobile":{"background-color":"","background-image":"","background-repeat":"repeat","background-position":"center center","background-size":"auto","background-attachment":"scroll","background-type":"","background-media":"","overlay-type":"","overlay-color":"","overlay-opacity":"","overlay-gradient":""}},"ast-content-background-meta":{"desktop":{"background-color":"var(--ast-global-color-5)","background-image":"","background-repeat":"repeat","background-position":"center center","background-size":"auto","background-attachment":"scroll","background-type":"","background-media":"","overlay-type":"","overlay-color":"","overlay-opacity":"","overlay-gradient":""},"tablet":{"background-color":"var(--ast-global-color-5)","background-image":"","background-repeat":"repeat","background-position":"center center","background-size":"auto","background-attachment":"scroll","background-type":"","background-media":"","overlay-type":"","overlay-color":"","overlay-opacity":"","overlay-gradient":""},"mobile":{"background-color":"var(--ast-global-color-5)","background-image":"","background-repeat":"repeat","background-position":"center center","background-size":"auto","background-attachment":"scroll","background-type":"","background-media":"","overlay-type":"","overlay-color":"","overlay-opacity":"","overlay-gradient":""}},"footnotes":""},"class_list":["post-13994","page","type-page","status-publish","hentry"],"post_mailing_queue_ids":[],"_links":{"self":[{"href":"https:\/\/agora.xtec.cat\/escolacharlesdarwin\/wp-json\/wp\/v2\/pages\/13994","targetHints":{"allow":["GET"]}}],"collection":[{"href":"https:\/\/agora.xtec.cat\/escolacharlesdarwin\/wp-json\/wp\/v2\/pages"}],"about":[{"href":"https:\/\/agora.xtec.cat\/escolacharlesdarwin\/wp-json\/wp\/v2\/types\/page"}],"author":[{"embeddable":true,"href":"https:\/\/agora.xtec.cat\/escolacharlesdarwin\/wp-json\/wp\/v2\/users\/1"}],"replies":[{"embeddable":true,"href":"https:\/\/agora.xtec.cat\/escolacharlesdarwin\/wp-json\/wp\/v2\/comments?post=13994"}],"version-history":[{"count":3,"href":"https:\/\/agora.xtec.cat\/escolacharlesdarwin\/wp-json\/wp\/v2\/pages\/13994\/revisions"}],"predecessor-version":[{"id":26841,"href":"https:\/\/agora.xtec.cat\/escolacharlesdarwin\/wp-json\/wp\/v2\/pages\/13994\/revisions\/26841"}],"wp:attachment":[{"href":"https:\/\/agora.xtec.cat\/escolacharlesdarwin\/wp-json\/wp\/v2\/media?parent=13994"}],"curies":[{"name":"wp","href":"https:\/\/api.w.org\/{rel}","templated":true}]}}