{"id":524,"date":"2016-06-02T10:19:50","date_gmt":"2016-06-02T09:19:50","guid":{"rendered":"http:\/\/agora.xtec.cat\/escolacaudelaguineu\/?page_id=524"},"modified":"2025-04-25T16:12:58","modified_gmt":"2025-04-25T14:12:58","slug":"consell-escolar","status":"publish","type":"page","link":"https:\/\/agora.xtec.cat\/escolacaudelaguineu\/consell-escolar\/","title":{"rendered":"Consell escolar"},"content":{"rendered":"<p><span style=\"color: #ff9900;\">El nostre Consell Escolar est\u00e0 representat per les persones seg\u00fcents:<\/span><\/p>\n<ul>\n<li><strong>Representants sector Mestres:<\/strong> 5 persones<\/li>\n<li><strong>Representants sector Fam\u00edlies<\/strong>: 4 persones<\/li>\n<li><strong>Representant sector AFA<\/strong>: 1 persona<\/li>\n<li><strong>Representant sector Personal d&#8217;Administraci\u00f3 i Serveis<\/strong>: 1 persona<\/li>\n<li><strong>Representant sector Ajuntament:<\/strong> 1 persona<\/li>\n<li><b>Direcci\u00f3<\/b>: 3 persones<\/li>\n<\/ul>\n<p><span style=\"color: #ff9900;\"><strong>Qu\u00e8 \u00e9s el consell escolar? <\/strong><\/span><br \/>\nEl consell escolar \u00e9s l&#8217;\u00f2rgan de participaci\u00f3 dels diferents sectors de la comunitat educativa en el govern dels centres.<\/p>\n<p><span style=\"color: #ff9900;\"><strong>Qui forma part del consell escolar?<\/strong><\/span><br \/>\nEl formen els representants de tota la comunitat educativa, \u00e9s a dir, direcci\u00f3, professors, alumnes, fam\u00edlies, personal d&#8217;administraci\u00f3 i serveis, representant de l&#8217;administraci\u00f3 local i altres persones que el mateix consell consideri necess\u00e0ries.<br \/>\nDepenent de si el centre \u00e9s p\u00fablic o privat concertat, la composici\u00f3 del consell escolar tamb\u00e9 pot variar.<br \/>\nEl consell escolar de cada centre ha de designar un dels membres com a responsable per impulsar les mesures educatives de foment de la igualtat real i efectiva entre homes i dones.<\/p>\n<p><span style=\"color: #ff9900;\"><strong>Quina \u00e9s la funci\u00f3 del consell escolar als centres p\u00fablics?<\/strong><\/span><br \/>\nLa funci\u00f3 principal del consell escolar \u00e9s participar en la presa de decisions en relaci\u00f3 amb aquells temes importants per al funcionament i l&#8217;organitzaci\u00f3 del centre: el projecte educatiu, la programaci\u00f3 general, la gesti\u00f3 econ\u00f2mica, la resoluci\u00f3 dels conflictes, les activitats extraescolars, l&#8217;horari lectiu, etc.<\/p>\n<p><span style=\"color: #ff9900;\"><strong>Cada quant es convoquen eleccions?<\/strong> <\/span><br \/>\nEls representants del consell escolar s\u00f3n escollits per un per\u00edode de quatre anys, per\u00f2 cada dos anys es convoquen eleccions per renovar la meitat dels seus membres.<br \/>\nLes eleccions per a la renovaci\u00f3 del consell escolar les convoca el director del centre p\u00fablic o la persona titular del centre privat concertat.<br \/>\nLes vacants del consell escolar s&#8217;ocupen segons els resultats de les eleccions. Si un membre deixa el consell, passar\u00e0 a ocupar el seu lloc la seg\u00fcent candidatura m\u00e9s votada en les darreres eleccions. Si no hi ha m\u00e9s candidats per cobrir la pla\u00e7a, queda vacant fins a la propera renovaci\u00f3 del consell escolar.<\/p>\n<p><span style=\"color: #ff9900;\"><strong>Com podeu participar en les eleccions del consell escolar?<\/strong> <\/span><br \/>\nEn les eleccions, les fam\u00edlies hi podeu participar de dues maneres diferents:<br \/>\n\u2022 Presentant-vos com a candidats per representar els pares i mares al consell escolar.<br \/>\n\u2022 Participant el dia que el centre convoqui les eleccions votant els candidats que considereu m\u00e9s representatius.<\/p>\n<p><span style=\"color: #ff9900;\"><strong>Per qu\u00e8 \u00e9s important que les fam\u00edlies participeu en el consell escolar?<\/strong> <\/span><br \/>\nEls professionals dels centres i les fam\u00edlies compartim un objectiu: l&#8217;\u00e8xit social i personal dels fills. Les decisions que es prenen al consell escolar s\u00f3n claus per al funcionament i la millora del centre i, per tant, tamb\u00e9 per a l&#8217;\u00e8xit educatiu de tots els alumnes. \u00c9s per aquest motiu que la participaci\u00f3 i implicaci\u00f3 dels pares en les eleccions al consell escolar \u00e9s tan important.<br \/>\nQuan les fam\u00edlies participeu en les eleccions, doneu suport al vostre candidat i delegueu en la seva veu i representaci\u00f3. Aix\u00ed feu arribar les seves opinions i aportacions. \u00c9s important que participeu en les eleccions al consell escolar perqu\u00e8:<br \/>\n<strong><span style=\"color: #ff0000;\">\u2022<\/span><\/strong> Sou els responsables de la formaci\u00f3 dels vostres fills i \u00e9s important tenir uns bons representants al consell escolar que us informin i facin arribar la vostra veu.<br \/>\n<span style=\"color: #ff0000;\"><strong>\u2022<\/strong><\/span> Les fam\u00edlies i els docents compartim un mateix objectiu. Per aix\u00f2 hem de ser capa\u00e7os de decidir, entre tots, a qu\u00e8 ens comprometem per aconseguir-ho.<br \/>\n<span style=\"color: #ff0000;\"><strong>\u2022<\/strong><\/span> Les fam\u00edlies teniu el dret de participar de manera democr\u00e0tica en l\u2019organitzaci\u00f3 del centre. Aquesta \u00e9s una manera de valorar l&#8217;escola i tamb\u00e9 contribu\u00efu que el vostre fill la valori.<br \/>\n<span style=\"color: #ff0000;\"><strong>\u2022<\/strong><\/span> L&#8217;\u00e8xit educatiu del vostre fill tamb\u00e9 dep\u00e8n del funcionament i el clima de centre. Implicar-vos en el seguiment i l&#8217;avaluaci\u00f3 d&#8217;aquest funcionament incideix en el desenvolupament i creixement personal dels vostres fills.<br \/>\n<span style=\"color: #ff0000;\"><strong>\u2022<\/strong><\/span> \u00c9s la manera de fer arribar la vostra veu en temes que us poden preocupar, com activitats extraescolars o quina \u00e9s l&#8217;alimentaci\u00f3 que han de rebre en el menjador escolar.<br \/>\n<span style=\"color: #ff0000;\"><strong>\u2022<\/strong><\/span> \u00c9s important tenir una escola oberta a l&#8217;entorn, que col\u2022labori amb els altres centres i les diferents entitats i que entre tots pugueu fer del vostre municipi, barri o poble un entorn m\u00e9s educatiu i cohesionat. El consell escolar decideix quines han de ser aquestes relacions.<\/p>\n<p><strong>El consell escolar del centre \u00e9s l&#8217;\u00f2rgan de participaci\u00f3 de la comunitat escolar en el govern de l\u2019escola.<\/strong><br \/>\nSegons l\u2019article 148.3 de la Llei d\u2019Educaci\u00f3, de 10 de juliol, s\u00f3n funcions del consell escolar les seg\u00fcents:<br \/>\n<strong>a<\/strong>. Aprovar el projecte educatiu i les modificacions corresponents per una majoria de tres cinquenes parts dels membres.<br \/>\n<strong>b<\/strong>. Aprovar la programaci\u00f3 general anual del centre i avaluar-ne el desenvolupament i els resultats.<br \/>\n<strong>c.<\/strong> Aprovar les propostes d&#8217;acords de corresponsabilitat, convenis i altres acords de col\u00b7laboraci\u00f3 del centre amb entitats o institucions.<br \/>\n<strong>d.<\/strong> Aprovar les normes d&#8217;organitzaci\u00f3 i funcionament i les modificacions corresponents.<br \/>\n<strong>e.<\/strong> Aprovar la carta de comprom\u00eds educatiu.<br \/>\n<strong>f.<\/strong> Aprovar el pressupost del centre i el rendiment de comptes.<br \/>\n<strong>g<\/strong>. Intervenir en el procediment d&#8217;admissi\u00f3 d&#8217;alumnes.<br \/>\n<strong>h.<\/strong> Participar en el procediment de selecci\u00f3 i en la proposta de cessament del director o directora.<br \/>\n<strong>i<\/strong>. Intervenir en la resoluci\u00f3 dels conflictes i, si escau, revisar les sancions als alumnes.<br \/>\n<strong>j<\/strong>. Aprovar les directrius per a la programaci\u00f3 d&#8217;activitats escolars complement\u00e0ries i d&#8217;activitats extraescolars, i avaluar-ne el desenvolupament.<br \/>\n<strong>k<\/strong>. Participar en les an\u00e0lisis i les avaluacions del funcionament general del centre i con\u00e8ixer l&#8217;evoluci\u00f3 del rendiment escolar.<br \/>\n<strong>l.<\/strong> Aprovar els criteris de col\u00b7laboraci\u00f3 amb altres centres i amb l&#8217;entorn.<br \/>\n<strong>m<\/strong>. Qualsevol altra que li sigui atribu\u00efda per les normes legals o reglament\u00e0ries.<br \/>\n\u25cf El consell escolar del centre es reuneix preceptivament una vegada al trimestre i sempre que el convoca el seu president o ho sol\u00b7licita almenys un ter\u00e7 dels seus membres. A m\u00e9s, preceptivament, es fa una reuni\u00f3 a l&#8217;inici i una al final del curs.<br \/>\n\u25cf Hom procurar\u00e0 que les decisions en el si del consell escolar es prenguin per consens. Si no \u00e9s possible arribar a un acord, es determinar\u00e0 la decisi\u00f3 per majoria dels membres presents, llevat dels casos en qu\u00e8 la normativa determina una altra majoria qualificada.<br \/>\n\u25cf Les reunions de consell escolar se celebraran en un horari que permeti l\u2019assist\u00e8ncia dels representants de mares i pares. La convocat\u00f2ria de les reunions ordin\u00e0ries i extraordin\u00e0ries ser\u00e0 tramesa pel director als membres del consell amb una antelaci\u00f3 m\u00ednima de quaranta-vuit hores, llevat del cas d&#8217;urg\u00e8ncia apreciada pel president, la qual es far\u00e0 constar a la convocat\u00f2ria, juntament amb la documentaci\u00f3 necess\u00e0ria que hagi de ser objecte de debat, i si escau d&#8217;aprovaci\u00f3, llevat que hi hagi motius justificats que ho impedeixin. En aquest cas, es fan constar en l&#8217;acta els motius que han impedit disposar d&#8217;aquests documents als membres del consell.<br \/>\n\u25cf La confecci\u00f3 de l\u2019ordre del dia de les sessions incorporar\u00e0 els punts que pugui sol\u00b7licitar el sector de mares i pares, d\u2019acord amb les funcions normativament atribu\u00efdes. De cada sessi\u00f3 de treball, el secretari n&#8217;aixecar\u00e0 acta, la qual ha de contenir la indicaci\u00f3 de persones que hi han intervingut, les circumst\u00e0ncies de lloc i de temps en qu\u00e8 s&#8217;han tingut, els punts principals de les deliberacions, la forma i els resultats de les votacions i el contingut dels acords presos, i, a petici\u00f3 dels interessats, una explicaci\u00f3 succinta del seu parer. L&#8217;acta ha d&#8217;anar signada pel secretari amb el \u201dvist i plau\u201d del president i s&#8217;ha d&#8217;aprovar en la seg\u00fcent reuni\u00f3. Aix\u00ed mateix, correspon al secretari estendre les certificacions pertinents dels acords adoptats per l&#8217;\u00f2rgan. A m\u00e9s el centre haur\u00e0 de tenir a disposici\u00f3 del sector de mares i pares membres del consell escolar les actes de les sessions del consell.<br \/>\n\u25cf El consell escolar aprova les seves normes de funcionament. En all\u00f2 que aquestes normes no estableixin, s\u2019apliquen les normes reguladores dels \u00f2rgans col\u00b7legiats de l\u2019Administraci\u00f3 de la Generalitat.<\/p>\n<p>&nbsp;<\/p>\n","protected":false},"excerpt":{"rendered":"<p>El nostre Consell Escolar est\u00e0 representat per les persones seg\u00fcents: Representants sector Mestres: 5 persones Representants sector Fam\u00edlies: 4 persones Representant sector AFA: 1 persona Representant sector Personal d&#8217;Administraci\u00f3 i Serveis: 1 persona Representant sector Ajuntament: 1 persona Direcci\u00f3: 3 persones Qu\u00e8 \u00e9s el consell escolar? El consell escolar \u00e9s l&#8217;\u00f2rgan de participaci\u00f3 dels diferents [&hellip;]<\/p>\n","protected":false},"author":1,"featured_media":0,"parent":0,"menu_order":1,"comment_status":"closed","ping_status":"closed","template":"page-templates\/side-menu.php","meta":{"_bbp_topic_count":0,"_bbp_reply_count":0,"_bbp_total_topic_count":0,"_bbp_total_reply_count":0,"_bbp_voice_count":0,"_bbp_anonymous_reply_count":0,"_bbp_topic_count_hidden":0,"_bbp_reply_count_hidden":0,"_bbp_forum_subforum_count":0,"site-sidebar-layout":"default","site-content-layout":"","ast-site-content-layout":"","site-content-style":"default","site-sidebar-style":"default","ast-global-header-display":"","ast-banner-title-visibility":"","ast-main-header-display":"","ast-hfb-above-header-display":"","ast-hfb-below-header-display":"","ast-hfb-mobile-header-display":"","site-post-title":"","ast-breadcrumbs-content":"","ast-featured-img":"","footer-sml-layout":"","theme-transparent-header-meta":"","adv-header-id-meta":"","stick-header-meta":"","header-above-stick-meta":"","header-main-stick-meta":"","header-below-stick-meta":"","astra-migrate-meta-layouts":"default","ast-page-background-enabled":"default","ast-page-background-meta":{"desktop":{"background-color":"var(--ast-global-color-4)","background-image":"","background-repeat":"repeat","background-position":"center center","background-size":"auto","background-attachment":"scroll","background-type":"","background-media":"","overlay-type":"","overlay-color":"","overlay-opacity":"","overlay-gradient":""},"tablet":{"background-color":"","background-image":"","background-repeat":"repeat","background-position":"center center","background-size":"auto","background-attachment":"scroll","background-type":"","background-media":"","overlay-type":"","overlay-color":"","overlay-opacity":"","overlay-gradient":""},"mobile":{"background-color":"","background-image":"","background-repeat":"repeat","background-position":"center center","background-size":"auto","background-attachment":"scroll","background-type":"","background-media":"","overlay-type":"","overlay-color":"","overlay-opacity":"","overlay-gradient":""}},"ast-content-background-meta":{"desktop":{"background-color":"var(--ast-global-color-5)","background-image":"","background-repeat":"repeat","background-position":"center center","background-size":"auto","background-attachment":"scroll","background-type":"","background-media":"","overlay-type":"","overlay-color":"","overlay-opacity":"","overlay-gradient":""},"tablet":{"background-color":"var(--ast-global-color-5)","background-image":"","background-repeat":"repeat","background-position":"center center","background-size":"auto","background-attachment":"scroll","background-type":"","background-media":"","overlay-type":"","overlay-color":"","overlay-opacity":"","overlay-gradient":""},"mobile":{"background-color":"var(--ast-global-color-5)","background-image":"","background-repeat":"repeat","background-position":"center center","background-size":"auto","background-attachment":"scroll","background-type":"","background-media":"","overlay-type":"","overlay-color":"","overlay-opacity":"","overlay-gradient":""}},"footnotes":""},"class_list":["post-524","page","type-page","status-publish","hentry"],"post_mailing_queue_ids":[],"_links":{"self":[{"href":"https:\/\/agora.xtec.cat\/escolacaudelaguineu\/wp-json\/wp\/v2\/pages\/524","targetHints":{"allow":["GET"]}}],"collection":[{"href":"https:\/\/agora.xtec.cat\/escolacaudelaguineu\/wp-json\/wp\/v2\/pages"}],"about":[{"href":"https:\/\/agora.xtec.cat\/escolacaudelaguineu\/wp-json\/wp\/v2\/types\/page"}],"author":[{"embeddable":true,"href":"https:\/\/agora.xtec.cat\/escolacaudelaguineu\/wp-json\/wp\/v2\/users\/1"}],"replies":[{"embeddable":true,"href":"https:\/\/agora.xtec.cat\/escolacaudelaguineu\/wp-json\/wp\/v2\/comments?post=524"}],"version-history":[{"count":7,"href":"https:\/\/agora.xtec.cat\/escolacaudelaguineu\/wp-json\/wp\/v2\/pages\/524\/revisions"}],"predecessor-version":[{"id":3698,"href":"https:\/\/agora.xtec.cat\/escolacaudelaguineu\/wp-json\/wp\/v2\/pages\/524\/revisions\/3698"}],"wp:attachment":[{"href":"https:\/\/agora.xtec.cat\/escolacaudelaguineu\/wp-json\/wp\/v2\/media?parent=524"}],"curies":[{"name":"wp","href":"https:\/\/api.w.org\/{rel}","templated":true}]}}