{"id":522,"date":"2016-06-02T10:19:21","date_gmt":"2016-06-02T09:19:21","guid":{"rendered":"http:\/\/agora.xtec.cat\/escolacaudelaguineu\/?page_id=522"},"modified":"2025-07-08T12:13:15","modified_gmt":"2025-07-08T10:13:15","slug":"qui-treballa-a-lescola","status":"publish","type":"page","link":"https:\/\/agora.xtec.cat\/escolacaudelaguineu\/qui-treballa-a-lescola\/","title":{"rendered":"Qui treballa a l&#8217;escola?"},"content":{"rendered":"<p><img loading=\"lazy\" decoding=\"async\" class=\"alignnone size-full wp-image-3792\" src=\"https:\/\/agora.xtec.cat\/escolacaudelaguineu\/wp-content\/uploads\/usu1304\/2025\/07\/Professional-escola.png\" alt=\"\" width=\"1147\" height=\"868\" srcset=\"https:\/\/agora.xtec.cat\/escolacaudelaguineu\/wp-content\/uploads\/usu1304\/2025\/07\/Professional-escola.png 1147w, https:\/\/agora.xtec.cat\/escolacaudelaguineu\/wp-content\/uploads\/usu1304\/2025\/07\/Professional-escola-300x227.png 300w, https:\/\/agora.xtec.cat\/escolacaudelaguineu\/wp-content\/uploads\/usu1304\/2025\/07\/Professional-escola-1024x775.png 1024w, https:\/\/agora.xtec.cat\/escolacaudelaguineu\/wp-content\/uploads\/usu1304\/2025\/07\/Professional-escola-768x581.png 768w\" sizes=\"auto, (max-width: 1147px) 100vw, 1147px\" \/><\/p>\n<p style=\"text-align: justify;\"><span style=\"font-weight: 400;\">Tots i totes (mestres, alumnes, fam\u00edlies i personal no docent, i agents externs) compartim una mateixa finalitat: l\u2019educaci\u00f3 i formaci\u00f3 integral dels infants. <\/span><b>Entenem que l\u2019acollida a la resta de la comunitat educativa \u00e9s b\u00e0sica per al desenvolupament del projecte educatiu per tal que tothom en prengui part.<\/b><\/p>\n<p style=\"text-align: justify;\"><span style=\"font-weight: 400;\">Analitzem, valorem i considerem essencials les propostes d\u2019acci\u00f3 i millora que ens arriben des dels diferents sectors educatius, i les treballem conjuntament amb l\u2019alumnat, l\u2019associaci\u00f3 de fam\u00edlies, els \u00f2rgans de govern i els equips de professorat. <\/span><b>Entenem que l\u2019escola est\u00e0 formada per organitzacions coordinades que treballen amb un objectiu com\u00fa: desenvolupar l\u2019educaci\u00f3 en<\/b> <b>compet\u00e8ncies i en valors. <\/b><span style=\"font-weight: 400;\">L\u2019escola fomenta i estimula els valors i les actituds democr\u00e0tiques (solidaritat, respecte a l\u2019altre, actitud de di\u00e0leg, esperit cr\u00edtic, responsabilitat&#8230;) entre tots els membres de la comunitat educativa. L\u2019escola en tant que instituci\u00f3 social,\u00a0 forma part d\u2019una societat i del seu entorn proper i m\u00e9s lluny\u00e0. En aquest sentit de pertinen\u00e7a afavoreix i integra la seva participaci\u00f3 vers diferents entitats, associacions i institucions del municipi procurant la seva millora.<\/span><\/p>\n","protected":false},"excerpt":{"rendered":"<p>Tots i totes (mestres, alumnes, fam\u00edlies i personal no docent, i agents externs) compartim una mateixa finalitat: l\u2019educaci\u00f3 i formaci\u00f3 integral dels infants. Entenem que l\u2019acollida a la resta de la comunitat educativa \u00e9s b\u00e0sica per al desenvolupament del projecte educatiu per tal que tothom en prengui part. Analitzem, valorem i considerem essencials les propostes [&hellip;]<\/p>\n","protected":false},"author":1,"featured_media":0,"parent":0,"menu_order":0,"comment_status":"closed","ping_status":"closed","template":"","meta":{"_bbp_topic_count":0,"_bbp_reply_count":0,"_bbp_total_topic_count":0,"_bbp_total_reply_count":0,"_bbp_voice_count":0,"_bbp_anonymous_reply_count":0,"_bbp_topic_count_hidden":0,"_bbp_reply_count_hidden":0,"_bbp_forum_subforum_count":0,"site-sidebar-layout":"default","site-content-layout":"","ast-site-content-layout":"default","site-content-style":"default","site-sidebar-style":"default","ast-global-header-display":"","ast-banner-title-visibility":"","ast-main-header-display":"","ast-hfb-above-header-display":"","ast-hfb-below-header-display":"","ast-hfb-mobile-header-display":"","site-post-title":"","ast-breadcrumbs-content":"","ast-featured-img":"","footer-sml-layout":"","theme-transparent-header-meta":"","adv-header-id-meta":"","stick-header-meta":"","header-above-stick-meta":"","header-main-stick-meta":"","header-below-stick-meta":"","astra-migrate-meta-layouts":"set","ast-page-background-enabled":"default","ast-page-background-meta":{"desktop":{"background-color":"var(--ast-global-color-4)","background-image":"","background-repeat":"repeat","background-position":"center center","background-size":"auto","background-attachment":"scroll","background-type":"","background-media":"","overlay-type":"","overlay-color":"","overlay-opacity":"","overlay-gradient":""},"tablet":{"background-color":"","background-image":"","background-repeat":"repeat","background-position":"center center","background-size":"auto","background-attachment":"scroll","background-type":"","background-media":"","overlay-type":"","overlay-color":"","overlay-opacity":"","overlay-gradient":""},"mobile":{"background-color":"","background-image":"","background-repeat":"repeat","background-position":"center center","background-size":"auto","background-attachment":"scroll","background-type":"","background-media":"","overlay-type":"","overlay-color":"","overlay-opacity":"","overlay-gradient":""}},"ast-content-background-meta":{"desktop":{"background-color":"var(--ast-global-color-5)","background-image":"","background-repeat":"repeat","background-position":"center center","background-size":"auto","background-attachment":"scroll","background-type":"","background-media":"","overlay-type":"","overlay-color":"","overlay-opacity":"","overlay-gradient":""},"tablet":{"background-color":"var(--ast-global-color-5)","background-image":"","background-repeat":"repeat","background-position":"center center","background-size":"auto","background-attachment":"scroll","background-type":"","background-media":"","overlay-type":"","overlay-color":"","overlay-opacity":"","overlay-gradient":""},"mobile":{"background-color":"var(--ast-global-color-5)","background-image":"","background-repeat":"repeat","background-position":"center center","background-size":"auto","background-attachment":"scroll","background-type":"","background-media":"","overlay-type":"","overlay-color":"","overlay-opacity":"","overlay-gradient":""}},"footnotes":""},"class_list":["post-522","page","type-page","status-publish","hentry"],"post_mailing_queue_ids":[],"_links":{"self":[{"href":"https:\/\/agora.xtec.cat\/escolacaudelaguineu\/wp-json\/wp\/v2\/pages\/522","targetHints":{"allow":["GET"]}}],"collection":[{"href":"https:\/\/agora.xtec.cat\/escolacaudelaguineu\/wp-json\/wp\/v2\/pages"}],"about":[{"href":"https:\/\/agora.xtec.cat\/escolacaudelaguineu\/wp-json\/wp\/v2\/types\/page"}],"author":[{"embeddable":true,"href":"https:\/\/agora.xtec.cat\/escolacaudelaguineu\/wp-json\/wp\/v2\/users\/1"}],"replies":[{"embeddable":true,"href":"https:\/\/agora.xtec.cat\/escolacaudelaguineu\/wp-json\/wp\/v2\/comments?post=522"}],"version-history":[{"count":6,"href":"https:\/\/agora.xtec.cat\/escolacaudelaguineu\/wp-json\/wp\/v2\/pages\/522\/revisions"}],"predecessor-version":[{"id":3793,"href":"https:\/\/agora.xtec.cat\/escolacaudelaguineu\/wp-json\/wp\/v2\/pages\/522\/revisions\/3793"}],"wp:attachment":[{"href":"https:\/\/agora.xtec.cat\/escolacaudelaguineu\/wp-json\/wp\/v2\/media?parent=522"}],"curies":[{"name":"wp","href":"https:\/\/api.w.org\/{rel}","templated":true}]}}