{"id":453,"date":"2016-06-02T09:02:39","date_gmt":"2016-06-02T08:02:39","guid":{"rendered":"http:\/\/agora.xtec.cat\/escolacaudelaguineu\/?page_id=453"},"modified":"2025-11-17T08:48:44","modified_gmt":"2025-11-17T07:48:44","slug":"projecte-centre","status":"publish","type":"page","link":"https:\/\/agora.xtec.cat\/escolacaudelaguineu\/projecte-centre\/","title":{"rendered":"Documents normatius"},"content":{"rendered":"\n<p><span style=\"color: #808080;\"><a href=\"https:\/\/drive.google.com\/file\/d\/1OjCGPkeMDNIdxN-OFNYbe9bU7pRLIJJC\/view?usp=sharing\">NOFC (Normes d&#8217;organitzaci\u00f3 i funcionament de centre) <em>Pendent d&#8217;actualitzar<\/em><\/a><\/span><\/p>\n\n\n\n<p><a href=\"https:\/\/drive.google.com\/file\/d\/134P8reBdXsP5buMfzYdpH_lzt9ZtNC_i\/view?usp=sharing\" target=\"_blank\" rel=\"noopener\">PEC (Projecte educatiu)<\/a>    <\/p>\n\n\n\n<p class=\"has-ast-global-color-0-color has-text-color has-link-color wp-elements-e2f10fb70b941296fe475cc1ba0c5a5f\"><a href=\"https:\/\/www.canva.com\/design\/DAGc0XMAauE\/MMZNw2uX-XQ2v1KvOt8cTA\/watch?utm_content=DAGc0XMAauE&amp;utm_campaign=designshare&amp;utm_medium=link2&amp;utm_source=uniquelinks&amp;utlId=hf094173bae\" data-type=\"link\" data-id=\"https:\/\/www.canva.com\/design\/DAGc0XMAauE\/MMZNw2uX-XQ2v1KvOt8cTA\/watch?utm_content=DAGc0XMAauE&amp;utm_campaign=designshare&amp;utm_medium=link2&amp;utm_source=uniquelinks&amp;utlId=hf094173bae\" target=\"_blank\" rel=\"noreferrer noopener\">CARTA DE COMPROM\u00cdS<\/a><\/p>\n\n\n\n<p><a href=\"https:\/\/drive.google.com\/file\/d\/1XWT9yOykk__pjwzyGYm2KRtdFixD8SS3\/view?usp=drive_link\" target=\"_blank\" rel=\"noopener\">PROJECTE DE DIRECCI\u00d3 24-28<\/a>      <a href=\"https:\/\/drive.google.com\/file\/d\/1J30nd5fB0LoADXhv06b3ujP4OmGw6k_-\/view?usp=drive_link\" data-type=\"link\" data-id=\"https:\/\/drive.google.com\/file\/d\/1J30nd5fB0LoADXhv06b3ujP4OmGw6k_-\/view?usp=drive_link\" target=\"_blank\" rel=\"noreferrer noopener\">Resum : &#8220;Un projecte per i amb tothom&#8221;<\/a><\/p>\n\n\n\n<p class=\"has-ast-global-color-0-color has-text-color has-link-color wp-elements-b2cd970f0c232eaffb7bb536e2a602b3\"><a href=\"https:\/\/drive.google.com\/file\/d\/1GVO0ZejYdRqpAuFDp_7LJBXIVDDmYxpS\/view?usp=sharing\" target=\"_blank\" rel=\"noreferrer noopener\">PROJECTE LING\u00dc\u00cdSTIC<\/a><\/p>\n\n\n\n<p><a href=\"https:\/\/drive.google.com\/file\/d\/1FPau9eTCTEGuWN9sAvgarHSdKYkoRDa1\/view?usp=sharing\" data-type=\"link\" data-id=\"https:\/\/drive.google.com\/file\/d\/1FPau9eTCTEGuWN9sAvgarHSdKYkoRDa1\/view?usp=sharing\" target=\"_blank\" rel=\"noreferrer noopener\">MEM\u00d2RIA ANUAL 24-25<\/a> (Acc\u00e9s amb contrasenya)<\/p>\n\n\n\n<p><a href=\"https:\/\/drive.google.com\/file\/d\/1aU46V1hhh7eBUjAeOGaQ_i9GxhkhM3E7\/view?usp=drive_link\" target=\"_blank\" rel=\"noreferrer noopener\">PLA GENERAL ANUAL  DE CENTRE 25-26<\/a> (Acc\u00e9s amb contrasenya)<\/p>\n\n\n\n<p><a href=\"https:\/\/drive.google.com\/file\/d\/1e4SLbiffrmU5Mp4EuAMbJUgRj34rJDF-\/view?usp=sharing\" target=\"_blank\" rel=\"noreferrer noopener\">Pedagogia de la vida i la mort a l&#8217;escola<\/a><\/p>\n\n\n\n<p><\/p>\n","protected":false},"excerpt":{"rendered":"<p>NOFC (Normes d&#8217;organitzaci\u00f3 i funcionament de centre) Pendent d&#8217;actualitzar PEC (Projecte educatiu) CARTA DE COMPROM\u00cdS PROJECTE DE DIRECCI\u00d3 24-28 Resum : &#8220;Un projecte per i amb tothom&#8221; PROJECTE LING\u00dc\u00cdSTIC MEM\u00d2RIA ANUAL 24-25 (Acc\u00e9s amb contrasenya) PLA GENERAL ANUAL DE CENTRE 25-26 (Acc\u00e9s amb contrasenya) Pedagogia de la vida i la mort a l&#8217;escola<\/p>\n","protected":false},"author":1,"featured_media":0,"parent":0,"menu_order":4,"comment_status":"closed","ping_status":"closed","template":"","meta":{"_bbp_topic_count":0,"_bbp_reply_count":0,"_bbp_total_topic_count":0,"_bbp_total_reply_count":0,"_bbp_voice_count":0,"_bbp_anonymous_reply_count":0,"_bbp_topic_count_hidden":0,"_bbp_reply_count_hidden":0,"_bbp_forum_subforum_count":0,"site-sidebar-layout":"default","site-content-layout":"","ast-site-content-layout":"default","site-content-style":"default","site-sidebar-style":"default","ast-global-header-display":"","ast-banner-title-visibility":"","ast-main-header-display":"","ast-hfb-above-header-display":"","ast-hfb-below-header-display":"","ast-hfb-mobile-header-display":"","site-post-title":"","ast-breadcrumbs-content":"","ast-featured-img":"","footer-sml-layout":"","theme-transparent-header-meta":"","adv-header-id-meta":"","stick-header-meta":"","header-above-stick-meta":"","header-main-stick-meta":"","header-below-stick-meta":"","astra-migrate-meta-layouts":"set","ast-page-background-enabled":"default","ast-page-background-meta":{"desktop":{"background-color":"var(--ast-global-color-4)","background-image":"","background-repeat":"repeat","background-position":"center center","background-size":"auto","background-attachment":"scroll","background-type":"","background-media":"","overlay-type":"","overlay-color":"","overlay-opacity":"","overlay-gradient":""},"tablet":{"background-color":"","background-image":"","background-repeat":"repeat","background-position":"center center","background-size":"auto","background-attachment":"scroll","background-type":"","background-media":"","overlay-type":"","overlay-color":"","overlay-opacity":"","overlay-gradient":""},"mobile":{"background-color":"","background-image":"","background-repeat":"repeat","background-position":"center center","background-size":"auto","background-attachment":"scroll","background-type":"","background-media":"","overlay-type":"","overlay-color":"","overlay-opacity":"","overlay-gradient":""}},"ast-content-background-meta":{"desktop":{"background-color":"var(--ast-global-color-5)","background-image":"","background-repeat":"repeat","background-position":"center center","background-size":"auto","background-attachment":"scroll","background-type":"","background-media":"","overlay-type":"","overlay-color":"","overlay-opacity":"","overlay-gradient":""},"tablet":{"background-color":"var(--ast-global-color-5)","background-image":"","background-repeat":"repeat","background-position":"center center","background-size":"auto","background-attachment":"scroll","background-type":"","background-media":"","overlay-type":"","overlay-color":"","overlay-opacity":"","overlay-gradient":""},"mobile":{"background-color":"var(--ast-global-color-5)","background-image":"","background-repeat":"repeat","background-position":"center center","background-size":"auto","background-attachment":"scroll","background-type":"","background-media":"","overlay-type":"","overlay-color":"","overlay-opacity":"","overlay-gradient":""}},"footnotes":""},"class_list":["post-453","page","type-page","status-publish","hentry"],"post_mailing_queue_ids":[],"_links":{"self":[{"href":"https:\/\/agora.xtec.cat\/escolacaudelaguineu\/wp-json\/wp\/v2\/pages\/453","targetHints":{"allow":["GET"]}}],"collection":[{"href":"https:\/\/agora.xtec.cat\/escolacaudelaguineu\/wp-json\/wp\/v2\/pages"}],"about":[{"href":"https:\/\/agora.xtec.cat\/escolacaudelaguineu\/wp-json\/wp\/v2\/types\/page"}],"author":[{"embeddable":true,"href":"https:\/\/agora.xtec.cat\/escolacaudelaguineu\/wp-json\/wp\/v2\/users\/1"}],"replies":[{"embeddable":true,"href":"https:\/\/agora.xtec.cat\/escolacaudelaguineu\/wp-json\/wp\/v2\/comments?post=453"}],"version-history":[{"count":6,"href":"https:\/\/agora.xtec.cat\/escolacaudelaguineu\/wp-json\/wp\/v2\/pages\/453\/revisions"}],"predecessor-version":[{"id":3864,"href":"https:\/\/agora.xtec.cat\/escolacaudelaguineu\/wp-json\/wp\/v2\/pages\/453\/revisions\/3864"}],"wp:attachment":[{"href":"https:\/\/agora.xtec.cat\/escolacaudelaguineu\/wp-json\/wp\/v2\/media?parent=453"}],"curies":[{"name":"wp","href":"https:\/\/api.w.org\/{rel}","templated":true}]}}