{"id":3639,"date":"2025-03-05T08:39:34","date_gmt":"2025-03-05T07:39:34","guid":{"rendered":"https:\/\/agora.xtec.cat\/escolacaudelaguineu\/?page_id=3639"},"modified":"2026-02-04T16:04:48","modified_gmt":"2026-02-04T15:04:48","slug":"extraescolars","status":"publish","type":"page","link":"https:\/\/agora.xtec.cat\/escolacaudelaguineu\/serveis\/extraescolars\/","title":{"rendered":"Extraescolars"},"content":{"rendered":"<p><span style=\"color: #ff9900;\"><strong>EXTRAESCOLARS CURS 25-26<\/strong><\/span><\/p>\n<p><span style=\"font-weight: 400;\">A la seg\u00fcent imatge podeu consultar les activitats extraescolars que actualment es fan dins l&#8217;escola:<\/span><\/p>\n<p><img loading=\"lazy\" decoding=\"async\" class=\"aligncenter size-full wp-image-3881\" src=\"https:\/\/agora.xtec.cat\/escolacaudelaguineu\/wp-content\/uploads\/usu1304\/2026\/02\/Captura-de-pantalla-2026-02-04-154101.png\" alt=\"\" width=\"601\" height=\"721\" srcset=\"https:\/\/agora.xtec.cat\/escolacaudelaguineu\/wp-content\/uploads\/usu1304\/2026\/02\/Captura-de-pantalla-2026-02-04-154101.png 601w, https:\/\/agora.xtec.cat\/escolacaudelaguineu\/wp-content\/uploads\/usu1304\/2026\/02\/Captura-de-pantalla-2026-02-04-154101-250x300.png 250w\" sizes=\"auto, (max-width: 601px) 100vw, 601px\" \/><img loading=\"lazy\" decoding=\"async\" class=\"aligncenter size-full wp-image-3892\" src=\"https:\/\/agora.xtec.cat\/escolacaudelaguineu\/wp-content\/uploads\/usu1304\/2026\/02\/Extraescolars-2.png\" alt=\"\" width=\"609\" height=\"791\" srcset=\"https:\/\/agora.xtec.cat\/escolacaudelaguineu\/wp-content\/uploads\/usu1304\/2026\/02\/Extraescolars-2.png 609w, https:\/\/agora.xtec.cat\/escolacaudelaguineu\/wp-content\/uploads\/usu1304\/2026\/02\/Extraescolars-2-231x300.png 231w\" sizes=\"auto, (max-width: 609px) 100vw, 609px\" \/><\/p>\n<p><span style=\"color: #ff9900;\"><strong>DIAGNOSI INICIAL<\/strong><\/span><\/p>\n<p><span style=\"font-weight: 400;\">Les activitats extraescolars tenen un paper fonamental en el desenvolupament integral dels infants del Cau de la Guineu, complementant l&#8217;aprenentatge formal que es produeix dins de les aules. Hem elaborant un informe, que t\u00e9 com a objectiu analitzar les activitats extraescolars que els infants realitzen a l&#8217;escola i fora de l\u2019escola, amb un enfocament especial en la seva relaci\u00f3 amb els processos educatius i el seu impacte en el futur cont\u00ednuum educatiu. A trav\u00e9s de dades significatives recollides durant el curs 24-25, es vol destacar la import\u00e0ncia de crear vincles entre l\u2019escola i les entitats on participen els infants, tal com es va proposar en el projecte de direcci\u00f3 i com est\u00e0 establert en el pla anual d&#8217;aquest curs.<\/span><\/p>\n<p><span style=\"font-weight: 400;\">Un dels principals objectius d&#8217;aquesta diagnosi \u00e9s la construcci\u00f3 d&#8217;un cont\u00ednuum educatiu no nom\u00e9s beneficiant els infants a nivell acad\u00e8mic, sin\u00f3 que tamb\u00e9 afavoreixi en el seu desenvolupament personal i social, establint una connexi\u00f3 estreta entre les diferents \u00e0rees d&#8217;aprenentatge i les entitats implicades.<\/span><\/p>\n<p><span style=\"font-weight: 400;\">Amb aquesta finalitat, \u00e9s fonamental considerar les extraescolars com un espai d&#8217;aprenentatge continu, que contribueix a la millora de la motivaci\u00f3, la responsabilitat i les habilitats socials dels infants, factors que es veuran reflectits en els seus futurs \u00e8xits acad\u00e8mics i personals.<\/span><\/p>\n<p>A la seg\u00fcent presentaci\u00f3 podeu veure les dades extretes en la diagnosi inicial:<\/p>\n<p><iframe loading=\"lazy\" title=\"Resultats estudi extraescolars\" src=\"https:\/\/app.powerbi.com\/view?r=eyJrIjoiMTNjMGJlZDItMThjNi00ZTFmLThkNmYtZTcyYjBjYTkyMDc3IiwidCI6IjNiOTQyN2RjLWQzMGUtNDNiYy04YzA2LWZmNzI1MzY3NmZlYyIsImMiOjh9\" width=\"800\" height=\"836\" frameborder=\"0\" allowfullscreen=\"allowfullscreen\"><\/iframe><\/p>\n<p>Per m\u00e9s informaci\u00f3 podeu consultar la web de l&#8217;AFA sobre els extraescolars que ofereix el centre:\u00a0<a href=\"https:\/\/afacaudelaguineu.blogspot.com\/p\/extraescolars.html\">https:\/\/afacaudelaguineu.blogspot.com\/p\/extraescolars.html<\/a><\/p>\n","protected":false},"excerpt":{"rendered":"<p>EXTRAESCOLARS CURS 25-26 A la seg\u00fcent imatge podeu consultar les activitats extraescolars que actualment es fan dins l&#8217;escola: DIAGNOSI INICIAL Les activitats extraescolars tenen un paper fonamental en el desenvolupament integral dels infants del Cau de la Guineu, complementant l&#8217;aprenentatge formal que es produeix dins de les aules. Hem elaborant un informe, que t\u00e9 com [&hellip;]<\/p>\n","protected":false},"author":1,"featured_media":0,"parent":3485,"menu_order":0,"comment_status":"closed","ping_status":"closed","template":"","meta":{"_bbp_topic_count":0,"_bbp_reply_count":0,"_bbp_total_topic_count":0,"_bbp_total_reply_count":0,"_bbp_voice_count":0,"_bbp_anonymous_reply_count":0,"_bbp_topic_count_hidden":0,"_bbp_reply_count_hidden":0,"_bbp_forum_subforum_count":0,"site-sidebar-layout":"default","site-content-layout":"","ast-site-content-layout":"default","site-content-style":"default","site-sidebar-style":"default","ast-global-header-display":"","ast-banner-title-visibility":"","ast-main-header-display":"","ast-hfb-above-header-display":"","ast-hfb-below-header-display":"","ast-hfb-mobile-header-display":"","site-post-title":"","ast-breadcrumbs-content":"","ast-featured-img":"","footer-sml-layout":"","theme-transparent-header-meta":"","adv-header-id-meta":"","stick-header-meta":"","header-above-stick-meta":"","header-main-stick-meta":"","header-below-stick-meta":"","astra-migrate-meta-layouts":"set","ast-page-background-enabled":"default","ast-page-background-meta":{"desktop":{"background-color":"var(--ast-global-color-4)","background-image":"","background-repeat":"repeat","background-position":"center center","background-size":"auto","background-attachment":"scroll","background-type":"","background-media":"","overlay-type":"","overlay-color":"","overlay-opacity":"","overlay-gradient":""},"tablet":{"background-color":"","background-image":"","background-repeat":"repeat","background-position":"center center","background-size":"auto","background-attachment":"scroll","background-type":"","background-media":"","overlay-type":"","overlay-color":"","overlay-opacity":"","overlay-gradient":""},"mobile":{"background-color":"","background-image":"","background-repeat":"repeat","background-position":"center center","background-size":"auto","background-attachment":"scroll","background-type":"","background-media":"","overlay-type":"","overlay-color":"","overlay-opacity":"","overlay-gradient":""}},"ast-content-background-meta":{"desktop":{"background-color":"var(--ast-global-color-5)","background-image":"","background-repeat":"repeat","background-position":"center center","background-size":"auto","background-attachment":"scroll","background-type":"","background-media":"","overlay-type":"","overlay-color":"","overlay-opacity":"","overlay-gradient":""},"tablet":{"background-color":"var(--ast-global-color-5)","background-image":"","background-repeat":"repeat","background-position":"center center","background-size":"auto","background-attachment":"scroll","background-type":"","background-media":"","overlay-type":"","overlay-color":"","overlay-opacity":"","overlay-gradient":""},"mobile":{"background-color":"var(--ast-global-color-5)","background-image":"","background-repeat":"repeat","background-position":"center center","background-size":"auto","background-attachment":"scroll","background-type":"","background-media":"","overlay-type":"","overlay-color":"","overlay-opacity":"","overlay-gradient":""}},"footnotes":""},"class_list":["post-3639","page","type-page","status-publish","hentry"],"post_mailing_queue_ids":[],"_links":{"self":[{"href":"https:\/\/agora.xtec.cat\/escolacaudelaguineu\/wp-json\/wp\/v2\/pages\/3639","targetHints":{"allow":["GET"]}}],"collection":[{"href":"https:\/\/agora.xtec.cat\/escolacaudelaguineu\/wp-json\/wp\/v2\/pages"}],"about":[{"href":"https:\/\/agora.xtec.cat\/escolacaudelaguineu\/wp-json\/wp\/v2\/types\/page"}],"author":[{"embeddable":true,"href":"https:\/\/agora.xtec.cat\/escolacaudelaguineu\/wp-json\/wp\/v2\/users\/1"}],"replies":[{"embeddable":true,"href":"https:\/\/agora.xtec.cat\/escolacaudelaguineu\/wp-json\/wp\/v2\/comments?post=3639"}],"version-history":[{"count":6,"href":"https:\/\/agora.xtec.cat\/escolacaudelaguineu\/wp-json\/wp\/v2\/pages\/3639\/revisions"}],"predecessor-version":[{"id":3893,"href":"https:\/\/agora.xtec.cat\/escolacaudelaguineu\/wp-json\/wp\/v2\/pages\/3639\/revisions\/3893"}],"up":[{"embeddable":true,"href":"https:\/\/agora.xtec.cat\/escolacaudelaguineu\/wp-json\/wp\/v2\/pages\/3485"}],"wp:attachment":[{"href":"https:\/\/agora.xtec.cat\/escolacaudelaguineu\/wp-json\/wp\/v2\/media?parent=3639"}],"curies":[{"name":"wp","href":"https:\/\/api.w.org\/{rel}","templated":true}]}}