{"id":3549,"date":"2024-12-10T21:43:17","date_gmt":"2024-12-10T20:43:17","guid":{"rendered":"https:\/\/agora.xtec.cat\/escolacaudelaguineu\/?page_id=3549"},"modified":"2026-02-20T16:00:22","modified_gmt":"2026-02-20T15:00:22","slug":"guinys","status":"publish","type":"page","link":"https:\/\/agora.xtec.cat\/escolacaudelaguineu\/guinys\/","title":{"rendered":"Mirades"},"content":{"rendered":"\n<p>A trav\u00e9s de petits relats i fotografies, compartim amb la comunitat educativa una mostra de la&nbsp; visi\u00f3 propera i aut\u00e8ntica del nostre projecte educatiu.<\/p>\n\n\n\n<p>En aquesta secci\u00f3, obrim una finestra de la nostra escola i mostrem petits moments a mode de &#8220;picada d&#8217;ullet&#8221;.<\/p>\n\n\n\n<p><strong><strong><mark style=\"background-color:rgba(0, 0, 0, 0)\" class=\"has-inline-color has-ast-global-color-0-color\">UNA VISITA GEGANT<\/mark><\/strong><\/strong><\/p>\n\n\n\n<div class=\"wp-block-media-text is-stacked-on-mobile\" style=\"grid-template-columns:62% auto\"><figure class=\"wp-block-media-text__media\"><img loading=\"lazy\" decoding=\"async\" width=\"427\" height=\"613\" src=\"https:\/\/agora.xtec.cat\/escolacaudelaguineu\/wp-content\/uploads\/usu1304\/2026\/02\/gegants-.png\" alt=\"\" class=\"wp-image-3895 size-full\" srcset=\"https:\/\/agora.xtec.cat\/escolacaudelaguineu\/wp-content\/uploads\/usu1304\/2026\/02\/gegants-.png 427w, https:\/\/agora.xtec.cat\/escolacaudelaguineu\/wp-content\/uploads\/usu1304\/2026\/02\/gegants--209x300.png 209w\" sizes=\"auto, (max-width: 427px) 100vw, 427px\" \/><\/figure><div class=\"wp-block-media-text__content\">\n<p>Hem rebut una visita molt especial, els gegants del nostre poble: l&#8217;Antoni i la Magdalena. <\/p>\n\n\n\n<p>La seva pres\u00e8ncia ens connecta amb la cultura, les tradicions i la hist\u00f2ria compartida.<\/p>\n\n\n\n<p><\/p>\n\n\n\n<p><a href=\"https:\/\/www.corberadellobregat.cat\/municipi\/entitats-i-associacions\/colla-de-gegants-i-grallers-de-corbera-.html\" target=\"_blank\" rel=\"noreferrer noopener\">Colla de gegants i grallers de Corbera<\/a><\/p>\n<\/div><\/div>\n\n\n\n<p><strong><mark style=\"background-color:rgba(0, 0, 0, 0)\" class=\"has-inline-color has-ast-global-color-0-color\"> <\/mark><\/strong><\/p>\n\n\n\n<p><strong><mark style=\"background-color:rgba(0, 0, 0, 0)\" class=\"has-inline-color has-ast-global-color-0-color\">L&#8217;HORT DE L&#8217;ESCOLA<\/mark><\/strong><\/p>\n\n\n\n<figure class=\"wp-block-image size-full\"><a href=\"https:\/\/agora.xtec.cat\/escolacaudelaguineu\/wp-content\/uploads\/usu1304\/2026\/01\/HORT-1a-plantada.png\"><img loading=\"lazy\" decoding=\"async\" width=\"564\" height=\"789\" src=\"https:\/\/agora.xtec.cat\/escolacaudelaguineu\/wp-content\/uploads\/usu1304\/2026\/01\/HORT-1a-plantada.png\" alt=\"\" class=\"wp-image-3875\" srcset=\"https:\/\/agora.xtec.cat\/escolacaudelaguineu\/wp-content\/uploads\/usu1304\/2026\/01\/HORT-1a-plantada.png 564w, https:\/\/agora.xtec.cat\/escolacaudelaguineu\/wp-content\/uploads\/usu1304\/2026\/01\/HORT-1a-plantada-214x300.png 214w\" sizes=\"auto, (max-width: 564px) 100vw, 564px\" \/><\/a><\/figure>\n\n\n\n<p class=\"has-luminous-vivid-amber-color has-text-color has-link-color wp-elements-91c1c41d5244745e769afd4ae5688232\"><strong>PROJECTE ETWINNING<\/strong><\/p>\n\n\n\n<figure class=\"wp-block-embed is-type-video is-provider-youtube wp-block-embed-youtube wp-embed-aspect-16-9 wp-has-aspect-ratio\"><div class=\"wp-block-embed__wrapper\">\n<div class=\"ast-oembed-container \" style=\"height: 100%;\"><iframe loading=\"lazy\" title=\"ETWINNING Discovering daily life across borders\" width=\"500\" height=\"281\" src=\"https:\/\/www.youtube.com\/embed\/2_MzEW1oXY0?feature=oembed\" frameborder=\"0\" allow=\"accelerometer; autoplay; clipboard-write; encrypted-media; gyroscope; picture-in-picture; web-share\" referrerpolicy=\"strict-origin-when-cross-origin\" allowfullscreen><\/iframe><\/div>\n<\/div><figcaption class=\"wp-element-caption\">ETwinning es una iniciativa de la Comissi\u00f3 Europea. \u00c9s un programa educatiu que promou la col\u00b7laboraci\u00f3 i agermanament de dos o m\u00e9s centres escolars, de diferents pa\u00efsos europeus, en el nostre cas amb Ucra\u00efna. Serveix per establir projectes educatius sobre qualsevol tema de l&#8217;\u00e0mbit escolar, basats en el treball en col\u00b7laboraci\u00f3, desenvolupament de las compet\u00e8ncies clau i l&#8217;\u00fas de las tecnologies. Aquest \u00e9s el primer curs que l&#8217;escola Cau de la Guineu hi participa, liderant el projecte: &#8220;<em>Discovering Daily Life Across Border<\/em>s&#8221; amb escoles d&#8217;Ucra\u00efna, Cro\u00e0cia, Irlanda, Pol\u00f2nia, Gr\u00e8cia i Turquia.<\/figcaption><\/figure>\n\n\n\n<p class=\"has-luminous-vivid-amber-color has-text-color has-link-color wp-elements-1212bf82398e3cd316855bc279522ec9\"><strong>FORMACI\u00d3 DOCENT: &#8220;PROCESSOS DE PENSAMENT EN L&#8217;ART CONTEMPORANI&#8221;<\/strong><\/p>\n\n\n\n<div class=\"wp-block-media-text is-stacked-on-mobile\" style=\"grid-template-columns:63% auto\"><figure class=\"wp-block-media-text__media\"><img loading=\"lazy\" decoding=\"async\" width=\"564\" height=\"803\" src=\"https:\/\/agora.xtec.cat\/escolacaudelaguineu\/wp-content\/uploads\/usu1304\/2025\/10\/Captura-de-pantalla-2025-10-29-093842-1.png\" alt=\"\" class=\"wp-image-3860 size-full\" srcset=\"https:\/\/agora.xtec.cat\/escolacaudelaguineu\/wp-content\/uploads\/usu1304\/2025\/10\/Captura-de-pantalla-2025-10-29-093842-1.png 564w, https:\/\/agora.xtec.cat\/escolacaudelaguineu\/wp-content\/uploads\/usu1304\/2025\/10\/Captura-de-pantalla-2025-10-29-093842-1-211x300.png 211w\" sizes=\"auto, (max-width: 564px) 100vw, 564px\" \/><\/figure><div class=\"wp-block-media-text__content\">\n<p><\/p>\n\n\n\n<p>Amb el Centre de mediaci\u00f3, educaci\u00f3 i art contemporani (EART)&nbsp; amb la&nbsp; Mariana Iturralde&nbsp; iniciem una nova etapa formativa per continuar fent cr\u00e9ixer la l\u00ednia art\u00edstica del centre.&nbsp;<\/p>\n\n\n\n<p>L\u2019artista-educador Marc Larr\u00e9 s\u2019hi suma algunes sessions, aportant noves capes de significat a la formaci\u00f3.<\/p>\n<\/div><\/div>\n\n\n\n<p><\/p>\n\n\n\n<p class=\"has-luminous-vivid-amber-color has-text-color has-link-color wp-elements-27f18c58e873f5fbead4909c5264283b\"><strong>SERVEI COMUNITARI <\/strong><\/p>\n\n\n\n<p class=\"has-luminous-vivid-amber-color has-text-color has-link-color wp-elements-d5781a9df29e8cec119081a219e12e39\"><strong>INS CAN MARGARIT- ESCOLA CAU DE LA GUINEU<\/strong><\/p>\n\n\n\n<figure class=\"wp-block-image size-large\"><a href=\"https:\/\/agora.xtec.cat\/escolacaudelaguineu\/wp-content\/uploads\/usu1304\/2025\/10\/SC-Cau-de-la-Guineu-3.jpg\"><img loading=\"lazy\" decoding=\"async\" width=\"1024\" height=\"1024\" src=\"https:\/\/agora.xtec.cat\/escolacaudelaguineu\/wp-content\/uploads\/usu1304\/2025\/10\/SC-Cau-de-la-Guineu-3-1024x1024.jpg\" alt=\"\" class=\"wp-image-3853\" srcset=\"https:\/\/agora.xtec.cat\/escolacaudelaguineu\/wp-content\/uploads\/usu1304\/2025\/10\/SC-Cau-de-la-Guineu-3-1024x1024.jpg 1024w, https:\/\/agora.xtec.cat\/escolacaudelaguineu\/wp-content\/uploads\/usu1304\/2025\/10\/SC-Cau-de-la-Guineu-3-300x300.jpg 300w, https:\/\/agora.xtec.cat\/escolacaudelaguineu\/wp-content\/uploads\/usu1304\/2025\/10\/SC-Cau-de-la-Guineu-3-150x150.jpg 150w, https:\/\/agora.xtec.cat\/escolacaudelaguineu\/wp-content\/uploads\/usu1304\/2025\/10\/SC-Cau-de-la-Guineu-3-768x768.jpg 768w, https:\/\/agora.xtec.cat\/escolacaudelaguineu\/wp-content\/uploads\/usu1304\/2025\/10\/SC-Cau-de-la-Guineu-3.jpg 1080w\" sizes=\"auto, (max-width: 1024px) 100vw, 1024px\" \/><\/a><\/figure>\n\n\n\n<figure class=\"wp-block-image size-large\"><a href=\"https:\/\/agora.xtec.cat\/escolacaudelaguineu\/wp-content\/uploads\/usu1304\/2025\/10\/IMG_9160.jpg\"><img loading=\"lazy\" decoding=\"async\" width=\"1024\" height=\"943\" src=\"https:\/\/agora.xtec.cat\/escolacaudelaguineu\/wp-content\/uploads\/usu1304\/2025\/10\/IMG_9160-1024x943.jpg\" alt=\"\" class=\"wp-image-3849\" srcset=\"https:\/\/agora.xtec.cat\/escolacaudelaguineu\/wp-content\/uploads\/usu1304\/2025\/10\/IMG_9160-1024x943.jpg 1024w, https:\/\/agora.xtec.cat\/escolacaudelaguineu\/wp-content\/uploads\/usu1304\/2025\/10\/IMG_9160-300x276.jpg 300w, https:\/\/agora.xtec.cat\/escolacaudelaguineu\/wp-content\/uploads\/usu1304\/2025\/10\/IMG_9160-768x707.jpg 768w, https:\/\/agora.xtec.cat\/escolacaudelaguineu\/wp-content\/uploads\/usu1304\/2025\/10\/IMG_9160-1536x1414.jpg 1536w, https:\/\/agora.xtec.cat\/escolacaudelaguineu\/wp-content\/uploads\/usu1304\/2025\/10\/IMG_9160.jpg 1918w\" sizes=\"auto, (max-width: 1024px) 100vw, 1024px\" \/><\/a><\/figure>\n\n\n\n<p class=\"has-luminous-vivid-amber-color has-text-color has-link-color wp-elements-689a258bfb8b9d6bd2b8d2e86b2ae683\"><strong>L&#8217;EXPERI\u00c8NCIA AL CAMP D&#8217;APRENENTATGE PAU CASALS<\/strong><\/p>\n\n\n\n<div class=\"wp-block-media-text alignwide is-stacked-on-mobile\" style=\"grid-template-columns:32% auto\"><figure class=\"wp-block-media-text__media\"><img loading=\"lazy\" decoding=\"async\" width=\"232\" height=\"235\" src=\"https:\/\/agora.xtec.cat\/escolacaudelaguineu\/wp-content\/uploads\/usu1304\/2025\/10\/Les-meves-mans-Cau-de-la-guineu25.png\" alt=\"\" class=\"wp-image-3821 size-full\"\/><\/figure><div class=\"wp-block-media-text__content\">\n<p>L&#8217;alumnat de 4t han gravat una can\u00e7\u00f3 al Camp d&#8217;Aprenentatge Pau Casals.<\/p>\n\n\n\n<p>Una gran experi\u00e8ncia, ja que els han ensenyat com \u00e9s l\u2019estudi i quines caracter\u00edstiques ha de tenir perqu\u00e8 la qualitat del so sigui l\u2019adequat. A m\u00e9s, han vist com s\u2019editen totes les gravacions realitzades perqu\u00e8 el resultat sigui l\u2019esperat. Nom\u00e9s cal veure&#8217;n el resultat&#8230;<\/p>\n\n\n\n<p> <a href=\"https:\/\/cdapaucasals.com\/releases\/escola-el-cau-de-la-guineu-2025-26\/\" data-type=\"link\" data-id=\"https:\/\/cdapaucasals.com\/releases\/escola-el-cau-de-la-guineu-2025-26\/\" target=\"_blank\" rel=\"noreferrer noopener\"> &#8220;Les meves mans&#8221; de Marta Canelles cantada per l&#8217;escola Cau de la Guineu. <\/a><\/p>\n<\/div><\/div>\n\n\n\n<p class=\"has-luminous-vivid-amber-color has-text-color has-link-color wp-elements-cd475861520f241212a34da6127acf87\"><strong>LA M\u00daSICA ENS ACOMPANYA&#8230;<\/strong><\/p>\n\n\n\n<div class=\"wp-block-media-text alignwide is-stacked-on-mobile\" style=\"grid-template-columns:32% auto\"><figure class=\"wp-block-media-text__media\"><img loading=\"lazy\" decoding=\"async\" width=\"724\" height=\"1024\" src=\"https:\/\/agora.xtec.cat\/escolacaudelaguineu\/wp-content\/uploads\/usu1304\/2025\/09\/one-summers-day-3-724x1024.jpg\" alt=\"\" class=\"wp-image-3808 size-full\" srcset=\"https:\/\/agora.xtec.cat\/escolacaudelaguineu\/wp-content\/uploads\/usu1304\/2025\/09\/one-summers-day-3-724x1024.jpg 724w, https:\/\/agora.xtec.cat\/escolacaudelaguineu\/wp-content\/uploads\/usu1304\/2025\/09\/one-summers-day-3-212x300.jpg 212w, https:\/\/agora.xtec.cat\/escolacaudelaguineu\/wp-content\/uploads\/usu1304\/2025\/09\/one-summers-day-3-768x1086.jpg 768w, https:\/\/agora.xtec.cat\/escolacaudelaguineu\/wp-content\/uploads\/usu1304\/2025\/09\/one-summers-day-3-1086x1536.jpg 1086w, https:\/\/agora.xtec.cat\/escolacaudelaguineu\/wp-content\/uploads\/usu1304\/2025\/09\/one-summers-day-3.jpg 1414w\" sizes=\"auto, (max-width: 724px) 100vw, 724px\" \/><\/figure><div class=\"wp-block-media-text__content\">\n<p>Com sabeu, les entrades i sortides de l&#8217;escola s\u00f3n moments que acompanyem amb m\u00fasica. Durant el curs, cada setmana proposarem una m\u00fasica diferent. Us deixem el tastet de la primera setmana&#8230;<\/p>\n<\/div><\/div>\n\n\n\n<p><span style=\"color: #ff9900;\"><strong>Ens visita en Miki N\u00fa\u00f1ez amb el projecte Bo, Sa i D&#8217;aqu\u00ed.&nbsp;<\/strong><\/span><\/p>\n\n\n\n<p>Ens ha fet entrega del certificat Bo, Sa i D&#8217;aqu\u00ed pel comprom\u00eds amb els productes Km 0 i sostenibles en els men\u00fas, que ens ofereix&nbsp; l&#8217;empresa de menjador Fundesplai a trav\u00e9s de L&#8217;AFA.<\/p>\n\n\n\n<p><\/p>\n\n\n\n<p class=\"has-text-align-center\">\u2192Cliqueu a la imatge i el podreu veure cantar.<\/p>\n\n\n\n<p>&nbsp;<\/p>\n\n\n\n<figure class=\"wp-block-image aligncenter\"><a href=\"https:\/\/drive.google.com\/file\/d\/1xxYi2s3UYbBrgUiMigmGneB9lDoR9tyW\/view?usp=drive_link\"><img loading=\"lazy\" decoding=\"async\" width=\"538\" height=\"585\" src=\"https:\/\/agora.xtec.cat\/escolacaudelaguineu\/wp-content\/uploads\/usu1304\/2025\/05\/Foto-bloc-MIKI.png\" alt=\"\" class=\"wp-image-3705\" srcset=\"https:\/\/agora.xtec.cat\/escolacaudelaguineu\/wp-content\/uploads\/usu1304\/2025\/05\/Foto-bloc-MIKI.png 538w, https:\/\/agora.xtec.cat\/escolacaudelaguineu\/wp-content\/uploads\/usu1304\/2025\/05\/Foto-bloc-MIKI-276x300.png 276w\" sizes=\"auto, (max-width: 538px) 100vw, 538px\" \/><\/a><\/figure>\n\n\n\n<p><\/p>\n\n\n\n<p>&nbsp;<\/p>\n\n\n\n<p><strong><span style=\"color: #ff9900;\">Taller Kapla<\/span><\/strong><\/p>\n\n\n\n<p>&nbsp;<\/p>\n\n\n\n<figure class=\"wp-block-image aligncenter\"><a href=\"https:\/\/drive.google.com\/file\/d\/1AxQtv7zkNktoTOX7bJsKqVB4lpexxgce\/view?usp=sharing\" target=\"_blank\" rel=\"noopener\"><img loading=\"lazy\" decoding=\"async\" width=\"300\" height=\"300\" src=\"https:\/\/agora.xtec.cat\/escolacaudelaguineu\/wp-content\/uploads\/usu1304\/2025\/04\/IMG_2486-300x300.jpg\" alt=\"\" class=\"wp-image-3690\" srcset=\"https:\/\/agora.xtec.cat\/escolacaudelaguineu\/wp-content\/uploads\/usu1304\/2025\/04\/IMG_2486-300x300.jpg 300w, https:\/\/agora.xtec.cat\/escolacaudelaguineu\/wp-content\/uploads\/usu1304\/2025\/04\/IMG_2486-1024x1020.jpg 1024w, https:\/\/agora.xtec.cat\/escolacaudelaguineu\/wp-content\/uploads\/usu1304\/2025\/04\/IMG_2486-150x150.jpg 150w, https:\/\/agora.xtec.cat\/escolacaudelaguineu\/wp-content\/uploads\/usu1304\/2025\/04\/IMG_2486-768x765.jpg 768w, https:\/\/agora.xtec.cat\/escolacaudelaguineu\/wp-content\/uploads\/usu1304\/2025\/04\/IMG_2486.jpg 1365w\" sizes=\"auto, (max-width: 300px) 100vw, 300px\" \/><\/a><\/figure>\n\n\n\n<p><\/p>\n\n\n\n<p>&nbsp;<\/p>\n\n\n\n<p>&nbsp;<\/p>\n\n\n\n<p><strong><span style=\"color: #ff9900;\">Bicicletada<\/span><\/strong><\/p>\n\n\n\n<p>&nbsp;<\/p>\n\n\n\n<figure class=\"wp-block-image aligncenter\"><a href=\"https:\/\/drive.google.com\/file\/d\/1lRbTFvkduXlg9rL2JWSTHIqLu4c0rHbx\/view?usp=sharing\" target=\"_blank\" rel=\"noopener\"><img loading=\"lazy\" decoding=\"async\" width=\"300\" height=\"294\" src=\"https:\/\/agora.xtec.cat\/escolacaudelaguineu\/wp-content\/uploads\/usu1304\/2025\/04\/IMG_2483-300x294.jpg\" alt=\"\" class=\"wp-image-3686\" srcset=\"https:\/\/agora.xtec.cat\/escolacaudelaguineu\/wp-content\/uploads\/usu1304\/2025\/04\/IMG_2483-300x294.jpg 300w, https:\/\/agora.xtec.cat\/escolacaudelaguineu\/wp-content\/uploads\/usu1304\/2025\/04\/IMG_2483-1024x1004.jpg 1024w, https:\/\/agora.xtec.cat\/escolacaudelaguineu\/wp-content\/uploads\/usu1304\/2025\/04\/IMG_2483-768x753.jpg 768w, https:\/\/agora.xtec.cat\/escolacaudelaguineu\/wp-content\/uploads\/usu1304\/2025\/04\/IMG_2483.jpg 1170w\" sizes=\"auto, (max-width: 300px) 100vw, 300px\" \/><\/a><\/figure>\n\n\n\n<p><strong><span style=\"color: #ff9900;\"><\/span><\/strong><\/p>\n\n\n\n<p>&nbsp;<\/p>\n\n\n\n<p>&nbsp;<\/p>\n\n\n\n<p><strong><span style=\"color: #ff9900;\">Formaci\u00f3 docent<\/span><\/strong><\/p>\n\n\n\n<p>&nbsp;<\/p>\n\n\n\n<p><span style=\"font-weight: 400;\">L\u2019equip docent creiem en la formaci\u00f3 permanent com a millora educativa. Actualment, fem formaci\u00f3 sobre el curr\u00edculum educatiu i els llenguatges art\u00edstics amb la Meritxell Balada.<\/span><\/p>\n\n\n\n<p><span style=\"font-weight: 400;\">Aquesta formaci\u00f3, ens permetr\u00e0 contribuir a la millora de la qualitat de propostes que oferim als infants i com els acompanyem, posar la mirada en el cos, el moviment, la creativitat i les arts com a mitjans d\u2019expressi\u00f3 globalitzadors.<\/span><\/p>\n\n\n\n<div class=\"wp-block-media-text is-stacked-on-mobile\"><figure class=\"wp-block-media-text__media\"><img loading=\"lazy\" decoding=\"async\" width=\"501\" height=\"418\" src=\"https:\/\/agora.xtec.cat\/escolacaudelaguineu\/wp-content\/uploads\/usu1304\/2025\/03\/FORMACIO-ART.png\" alt=\"\" class=\"wp-image-3681 size-full\" srcset=\"https:\/\/agora.xtec.cat\/escolacaudelaguineu\/wp-content\/uploads\/usu1304\/2025\/03\/FORMACIO-ART.png 501w, https:\/\/agora.xtec.cat\/escolacaudelaguineu\/wp-content\/uploads\/usu1304\/2025\/03\/FORMACIO-ART-300x250.png 300w\" sizes=\"auto, (max-width: 501px) 100vw, 501px\" \/><\/figure><div class=\"wp-block-media-text__content\">\n<p><\/p>\n<\/div><\/div>\n\n\n\n<p><\/p>\n\n\n\n<p><strong><span style=\"color: #ff9900;\">Fris cronol\u00f2gic 8M<\/span><\/strong><\/p>\n\n\n\n<figure class=\"wp-block-image aligncenter\"><a href=\"https:\/\/drive.google.com\/file\/d\/1cDFCCEx7iTqXFTRKqTfbUa-ovyQXjnYH\/view?usp=sharing\"><img loading=\"lazy\" decoding=\"async\" width=\"432\" height=\"394\" src=\"https:\/\/agora.xtec.cat\/escolacaudelaguineu\/wp-content\/uploads\/usu1304\/2025\/03\/FRIS-8M.png\" alt=\"\" class=\"wp-image-3680\" srcset=\"https:\/\/agora.xtec.cat\/escolacaudelaguineu\/wp-content\/uploads\/usu1304\/2025\/03\/FRIS-8M.png 432w, https:\/\/agora.xtec.cat\/escolacaudelaguineu\/wp-content\/uploads\/usu1304\/2025\/03\/FRIS-8M-300x274.png 300w\" sizes=\"auto, (max-width: 432px) 100vw, 432px\" \/><\/a><\/figure>\n\n\n\n<p><a href=\"https:\/\/drive.google.com\/file\/d\/1cDFCCEx7iTqXFTRKqTfbUa-ovyQXjnYH\/view?usp=sharing\"><span style=\"color: #000000;\">Amb motiu del dia 8 de mar\u00e7, l&#8217;alumnat de l&#8217;escola ha realitzat un fris cronol\u00f2gic amb les diferents dones de la hist\u00f2ria. Hi ha participat tots els infants de prim\u00e0ria i s&#8217;ha convidat a veure-ho a les fam\u00edlies.<\/span><br><\/a><\/p>\n\n\n\n<p>&nbsp;<\/p>\n\n\n\n<p>&nbsp;<\/p>\n\n\n\n<p><span style=\"color: #ff9900;\"><strong>Un dia qualsevol. <\/strong><\/span><\/p>\n\n\n\n<p><em><span style=\"color: #000000;\">&#8220;Algunes persones senten la pluja, altres simplement, es mullen&#8221;.<\/span><\/em><\/p>\n\n\n\n<div class=\"wp-block-media-text is-stacked-on-mobile\"><figure class=\"wp-block-media-text__media\"><img loading=\"lazy\" decoding=\"async\" width=\"667\" height=\"1000\" src=\"https:\/\/agora.xtec.cat\/escolacaudelaguineu\/wp-content\/uploads\/usu1304\/2024\/12\/pati-de-pluja-2.png\" alt=\"\" class=\"wp-image-3553 size-full\" srcset=\"https:\/\/agora.xtec.cat\/escolacaudelaguineu\/wp-content\/uploads\/usu1304\/2024\/12\/pati-de-pluja-2.png 667w, https:\/\/agora.xtec.cat\/escolacaudelaguineu\/wp-content\/uploads\/usu1304\/2024\/12\/pati-de-pluja-2-200x300.png 200w\" sizes=\"auto, (max-width: 667px) 100vw, 667px\" \/><\/figure><div class=\"wp-block-media-text__content\">\n<p><\/p>\n<\/div><\/div>\n\n\n\n<p><\/p>\n\n\n\n<p>&nbsp;<\/p>\n\n\n\n<p><span style=\"color: #ff9900;\"><strong>Com hem <em>vist<\/em>&nbsp; la castanyada 2024&#8230;<\/strong><\/span><\/p>\n\n\n\n<figure class=\"wp-block-video\"><video controls src=\"https:\/\/agora.xtec.cat\/escolacaudelaguineu\/wp-content\/uploads\/usu1304\/2024\/12\/Castanyada-2024-.mp4\"><\/video><\/figure>\n\n\n\n<p class=\"has-luminous-vivid-amber-color has-text-color has-link-color wp-elements-449ac6ad6f96610ae60d5e7b6964ee2e\"><strong>CAMP D&#8217;APRENENTATGE PAU CASALS CURS 2024-2025<\/strong><\/p>\n\n\n\n<div class=\"wp-block-media-text alignwide is-stacked-on-mobile\" style=\"grid-template-columns:49% auto\"><figure class=\"wp-block-media-text__media\"><img loading=\"lazy\" decoding=\"async\" width=\"244\" height=\"237\" src=\"https:\/\/agora.xtec.cat\/escolacaudelaguineu\/wp-content\/uploads\/usu1304\/2025\/10\/Cada-Pas-del-Cami-24-25-1.png\" alt=\"\" class=\"wp-image-3825 size-full\"\/><\/figure><div class=\"wp-block-media-text__content\">\n<p class=\"has-luminous-vivid-amber-color has-text-color has-link-color wp-elements-8ad237304254ed33cc0080c456665ac0\"><strong>L\u2019EXPERI\u00c8NCIA AL CAMP D\u2019APRENENTATGE PAU CASALS<\/strong><\/p>\n\n\n\n<p>Els infants de 4t han gravat aquesta can\u00e7\u00f3 al Camp d&#8217;aprenentatge Pau Casals. Han estat uns dies plens d&#8217;experi\u00e8ncies inoblidables. <\/p>\n\n\n\n<p>Cliqueu per veure l&#8217;enregistrament de la can\u00e7\u00f3:<\/p>\n\n\n\n<p><a href=\"https:\/\/cdapaucasals.com\/releases\/escola-el-cau-de-la-guineu-2024-25\/\"> Cada pas del cam\u00ed de  Miki N\u00fa\u00f1ez,<\/a> Cantada pels infants del Cau de a Guineu<\/p>\n\n\n\n<p><\/p>\n<\/div><\/div>\n\n\n\n<p><\/p>\n\n\n","protected":false},"excerpt":{"rendered":"<p>A trav\u00e9s de petits relats i fotografies, compartim amb la comunitat educativa una mostra de la&nbsp; visi\u00f3 propera i aut\u00e8ntica del nostre projecte educatiu. En aquesta secci\u00f3, obrim una finestra de la nostra escola i mostrem petits moments a mode de &#8220;picada d&#8217;ullet&#8221;. UNA VISITA GEGANT Hem rebut una visita molt especial, els gegants del [&hellip;]<\/p>\n","protected":false},"author":1,"featured_media":0,"parent":0,"menu_order":0,"comment_status":"closed","ping_status":"closed","template":"","meta":{"_bbp_topic_count":0,"_bbp_reply_count":0,"_bbp_total_topic_count":0,"_bbp_total_reply_count":0,"_bbp_voice_count":0,"_bbp_anonymous_reply_count":0,"_bbp_topic_count_hidden":0,"_bbp_reply_count_hidden":0,"_bbp_forum_subforum_count":0,"site-sidebar-layout":"default","site-content-layout":"","ast-site-content-layout":"default","site-content-style":"default","site-sidebar-style":"default","ast-global-header-display":"","ast-banner-title-visibility":"","ast-main-header-display":"","ast-hfb-above-header-display":"","ast-hfb-below-header-display":"","ast-hfb-mobile-header-display":"","site-post-title":"","ast-breadcrumbs-content":"","ast-featured-img":"","footer-sml-layout":"","theme-transparent-header-meta":"","adv-header-id-meta":"","stick-header-meta":"","header-above-stick-meta":"","header-main-stick-meta":"","header-below-stick-meta":"","astra-migrate-meta-layouts":"set","ast-page-background-enabled":"default","ast-page-background-meta":{"desktop":{"background-color":"var(--ast-global-color-4)","background-image":"","background-repeat":"repeat","background-position":"center center","background-size":"auto","background-attachment":"scroll","background-type":"","background-media":"","overlay-type":"","overlay-color":"","overlay-opacity":"","overlay-gradient":""},"tablet":{"background-color":"","background-image":"","background-repeat":"repeat","background-position":"center center","background-size":"auto","background-attachment":"scroll","background-type":"","background-media":"","overlay-type":"","overlay-color":"","overlay-opacity":"","overlay-gradient":""},"mobile":{"background-color":"","background-image":"","background-repeat":"repeat","background-position":"center center","background-size":"auto","background-attachment":"scroll","background-type":"","background-media":"","overlay-type":"","overlay-color":"","overlay-opacity":"","overlay-gradient":""}},"ast-content-background-meta":{"desktop":{"background-color":"var(--ast-global-color-5)","background-image":"","background-repeat":"repeat","background-position":"center center","background-size":"auto","background-attachment":"scroll","background-type":"","background-media":"","overlay-type":"","overlay-color":"","overlay-opacity":"","overlay-gradient":""},"tablet":{"background-color":"var(--ast-global-color-5)","background-image":"","background-repeat":"repeat","background-position":"center center","background-size":"auto","background-attachment":"scroll","background-type":"","background-media":"","overlay-type":"","overlay-color":"","overlay-opacity":"","overlay-gradient":""},"mobile":{"background-color":"var(--ast-global-color-5)","background-image":"","background-repeat":"repeat","background-position":"center center","background-size":"auto","background-attachment":"scroll","background-type":"","background-media":"","overlay-type":"","overlay-color":"","overlay-opacity":"","overlay-gradient":""}},"footnotes":""},"class_list":["post-3549","page","type-page","status-publish","hentry"],"post_mailing_queue_ids":[],"_links":{"self":[{"href":"https:\/\/agora.xtec.cat\/escolacaudelaguineu\/wp-json\/wp\/v2\/pages\/3549","targetHints":{"allow":["GET"]}}],"collection":[{"href":"https:\/\/agora.xtec.cat\/escolacaudelaguineu\/wp-json\/wp\/v2\/pages"}],"about":[{"href":"https:\/\/agora.xtec.cat\/escolacaudelaguineu\/wp-json\/wp\/v2\/types\/page"}],"author":[{"embeddable":true,"href":"https:\/\/agora.xtec.cat\/escolacaudelaguineu\/wp-json\/wp\/v2\/users\/1"}],"replies":[{"embeddable":true,"href":"https:\/\/agora.xtec.cat\/escolacaudelaguineu\/wp-json\/wp\/v2\/comments?post=3549"}],"version-history":[{"count":6,"href":"https:\/\/agora.xtec.cat\/escolacaudelaguineu\/wp-json\/wp\/v2\/pages\/3549\/revisions"}],"predecessor-version":[{"id":3899,"href":"https:\/\/agora.xtec.cat\/escolacaudelaguineu\/wp-json\/wp\/v2\/pages\/3549\/revisions\/3899"}],"wp:attachment":[{"href":"https:\/\/agora.xtec.cat\/escolacaudelaguineu\/wp-json\/wp\/v2\/media?parent=3549"}],"curies":[{"name":"wp","href":"https:\/\/api.w.org\/{rel}","templated":true}]}}