{"id":3498,"date":"2024-07-03T20:50:03","date_gmt":"2024-07-03T18:50:03","guid":{"rendered":"https:\/\/agora.xtec.cat\/escolacaudelaguineu\/?page_id=3498"},"modified":"2025-04-25T16:06:57","modified_gmt":"2025-04-25T14:06:57","slug":"oferta-educativa","status":"publish","type":"page","link":"https:\/\/agora.xtec.cat\/escolacaudelaguineu\/oferta-educativa\/","title":{"rendered":"Oferta educativa"},"content":{"rendered":"<p><span style=\"font-weight: 400;\">L\u2019escola ofereix els ensenyaments des de I-3 a 6\u00e8 de Prim\u00e0ria.<\/span><\/p>\n<p><img loading=\"lazy\" decoding=\"async\" class=\"wp-image-3521 alignright\" src=\"https:\/\/agora.xtec.cat\/escolacaudelaguineu\/wp-content\/uploads\/usu1304\/2024\/09\/Oferta-educativa-Web-Cau-de-la-Guineu-1024x1024.png\" alt=\"\" width=\"562\" height=\"562\" srcset=\"https:\/\/agora.xtec.cat\/escolacaudelaguineu\/wp-content\/uploads\/usu1304\/2024\/09\/Oferta-educativa-Web-Cau-de-la-Guineu-1024x1024.png 1024w, https:\/\/agora.xtec.cat\/escolacaudelaguineu\/wp-content\/uploads\/usu1304\/2024\/09\/Oferta-educativa-Web-Cau-de-la-Guineu-300x300.png 300w, https:\/\/agora.xtec.cat\/escolacaudelaguineu\/wp-content\/uploads\/usu1304\/2024\/09\/Oferta-educativa-Web-Cau-de-la-Guineu-150x150.png 150w, https:\/\/agora.xtec.cat\/escolacaudelaguineu\/wp-content\/uploads\/usu1304\/2024\/09\/Oferta-educativa-Web-Cau-de-la-Guineu-768x768.png 768w, https:\/\/agora.xtec.cat\/escolacaudelaguineu\/wp-content\/uploads\/usu1304\/2024\/09\/Oferta-educativa-Web-Cau-de-la-Guineu.png 1080w\" sizes=\"auto, (max-width: 562px) 100vw, 562px\" \/><\/p>\n<p><span style=\"font-weight: 400;\">Actualment la nostra escola est\u00e0 formada per una l\u00ednia:<\/span><\/p>\n<ul>\n<li style=\"font-weight: 400;\" aria-level=\"1\"><span style=\"font-weight: 400;\">3 unitats d\u2019Educaci\u00f3 Infantil.<\/span><\/li>\n<li style=\"font-weight: 400;\" aria-level=\"1\"><span style=\"font-weight: 400;\">6 unitats d\u2019Educaci\u00f3 Prim\u00e0ria.<\/span><\/li>\n<li style=\"font-weight: 400;\" aria-level=\"1\"><span style=\"font-weight: 400;\">Recurs SIEI (Suport intensiu d\u2019escolaritat inclusiva)<\/span><\/li>\n<\/ul>\n<p>&nbsp;<\/p>\n<p style=\"text-align: justify;\"><span style=\"font-weight: 400;\">El curs 2<\/span><span style=\"font-weight: 400;\">4-25 hi ha l\u2019obertura del SIEI al Cau de la Guineu. El SIEI s\u00f3n dotacions extraordin\u00e0ries de professionals que s\u2019incorporen a les plantilles de les escoles com a recursos intensius per atendre els infants amb necessitats educatives especials que ho necessitin. El SIEI \u00e9s un recurs per al centre que se suma als suports universals i addicionals per a la inclusi\u00f3.<\/span><\/p>\n<p style=\"text-align: justify;\"><span style=\"font-weight: 400;\">\u00a0Aquest recurs pret\u00e9n ser ob<\/span><span style=\"font-weight: 400;\">ert i flexible, per tal de disminuir les barreres per l\u2019aprenentatge i fer participar al m\u00e0xim als infants <\/span><span style=\"font-weight: 400;\">que presenten necessitats educatives especials.\u00a0<\/span><\/p>\n<p style=\"text-align: justify;\"><span style=\"font-weight: 400;\">Implementem pr\u00e0ctiques inclusives i distribu\u00efm els recursos segons les necessitats i les caracter\u00edstiques de tots els infants de l\u2019escola amb l\u2019equip sinergies i la CAEI. D\u2019aquesta forma, aquests recursos i les eines metodol\u00f2giques utilitzades s\u2019optimitzen i s\u2019ajusten a les necessitats dels infants.<\/span><\/p>\n<p style=\"text-align: justify;\"><span style=\"font-weight: 400;\">Els infants adscrits al SIEI disposen d\u2019un reconeixement per part de l\u2019EAP i de la Resoluci\u00f3 de la Directora dels Serveis Territorials.<\/span><\/p>\n","protected":false},"excerpt":{"rendered":"<p>L\u2019escola ofereix els ensenyaments des de I-3 a 6\u00e8 de Prim\u00e0ria. Actualment la nostra escola est\u00e0 formada per una l\u00ednia: 3 unitats d\u2019Educaci\u00f3 Infantil. 6 unitats d\u2019Educaci\u00f3 Prim\u00e0ria. Recurs SIEI (Suport intensiu d\u2019escolaritat inclusiva) &nbsp; El curs 24-25 hi ha l\u2019obertura del SIEI al Cau de la Guineu. El SIEI s\u00f3n dotacions extraordin\u00e0ries de professionals [&hellip;]<\/p>\n","protected":false},"author":1,"featured_media":0,"parent":0,"menu_order":0,"comment_status":"closed","ping_status":"closed","template":"","meta":{"_bbp_topic_count":0,"_bbp_reply_count":0,"_bbp_total_topic_count":0,"_bbp_total_reply_count":0,"_bbp_voice_count":0,"_bbp_anonymous_reply_count":0,"_bbp_topic_count_hidden":0,"_bbp_reply_count_hidden":0,"_bbp_forum_subforum_count":0,"site-sidebar-layout":"default","site-content-layout":"","ast-site-content-layout":"","site-content-style":"default","site-sidebar-style":"default","ast-global-header-display":"","ast-banner-title-visibility":"","ast-main-header-display":"","ast-hfb-above-header-display":"","ast-hfb-below-header-display":"","ast-hfb-mobile-header-display":"","site-post-title":"","ast-breadcrumbs-content":"","ast-featured-img":"","footer-sml-layout":"","theme-transparent-header-meta":"","adv-header-id-meta":"","stick-header-meta":"","header-above-stick-meta":"","header-main-stick-meta":"","header-below-stick-meta":"","astra-migrate-meta-layouts":"default","ast-page-background-enabled":"default","ast-page-background-meta":{"desktop":{"background-color":"var(--ast-global-color-4)","background-image":"","background-repeat":"repeat","background-position":"center center","background-size":"auto","background-attachment":"scroll","background-type":"","background-media":"","overlay-type":"","overlay-color":"","overlay-opacity":"","overlay-gradient":""},"tablet":{"background-color":"","background-image":"","background-repeat":"repeat","background-position":"center center","background-size":"auto","background-attachment":"scroll","background-type":"","background-media":"","overlay-type":"","overlay-color":"","overlay-opacity":"","overlay-gradient":""},"mobile":{"background-color":"","background-image":"","background-repeat":"repeat","background-position":"center center","background-size":"auto","background-attachment":"scroll","background-type":"","background-media":"","overlay-type":"","overlay-color":"","overlay-opacity":"","overlay-gradient":""}},"ast-content-background-meta":{"desktop":{"background-color":"var(--ast-global-color-5)","background-image":"","background-repeat":"repeat","background-position":"center center","background-size":"auto","background-attachment":"scroll","background-type":"","background-media":"","overlay-type":"","overlay-color":"","overlay-opacity":"","overlay-gradient":""},"tablet":{"background-color":"var(--ast-global-color-5)","background-image":"","background-repeat":"repeat","background-position":"center center","background-size":"auto","background-attachment":"scroll","background-type":"","background-media":"","overlay-type":"","overlay-color":"","overlay-opacity":"","overlay-gradient":""},"mobile":{"background-color":"var(--ast-global-color-5)","background-image":"","background-repeat":"repeat","background-position":"center center","background-size":"auto","background-attachment":"scroll","background-type":"","background-media":"","overlay-type":"","overlay-color":"","overlay-opacity":"","overlay-gradient":""}},"footnotes":""},"class_list":["post-3498","page","type-page","status-publish","hentry"],"post_mailing_queue_ids":[],"_links":{"self":[{"href":"https:\/\/agora.xtec.cat\/escolacaudelaguineu\/wp-json\/wp\/v2\/pages\/3498","targetHints":{"allow":["GET"]}}],"collection":[{"href":"https:\/\/agora.xtec.cat\/escolacaudelaguineu\/wp-json\/wp\/v2\/pages"}],"about":[{"href":"https:\/\/agora.xtec.cat\/escolacaudelaguineu\/wp-json\/wp\/v2\/types\/page"}],"author":[{"embeddable":true,"href":"https:\/\/agora.xtec.cat\/escolacaudelaguineu\/wp-json\/wp\/v2\/users\/1"}],"replies":[{"embeddable":true,"href":"https:\/\/agora.xtec.cat\/escolacaudelaguineu\/wp-json\/wp\/v2\/comments?post=3498"}],"version-history":[{"count":3,"href":"https:\/\/agora.xtec.cat\/escolacaudelaguineu\/wp-json\/wp\/v2\/pages\/3498\/revisions"}],"predecessor-version":[{"id":3697,"href":"https:\/\/agora.xtec.cat\/escolacaudelaguineu\/wp-json\/wp\/v2\/pages\/3498\/revisions\/3697"}],"wp:attachment":[{"href":"https:\/\/agora.xtec.cat\/escolacaudelaguineu\/wp-json\/wp\/v2\/media?parent=3498"}],"curies":[{"name":"wp","href":"https:\/\/api.w.org\/{rel}","templated":true}]}}