{"id":3494,"date":"2024-07-03T12:16:03","date_gmt":"2024-07-03T10:16:03","guid":{"rendered":"https:\/\/agora.xtec.cat\/escolacaudelaguineu\/?page_id=3494"},"modified":"2025-01-26T21:55:59","modified_gmt":"2025-01-26T20:55:59","slug":"com-treballem","status":"publish","type":"page","link":"https:\/\/agora.xtec.cat\/escolacaudelaguineu\/com-treballem\/","title":{"rendered":"Com treballem?"},"content":{"rendered":"<p><img loading=\"lazy\" decoding=\"async\" class=\"aligncenter size-full wp-image-3527\" src=\"https:\/\/agora.xtec.cat\/escolacaudelaguineu\/wp-content\/uploads\/usu1304\/2024\/09\/trets-essencials-CAU.png\" alt=\"\" width=\"1024\" height=\"768\" srcset=\"https:\/\/agora.xtec.cat\/escolacaudelaguineu\/wp-content\/uploads\/usu1304\/2024\/09\/trets-essencials-CAU.png 1024w, https:\/\/agora.xtec.cat\/escolacaudelaguineu\/wp-content\/uploads\/usu1304\/2024\/09\/trets-essencials-CAU-300x225.png 300w, https:\/\/agora.xtec.cat\/escolacaudelaguineu\/wp-content\/uploads\/usu1304\/2024\/09\/trets-essencials-CAU-768x576.png 768w, https:\/\/agora.xtec.cat\/escolacaudelaguineu\/wp-content\/uploads\/usu1304\/2024\/09\/trets-essencials-CAU-200x150.png 200w\" sizes=\"auto, (max-width: 1024px) 100vw, 1024px\" \/><\/p>\n<p><span style=\"font-weight: 400;\">L\u2019escola ha nascut i crescut amb una<\/span><b> identitat i model pedag\u00f2gic propi<\/b><span style=\"font-weight: 400;\"> i es planteja reptes a nivell organitzatiu i pedag\u00f2gic.\u00a0<\/span><\/p>\n<p><span style=\"font-weight: 400;\">\u00c9s per aix\u00f2, que <\/span><b>\u201cSom una escola que camina\u201d, <\/b><span style=\"font-weight: 400;\">tamb\u00e9 <\/span><i><span style=\"font-weight: 400;\">en l\u2019\u00e0mbit pedag\u00f2gic<\/span><\/i><span style=\"font-weight: 400;\">. Consolidem en els infants una base d\u2019aprenentatge per tal de ser competents i poder-se desenvolupar en el marc de la societat actual tan canviant.<\/span><\/p>\n<p><span style=\"font-weight: 400;\">Reguem d\u2019inspiraci\u00f3 el dia a dia amb <\/span><b>corrents pedag\u00f2giques educatives<\/b><span style=\"font-weight: 400;\"> que al llarg de la hist\u00f2ria i actualment, ens inspiren i tenen sentit en la nostra mirada cap als infants i l\u2019escola.\u00a0<\/span><\/p>\n<p><span style=\"font-weight: 400;\">Ens interessa la <\/span><b>innovaci\u00f3 i la reflexi\u00f3 constant <\/b><span style=\"font-weight: 400;\">sobre la pr\u00f2pia pr\u00e0ctica educativa com a estrat\u00e8gia per a la millora sostinguda.<\/span><\/p>\n<p><span style=\"font-weight: 400;\">La pr\u00f2pia etimologia de la paraula <\/span><b>Cau<\/b><span style=\"font-weight: 400;\">: \u201cdel llat\u00ed <\/span><i><span style=\"font-weight: 400;\">cavus refugium<\/span><\/i><span style=\"font-weight: 400;\">: <\/span><i><span style=\"font-weight: 400;\">refugi o lloc on s\u2019acull i es guareix\u201d, <\/span><\/i><span style=\"font-weight: 400;\">ens porta als nostres tres pilars de treball: <\/span><b>el Benestar, la Diversitat i Autonomia.<\/b><span style=\"font-weight: 400;\">\u00a0<\/span><\/p>\n<p><span style=\"font-weight: 400;\">Es reflecteixen tamb\u00e9 en els nostres <\/span><strong><span style=\"color: #000000;\"><i>valors establerts en el Projecte educatiu de centre <\/i><\/span><\/strong><span style=\"font-weight: 400;\">que s\u00f3n:<\/span><\/p>\n<ul style=\"list-style-type: circle;\">\n<li><span style=\"font-weight: 400;\">Acompanyament amor\u00f3s i respectu\u00f3s cap als infants, les fam\u00edlies, el professorat i monitoratge tenint present tota la comunitat educativa.<\/span><\/li>\n<li><span style=\"font-weight: 400;\">\u00a0Foment de la cultura de l\u2019esfor\u00e7 individual i col\u00b7lectiu per superar les fites di\u00e0ries.<\/span><\/li>\n<li><span style=\"font-weight: 400;\">Comprom\u00eds en l\u2019equitat, qualitat i millora continua de tota la comunitat educativa: infants, fam\u00edlies i professionals.<\/span><\/li>\n<li><span style=\"font-weight: 400;\">Confian\u00e7a, const\u00e0ncia, responsabilitat, sentit de pertinen\u00e7a, equilibri entre donar i rebre, l\u2019ordre, l\u2019escolta restaurativa, la seguretat, la tranquil\u00b7litat, la comprensi\u00f3, l\u2019autonomia, la inclusi\u00f3 i la igualtat entre tota la comunitat educativa.<\/span><\/li>\n<li><span style=\"font-weight: 400;\">\u00a0Cooperaci\u00f3 activa entre tots i totes.<\/span><\/li>\n<li><span style=\"font-weight: 400;\">\u00a0Benestar emocional per poder aprendre millor.<\/span><\/li>\n<\/ul>\n<p><span style=\"font-weight: 400;\">Continuem creant una escola amb singularitat propia, oberta als canvis socials constants, on l&#8217;<\/span><span style=\"color: #ff9900;\"><b>admiraci\u00f3 per la inf\u00e0ncia <\/b><span style=\"font-weight: 400; color: #000000;\">\u00e9s el focus principal. <\/span><\/span><\/p>\n","protected":false},"excerpt":{"rendered":"<p>L\u2019escola ha nascut i crescut amb una identitat i model pedag\u00f2gic propi i es planteja reptes a nivell organitzatiu i pedag\u00f2gic.\u00a0 \u00c9s per aix\u00f2, que \u201cSom una escola que camina\u201d, tamb\u00e9 en l\u2019\u00e0mbit pedag\u00f2gic. Consolidem en els infants una base d\u2019aprenentatge per tal de ser competents i poder-se desenvolupar en el marc de la societat [&hellip;]<\/p>\n","protected":false},"author":1,"featured_media":0,"parent":0,"menu_order":0,"comment_status":"closed","ping_status":"closed","template":"","meta":{"_bbp_topic_count":0,"_bbp_reply_count":0,"_bbp_total_topic_count":0,"_bbp_total_reply_count":0,"_bbp_voice_count":0,"_bbp_anonymous_reply_count":0,"_bbp_topic_count_hidden":0,"_bbp_reply_count_hidden":0,"_bbp_forum_subforum_count":0,"site-sidebar-layout":"default","site-content-layout":"","ast-site-content-layout":"","site-content-style":"default","site-sidebar-style":"default","ast-global-header-display":"","ast-banner-title-visibility":"","ast-main-header-display":"","ast-hfb-above-header-display":"","ast-hfb-below-header-display":"","ast-hfb-mobile-header-display":"","site-post-title":"","ast-breadcrumbs-content":"","ast-featured-img":"","footer-sml-layout":"","theme-transparent-header-meta":"","adv-header-id-meta":"","stick-header-meta":"","header-above-stick-meta":"","header-main-stick-meta":"","header-below-stick-meta":"","astra-migrate-meta-layouts":"default","ast-page-background-enabled":"default","ast-page-background-meta":{"desktop":{"background-color":"var(--ast-global-color-4)","background-image":"","background-repeat":"repeat","background-position":"center center","background-size":"auto","background-attachment":"scroll","background-type":"","background-media":"","overlay-type":"","overlay-color":"","overlay-opacity":"","overlay-gradient":""},"tablet":{"background-color":"","background-image":"","background-repeat":"repeat","background-position":"center center","background-size":"auto","background-attachment":"scroll","background-type":"","background-media":"","overlay-type":"","overlay-color":"","overlay-opacity":"","overlay-gradient":""},"mobile":{"background-color":"","background-image":"","background-repeat":"repeat","background-position":"center center","background-size":"auto","background-attachment":"scroll","background-type":"","background-media":"","overlay-type":"","overlay-color":"","overlay-opacity":"","overlay-gradient":""}},"ast-content-background-meta":{"desktop":{"background-color":"var(--ast-global-color-5)","background-image":"","background-repeat":"repeat","background-position":"center center","background-size":"auto","background-attachment":"scroll","background-type":"","background-media":"","overlay-type":"","overlay-color":"","overlay-opacity":"","overlay-gradient":""},"tablet":{"background-color":"var(--ast-global-color-5)","background-image":"","background-repeat":"repeat","background-position":"center center","background-size":"auto","background-attachment":"scroll","background-type":"","background-media":"","overlay-type":"","overlay-color":"","overlay-opacity":"","overlay-gradient":""},"mobile":{"background-color":"var(--ast-global-color-5)","background-image":"","background-repeat":"repeat","background-position":"center center","background-size":"auto","background-attachment":"scroll","background-type":"","background-media":"","overlay-type":"","overlay-color":"","overlay-opacity":"","overlay-gradient":""}},"footnotes":""},"class_list":["post-3494","page","type-page","status-publish","hentry"],"post_mailing_queue_ids":[],"_links":{"self":[{"href":"https:\/\/agora.xtec.cat\/escolacaudelaguineu\/wp-json\/wp\/v2\/pages\/3494","targetHints":{"allow":["GET"]}}],"collection":[{"href":"https:\/\/agora.xtec.cat\/escolacaudelaguineu\/wp-json\/wp\/v2\/pages"}],"about":[{"href":"https:\/\/agora.xtec.cat\/escolacaudelaguineu\/wp-json\/wp\/v2\/types\/page"}],"author":[{"embeddable":true,"href":"https:\/\/agora.xtec.cat\/escolacaudelaguineu\/wp-json\/wp\/v2\/users\/1"}],"replies":[{"embeddable":true,"href":"https:\/\/agora.xtec.cat\/escolacaudelaguineu\/wp-json\/wp\/v2\/comments?post=3494"}],"version-history":[{"count":6,"href":"https:\/\/agora.xtec.cat\/escolacaudelaguineu\/wp-json\/wp\/v2\/pages\/3494\/revisions"}],"predecessor-version":[{"id":3526,"href":"https:\/\/agora.xtec.cat\/escolacaudelaguineu\/wp-json\/wp\/v2\/pages\/3494\/revisions\/3526"}],"wp:attachment":[{"href":"https:\/\/agora.xtec.cat\/escolacaudelaguineu\/wp-json\/wp\/v2\/media?parent=3494"}],"curies":[{"name":"wp","href":"https:\/\/api.w.org\/{rel}","templated":true}]}}