{"id":3488,"date":"2024-07-03T12:12:42","date_gmt":"2024-07-03T10:12:42","guid":{"rendered":"https:\/\/agora.xtec.cat\/escolacaudelaguineu\/?page_id=3488"},"modified":"2026-02-04T15:54:23","modified_gmt":"2026-02-04T14:54:23","slug":"espai-migdia","status":"publish","type":"page","link":"https:\/\/agora.xtec.cat\/escolacaudelaguineu\/espai-migdia\/","title":{"rendered":"Espai educatiu del migdia"},"content":{"rendered":"<p style=\"text-align: justify;\"><span style=\"font-weight: 400;\"><strong>L\u2019estona de l&#8217;espai educatiu del migdia forma part i ha d\u2019estar integrada a la jornada escolar<\/strong>, per aix\u00f2 treballem en la mateixa l\u00ednia pedag\u00f2gica de l\u2019escola amb un acompanyament respectu\u00f3s als processos de vida dels infants.<\/span><\/p>\n<p style=\"text-align: justify;\"><span style=\"font-weight: 400;\">L\u2019escola compta amb un servei de menjador amb cuina pr\u00f2pia i un equip d&#8217;educador\/es que acompanyen els infants en l\u2019estona del migdia.<\/span><\/p>\n<p style=\"text-align: justify;\"><span style=\"font-weight: 400;\">Tots els grups estan atesos en tot moment per aquest personal. A part de garantir una alimentaci\u00f3 adequada, el servei de menjador escolar t\u00e9 com a objectiu principal potenciar que els nens i nenes que en fan \u00fas adquireixin uns bons h\u00e0bits, tant higi\u00e8nics com de conviv\u00e8ncia, d\u2019alimentaci\u00f3 i de lleure.<\/span><\/p>\n<p style=\"text-align: justify;\"><span style=\"font-weight: 400;\">Es divideix la intervenci\u00f3 del servei en dos vessants:<\/span><span style=\"font-weight: 400;\"><br \/>\n<\/span><span style=\"font-weight: 400;\">* El servei d\u2019alimentaci\u00f3.<\/span><span style=\"font-weight: 400;\"><br \/>\n<\/span><span style=\"font-weight: 400;\">* El servei d\u2019educaci\u00f3 en el temps de lleure.<\/span><\/p>\n<p style=\"text-align: justify;\"><span style=\"font-weight: 400;\">L\u2019estona d\u2019esbarjo, un cop han acabat de dinar, est\u00e0 dedicada al descans en el cas dels infants d\u2019i3, i activitats de lleure d\u2019infantil 4 a 6\u00e8 de prim\u00e0ria.<\/span><\/p>\n<p style=\"text-align: justify;\"><span style=\"font-weight: 400;\">Podeu consultar la <\/span><a href=\"https:\/\/afacaudelaguineu.blogspot.com\/\"><b><span style=\"color: #ff6600;\"><span style=\"text-decoration: underline;\">web de l\u2019AFA<\/span><\/span><\/b><\/a> <span style=\"font-weight: 400;\">per a saber m\u00e9s sobre l\u2019espai de migdia o sobre l\u2019oferta d\u2019activitats extraescolars en la franja de menjador. <\/span><\/p>\n<p style=\"text-align: justify;\"><span style=\"font-weight: 400;\">A l&#8217;apartat &#8220;extraescolars, diagnosi inicial&#8221; podreu veure la diagnosi realitzada el curs actual.<\/span><\/p>\n<p>Cliqueu al seg\u00fcent enlla\u00e7 per veure el dossier de menjador\u00a0 m\u00e9s informaci\u00f3 i quotes actualitzades:<strong> <a href=\"https:\/\/drive.google.com\/file\/d\/1e9PcCAVHXH338mzDXHrZ1SpPMUB8Lsi-\/view?usp=sharing\">Llibret fam\u00edlies<\/a><\/strong><\/p>\n<p>Per a obtenir una visi\u00f3 general sobre el temps educatiu del migdia al Cau de la Guineu podeu clicar a la seg\u00fcent imatge:<\/p>\n<p><a href=\"https:\/\/drive.google.com\/file\/d\/1CSgvpPvodVgLykFJouqAseBdH2SoFYM-\/view?usp=drive_link\" target=\"_blank\" rel=\"https:\/\/drive.google.com\/file\/d\/1CSgvpPvodVgLykFJouqAseBdH2SoFYM-\/view?usp=drive_link noopener\"><img loading=\"lazy\" decoding=\"async\" class=\"aligncenter wp-image-3884 size-full\" src=\"https:\/\/agora.xtec.cat\/escolacaudelaguineu\/wp-content\/uploads\/usu1304\/2026\/02\/Captura-de-pantalla-2026-02-04-155027.png\" alt=\"\" width=\"794\" height=\"191\" srcset=\"https:\/\/agora.xtec.cat\/escolacaudelaguineu\/wp-content\/uploads\/usu1304\/2026\/02\/Captura-de-pantalla-2026-02-04-155027.png 794w, https:\/\/agora.xtec.cat\/escolacaudelaguineu\/wp-content\/uploads\/usu1304\/2026\/02\/Captura-de-pantalla-2026-02-04-155027-300x72.png 300w, https:\/\/agora.xtec.cat\/escolacaudelaguineu\/wp-content\/uploads\/usu1304\/2026\/02\/Captura-de-pantalla-2026-02-04-155027-768x185.png 768w\" sizes=\"auto, (max-width: 794px) 100vw, 794px\" \/><\/a><\/p>\n<p style=\"text-align: justify;\">\n","protected":false},"excerpt":{"rendered":"<p>L\u2019estona de l&#8217;espai educatiu del migdia forma part i ha d\u2019estar integrada a la jornada escolar, per aix\u00f2 treballem en la mateixa l\u00ednia pedag\u00f2gica de l\u2019escola amb un acompanyament respectu\u00f3s als processos de vida dels infants. L\u2019escola compta amb un servei de menjador amb cuina pr\u00f2pia i un equip d&#8217;educador\/es que acompanyen els infants en [&hellip;]<\/p>\n","protected":false},"author":1,"featured_media":0,"parent":0,"menu_order":0,"comment_status":"closed","ping_status":"closed","template":"","meta":{"_bbp_topic_count":0,"_bbp_reply_count":0,"_bbp_total_topic_count":0,"_bbp_total_reply_count":0,"_bbp_voice_count":0,"_bbp_anonymous_reply_count":0,"_bbp_topic_count_hidden":0,"_bbp_reply_count_hidden":0,"_bbp_forum_subforum_count":0,"site-sidebar-layout":"default","site-content-layout":"","ast-site-content-layout":"default","site-content-style":"default","site-sidebar-style":"default","ast-global-header-display":"","ast-banner-title-visibility":"","ast-main-header-display":"","ast-hfb-above-header-display":"","ast-hfb-below-header-display":"","ast-hfb-mobile-header-display":"","site-post-title":"","ast-breadcrumbs-content":"","ast-featured-img":"","footer-sml-layout":"","theme-transparent-header-meta":"","adv-header-id-meta":"","stick-header-meta":"","header-above-stick-meta":"","header-main-stick-meta":"","header-below-stick-meta":"","astra-migrate-meta-layouts":"set","ast-page-background-enabled":"default","ast-page-background-meta":{"desktop":{"background-color":"var(--ast-global-color-4)","background-image":"","background-repeat":"repeat","background-position":"center center","background-size":"auto","background-attachment":"scroll","background-type":"","background-media":"","overlay-type":"","overlay-color":"","overlay-opacity":"","overlay-gradient":""},"tablet":{"background-color":"","background-image":"","background-repeat":"repeat","background-position":"center center","background-size":"auto","background-attachment":"scroll","background-type":"","background-media":"","overlay-type":"","overlay-color":"","overlay-opacity":"","overlay-gradient":""},"mobile":{"background-color":"","background-image":"","background-repeat":"repeat","background-position":"center center","background-size":"auto","background-attachment":"scroll","background-type":"","background-media":"","overlay-type":"","overlay-color":"","overlay-opacity":"","overlay-gradient":""}},"ast-content-background-meta":{"desktop":{"background-color":"var(--ast-global-color-5)","background-image":"","background-repeat":"repeat","background-position":"center center","background-size":"auto","background-attachment":"scroll","background-type":"","background-media":"","overlay-type":"","overlay-color":"","overlay-opacity":"","overlay-gradient":""},"tablet":{"background-color":"var(--ast-global-color-5)","background-image":"","background-repeat":"repeat","background-position":"center center","background-size":"auto","background-attachment":"scroll","background-type":"","background-media":"","overlay-type":"","overlay-color":"","overlay-opacity":"","overlay-gradient":""},"mobile":{"background-color":"var(--ast-global-color-5)","background-image":"","background-repeat":"repeat","background-position":"center center","background-size":"auto","background-attachment":"scroll","background-type":"","background-media":"","overlay-type":"","overlay-color":"","overlay-opacity":"","overlay-gradient":""}},"footnotes":""},"class_list":["post-3488","page","type-page","status-publish","hentry"],"post_mailing_queue_ids":[],"_links":{"self":[{"href":"https:\/\/agora.xtec.cat\/escolacaudelaguineu\/wp-json\/wp\/v2\/pages\/3488","targetHints":{"allow":["GET"]}}],"collection":[{"href":"https:\/\/agora.xtec.cat\/escolacaudelaguineu\/wp-json\/wp\/v2\/pages"}],"about":[{"href":"https:\/\/agora.xtec.cat\/escolacaudelaguineu\/wp-json\/wp\/v2\/types\/page"}],"author":[{"embeddable":true,"href":"https:\/\/agora.xtec.cat\/escolacaudelaguineu\/wp-json\/wp\/v2\/users\/1"}],"replies":[{"embeddable":true,"href":"https:\/\/agora.xtec.cat\/escolacaudelaguineu\/wp-json\/wp\/v2\/comments?post=3488"}],"version-history":[{"count":6,"href":"https:\/\/agora.xtec.cat\/escolacaudelaguineu\/wp-json\/wp\/v2\/pages\/3488\/revisions"}],"predecessor-version":[{"id":3886,"href":"https:\/\/agora.xtec.cat\/escolacaudelaguineu\/wp-json\/wp\/v2\/pages\/3488\/revisions\/3886"}],"wp:attachment":[{"href":"https:\/\/agora.xtec.cat\/escolacaudelaguineu\/wp-json\/wp\/v2\/media?parent=3488"}],"curies":[{"name":"wp","href":"https:\/\/api.w.org\/{rel}","templated":true}]}}