{"id":3467,"date":"2024-07-03T11:49:34","date_gmt":"2024-07-03T09:49:34","guid":{"rendered":"https:\/\/agora.xtec.cat\/escolacaudelaguineu\/?page_id=3467"},"modified":"2026-04-16T16:18:18","modified_gmt":"2026-04-16T14:18:18","slug":"essencia-de-lescola","status":"publish","type":"page","link":"https:\/\/agora.xtec.cat\/escolacaudelaguineu\/","title":{"rendered":"Ess\u00e8ncia de l&#8217;escola"},"content":{"rendered":"<p>La nostra escola t\u00e9 un nom de cam\u00ed, que segueix la r\u00fabrica de la innovaci\u00f3.<\/p>\n<p>La seva crom\u00e0tica-casualitat o no- evoca el pelatge de l&#8217;animal que la identifica. S\u00f3n tons c\u00e0lids de tardor, necessaris per crear una atmosfera de bona conviv\u00e8ncia.<\/p>\n<p>Els seus espais desprenen l&#8217;olor d&#8217;un cau fresc i novell en que conviuen elements tradicionals i tecnol\u00f2gics.<\/p>\n<p>Els sons que, m\u00e9s s&#8217;hi repeteixen s\u00f3n els mots confian\u00e7a, transpar\u00e8ncia i di\u00e0leg.<\/p>\n<p>La seva ess\u00e8ncia \u00e9s creure en el treball que es duu a terme, per ajudar a cr\u00e9ixer els principals herois i hero\u00efnes d&#8217;aquesta hist\u00f2ria: <strong>els nostres infants.<\/strong><\/p>\n\n\n<p class=\"has-luminous-vivid-orange-color has-text-color has-link-color wp-elements-a95158f2557b50833a8cbf169e1a2047\"><strong> <\/strong><a href=\"https:\/\/drive.google.com\/file\/d\/1iSr7xSjzxanv8JHit8TF4JOnXrHUWUEo\/view?usp=drive_link\">PUBLICACI\u00d3 DE L&#8217;OFERTA INICIAL DE PLACES ESCOLA CAU DE LA GUINEU<\/a><\/p>\n\n\n\n<p><\/p>\n\n\n\n<p><a href=\"https:\/\/drive.google.com\/file\/d\/1rJR9qiPgiLiHLY593Dc0oyPux1PH0MRS\/view?usp=drive_link\">PUBLICACI\u00d3 DE LA LLISTA DE SOL\u00b7LICITUDS QUE HAN DEMANAT EL CENTRE I L&#8217;ENSENYAMENT EN PRIMERA PETICI\u00d3 AMB LA PUNTUACI\u00d3 PROVISIONAL A 15\/4\/2026<\/a><\/p>\n\n\n\n<p>Per obtenir m\u00e9s informaci\u00f3&nbsp; sobre el proc\u00e9s d&#8217;inscripci\u00f3 podeu adre\u00e7ar-vos a l&#8217;enlla\u00e7 <a href=\"https:\/\/preinscripcio.gencat.cat\/ca\/inici\" target=\"_blank\" rel=\"noreferrer noopener\">web del Departament d&#8217;Educaci\u00f3.&nbsp;&nbsp;<\/a><\/p>\n\n\n\n<p><\/p>\n","protected":false},"excerpt":{"rendered":"<p>La nostra escola t\u00e9 un nom de cam\u00ed, que segueix la r\u00fabrica de la innovaci\u00f3. La seva crom\u00e0tica-casualitat o no- evoca el pelatge de l&#8217;animal que la identifica. S\u00f3n tons c\u00e0lids de tardor, necessaris per crear una atmosfera de bona conviv\u00e8ncia. Els seus espais desprenen l&#8217;olor d&#8217;un cau fresc i novell en que conviuen elements [&hellip;]<\/p>\n","protected":false},"author":1,"featured_media":0,"parent":0,"menu_order":0,"comment_status":"closed","ping_status":"closed","template":"","meta":{"_bbp_topic_count":0,"_bbp_reply_count":0,"_bbp_total_topic_count":0,"_bbp_total_reply_count":0,"_bbp_voice_count":0,"_bbp_anonymous_reply_count":0,"_bbp_topic_count_hidden":0,"_bbp_reply_count_hidden":0,"_bbp_forum_subforum_count":0,"site-sidebar-layout":"default","site-content-layout":"","ast-site-content-layout":"default","site-content-style":"default","site-sidebar-style":"default","ast-global-header-display":"","ast-banner-title-visibility":"","ast-main-header-display":"","ast-hfb-above-header-display":"","ast-hfb-below-header-display":"","ast-hfb-mobile-header-display":"","site-post-title":"","ast-breadcrumbs-content":"","ast-featured-img":"","footer-sml-layout":"","theme-transparent-header-meta":"","adv-header-id-meta":"","stick-header-meta":"","header-above-stick-meta":"","header-main-stick-meta":"","header-below-stick-meta":"","astra-migrate-meta-layouts":"set","ast-page-background-enabled":"default","ast-page-background-meta":{"desktop":{"background-color":"var(--ast-global-color-4)","background-image":"","background-repeat":"repeat","background-position":"center center","background-size":"auto","background-attachment":"scroll","background-type":"","background-media":"","overlay-type":"","overlay-color":"","overlay-opacity":"","overlay-gradient":""},"tablet":{"background-color":"","background-image":"","background-repeat":"repeat","background-position":"center center","background-size":"auto","background-attachment":"scroll","background-type":"","background-media":"","overlay-type":"","overlay-color":"","overlay-opacity":"","overlay-gradient":""},"mobile":{"background-color":"","background-image":"","background-repeat":"repeat","background-position":"center center","background-size":"auto","background-attachment":"scroll","background-type":"","background-media":"","overlay-type":"","overlay-color":"","overlay-opacity":"","overlay-gradient":""}},"ast-content-background-meta":{"desktop":{"background-color":"var(--ast-global-color-5)","background-image":"","background-repeat":"repeat","background-position":"center center","background-size":"auto","background-attachment":"scroll","background-type":"","background-media":"","overlay-type":"","overlay-color":"","overlay-opacity":"","overlay-gradient":""},"tablet":{"background-color":"var(--ast-global-color-5)","background-image":"","background-repeat":"repeat","background-position":"center center","background-size":"auto","background-attachment":"scroll","background-type":"","background-media":"","overlay-type":"","overlay-color":"","overlay-opacity":"","overlay-gradient":""},"mobile":{"background-color":"var(--ast-global-color-5)","background-image":"","background-repeat":"repeat","background-position":"center center","background-size":"auto","background-attachment":"scroll","background-type":"","background-media":"","overlay-type":"","overlay-color":"","overlay-opacity":"","overlay-gradient":""}},"footnotes":""},"class_list":["post-3467","page","type-page","status-publish","hentry"],"post_mailing_queue_ids":[],"_links":{"self":[{"href":"https:\/\/agora.xtec.cat\/escolacaudelaguineu\/wp-json\/wp\/v2\/pages\/3467","targetHints":{"allow":["GET"]}}],"collection":[{"href":"https:\/\/agora.xtec.cat\/escolacaudelaguineu\/wp-json\/wp\/v2\/pages"}],"about":[{"href":"https:\/\/agora.xtec.cat\/escolacaudelaguineu\/wp-json\/wp\/v2\/types\/page"}],"author":[{"embeddable":true,"href":"https:\/\/agora.xtec.cat\/escolacaudelaguineu\/wp-json\/wp\/v2\/users\/1"}],"replies":[{"embeddable":true,"href":"https:\/\/agora.xtec.cat\/escolacaudelaguineu\/wp-json\/wp\/v2\/comments?post=3467"}],"version-history":[{"count":5,"href":"https:\/\/agora.xtec.cat\/escolacaudelaguineu\/wp-json\/wp\/v2\/pages\/3467\/revisions"}],"predecessor-version":[{"id":3901,"href":"https:\/\/agora.xtec.cat\/escolacaudelaguineu\/wp-json\/wp\/v2\/pages\/3467\/revisions\/3901"}],"wp:attachment":[{"href":"https:\/\/agora.xtec.cat\/escolacaudelaguineu\/wp-json\/wp\/v2\/media?parent=3467"}],"curies":[{"name":"wp","href":"https:\/\/api.w.org\/{rel}","templated":true}]}}