{"id":7635,"date":"2024-04-18T13:39:33","date_gmt":"2024-04-18T11:39:33","guid":{"rendered":"https:\/\/agora.xtec.cat\/escolacatalunyasantadria\/?page_id=7635"},"modified":"2024-07-03T12:41:21","modified_gmt":"2024-07-03T10:41:21","slug":"setam","status":"publish","type":"page","link":"https:\/\/agora.xtec.cat\/escolacatalunyasantadria\/setam\/","title":{"rendered":"STEAM"},"content":{"rendered":"<p style=\"text-align: justify;\">El programa d\u2019innovaci\u00f3 pedag\u00f2gica STEAMcat consisteix en l\u2019acompanyament dels centres mitjan\u00e7ant l\u2019assessorament, la creaci\u00f3 de la Comunitat STEAMcat, les formacions i els recursos. Aprofitant el lideratge distribu\u00eft del centre, les metodologies, perspectives i tecnologies adients a l\u2019aula i el treball transversal del professorat, es fomenta el pensament cr\u00edtic de l\u2019alumnat, es millora la percepci\u00f3 social de la ci\u00e8ncia, per provocar un increment de la selecci\u00f3 d\u2019estudis post obligatoris STEM per un canvi positiu de l\u2019autopercepci\u00f3 dels alumnes envers aquestes disciplines.<\/p>\n<p style=\"text-align: justify;\">OBJECTIUS DEL PROGRAMA<\/p>\n<ol>\n<li style=\"text-align: justify;\">a) Augmentar les vocacions cientificotecnol\u00f2giques i matem\u00e0tiques especialment en dones i contextos socials desafavorits.<\/li>\n<li style=\"text-align: justify;\">b) Refor\u00e7ar el proc\u00e9s d\u2019orientaci\u00f3 de l\u2019alumnat envers als estudis i professions de l\u2019\u00e0mbit STEM en termes d\u2019equitat i en totes les etapes educatives.<\/li>\n<li style=\"text-align: justify;\">c) Millorar l\u2019habilitat per entendre i interpretar un m\u00f3n cientifictecnol\u00f2gic i matem\u00e0tic.<\/li>\n<li style=\"text-align: justify;\">d) Millorar la percepci\u00f3 social de les \u00e0rees STEAM.<\/li>\n<li style=\"text-align: justify;\">e) Millorar l\u2019actitud personal cap a l\u2019aprenentatge de les \u00e0rees cientificot\u00e8cniques i matem\u00e0tiques, en el conjunt de l\u2019alumnat des de l\u2019educaci\u00f3 infantil fins a batxillerat<\/li>\n<li style=\"text-align: justify;\">f) Incrementar l\u2019aplicaci\u00f3 de metodologies d\u2019aprenentatge transversal, generadores i vehiculars de coneixement compartit entre els diferents \u00e0mbits cient\u00edfic, tecnol\u00f2gic, art\u00edstic i matem\u00e0tic que fomentin el pensament cr\u00edtic i la creativitat.<\/li>\n<li style=\"text-align: justify;\">g) Promoure la creaci\u00f3 d\u2019aliances entre els centres educatius, els agents de l\u2019\u00e0mbit cientificotecnol\u00f2gic i l\u2019entorn proper mitjan\u00e7ant la realitzaci\u00f3 d\u2019activitats relacionades amb problemes socialment rellevants.<\/li>\n<li style=\"text-align: justify;\">h) Compartir la investigaci\u00f3 com a docents i la pr\u00e0ctica reflexiva entre els membres de la comunitat STEAMcat.<\/li>\n<\/ol>\n<p><a href=\"https:\/\/sites.google.com\/xtec.cat\/escola-catalunya-steamcat\/inici\"><span style=\"color: #000000;\"><span style=\"color: #ff0000;\">Sites de l&#8217;STEAM de l&#8217;Escola Catalunya<\/span><\/span><\/a><\/p>\n","protected":false},"excerpt":{"rendered":"<p>El programa d\u2019innovaci\u00f3 pedag\u00f2gica STEAMcat consisteix en l\u2019acompanyament dels centres mitjan\u00e7ant l\u2019assessorament, la creaci\u00f3 de la Comunitat STEAMcat, les formacions i els recursos. Aprofitant el lideratge distribu\u00eft del centre, les metodologies, perspectives i tecnologies adients a l\u2019aula i el treball transversal del professorat, es fomenta&hellip;  <a href=\"https:\/\/agora.xtec.cat\/escolacatalunyasantadria\/setam\/\" title=\"Read STEAM\">Llegeix m\u00e9s\u00bb<\/a><\/p>\n","protected":false},"author":1,"featured_media":0,"parent":0,"menu_order":0,"comment_status":"closed","ping_status":"closed","template":"","meta":{"footnotes":""},"class_list":["post-7635","page","type-page","status-publish","hentry"],"post_mailing_queue_ids":[],"_links":{"self":[{"href":"https:\/\/agora.xtec.cat\/escolacatalunyasantadria\/wp-json\/wp\/v2\/pages\/7635","targetHints":{"allow":["GET"]}}],"collection":[{"href":"https:\/\/agora.xtec.cat\/escolacatalunyasantadria\/wp-json\/wp\/v2\/pages"}],"about":[{"href":"https:\/\/agora.xtec.cat\/escolacatalunyasantadria\/wp-json\/wp\/v2\/types\/page"}],"author":[{"embeddable":true,"href":"https:\/\/agora.xtec.cat\/escolacatalunyasantadria\/wp-json\/wp\/v2\/users\/1"}],"replies":[{"embeddable":true,"href":"https:\/\/agora.xtec.cat\/escolacatalunyasantadria\/wp-json\/wp\/v2\/comments?post=7635"}],"version-history":[{"count":5,"href":"https:\/\/agora.xtec.cat\/escolacatalunyasantadria\/wp-json\/wp\/v2\/pages\/7635\/revisions"}],"predecessor-version":[{"id":7913,"href":"https:\/\/agora.xtec.cat\/escolacatalunyasantadria\/wp-json\/wp\/v2\/pages\/7635\/revisions\/7913"}],"wp:attachment":[{"href":"https:\/\/agora.xtec.cat\/escolacatalunyasantadria\/wp-json\/wp\/v2\/media?parent=7635"}],"curies":[{"name":"wp","href":"https:\/\/api.w.org\/{rel}","templated":true}]}}