{"id":7213,"date":"2023-09-04T14:27:05","date_gmt":"2023-09-04T12:27:05","guid":{"rendered":"https:\/\/agora.xtec.cat\/escolacatalunyasantadria\/?page_id=7213"},"modified":"2023-09-07T13:36:52","modified_gmt":"2023-09-07T11:36:52","slug":"menu-mensual","status":"publish","type":"page","link":"https:\/\/agora.xtec.cat\/escolacatalunyasantadria\/menjador-escolar\/menu-mensual\/","title":{"rendered":"MEN\u00da MENSUAL"},"content":{"rendered":"<p>Al seg\u00fcent enlla\u00e7 accediu a la p\u00e0gina web de l&#8217;empresa de menjador on trobareu tots els tipus de men\u00fa mensual (vegetari\u00e0 sense carn, no ou, no porc, no gluten, general, ovolactovegetari\u00e0, no peix, no llet\/prote\u00efna de la llet).<\/p>\n<p>&nbsp;<\/p>\n<p><a href=\"https:\/\/tresmes.com\/#menusmensuals\">MEN\u00da MENSUAL<\/a><\/p>\n<p>&nbsp;<\/p>\n<p>&nbsp;<\/p>\n<p>&nbsp;<\/p>\n<p><a href=\"https:\/\/agora.xtec.cat\/escolacatalunyasantadria\/wp-content\/uploads\/usu1541\/2023\/09\/logo-menjador.jpg\"><img loading=\"lazy\" decoding=\"async\" class=\"size-full wp-image-7217 alignright\" src=\"https:\/\/agora.xtec.cat\/escolacatalunyasantadria\/wp-content\/uploads\/usu1541\/2023\/09\/logo-menjador.jpg\" alt=\"\" width=\"175\" height=\"90\" \/><\/a><\/p>\n","protected":false},"excerpt":{"rendered":"<p>Al seg\u00fcent enlla\u00e7 accediu a la p\u00e0gina web de l&#8217;empresa de menjador on trobareu tots els tipus de men\u00fa mensual (vegetari\u00e0 sense carn, no ou, no porc, no gluten, general, ovolactovegetari\u00e0, no peix, no llet\/prote\u00efna de la llet).<br \/>\n&nbsp;<br \/>\n<a href=\"https:\/\/tresmes.com\/#menusmensuals\">MEN\u00da MENSUAL<\/a><br \/>\n&nbsp;<br \/>\n&nbsp;<br \/>\n&nbsp;<br \/>\n<a href=\"https:\/\/agora.xtec.cat\/escolacatalunyasantadria\/wp-content\/uploads\/usu1541\/2023\/09\/logo-menjador.jpg\"><\/a><\/p>\n","protected":false},"author":1,"featured_media":0,"parent":73,"menu_order":0,"comment_status":"closed","ping_status":"closed","template":"","meta":{"footnotes":""},"class_list":["post-7213","page","type-page","status-publish","hentry"],"post_mailing_queue_ids":[],"_links":{"self":[{"href":"https:\/\/agora.xtec.cat\/escolacatalunyasantadria\/wp-json\/wp\/v2\/pages\/7213","targetHints":{"allow":["GET"]}}],"collection":[{"href":"https:\/\/agora.xtec.cat\/escolacatalunyasantadria\/wp-json\/wp\/v2\/pages"}],"about":[{"href":"https:\/\/agora.xtec.cat\/escolacatalunyasantadria\/wp-json\/wp\/v2\/types\/page"}],"author":[{"embeddable":true,"href":"https:\/\/agora.xtec.cat\/escolacatalunyasantadria\/wp-json\/wp\/v2\/users\/1"}],"replies":[{"embeddable":true,"href":"https:\/\/agora.xtec.cat\/escolacatalunyasantadria\/wp-json\/wp\/v2\/comments?post=7213"}],"version-history":[{"count":3,"href":"https:\/\/agora.xtec.cat\/escolacatalunyasantadria\/wp-json\/wp\/v2\/pages\/7213\/revisions"}],"predecessor-version":[{"id":7220,"href":"https:\/\/agora.xtec.cat\/escolacatalunyasantadria\/wp-json\/wp\/v2\/pages\/7213\/revisions\/7220"}],"up":[{"embeddable":true,"href":"https:\/\/agora.xtec.cat\/escolacatalunyasantadria\/wp-json\/wp\/v2\/pages\/73"}],"wp:attachment":[{"href":"https:\/\/agora.xtec.cat\/escolacatalunyasantadria\/wp-json\/wp\/v2\/media?parent=7213"}],"curies":[{"name":"wp","href":"https:\/\/api.w.org\/{rel}","templated":true}]}}