{"id":24,"date":"2014-09-18T12:23:15","date_gmt":"2014-09-18T11:23:15","guid":{"rendered":"http:\/\/agora.xtec.cat\/escolacatalunyasantadria\/?page_id=24"},"modified":"2017-01-25T12:49:13","modified_gmt":"2017-01-25T11:49:13","slug":"on-som","status":"publish","type":"page","link":"https:\/\/agora.xtec.cat\/escolacatalunyasantadria\/lescola\/on-som\/","title":{"rendered":"On som"},"content":{"rendered":"<p style=\"color: #666666;\">L&#8217;escola est\u00e0 situada al municipi de\u00a0<strong>Sant Adri\u00e0 de Bes\u00f2s<\/strong>, al marge esquerra del riu Bes\u00f2s. Est\u00e0 molt b\u00e9 comunicada amb els ferrocarrils i el tram.<\/p>\n<p style=\"color: #666666;\"><strong>Escola Catalunya<\/strong><\/p>\n<p style=\"color: #666666;\">carrer Lleida, s\/n<br \/>\n08930 Sant Adri\u00e0 de Bes\u00f2s<\/p>\n<p>Tel. 933 81 21 09<br \/>\na8034989@xtec.cat<\/p>\n<p><iframe loading=\"lazy\" style=\"border: 0;\" src=\"https:\/\/www.google.com\/maps\/embed?pb=!1m14!1m8!1m3!1d11966.71230334492!2d2.2267727!3d41.4245064!3m2!1i1024!2i768!4f13.1!3m3!1m2!1s0x0%3A0xe52d411144295523!2sEscola+Catalunya!5e0!3m2!1sca!2ses!4v1478292624539\" width=\"600\" height=\"450\" frameborder=\"0\" allowfullscreen=\"allowfullscreen\"><\/iframe><br \/>\n<strong>Com arribar-hi:<\/strong><\/p>\n<p><strong>Tren:<\/strong> Estaci\u00f3 de Rodalies de Sant Adri\u00e0 de Bes\u00f2s, l\u00ednia R1<\/p>\n<p><strong>Tramvia:<\/strong>\u00a0Sant Joan Baptista (T5) i Estaci\u00f3 de Sant Adri\u00e0 (T4-T6)<\/p>\n<p><strong>Bus:<\/strong>\u00a0Ol\u00edmpic-Lleida (B23)<\/p>\n<p>&nbsp;<\/p>\n","protected":false},"excerpt":{"rendered":"<p>L&#8217;escola est\u00e0 situada al municipi de\u00a0Sant Adri\u00e0 de Bes\u00f2s, al marge esquerra del riu Bes\u00f2s. Est\u00e0 molt b\u00e9 comunicada amb els ferrocarrils i el tram.<br \/>\nEscola Catalunya<br \/>\ncarrer Lleida, s\/n<br \/>\n08930 Sant Adri\u00e0 de Bes\u00f2s<br \/>\nTel. 933 81 21 09<br \/>\na8034989@xtec.cat<\/p>\n<p>Com arribar-hi:<br \/>\nTren: Estaci\u00f3 de Rodalies de Sant Adri\u00e0 de Bes\u00f2s,&hellip;  <a href=\"https:\/\/agora.xtec.cat\/escolacatalunyasantadria\/lescola\/on-som\/\" title=\"Read On som\">Llegeix m\u00e9s\u00bb<\/a><\/p>\n","protected":false},"author":1,"featured_media":0,"parent":22,"menu_order":10,"comment_status":"closed","ping_status":"closed","template":"page-templates\/side-menu.php","meta":{"footnotes":""},"class_list":["post-24","page","type-page","status-publish","hentry"],"post_mailing_queue_ids":[],"_links":{"self":[{"href":"https:\/\/agora.xtec.cat\/escolacatalunyasantadria\/wp-json\/wp\/v2\/pages\/24","targetHints":{"allow":["GET"]}}],"collection":[{"href":"https:\/\/agora.xtec.cat\/escolacatalunyasantadria\/wp-json\/wp\/v2\/pages"}],"about":[{"href":"https:\/\/agora.xtec.cat\/escolacatalunyasantadria\/wp-json\/wp\/v2\/types\/page"}],"author":[{"embeddable":true,"href":"https:\/\/agora.xtec.cat\/escolacatalunyasantadria\/wp-json\/wp\/v2\/users\/1"}],"replies":[{"embeddable":true,"href":"https:\/\/agora.xtec.cat\/escolacatalunyasantadria\/wp-json\/wp\/v2\/comments?post=24"}],"version-history":[{"count":3,"href":"https:\/\/agora.xtec.cat\/escolacatalunyasantadria\/wp-json\/wp\/v2\/pages\/24\/revisions"}],"predecessor-version":[{"id":711,"href":"https:\/\/agora.xtec.cat\/escolacatalunyasantadria\/wp-json\/wp\/v2\/pages\/24\/revisions\/711"}],"up":[{"embeddable":true,"href":"https:\/\/agora.xtec.cat\/escolacatalunyasantadria\/wp-json\/wp\/v2\/pages\/22"}],"wp:attachment":[{"href":"https:\/\/agora.xtec.cat\/escolacatalunyasantadria\/wp-json\/wp\/v2\/media?parent=24"}],"curies":[{"name":"wp","href":"https:\/\/api.w.org\/{rel}","templated":true}]}}