{"id":73,"date":"2022-09-18T14:01:51","date_gmt":"2022-09-18T12:01:51","guid":{"rendered":"http:\/\/agora.xtec.cat\/escolacastethleon\/?page_id=73"},"modified":"2026-01-16T12:05:35","modified_gmt":"2026-01-16T11:05:35","slug":"menjador-escolar","status":"publish","type":"page","link":"https:\/\/agora.xtec.cat\/escolacastethleon\/serveis\/menjador-escolar\/","title":{"rendered":"Minjador escolar"},"content":{"rendered":"<p><strong>Minjador escolar<\/strong><\/p>\n<ul>\n<li>Auem minjador es cinc dies dera setmana.<\/li>\n<li>Eth Catering d\u2019Aran ei er encargat deth servici de minjador.<\/li>\n<li>Aufr\u00eds un men\u00fa variat e adequat as escolans.<\/li>\n<li>Eth pr\u00e8tz deth servici ei de 7,13\u20ac<\/li>\n<li>En cas de voler h\u00e8r usatge deth minjador cau crompar eth tiquet ena web deth CATERING ARAN.<a href=\"https:\/\/agora.xtec.cat\/escolacastethleon\/serveis\/menjador-escolar\/attachment\/afegeix-una-capcalera-1\/\" rel=\"attachment wp-att-1039\"><img loading=\"lazy\" decoding=\"async\" class=\"alignnone size-large wp-image-1039\" src=\"https:\/\/agora.xtec.cat\/escolacastethleon\/wp-content\/uploads\/usu739\/2026\/01\/Afegeix-una-capcalera-1-1-e1768501462499-1024x376.jpg\" alt=\"\" width=\"1024\" height=\"376\" srcset=\"https:\/\/agora.xtec.cat\/escolacastethleon\/wp-content\/uploads\/usu739\/2026\/01\/Afegeix-una-capcalera-1-1-e1768501462499-1024x376.jpg 1024w, https:\/\/agora.xtec.cat\/escolacastethleon\/wp-content\/uploads\/usu739\/2026\/01\/Afegeix-una-capcalera-1-1-e1768501462499-300x110.jpg 300w, https:\/\/agora.xtec.cat\/escolacastethleon\/wp-content\/uploads\/usu739\/2026\/01\/Afegeix-una-capcalera-1-1-e1768501462499-768x282.jpg 768w, https:\/\/agora.xtec.cat\/escolacastethleon\/wp-content\/uploads\/usu739\/2026\/01\/Afegeix-una-capcalera-1-1-e1768501462499.jpg 1325w\" sizes=\"auto, (max-width: 1024px) 100vw, 1024px\" \/><\/a><\/li>\n<\/ul>\n","protected":false},"excerpt":{"rendered":"<p>Minjador escolar Auem minjador es cinc dies dera setmana. Eth Catering d\u2019Aran ei er encargat deth servici de minjador. Aufr\u00eds un men\u00fa variat e adequat as escolans. Eth pr\u00e8tz deth servici ei de 7,13\u20ac En cas de voler h\u00e8r usatge deth minjador cau crompar eth tiquet ena web deth CATERING ARAN.<\/p>\n","protected":false},"author":1,"featured_media":0,"parent":66,"menu_order":30,"comment_status":"closed","ping_status":"closed","template":"","meta":{"_bbp_topic_count":0,"_bbp_reply_count":0,"_bbp_total_topic_count":0,"_bbp_total_reply_count":0,"_bbp_voice_count":0,"_bbp_anonymous_reply_count":0,"_bbp_topic_count_hidden":0,"_bbp_reply_count_hidden":0,"_bbp_forum_subforum_count":0,"site-sidebar-layout":"default","site-content-layout":"","ast-site-content-layout":"default","site-content-style":"default","site-sidebar-style":"default","ast-global-header-display":"","ast-banner-title-visibility":"","ast-main-header-display":"","ast-hfb-above-header-display":"","ast-hfb-below-header-display":"","ast-hfb-mobile-header-display":"","site-post-title":"","ast-breadcrumbs-content":"","ast-featured-img":"","footer-sml-layout":"","theme-transparent-header-meta":"default","adv-header-id-meta":"","stick-header-meta":"","header-above-stick-meta":"","header-main-stick-meta":"","header-below-stick-meta":"","astra-migrate-meta-layouts":"set","ast-page-background-enabled":"default","ast-page-background-meta":{"desktop":{"background-color":"var(--ast-global-color-4)","background-image":"","background-repeat":"repeat","background-position":"center center","background-size":"auto","background-attachment":"scroll","background-type":"","background-media":"","overlay-type":"","overlay-color":"","overlay-opacity":"","overlay-gradient":""},"tablet":{"background-color":"","background-image":"","background-repeat":"repeat","background-position":"center center","background-size":"auto","background-attachment":"scroll","background-type":"","background-media":"","overlay-type":"","overlay-color":"","overlay-opacity":"","overlay-gradient":""},"mobile":{"background-color":"","background-image":"","background-repeat":"repeat","background-position":"center center","background-size":"auto","background-attachment":"scroll","background-type":"","background-media":"","overlay-type":"","overlay-color":"","overlay-opacity":"","overlay-gradient":""}},"ast-content-background-meta":{"desktop":{"background-color":"var(--ast-global-color-5)","background-image":"","background-repeat":"repeat","background-position":"center center","background-size":"auto","background-attachment":"scroll","background-type":"","background-media":"","overlay-type":"","overlay-color":"","overlay-opacity":"","overlay-gradient":""},"tablet":{"background-color":"var(--ast-global-color-5)","background-image":"","background-repeat":"repeat","background-position":"center center","background-size":"auto","background-attachment":"scroll","background-type":"","background-media":"","overlay-type":"","overlay-color":"","overlay-opacity":"","overlay-gradient":""},"mobile":{"background-color":"var(--ast-global-color-5)","background-image":"","background-repeat":"repeat","background-position":"center center","background-size":"auto","background-attachment":"scroll","background-type":"","background-media":"","overlay-type":"","overlay-color":"","overlay-opacity":"","overlay-gradient":""}},"footnotes":""},"class_list":["post-73","page","type-page","status-publish","hentry"],"post_mailing_queue_ids":[],"_links":{"self":[{"href":"https:\/\/agora.xtec.cat\/escolacastethleon\/wp-json\/wp\/v2\/pages\/73","targetHints":{"allow":["GET"]}}],"collection":[{"href":"https:\/\/agora.xtec.cat\/escolacastethleon\/wp-json\/wp\/v2\/pages"}],"about":[{"href":"https:\/\/agora.xtec.cat\/escolacastethleon\/wp-json\/wp\/v2\/types\/page"}],"author":[{"embeddable":true,"href":"https:\/\/agora.xtec.cat\/escolacastethleon\/wp-json\/wp\/v2\/users\/1"}],"replies":[{"embeddable":true,"href":"https:\/\/agora.xtec.cat\/escolacastethleon\/wp-json\/wp\/v2\/comments?post=73"}],"version-history":[{"count":6,"href":"https:\/\/agora.xtec.cat\/escolacastethleon\/wp-json\/wp\/v2\/pages\/73\/revisions"}],"predecessor-version":[{"id":1069,"href":"https:\/\/agora.xtec.cat\/escolacastethleon\/wp-json\/wp\/v2\/pages\/73\/revisions\/1069"}],"up":[{"embeddable":true,"href":"https:\/\/agora.xtec.cat\/escolacastethleon\/wp-json\/wp\/v2\/pages\/66"}],"wp:attachment":[{"href":"https:\/\/agora.xtec.cat\/escolacastethleon\/wp-json\/wp\/v2\/media?parent=73"}],"curies":[{"name":"wp","href":"https:\/\/api.w.org\/{rel}","templated":true}]}}