{"id":22,"date":"2014-09-18T12:19:57","date_gmt":"2014-09-18T11:19:57","guid":{"rendered":"http:\/\/agora.xtec.cat\/escolacastethleon\/?page_id=22"},"modified":"2026-01-15T14:41:17","modified_gmt":"2026-01-15T13:41:17","slug":"lescola","status":"publish","type":"page","link":"https:\/\/agora.xtec.cat\/escolacastethleon\/lescola\/","title":{"rendered":"Era esc\u00f2la"},"content":{"rendered":"<p>Esc\u00f2la d&#8217;educacion infantila e prim\u00e0ria deth municipi d&#8217;Es B\u00f2rdes.<\/p>\n<p>Eth centre compde damb aules de formacion, sales de j\u00f2cs, ua bibliot\u00e9ca e un minjador damb codina. Tanben dispausa de z\u00f2na de pati on se p\u00f2t gaudir d&#8217;activitats a l&#8217;aire liure.<\/p>\n<p>Aguest espaci ei dissenhat ent\u00e0 corbir es besonhs educatius e de lheure des m\u00e8s petiti, en tot assegurar un ambient adequat entath s\u00f2n desvolupament.<\/p>\n<figure id=\"attachment_873\" aria-describedby=\"caption-attachment-873\" style=\"width: 1024px\" class=\"wp-caption alignnone\"><a href=\"https:\/\/agora.xtec.cat\/escolacastethleon\/lescola\/attachment\/dcim100mediadji_0288-jpg\/\" rel=\"attachment wp-att-873\"><img loading=\"lazy\" decoding=\"async\" class=\"size-large wp-image-873\" src=\"https:\/\/agora.xtec.cat\/escolacastethleon\/wp-content\/uploads\/usu739\/2024\/12\/Escola-1-1024x576.jpg\" alt=\"\" width=\"1024\" height=\"576\" srcset=\"https:\/\/agora.xtec.cat\/escolacastethleon\/wp-content\/uploads\/usu739\/2024\/12\/Escola-1-1024x576.jpg 1024w, https:\/\/agora.xtec.cat\/escolacastethleon\/wp-content\/uploads\/usu739\/2024\/12\/Escola-1-300x169.jpg 300w, https:\/\/agora.xtec.cat\/escolacastethleon\/wp-content\/uploads\/usu739\/2024\/12\/Escola-1-768x432.jpg 768w, https:\/\/agora.xtec.cat\/escolacastethleon\/wp-content\/uploads\/usu739\/2024\/12\/Escola-1-1536x864.jpg 1536w, https:\/\/agora.xtec.cat\/escolacastethleon\/wp-content\/uploads\/usu739\/2024\/12\/Escola-1.jpg 1920w\" sizes=\"auto, (max-width: 1024px) 100vw, 1024px\" \/><\/a><figcaption id=\"caption-attachment-873\" class=\"wp-caption-text\">DCIM100MEDIADJI_0288.JPG<\/figcaption><\/figure>\n","protected":false},"excerpt":{"rendered":"<p>Esc\u00f2la d&#8217;educacion infantila e prim\u00e0ria deth municipi d&#8217;Es B\u00f2rdes. Eth centre compde damb aules de formacion, sales de j\u00f2cs, ua bibliot\u00e9ca e un minjador damb codina. Tanben dispausa de z\u00f2na de pati on se p\u00f2t gaudir d&#8217;activitats a l&#8217;aire liure. Aguest espaci ei dissenhat ent\u00e0 corbir es besonhs educatius e de lheure des m\u00e8s petiti, [&hellip;]<\/p>\n","protected":false},"author":1,"featured_media":0,"parent":0,"menu_order":0,"comment_status":"closed","ping_status":"closed","template":"","meta":{"_bbp_topic_count":0,"_bbp_reply_count":0,"_bbp_total_topic_count":0,"_bbp_total_reply_count":0,"_bbp_voice_count":0,"_bbp_anonymous_reply_count":0,"_bbp_topic_count_hidden":0,"_bbp_reply_count_hidden":0,"_bbp_forum_subforum_count":0,"site-sidebar-layout":"default","site-content-layout":"","ast-site-content-layout":"default","site-content-style":"default","site-sidebar-style":"default","ast-global-header-display":"","ast-banner-title-visibility":"","ast-main-header-display":"","ast-hfb-above-header-display":"","ast-hfb-below-header-display":"","ast-hfb-mobile-header-display":"","site-post-title":"","ast-breadcrumbs-content":"","ast-featured-img":"","footer-sml-layout":"","theme-transparent-header-meta":"default","adv-header-id-meta":"","stick-header-meta":"","header-above-stick-meta":"","header-main-stick-meta":"","header-below-stick-meta":"","astra-migrate-meta-layouts":"set","ast-page-background-enabled":"default","ast-page-background-meta":{"desktop":{"background-color":"var(--ast-global-color-4)","background-image":"","background-repeat":"repeat","background-position":"center center","background-size":"auto","background-attachment":"scroll","background-type":"","background-media":"","overlay-type":"","overlay-color":"","overlay-opacity":"","overlay-gradient":""},"tablet":{"background-color":"","background-image":"","background-repeat":"repeat","background-position":"center center","background-size":"auto","background-attachment":"scroll","background-type":"","background-media":"","overlay-type":"","overlay-color":"","overlay-opacity":"","overlay-gradient":""},"mobile":{"background-color":"","background-image":"","background-repeat":"repeat","background-position":"center center","background-size":"auto","background-attachment":"scroll","background-type":"","background-media":"","overlay-type":"","overlay-color":"","overlay-opacity":"","overlay-gradient":""}},"ast-content-background-meta":{"desktop":{"background-color":"var(--ast-global-color-5)","background-image":"","background-repeat":"repeat","background-position":"center center","background-size":"auto","background-attachment":"scroll","background-type":"","background-media":"","overlay-type":"","overlay-color":"","overlay-opacity":"","overlay-gradient":""},"tablet":{"background-color":"var(--ast-global-color-5)","background-image":"","background-repeat":"repeat","background-position":"center center","background-size":"auto","background-attachment":"scroll","background-type":"","background-media":"","overlay-type":"","overlay-color":"","overlay-opacity":"","overlay-gradient":""},"mobile":{"background-color":"var(--ast-global-color-5)","background-image":"","background-repeat":"repeat","background-position":"center center","background-size":"auto","background-attachment":"scroll","background-type":"","background-media":"","overlay-type":"","overlay-color":"","overlay-opacity":"","overlay-gradient":""}},"footnotes":""},"class_list":["post-22","page","type-page","status-publish","hentry"],"post_mailing_queue_ids":[],"_links":{"self":[{"href":"https:\/\/agora.xtec.cat\/escolacastethleon\/wp-json\/wp\/v2\/pages\/22","targetHints":{"allow":["GET"]}}],"collection":[{"href":"https:\/\/agora.xtec.cat\/escolacastethleon\/wp-json\/wp\/v2\/pages"}],"about":[{"href":"https:\/\/agora.xtec.cat\/escolacastethleon\/wp-json\/wp\/v2\/types\/page"}],"author":[{"embeddable":true,"href":"https:\/\/agora.xtec.cat\/escolacastethleon\/wp-json\/wp\/v2\/users\/1"}],"replies":[{"embeddable":true,"href":"https:\/\/agora.xtec.cat\/escolacastethleon\/wp-json\/wp\/v2\/comments?post=22"}],"version-history":[{"count":5,"href":"https:\/\/agora.xtec.cat\/escolacastethleon\/wp-json\/wp\/v2\/pages\/22\/revisions"}],"predecessor-version":[{"id":998,"href":"https:\/\/agora.xtec.cat\/escolacastethleon\/wp-json\/wp\/v2\/pages\/22\/revisions\/998"}],"wp:attachment":[{"href":"https:\/\/agora.xtec.cat\/escolacastethleon\/wp-json\/wp\/v2\/media?parent=22"}],"curies":[{"name":"wp","href":"https:\/\/api.w.org\/{rel}","templated":true}]}}