{"id":620,"date":"2017-01-30T18:27:51","date_gmt":"2017-01-30T17:27:51","guid":{"rendered":"http:\/\/agora.xtec.cat\/escolacastellum\/?page_id=620"},"modified":"2018-03-14T13:19:38","modified_gmt":"2018-03-14T12:19:38","slug":"preparem-la-motxilla-2n-i-3r","status":"publish","type":"page","link":"https:\/\/agora.xtec.cat\/escolacastellum\/activitats-descola\/grups-de-recerca\/preparem-la-motxilla-2n-i-3r\/","title":{"rendered":"Preparem la motxilla 2n i 3r"},"content":{"rendered":"<p style=\"text-align: center;\"><strong>LES COL\u00d2NIES JA S&#8217;ACOSTEN!<\/strong><\/p>\n<p style=\"text-align: left;\">Aquest any, les col\u00f2nies de 2n i 3r seran al Mas la Comademont a Batet de la Serra (La Garrotxa). Estem preparant el joc de nit , la gimcana, el taller i altres activitats que farem els dies 25, 26 i 27 d&#8217;abril.<\/p>\n<p style=\"text-align: left;\">Com veieu a les imatges, aquest any el tema ser\u00e0 &#8220;Els continents&#8221; i voltarem per tot el m\u00f3n a trav\u00e9s de jocs, contes, tallers, can\u00e7ons,&#8230;<\/p>\n<p style=\"text-align: center;\"><a href=\"http:\/\/agora.xtec.cat\/escolacastellum\/wp-content\/uploads\/usu788\/2017\/01\/1.jpg\"><img loading=\"lazy\" decoding=\"async\" class=\"wp-image-1476 alignleft\" src=\"http:\/\/agora.xtec.cat\/escolacastellum\/wp-content\/uploads\/usu788\/2017\/01\/1.jpg\" alt=\"\" width=\"349\" height=\"262\" srcset=\"https:\/\/agora.xtec.cat\/escolacastellum\/wp-content\/uploads\/usu788\/2017\/01\/1.jpg 640w, https:\/\/agora.xtec.cat\/escolacastellum\/wp-content\/uploads\/usu788\/2017\/01\/1-300x225.jpg 300w, https:\/\/agora.xtec.cat\/escolacastellum\/wp-content\/uploads\/usu788\/2017\/01\/1-200x150.jpg 200w\" sizes=\"auto, (max-width: 349px) 100vw, 349px\" \/><\/a> <a href=\"http:\/\/agora.xtec.cat\/escolacastellum\/wp-content\/uploads\/usu788\/2017\/01\/2.jpg\"><img loading=\"lazy\" decoding=\"async\" class=\"wp-image-1477 alignright\" src=\"http:\/\/agora.xtec.cat\/escolacastellum\/wp-content\/uploads\/usu788\/2017\/01\/2.jpg\" alt=\"\" width=\"351\" height=\"263\" srcset=\"https:\/\/agora.xtec.cat\/escolacastellum\/wp-content\/uploads\/usu788\/2017\/01\/2.jpg 640w, https:\/\/agora.xtec.cat\/escolacastellum\/wp-content\/uploads\/usu788\/2017\/01\/2-300x225.jpg 300w, https:\/\/agora.xtec.cat\/escolacastellum\/wp-content\/uploads\/usu788\/2017\/01\/2-200x150.jpg 200w\" sizes=\"auto, (max-width: 351px) 100vw, 351px\" \/><\/a> <a href=\"http:\/\/agora.xtec.cat\/escolacastellum\/wp-content\/uploads\/usu788\/2017\/01\/3.jpg\"><img loading=\"lazy\" decoding=\"async\" class=\"wp-image-1478 alignleft\" src=\"http:\/\/agora.xtec.cat\/escolacastellum\/wp-content\/uploads\/usu788\/2017\/01\/3.jpg\" alt=\"\" width=\"351\" height=\"263\" srcset=\"https:\/\/agora.xtec.cat\/escolacastellum\/wp-content\/uploads\/usu788\/2017\/01\/3.jpg 640w, https:\/\/agora.xtec.cat\/escolacastellum\/wp-content\/uploads\/usu788\/2017\/01\/3-300x225.jpg 300w, https:\/\/agora.xtec.cat\/escolacastellum\/wp-content\/uploads\/usu788\/2017\/01\/3-200x150.jpg 200w\" sizes=\"auto, (max-width: 351px) 100vw, 351px\" \/><\/a> <a href=\"http:\/\/agora.xtec.cat\/escolacastellum\/wp-content\/uploads\/usu788\/2017\/01\/4.jpg\"><img loading=\"lazy\" decoding=\"async\" class=\"wp-image-1479 alignright\" src=\"http:\/\/agora.xtec.cat\/escolacastellum\/wp-content\/uploads\/usu788\/2017\/01\/4.jpg\" alt=\"\" width=\"351\" height=\"263\" srcset=\"https:\/\/agora.xtec.cat\/escolacastellum\/wp-content\/uploads\/usu788\/2017\/01\/4.jpg 640w, https:\/\/agora.xtec.cat\/escolacastellum\/wp-content\/uploads\/usu788\/2017\/01\/4-300x225.jpg 300w, https:\/\/agora.xtec.cat\/escolacastellum\/wp-content\/uploads\/usu788\/2017\/01\/4-200x150.jpg 200w\" sizes=\"auto, (max-width: 351px) 100vw, 351px\" \/><\/a> <a href=\"http:\/\/agora.xtec.cat\/escolacastellum\/wp-content\/uploads\/usu788\/2017\/01\/5.jpg\"><img loading=\"lazy\" decoding=\"async\" class=\"wp-image-1480 alignleft\" src=\"http:\/\/agora.xtec.cat\/escolacastellum\/wp-content\/uploads\/usu788\/2017\/01\/5.jpg\" alt=\"\" width=\"351\" height=\"263\" srcset=\"https:\/\/agora.xtec.cat\/escolacastellum\/wp-content\/uploads\/usu788\/2017\/01\/5.jpg 640w, https:\/\/agora.xtec.cat\/escolacastellum\/wp-content\/uploads\/usu788\/2017\/01\/5-300x225.jpg 300w, https:\/\/agora.xtec.cat\/escolacastellum\/wp-content\/uploads\/usu788\/2017\/01\/5-200x150.jpg 200w\" sizes=\"auto, (max-width: 351px) 100vw, 351px\" \/><\/a> <a href=\"http:\/\/agora.xtec.cat\/escolacastellum\/wp-content\/uploads\/usu788\/2017\/01\/6.jpg\"><img loading=\"lazy\" decoding=\"async\" class=\"wp-image-1481 alignright\" src=\"http:\/\/agora.xtec.cat\/escolacastellum\/wp-content\/uploads\/usu788\/2017\/01\/6.jpg\" alt=\"\" width=\"351\" height=\"263\" srcset=\"https:\/\/agora.xtec.cat\/escolacastellum\/wp-content\/uploads\/usu788\/2017\/01\/6.jpg 640w, https:\/\/agora.xtec.cat\/escolacastellum\/wp-content\/uploads\/usu788\/2017\/01\/6-300x225.jpg 300w, https:\/\/agora.xtec.cat\/escolacastellum\/wp-content\/uploads\/usu788\/2017\/01\/6-200x150.jpg 200w\" sizes=\"auto, (max-width: 351px) 100vw, 351px\" \/><\/a><\/p>\n<hr \/>\n<p style=\"text-align: center;\"><strong>CURS 2016-17<\/strong><\/p>\n<hr \/>\n<p>En aquest grup preparem i organitzem totes les activitats que es faran els dies de col\u00f2nies. Aquest any el tema ser\u00e0 \u201c Jocs de la Humanitat \u201c i anirem al Mol\u00ed Nou de Calabuig de B\u00e0scara els dies 26, 27 i 28 d\u2019Abril.<\/p>\n","protected":false},"excerpt":{"rendered":"<p>LES COL\u00d2NIES JA S&#8217;ACOSTEN!<br \/>\nAquest any, les col\u00f2nies de 2n i 3r seran al Mas la Comademont a Batet de la Serra (La Garrotxa). Estem preparant el joc de nit , la gimcana, el taller i altres activitats que farem els dies 25, 26 i 27&hellip;  <a href=\"https:\/\/agora.xtec.cat\/escolacastellum\/activitats-descola\/grups-de-recerca\/preparem-la-motxilla-2n-i-3r\/\" title=\"Read Preparem la motxilla 2n i 3r\">Llegeix m\u00e9s\u00bb<\/a><\/p>\n","protected":false},"author":1,"featured_media":0,"parent":234,"menu_order":0,"comment_status":"closed","ping_status":"closed","template":"page-templates\/side-menu.php","meta":{"_bbp_topic_count":0,"_bbp_reply_count":0,"_bbp_total_topic_count":0,"_bbp_total_reply_count":0,"_bbp_voice_count":0,"_bbp_anonymous_reply_count":0,"_bbp_topic_count_hidden":0,"_bbp_reply_count_hidden":0,"_bbp_forum_subforum_count":0,"footnotes":""},"class_list":["post-620","page","type-page","status-publish","hentry"],"post_mailing_queue_ids":[],"_links":{"self":[{"href":"https:\/\/agora.xtec.cat\/escolacastellum\/wp-json\/wp\/v2\/pages\/620","targetHints":{"allow":["GET"]}}],"collection":[{"href":"https:\/\/agora.xtec.cat\/escolacastellum\/wp-json\/wp\/v2\/pages"}],"about":[{"href":"https:\/\/agora.xtec.cat\/escolacastellum\/wp-json\/wp\/v2\/types\/page"}],"author":[{"embeddable":true,"href":"https:\/\/agora.xtec.cat\/escolacastellum\/wp-json\/wp\/v2\/users\/1"}],"replies":[{"embeddable":true,"href":"https:\/\/agora.xtec.cat\/escolacastellum\/wp-json\/wp\/v2\/comments?post=620"}],"version-history":[{"count":3,"href":"https:\/\/agora.xtec.cat\/escolacastellum\/wp-json\/wp\/v2\/pages\/620\/revisions"}],"predecessor-version":[{"id":1482,"href":"https:\/\/agora.xtec.cat\/escolacastellum\/wp-json\/wp\/v2\/pages\/620\/revisions\/1482"}],"up":[{"embeddable":true,"href":"https:\/\/agora.xtec.cat\/escolacastellum\/wp-json\/wp\/v2\/pages\/234"}],"wp:attachment":[{"href":"https:\/\/agora.xtec.cat\/escolacastellum\/wp-json\/wp\/v2\/media?parent=620"}],"curies":[{"name":"wp","href":"https:\/\/api.w.org\/{rel}","templated":true}]}}