{"id":458,"date":"2016-11-07T16:16:00","date_gmt":"2016-11-07T15:16:00","guid":{"rendered":"http:\/\/agora.xtec.cat\/escolacastellum\/?page_id=458"},"modified":"2018-03-05T18:29:41","modified_gmt":"2018-03-05T17:29:41","slug":"tallers-segon-i-tercer","status":"publish","type":"page","link":"https:\/\/agora.xtec.cat\/escolacastellum\/activitats-descola\/tallers\/tallers-segon-i-tercer\/","title":{"rendered":"Tallers segon i tercer"},"content":{"rendered":"<p>Un any m\u00e9s comencem els tallers entre infants de 2n i 3r<\/p>\n<p>Els tallers de <strong>2n i 3r\u00a0 es faran el dimarts a la tarda de 15\u201915 a les 16\u201915 h<\/strong>. \u00a0Cada grup de tallers estar\u00e0 format per <strong>12 infants<\/strong> i s\u2019iniciaran el <strong>dijous<\/strong> <strong>30 de gener.<\/strong><\/p>\n<p>Com cada any ja sabeu que necessitem de la vostra <strong>col\u00b7laboraci\u00f3<\/strong> per dur a terme els tallers.<\/p>\n<p>S\u00b4ha penjat una graella al costat de l\u2019aula de llum, perqu\u00e8 les <strong>fam\u00edlies<\/strong> us aneu apuntant per venir a fer els tallers. Tamb\u00e9 trobareu el grup on anir\u00e0 el vostre fill o filla i aix\u00ed ho podeu fer coincidir, si voleu. Us animem a preparar el taller de fam\u00edlies conjuntament amb el vostre fill o filla.<\/p>\n<p><strong>Quins tallers farem?<\/strong><\/p>\n<p><u>\u00a0<\/u><\/p>\n<table width=\"618\">\n<tbody>\n<tr>\n<td width=\"234\"><strong>TIPUS DE TALLER<\/strong><\/td>\n<td width=\"198\"><strong>ADULT RESPONSABLE<\/strong><\/td>\n<td width=\"185\"><strong>ESPAI<\/strong><\/td>\n<\/tr>\n<tr>\n<td width=\"234\"><strong>Fem una poci\u00f3 m\u00e0gica!<\/strong><\/td>\n<td width=\"198\"><strong>S\u00e0lvia <\/strong><\/td>\n<td width=\"185\"><strong>3r Dreta<\/strong><\/td>\n<\/tr>\n<tr>\n<td width=\"234\"><strong>Creamos con los Bee boots.<\/strong><\/td>\n<td width=\"198\"><strong>Ma Carmen<\/strong><\/td>\n<td width=\"185\"><strong>3r Esquerra<\/strong><\/td>\n<\/tr>\n<tr>\n<td width=\"234\"><strong>Com funciona el cos?<\/strong><\/td>\n<td width=\"198\"><strong>Laura J.<\/strong><\/td>\n<td width=\"185\"><strong>4t B Dreta<\/strong><\/td>\n<\/tr>\n<tr>\n<td width=\"234\"><strong>Ball de bastons.<\/strong><\/td>\n<td width=\"198\"><strong>Laura A.<\/strong><\/td>\n<td width=\"185\"><strong>2n Dreta<\/strong><\/td>\n<\/tr>\n<tr>\n<td width=\"234\"><strong>Taller fam\u00edlies<\/strong><\/td>\n<td width=\"198\"><strong>Fam\u00edlies<\/strong><\/td>\n<td width=\"185\"><strong>2n Esquerra<\/strong><\/td>\n<\/tr>\n<\/tbody>\n<\/table>\n<p style=\"text-align: center;\"><strong>\u00a0<\/strong><\/p>\n<hr \/>\n<p style=\"text-align: center;\"><strong>Curs 2016-17<\/strong><\/p>\n<hr \/>\n<p>Un any m\u00e9s comencem els tallers entre infants de segon i tercer.<\/p>\n<p>Els tallers s\u00f3n un tipus d\u2019agrupament que possibilita:<\/p>\n<p>&#8211; La interrelaci\u00f3 entre infants de diferents edats, fet que comporta un gran enriquiment.<br \/>\n&#8211; Es fomenta el treball cooperatiu.<br \/>\n&#8211; El fet que el grup sigui fix d\u00f3na una identitat que en altres situacions com p.ex. portes obertes on tamb\u00e9 es barregen els grups no es d\u00f3na ja que cada setmana varia.<br \/>\n&#8211; Podem realitzar activitats diverses que en gran grup \u00e9s dif\u00edcil portar-les a terme.<\/p>\n<p>Els tallers de segon i tercer es faran els dimarts a la tarda de 15\u201915 a les 16\u201915 h. Cada grup de tallers estar\u00e0 format per 12\/13 infants i s\u2019iniciaran el dimarts 14 de febrer.<\/p>\n<p>Com cada any ja sabeu que necessitem de la vostra col\u2022laboraci\u00f3 per dur a terme els tallers. S\u00b4ha penjat una graella a la paret del m\u00f2dul de tercer, davant la pissarra perqu\u00e8 les fam\u00edlies us aneu apuntant per a fer els tallers.<\/p>\n<p>Quins tallers farem?<\/p>\n<table>\n<tbody>\n<tr>\n<td width=\"326\"><strong>Tipus de taller<\/strong><\/td>\n<td width=\"326\"><strong>Adult responsable<\/strong><\/p>\n<p><strong>\u00a0<\/strong><\/td>\n<\/tr>\n<tr>\n<td width=\"326\">Percussi\u00f3 Corporal<\/td>\n<td width=\"326\">Ester Fontrodona<\/td>\n<\/tr>\n<tr>\n<td width=\"326\">Bee-bots- ( Rob\u00f3tica )<\/td>\n<td width=\"326\">Eli Pag\u00e8s<\/td>\n<\/tr>\n<tr>\n<td width=\"326\">Teatre<\/td>\n<td width=\"326\">Anna C\u00e9spedes<\/td>\n<\/tr>\n<tr>\n<td width=\"326\">M\u00e0ster Xef- ( Cuina )<\/td>\n<td width=\"326\">Olga Geli<\/td>\n<\/tr>\n<tr>\n<td width=\"326\">Experiments Salats- ( Experimentaci\u00f3 )<\/td>\n<td width=\"326\">Ester Franco<\/td>\n<\/tr>\n<tr>\n<td width=\"326\">Taller fam\u00edlies<\/td>\n<td width=\"326\">Fam\u00edlies<\/td>\n<\/tr>\n<tr>\n<td width=\"326\"><u>\u00a0<\/u><\/td>\n<td width=\"326\"><\/td>\n<\/tr>\n<\/tbody>\n<\/table>\n<p>&nbsp;<\/p>\n","protected":false},"excerpt":{"rendered":"<p>Un any m\u00e9s comencem els tallers entre infants de 2n i 3r<br \/>\nEls tallers de 2n i 3r\u00a0 es faran el dimarts a la tarda de 15\u201915 a les 16\u201915 h. \u00a0Cada grup de tallers estar\u00e0 format per 12 infants i s\u2019iniciaran el dijous 30 de&hellip;  <a href=\"https:\/\/agora.xtec.cat\/escolacastellum\/activitats-descola\/tallers\/tallers-segon-i-tercer\/\" title=\"Read Tallers segon i tercer\">Llegeix m\u00e9s\u00bb<\/a><\/p>\n","protected":false},"author":1,"featured_media":0,"parent":232,"menu_order":0,"comment_status":"closed","ping_status":"closed","template":"page-templates\/side-menu.php","meta":{"_bbp_topic_count":0,"_bbp_reply_count":0,"_bbp_total_topic_count":0,"_bbp_total_reply_count":0,"_bbp_voice_count":0,"_bbp_anonymous_reply_count":0,"_bbp_topic_count_hidden":0,"_bbp_reply_count_hidden":0,"_bbp_forum_subforum_count":0,"footnotes":""},"class_list":["post-458","page","type-page","status-publish","hentry"],"post_mailing_queue_ids":[],"_links":{"self":[{"href":"https:\/\/agora.xtec.cat\/escolacastellum\/wp-json\/wp\/v2\/pages\/458","targetHints":{"allow":["GET"]}}],"collection":[{"href":"https:\/\/agora.xtec.cat\/escolacastellum\/wp-json\/wp\/v2\/pages"}],"about":[{"href":"https:\/\/agora.xtec.cat\/escolacastellum\/wp-json\/wp\/v2\/types\/page"}],"author":[{"embeddable":true,"href":"https:\/\/agora.xtec.cat\/escolacastellum\/wp-json\/wp\/v2\/users\/1"}],"replies":[{"embeddable":true,"href":"https:\/\/agora.xtec.cat\/escolacastellum\/wp-json\/wp\/v2\/comments?post=458"}],"version-history":[{"count":3,"href":"https:\/\/agora.xtec.cat\/escolacastellum\/wp-json\/wp\/v2\/pages\/458\/revisions"}],"predecessor-version":[{"id":1387,"href":"https:\/\/agora.xtec.cat\/escolacastellum\/wp-json\/wp\/v2\/pages\/458\/revisions\/1387"}],"up":[{"embeddable":true,"href":"https:\/\/agora.xtec.cat\/escolacastellum\/wp-json\/wp\/v2\/pages\/232"}],"wp:attachment":[{"href":"https:\/\/agora.xtec.cat\/escolacastellum\/wp-json\/wp\/v2\/media?parent=458"}],"curies":[{"name":"wp","href":"https:\/\/api.w.org\/{rel}","templated":true}]}}