{"id":456,"date":"2016-11-07T16:15:24","date_gmt":"2016-11-07T15:15:24","guid":{"rendered":"http:\/\/agora.xtec.cat\/escolacastellum\/?page_id=456"},"modified":"2018-06-05T12:44:32","modified_gmt":"2018-06-05T10:44:32","slug":"tallers-4-anys-5-anys-i-primer","status":"publish","type":"page","link":"https:\/\/agora.xtec.cat\/escolacastellum\/activitats-descola\/tallers\/tallers-4-anys-5-anys-i-primer\/","title":{"rendered":"Tallers 4 anys, 5 anys i primer"},"content":{"rendered":"<p>&nbsp;<\/p>\n<p>Un any m\u00e9s comencem els tallers entre infants de 4 anys, 5 anys i primer.<\/p>\n<p>&nbsp;<\/p>\n<p>&nbsp;<\/p>\n<p>Els tallers de <strong>4,5 anys i 1r es faran el dijous a la tarda de 15\u201915 a les 16\u201915 h<\/strong>. \u00a0Cada grup de tallers estar\u00e0 format per <strong>13\/14 infants<\/strong> i s\u2019iniciaran el <strong>dijous<\/strong> <strong>8 de febrer.<\/strong><\/p>\n<p>&nbsp;<\/p>\n<p>Com cada any ja sabeu que necessitem de la vostra <strong>col\u00b7laboraci\u00f3<\/strong> per dur a terme els tallers. S\u00b4ha penjat una graella a la paret del m\u00f2dul de 5 anys perqu\u00e8 les <strong>fam\u00edlies<\/strong> us aneu apuntant per a fer els tallers. Tamb\u00e9 trobareu el grup on anir\u00e0 el vostre fill o filla i aix\u00ed ho podeu fer coincidir, si voleu.<\/p>\n<p>&nbsp;<\/p>\n<p><strong>Quins tallers farem?<\/strong><\/p>\n<p><u>\u00a0<\/u><\/p>\n<table>\n<tbody>\n<tr>\n<td width=\"326\"><strong>Tipus de taller<\/strong><\/td>\n<td width=\"326\"><strong>Adult responsable<\/strong><\/p>\n<p><strong>\u00a0<\/strong><\/td>\n<\/tr>\n<tr>\n<td width=\"326\">Ioga i relaxaci\u00f3<\/td>\n<td width=\"326\">Mireia<\/td>\n<\/tr>\n<tr>\n<td width=\"326\">Teatre<\/td>\n<td width=\"326\">Laia<\/td>\n<\/tr>\n<tr>\n<td width=\"326\">Dansa<\/td>\n<td width=\"326\">Mariona<\/td>\n<\/tr>\n<tr>\n<td width=\"326\">Cuina<\/td>\n<td width=\"326\">Anna<\/td>\n<\/tr>\n<tr>\n<td width=\"326\">Bee-bots<\/td>\n<td width=\"326\">Margaret<\/td>\n<\/tr>\n<tr>\n<td width=\"326\">Ci\u00e8ncies<\/td>\n<td width=\"326\">Ol\u00edvia<\/td>\n<\/tr>\n<tr>\n<td width=\"326\">Taller fam\u00edlies<\/td>\n<td width=\"326\">Fam\u00edlies<\/td>\n<\/tr>\n<tr>\n<td width=\"326\"><u>\u00a0<\/u><\/td>\n<td width=\"326\"><\/td>\n<\/tr>\n<\/tbody>\n<\/table>\n<p><em><strong>IOGA I RELAXACI\u00d3<\/strong><\/em><\/p>\n<p><em>Educar significa que tot all\u00f2 que est\u00e0 amagat dintre nostre ha de sortir a la llum (Osho, 2003:170)<\/em><\/p>\n<p>L\u2019escola tamb\u00e9 pot ser un lloc on desenvolupar la nostra vida interior, a con\u00e8ixer-nos m\u00e9s a nosaltres mateixos. Les emocions, sentiments, la respiraci\u00f3, escoltar el cos,.. tot aix\u00f2 \u00e9s una font de saviesa que tamb\u00e9 s\u2019ha d\u2019ensenyar a l\u2019escola i des de petits. \u00c9s necessari cr\u00e9ixer per dintre i per fora, i aquest equilibri \u00e9s el que ens permetr\u00e0 sentir-nos segurs i amb una bona autoestima.<\/p>\n<p>L\u2019objectiu del taller de Ioga i Relaxaci\u00f3 \u00e9s donar a con\u00e8ixer a l\u2019infant una s\u00e8rie de mitjans que els ajudin a tenir m\u00e9s confian\u00e7a, atenci\u00f3, consci\u00e8ncia del seu cos i d\u2019ells mateixos, passar una estona divertida, riure, relaxar-se,.. Per aix\u00f2 durant les dues sessions d\u2019aquest taller hem fet diversos jocs d\u2019autoconeixement, jocs de confian\u00e7a en parella, jocs de concentraci\u00f3, mantres en moviment, postures de ioga (asanes), respiraci\u00f3\u00a0 conscient i massatges. Hem passat estones molt divertides i agradables.<\/p>\n<p><a href=\"http:\/\/agora.xtec.cat\/escolacastellum\/wp-content\/uploads\/usu788\/2016\/11\/DSC00490.jpg\"><img loading=\"lazy\" decoding=\"async\" class=\"alignnone size-full wp-image-1970\" src=\"http:\/\/agora.xtec.cat\/escolacastellum\/wp-content\/uploads\/usu788\/2016\/11\/DSC00490.jpg\" alt=\"\" width=\"448\" height=\"336\" srcset=\"https:\/\/agora.xtec.cat\/escolacastellum\/wp-content\/uploads\/usu788\/2016\/11\/DSC00490.jpg 448w, https:\/\/agora.xtec.cat\/escolacastellum\/wp-content\/uploads\/usu788\/2016\/11\/DSC00490-300x225.jpg 300w, https:\/\/agora.xtec.cat\/escolacastellum\/wp-content\/uploads\/usu788\/2016\/11\/DSC00490-200x150.jpg 200w\" sizes=\"auto, (max-width: 448px) 100vw, 448px\" \/><\/a> <a href=\"http:\/\/agora.xtec.cat\/escolacastellum\/wp-content\/uploads\/usu788\/2016\/11\/DSC00515.jpg\"><img loading=\"lazy\" decoding=\"async\" class=\"alignnone size-full wp-image-1977\" src=\"http:\/\/agora.xtec.cat\/escolacastellum\/wp-content\/uploads\/usu788\/2016\/11\/DSC00515.jpg\" alt=\"\" width=\"448\" height=\"336\" srcset=\"https:\/\/agora.xtec.cat\/escolacastellum\/wp-content\/uploads\/usu788\/2016\/11\/DSC00515.jpg 448w, https:\/\/agora.xtec.cat\/escolacastellum\/wp-content\/uploads\/usu788\/2016\/11\/DSC00515-300x225.jpg 300w, https:\/\/agora.xtec.cat\/escolacastellum\/wp-content\/uploads\/usu788\/2016\/11\/DSC00515-200x150.jpg 200w\" sizes=\"auto, (max-width: 448px) 100vw, 448px\" \/><\/a> <a href=\"http:\/\/agora.xtec.cat\/escolacastellum\/wp-content\/uploads\/usu788\/2016\/11\/DSC00506.jpg\"><img loading=\"lazy\" decoding=\"async\" class=\"alignnone size-full wp-image-1976\" src=\"http:\/\/agora.xtec.cat\/escolacastellum\/wp-content\/uploads\/usu788\/2016\/11\/DSC00506.jpg\" alt=\"\" width=\"448\" height=\"336\" srcset=\"https:\/\/agora.xtec.cat\/escolacastellum\/wp-content\/uploads\/usu788\/2016\/11\/DSC00506.jpg 448w, https:\/\/agora.xtec.cat\/escolacastellum\/wp-content\/uploads\/usu788\/2016\/11\/DSC00506-300x225.jpg 300w, https:\/\/agora.xtec.cat\/escolacastellum\/wp-content\/uploads\/usu788\/2016\/11\/DSC00506-200x150.jpg 200w\" sizes=\"auto, (max-width: 448px) 100vw, 448px\" \/><\/a> <a href=\"http:\/\/agora.xtec.cat\/escolacastellum\/wp-content\/uploads\/usu788\/2016\/11\/DSC00502.jpg\"><img loading=\"lazy\" decoding=\"async\" class=\"alignnone size-full wp-image-1975\" src=\"http:\/\/agora.xtec.cat\/escolacastellum\/wp-content\/uploads\/usu788\/2016\/11\/DSC00502.jpg\" alt=\"\" width=\"448\" height=\"336\" srcset=\"https:\/\/agora.xtec.cat\/escolacastellum\/wp-content\/uploads\/usu788\/2016\/11\/DSC00502.jpg 448w, https:\/\/agora.xtec.cat\/escolacastellum\/wp-content\/uploads\/usu788\/2016\/11\/DSC00502-300x225.jpg 300w, https:\/\/agora.xtec.cat\/escolacastellum\/wp-content\/uploads\/usu788\/2016\/11\/DSC00502-200x150.jpg 200w\" sizes=\"auto, (max-width: 448px) 100vw, 448px\" \/><\/a> <a href=\"http:\/\/agora.xtec.cat\/escolacastellum\/wp-content\/uploads\/usu788\/2016\/11\/DSC00499.jpg\"><img loading=\"lazy\" decoding=\"async\" class=\"alignnone size-full wp-image-1974\" src=\"http:\/\/agora.xtec.cat\/escolacastellum\/wp-content\/uploads\/usu788\/2016\/11\/DSC00499.jpg\" alt=\"\" width=\"448\" height=\"336\" srcset=\"https:\/\/agora.xtec.cat\/escolacastellum\/wp-content\/uploads\/usu788\/2016\/11\/DSC00499.jpg 448w, https:\/\/agora.xtec.cat\/escolacastellum\/wp-content\/uploads\/usu788\/2016\/11\/DSC00499-300x225.jpg 300w, https:\/\/agora.xtec.cat\/escolacastellum\/wp-content\/uploads\/usu788\/2016\/11\/DSC00499-200x150.jpg 200w\" sizes=\"auto, (max-width: 448px) 100vw, 448px\" \/><\/a> <a href=\"http:\/\/agora.xtec.cat\/escolacastellum\/wp-content\/uploads\/usu788\/2016\/11\/DSC00498.jpg\"><img loading=\"lazy\" decoding=\"async\" class=\"alignnone size-full wp-image-1973\" src=\"http:\/\/agora.xtec.cat\/escolacastellum\/wp-content\/uploads\/usu788\/2016\/11\/DSC00498.jpg\" alt=\"\" width=\"448\" height=\"336\" srcset=\"https:\/\/agora.xtec.cat\/escolacastellum\/wp-content\/uploads\/usu788\/2016\/11\/DSC00498.jpg 448w, https:\/\/agora.xtec.cat\/escolacastellum\/wp-content\/uploads\/usu788\/2016\/11\/DSC00498-300x225.jpg 300w, https:\/\/agora.xtec.cat\/escolacastellum\/wp-content\/uploads\/usu788\/2016\/11\/DSC00498-200x150.jpg 200w\" sizes=\"auto, (max-width: 448px) 100vw, 448px\" \/><\/a>\u00a0 <a href=\"http:\/\/agora.xtec.cat\/escolacastellum\/wp-content\/uploads\/usu788\/2016\/11\/DSC00485.jpg\"><img loading=\"lazy\" decoding=\"async\" class=\"alignnone size-full wp-image-1969\" src=\"http:\/\/agora.xtec.cat\/escolacastellum\/wp-content\/uploads\/usu788\/2016\/11\/DSC00485.jpg\" alt=\"\" width=\"448\" height=\"336\" srcset=\"https:\/\/agora.xtec.cat\/escolacastellum\/wp-content\/uploads\/usu788\/2016\/11\/DSC00485.jpg 448w, https:\/\/agora.xtec.cat\/escolacastellum\/wp-content\/uploads\/usu788\/2016\/11\/DSC00485-300x225.jpg 300w, https:\/\/agora.xtec.cat\/escolacastellum\/wp-content\/uploads\/usu788\/2016\/11\/DSC00485-200x150.jpg 200w\" sizes=\"auto, (max-width: 448px) 100vw, 448px\" \/><\/a> <a href=\"http:\/\/agora.xtec.cat\/escolacastellum\/wp-content\/uploads\/usu788\/2016\/11\/DSC00491.jpg\"><img loading=\"lazy\" decoding=\"async\" class=\"alignnone size-full wp-image-1971\" src=\"http:\/\/agora.xtec.cat\/escolacastellum\/wp-content\/uploads\/usu788\/2016\/11\/DSC00491.jpg\" alt=\"\" width=\"448\" height=\"336\" srcset=\"https:\/\/agora.xtec.cat\/escolacastellum\/wp-content\/uploads\/usu788\/2016\/11\/DSC00491.jpg 448w, https:\/\/agora.xtec.cat\/escolacastellum\/wp-content\/uploads\/usu788\/2016\/11\/DSC00491-300x225.jpg 300w, https:\/\/agora.xtec.cat\/escolacastellum\/wp-content\/uploads\/usu788\/2016\/11\/DSC00491-200x150.jpg 200w\" sizes=\"auto, (max-width: 448px) 100vw, 448px\" \/><\/a> <a href=\"http:\/\/agora.xtec.cat\/escolacastellum\/wp-content\/uploads\/usu788\/2016\/11\/DSC00496.jpg\"><img loading=\"lazy\" decoding=\"async\" class=\"alignnone size-full wp-image-1972\" src=\"http:\/\/agora.xtec.cat\/escolacastellum\/wp-content\/uploads\/usu788\/2016\/11\/DSC00496.jpg\" alt=\"\" width=\"448\" height=\"336\" srcset=\"https:\/\/agora.xtec.cat\/escolacastellum\/wp-content\/uploads\/usu788\/2016\/11\/DSC00496.jpg 448w, https:\/\/agora.xtec.cat\/escolacastellum\/wp-content\/uploads\/usu788\/2016\/11\/DSC00496-300x225.jpg 300w, https:\/\/agora.xtec.cat\/escolacastellum\/wp-content\/uploads\/usu788\/2016\/11\/DSC00496-200x150.jpg 200w\" sizes=\"auto, (max-width: 448px) 100vw, 448px\" \/><\/a><\/p>\n","protected":false},"excerpt":{"rendered":"<p>&nbsp;<br \/>\nUn any m\u00e9s comencem els tallers entre infants de 4 anys, 5 anys i primer.<br \/>\n&nbsp;<br \/>\n&nbsp;<br \/>\nEls tallers de 4,5 anys i 1r es faran el dijous a la tarda de 15\u201915 a les 16\u201915 h. \u00a0Cada grup de tallers estar\u00e0 format per 13\/14 infants i s\u2019iniciaran&hellip;  <a href=\"https:\/\/agora.xtec.cat\/escolacastellum\/activitats-descola\/tallers\/tallers-4-anys-5-anys-i-primer\/\" title=\"Read Tallers 4 anys, 5 anys i primer\">Llegeix m\u00e9s\u00bb<\/a><\/p>\n","protected":false},"author":1,"featured_media":0,"parent":232,"menu_order":0,"comment_status":"closed","ping_status":"closed","template":"page-templates\/side-menu.php","meta":{"_bbp_topic_count":0,"_bbp_reply_count":0,"_bbp_total_topic_count":0,"_bbp_total_reply_count":0,"_bbp_voice_count":0,"_bbp_anonymous_reply_count":0,"_bbp_topic_count_hidden":0,"_bbp_reply_count_hidden":0,"_bbp_forum_subforum_count":0,"footnotes":""},"class_list":["post-456","page","type-page","status-publish","hentry"],"post_mailing_queue_ids":[],"_links":{"self":[{"href":"https:\/\/agora.xtec.cat\/escolacastellum\/wp-json\/wp\/v2\/pages\/456","targetHints":{"allow":["GET"]}}],"collection":[{"href":"https:\/\/agora.xtec.cat\/escolacastellum\/wp-json\/wp\/v2\/pages"}],"about":[{"href":"https:\/\/agora.xtec.cat\/escolacastellum\/wp-json\/wp\/v2\/types\/page"}],"author":[{"embeddable":true,"href":"https:\/\/agora.xtec.cat\/escolacastellum\/wp-json\/wp\/v2\/users\/1"}],"replies":[{"embeddable":true,"href":"https:\/\/agora.xtec.cat\/escolacastellum\/wp-json\/wp\/v2\/comments?post=456"}],"version-history":[{"count":3,"href":"https:\/\/agora.xtec.cat\/escolacastellum\/wp-json\/wp\/v2\/pages\/456\/revisions"}],"predecessor-version":[{"id":1978,"href":"https:\/\/agora.xtec.cat\/escolacastellum\/wp-json\/wp\/v2\/pages\/456\/revisions\/1978"}],"up":[{"embeddable":true,"href":"https:\/\/agora.xtec.cat\/escolacastellum\/wp-json\/wp\/v2\/pages\/232"}],"wp:attachment":[{"href":"https:\/\/agora.xtec.cat\/escolacastellum\/wp-json\/wp\/v2\/media?parent=456"}],"curies":[{"name":"wp","href":"https:\/\/api.w.org\/{rel}","templated":true}]}}