{"id":454,"date":"2016-11-07T16:14:59","date_gmt":"2016-11-07T15:14:59","guid":{"rendered":"http:\/\/agora.xtec.cat\/escolacastellum\/?page_id=454"},"modified":"2018-03-05T18:26:28","modified_gmt":"2018-03-05T17:26:28","slug":"taller-3-anys","status":"publish","type":"page","link":"https:\/\/agora.xtec.cat\/escolacastellum\/activitats-descola\/tallers\/taller-3-anys\/","title":{"rendered":"Taller 3 anys"},"content":{"rendered":"<p><strong>\u00a0TALLERS DE 3 ANYS<\/strong><\/p>\n<p>Tal i com vam explicar a la reuni\u00f3 de classe, en aquest segon trimestre de curs, comen\u00e7arem els tallers amb els infants de 3 anys.<\/p>\n<p>Es faran el <strong>dimecres a la tarda de les 15\u201915h a les 16\u201915h<\/strong>. Cada grup de taller estar\u00e0 format per uns 11 infants. <strong>S\u2019iniciaran el 7 de febrer<\/strong>.<\/p>\n<p>&nbsp;<\/p>\n<p>L\u2019objectiu principal dels tallers \u00e9s realitzar activitats relacionades amb les matem\u00e0tiques, la descoberta, l\u2019experimentaci\u00f3&#8230; i que es poden aprofundir millor en petit grup.<\/p>\n<p>&nbsp;<\/p>\n<p><strong>Quins tallers farem?<\/strong><\/p>\n<p><u>\u00a0<\/u><\/p>\n<table>\n<tbody>\n<tr>\n<td width=\"326\"><strong>Tipus de taller<\/strong><\/td>\n<td width=\"326\"><strong>Adult responsable<\/strong><\/p>\n<p><strong>\u00a0<\/strong><\/td>\n<\/tr>\n<tr>\n<td width=\"326\"><strong>Joc heur\u00edstic: <\/strong>amb material de la vida quotidiana treballem el raonament matem\u00e0tic<\/p>\n<p><u>\u00a0<\/u><\/td>\n<td width=\"326\">Montse Maruny<\/td>\n<\/tr>\n<tr>\n<td width=\"326\"><strong>Experimentaci\u00f3:<\/strong> descoberta de material i les seves caracter\u00edstiques a trav\u00e9s del m\u00e8tode cient\u00edfic.<\/td>\n<td width=\"326\">Pili Mart\u00ednez<\/td>\n<\/tr>\n<tr>\n<td width=\"326\"><strong>Tem\u00e0tica diversa: <\/strong>manualitats, dansa, ioga, teatre, sentits, cuina&#8230;<\/p>\n<p><u>\u00a0<\/u><\/td>\n<td width=\"326\">Fam\u00edlia<\/p>\n<p>&nbsp;<\/td>\n<\/tr>\n<\/tbody>\n<\/table>\n<p>&nbsp;<\/p>\n","protected":false},"excerpt":{"rendered":"<p>\u00a0TALLERS DE 3 ANYS<br \/>\nTal i com vam explicar a la reuni\u00f3 de classe, en aquest segon trimestre de curs, comen\u00e7arem els tallers amb els infants de 3 anys.<br \/>\nEs faran el dimecres a la tarda de les 15\u201915h a les 16\u201915h. Cada grup de taller estar\u00e0&hellip;  <a href=\"https:\/\/agora.xtec.cat\/escolacastellum\/activitats-descola\/tallers\/taller-3-anys\/\" title=\"Read Taller 3 anys\">Llegeix m\u00e9s\u00bb<\/a><\/p>\n","protected":false},"author":1,"featured_media":0,"parent":232,"menu_order":0,"comment_status":"closed","ping_status":"closed","template":"page-templates\/side-menu.php","meta":{"_bbp_topic_count":0,"_bbp_reply_count":0,"_bbp_total_topic_count":0,"_bbp_total_reply_count":0,"_bbp_voice_count":0,"_bbp_anonymous_reply_count":0,"_bbp_topic_count_hidden":0,"_bbp_reply_count_hidden":0,"_bbp_forum_subforum_count":0,"footnotes":""},"class_list":["post-454","page","type-page","status-publish","hentry"],"post_mailing_queue_ids":[],"_links":{"self":[{"href":"https:\/\/agora.xtec.cat\/escolacastellum\/wp-json\/wp\/v2\/pages\/454","targetHints":{"allow":["GET"]}}],"collection":[{"href":"https:\/\/agora.xtec.cat\/escolacastellum\/wp-json\/wp\/v2\/pages"}],"about":[{"href":"https:\/\/agora.xtec.cat\/escolacastellum\/wp-json\/wp\/v2\/types\/page"}],"author":[{"embeddable":true,"href":"https:\/\/agora.xtec.cat\/escolacastellum\/wp-json\/wp\/v2\/users\/1"}],"replies":[{"embeddable":true,"href":"https:\/\/agora.xtec.cat\/escolacastellum\/wp-json\/wp\/v2\/comments?post=454"}],"version-history":[{"count":2,"href":"https:\/\/agora.xtec.cat\/escolacastellum\/wp-json\/wp\/v2\/pages\/454\/revisions"}],"predecessor-version":[{"id":1385,"href":"https:\/\/agora.xtec.cat\/escolacastellum\/wp-json\/wp\/v2\/pages\/454\/revisions\/1385"}],"up":[{"embeddable":true,"href":"https:\/\/agora.xtec.cat\/escolacastellum\/wp-json\/wp\/v2\/pages\/232"}],"wp:attachment":[{"href":"https:\/\/agora.xtec.cat\/escolacastellum\/wp-json\/wp\/v2\/media?parent=454"}],"curies":[{"name":"wp","href":"https:\/\/api.w.org\/{rel}","templated":true}]}}