{"id":450,"date":"2016-11-07T16:13:30","date_gmt":"2016-11-07T15:13:30","guid":{"rendered":"http:\/\/agora.xtec.cat\/escolacastellum\/?page_id=450"},"modified":"2018-07-03T11:35:40","modified_gmt":"2018-07-03T09:35:40","slug":"saixeca-el-telo","status":"publish","type":"page","link":"https:\/\/agora.xtec.cat\/escolacastellum\/activitats-descola\/grups-de-recerca\/saixeca-el-telo\/","title":{"rendered":"S&#8217;aixeca el tel\u00f3"},"content":{"rendered":"<p>Aquest curs a &#8220;S&#8217;aixeca el tel\u00f3&#8221; ens hem atrevit amb la improvisaci\u00f3. A partir de jocs de creaci\u00f3 de personatges, treballar la veu i el cos. Sorgiren de nosaltres petits gags o si preferiu &#8221; Historietes&#8221;. Tot plegat amb una mica de m\u00fasica i un xic de caixes de cartr\u00f3, \u00a0poc a poc vam anar creant conjuntament el nostre espectacle.<\/p>\n<p>&nbsp;<\/p>\n<p><a href=\"http:\/\/agora.xtec.cat\/escolacastellum\/wp-content\/uploads\/usu788\/2016\/11\/DSC_0044-1.jpg\"><img loading=\"lazy\" decoding=\"async\" class=\"size-full wp-image-2186 alignleft\" src=\"http:\/\/agora.xtec.cat\/escolacastellum\/wp-content\/uploads\/usu788\/2016\/11\/DSC_0044-1.jpg\" alt=\"\" width=\"448\" height=\"298\" srcset=\"https:\/\/agora.xtec.cat\/escolacastellum\/wp-content\/uploads\/usu788\/2016\/11\/DSC_0044-1.jpg 448w, https:\/\/agora.xtec.cat\/escolacastellum\/wp-content\/uploads\/usu788\/2016\/11\/DSC_0044-1-300x200.jpg 300w\" sizes=\"auto, (max-width: 448px) 100vw, 448px\" \/><\/a><a href=\"http:\/\/agora.xtec.cat\/escolacastellum\/wp-content\/uploads\/usu788\/2016\/11\/DSC_0049pet.jpg\"><img loading=\"lazy\" decoding=\"async\" class=\"size-full wp-image-2190 alignright\" src=\"http:\/\/agora.xtec.cat\/escolacastellum\/wp-content\/uploads\/usu788\/2016\/11\/DSC_0049pet.jpg\" alt=\"\" width=\"448\" height=\"298\" srcset=\"https:\/\/agora.xtec.cat\/escolacastellum\/wp-content\/uploads\/usu788\/2016\/11\/DSC_0049pet.jpg 448w, https:\/\/agora.xtec.cat\/escolacastellum\/wp-content\/uploads\/usu788\/2016\/11\/DSC_0049pet-300x200.jpg 300w\" sizes=\"auto, (max-width: 448px) 100vw, 448px\" \/><\/a><\/p>\n<p><a href=\"http:\/\/agora.xtec.cat\/escolacastellum\/wp-content\/uploads\/usu788\/2016\/11\/DSC_0057-e1530608706497.jpg\"><img loading=\"lazy\" decoding=\"async\" class=\"wp-image-2187 alignleft\" src=\"http:\/\/agora.xtec.cat\/escolacastellum\/wp-content\/uploads\/usu788\/2016\/11\/DSC_0057-1024x681.jpg\" alt=\"\" width=\"444\" height=\"295\" \/><\/a><\/p>\n<p>&nbsp;<\/p>\n<p><a href=\"http:\/\/agora.xtec.cat\/escolacastellum\/wp-content\/uploads\/usu788\/2016\/11\/DSC_0059.jpg\"><img loading=\"lazy\" decoding=\"async\" class=\"size-full wp-image-2189 alignright\" src=\"http:\/\/agora.xtec.cat\/escolacastellum\/wp-content\/uploads\/usu788\/2016\/11\/DSC_0059.jpg\" alt=\"\" width=\"448\" height=\"298\" srcset=\"https:\/\/agora.xtec.cat\/escolacastellum\/wp-content\/uploads\/usu788\/2016\/11\/DSC_0059.jpg 448w, https:\/\/agora.xtec.cat\/escolacastellum\/wp-content\/uploads\/usu788\/2016\/11\/DSC_0059-300x200.jpg 300w\" sizes=\"auto, (max-width: 448px) 100vw, 448px\" \/><\/a><\/p>\n<p>&nbsp;<\/p>\n<p>&nbsp;<\/p>\n<p>&nbsp;<\/p>\n<p><a href=\"http:\/\/agora.xtec.cat\/escolacastellum\/wp-content\/uploads\/usu788\/2016\/11\/copia-web-3.jpg\"><img loading=\"lazy\" decoding=\"async\" class=\"wp-image-2182 aligncenter\" src=\"http:\/\/agora.xtec.cat\/escolacastellum\/wp-content\/uploads\/usu788\/2016\/11\/copia-web-3.jpg\" alt=\"\" width=\"566\" height=\"376\" srcset=\"https:\/\/agora.xtec.cat\/escolacastellum\/wp-content\/uploads\/usu788\/2016\/11\/copia-web-3.jpg 448w, https:\/\/agora.xtec.cat\/escolacastellum\/wp-content\/uploads\/usu788\/2016\/11\/copia-web-3-300x200.jpg 300w\" sizes=\"auto, (max-width: 566px) 100vw, 566px\" \/><\/a><\/p>\n","protected":false},"excerpt":{"rendered":"<p>Aquest curs a &#8220;S&#8217;aixeca el tel\u00f3&#8221; ens hem atrevit amb la improvisaci\u00f3. A partir de jocs de creaci\u00f3 de personatges, treballar la veu i el cos. Sorgiren de nosaltres petits gags o si preferiu &#8221; Historietes&#8221;. Tot plegat amb una mica de m\u00fasica i un&hellip;  <a href=\"https:\/\/agora.xtec.cat\/escolacastellum\/activitats-descola\/grups-de-recerca\/saixeca-el-telo\/\" title=\"Read S&#8217;aixeca el tel\u00f3\">Llegeix m\u00e9s\u00bb<\/a><\/p>\n","protected":false},"author":1,"featured_media":0,"parent":234,"menu_order":0,"comment_status":"closed","ping_status":"closed","template":"page-templates\/side-menu.php","meta":{"_bbp_topic_count":0,"_bbp_reply_count":0,"_bbp_total_topic_count":0,"_bbp_total_reply_count":0,"_bbp_voice_count":0,"_bbp_anonymous_reply_count":0,"_bbp_topic_count_hidden":0,"_bbp_reply_count_hidden":0,"_bbp_forum_subforum_count":0,"footnotes":""},"class_list":["post-450","page","type-page","status-publish","hentry"],"post_mailing_queue_ids":[],"_links":{"self":[{"href":"https:\/\/agora.xtec.cat\/escolacastellum\/wp-json\/wp\/v2\/pages\/450","targetHints":{"allow":["GET"]}}],"collection":[{"href":"https:\/\/agora.xtec.cat\/escolacastellum\/wp-json\/wp\/v2\/pages"}],"about":[{"href":"https:\/\/agora.xtec.cat\/escolacastellum\/wp-json\/wp\/v2\/types\/page"}],"author":[{"embeddable":true,"href":"https:\/\/agora.xtec.cat\/escolacastellum\/wp-json\/wp\/v2\/users\/1"}],"replies":[{"embeddable":true,"href":"https:\/\/agora.xtec.cat\/escolacastellum\/wp-json\/wp\/v2\/comments?post=450"}],"version-history":[{"count":4,"href":"https:\/\/agora.xtec.cat\/escolacastellum\/wp-json\/wp\/v2\/pages\/450\/revisions"}],"predecessor-version":[{"id":2201,"href":"https:\/\/agora.xtec.cat\/escolacastellum\/wp-json\/wp\/v2\/pages\/450\/revisions\/2201"}],"up":[{"embeddable":true,"href":"https:\/\/agora.xtec.cat\/escolacastellum\/wp-json\/wp\/v2\/pages\/234"}],"wp:attachment":[{"href":"https:\/\/agora.xtec.cat\/escolacastellum\/wp-json\/wp\/v2\/media?parent=450"}],"curies":[{"name":"wp","href":"https:\/\/api.w.org\/{rel}","templated":true}]}}