{"id":442,"date":"2016-11-07T16:10:59","date_gmt":"2016-11-07T15:10:59","guid":{"rendered":"http:\/\/agora.xtec.cat\/escolacastellum\/?page_id=442"},"modified":"2018-04-18T13:55:28","modified_gmt":"2018-04-18T11:55:28","slug":"la-impremta","status":"publish","type":"page","link":"https:\/\/agora.xtec.cat\/escolacastellum\/activitats-descola\/grups-de-recerca\/la-impremta\/","title":{"rendered":"La impremta"},"content":{"rendered":"<p style=\"text-align: center;\"><strong>CURS 2017-18<\/strong><\/p>\n<p>Durant aquest curs els nens que estem al grup d\u2019impremta fem un recorregut des del Paleol\u00edtic, passant per les taules d\u2019argila dels Egipcis i el significat dels colors que utilitzaven. Tamb\u00e9 hem elaborat <em>un shenu<\/em><\/p>\n<p><a href=\"http:\/\/agora.xtec.cat\/escolacastellum\/wp-content\/uploads\/usu788\/2016\/11\/1-3.jpg\"><img loading=\"lazy\" decoding=\"async\" class=\"size-full wp-image-1627 aligncenter\" src=\"http:\/\/agora.xtec.cat\/escolacastellum\/wp-content\/uploads\/usu788\/2016\/11\/1-3.jpg\" alt=\"\" width=\"640\" height=\"474\" srcset=\"https:\/\/agora.xtec.cat\/escolacastellum\/wp-content\/uploads\/usu788\/2016\/11\/1-3.jpg 640w, https:\/\/agora.xtec.cat\/escolacastellum\/wp-content\/uploads\/usu788\/2016\/11\/1-3-300x222.jpg 300w\" sizes=\"auto, (max-width: 640px) 100vw, 640px\" \/><\/a><\/p>\n<p><a href=\"http:\/\/agora.xtec.cat\/escolacastellum\/wp-content\/uploads\/usu788\/2016\/11\/2-3.jpg\"><img loading=\"lazy\" decoding=\"async\" class=\"size-large wp-image-1628 aligncenter\" src=\"http:\/\/agora.xtec.cat\/escolacastellum\/wp-content\/uploads\/usu788\/2016\/11\/2-3.jpg\" alt=\"\" width=\"640\" height=\"474\" srcset=\"https:\/\/agora.xtec.cat\/escolacastellum\/wp-content\/uploads\/usu788\/2016\/11\/2-3.jpg 640w, https:\/\/agora.xtec.cat\/escolacastellum\/wp-content\/uploads\/usu788\/2016\/11\/2-3-300x222.jpg 300w\" sizes=\"auto, (max-width: 640px) 100vw, 640px\" \/><\/a><\/p>\n<p><a href=\"http:\/\/agora.xtec.cat\/escolacastellum\/wp-content\/uploads\/usu788\/2016\/11\/3-3.jpg\"><img loading=\"lazy\" decoding=\"async\" class=\"size-large wp-image-1629 aligncenter\" src=\"http:\/\/agora.xtec.cat\/escolacastellum\/wp-content\/uploads\/usu788\/2016\/11\/3-3.jpg\" alt=\"\" width=\"640\" height=\"444\" srcset=\"https:\/\/agora.xtec.cat\/escolacastellum\/wp-content\/uploads\/usu788\/2016\/11\/3-3.jpg 640w, https:\/\/agora.xtec.cat\/escolacastellum\/wp-content\/uploads\/usu788\/2016\/11\/3-3-300x208.jpg 300w\" sizes=\"auto, (max-width: 640px) 100vw, 640px\" \/><\/a><\/p>\n<p><a href=\"http:\/\/agora.xtec.cat\/escolacastellum\/wp-content\/uploads\/usu788\/2016\/11\/4-2.jpg\"><img loading=\"lazy\" decoding=\"async\" class=\"size-large wp-image-1630 aligncenter\" src=\"http:\/\/agora.xtec.cat\/escolacastellum\/wp-content\/uploads\/usu788\/2016\/11\/4-2.jpg\" alt=\"\" width=\"640\" height=\"474\" srcset=\"https:\/\/agora.xtec.cat\/escolacastellum\/wp-content\/uploads\/usu788\/2016\/11\/4-2.jpg 640w, https:\/\/agora.xtec.cat\/escolacastellum\/wp-content\/uploads\/usu788\/2016\/11\/4-2-300x222.jpg 300w\" sizes=\"auto, (max-width: 640px) 100vw, 640px\" \/><\/a><\/p>\n<p style=\"text-align: center;\">\n<hr \/>\n<p style=\"text-align: center;\"><strong>CURS 2016-17<\/strong><\/p>\n<hr \/>\n<p><img loading=\"lazy\" decoding=\"async\" class=\"size-large wp-image-615 aligncenter\" src=\"http:\/\/agora.xtec.cat\/escolacastellum\/wp-content\/uploads\/usu788\/2016\/11\/DSC03437.jpg\" alt=\"dsc03437\" width=\"640\" height=\"480\" srcset=\"https:\/\/agora.xtec.cat\/escolacastellum\/wp-content\/uploads\/usu788\/2016\/11\/DSC03437.jpg 640w, https:\/\/agora.xtec.cat\/escolacastellum\/wp-content\/uploads\/usu788\/2016\/11\/DSC03437-300x225.jpg 300w, https:\/\/agora.xtec.cat\/escolacastellum\/wp-content\/uploads\/usu788\/2016\/11\/DSC03437-200x150.jpg 200w\" sizes=\"auto, (max-width: 640px) 100vw, 640px\" \/><\/p>\n<p>En el Grup de recerca de <strong>La Impremta<\/strong> realitzem diferents activitats relacionades amb l\u2019evoluci\u00f3 de l\u2019escriptura al llarg del temps, l\u2019aparici\u00f3 i transformaci\u00f3 de la impremta i els diferents oficis que intervenen en la creaci\u00f3 d\u2019un llibre.<a href=\"http:\/\/agora.xtec.cat\/escolacastellum\/wp-content\/uploads\/usu788\/2016\/11\/DSC03427.jpg\"><img loading=\"lazy\" decoding=\"async\" class=\"size-full wp-image-614 aligncenter\" src=\"http:\/\/agora.xtec.cat\/escolacastellum\/wp-content\/uploads\/usu788\/2016\/11\/DSC03427.jpg\" alt=\"dsc03427\" width=\"640\" height=\"480\" srcset=\"https:\/\/agora.xtec.cat\/escolacastellum\/wp-content\/uploads\/usu788\/2016\/11\/DSC03427.jpg 640w, https:\/\/agora.xtec.cat\/escolacastellum\/wp-content\/uploads\/usu788\/2016\/11\/DSC03427-300x225.jpg 300w, https:\/\/agora.xtec.cat\/escolacastellum\/wp-content\/uploads\/usu788\/2016\/11\/DSC03427-200x150.jpg 200w\" sizes=\"auto, (max-width: 640px) 100vw, 640px\" \/><\/a><\/p>\n","protected":false},"excerpt":{"rendered":"<p>CURS 2017-18<br \/>\nDurant aquest curs els nens que estem al grup d\u2019impremta fem un recorregut des del Paleol\u00edtic, passant per les taules d\u2019argila dels Egipcis i el significat dels colors que utilitzaven. Tamb\u00e9 hem elaborat un shenu<br \/>\n<a href=\"http:\/\/agora.xtec.cat\/escolacastellum\/wp-content\/uploads\/usu788\/2016\/11\/1-3.jpg\"><\/a><br \/>\n<a href=\"http:\/\/agora.xtec.cat\/escolacastellum\/wp-content\/uploads\/usu788\/2016\/11\/2-3.jpg\"><\/a><br \/>\n<a href=\"http:\/\/agora.xtec.cat\/escolacastellum\/wp-content\/uploads\/usu788\/2016\/11\/3-3.jpg\"><\/a><br \/>\n<a href=\"http:\/\/agora.xtec.cat\/escolacastellum\/wp-content\/uploads\/usu788\/2016\/11\/4-2.jpg\"><\/a><\/p>\n<p>CURS 2016-17<\/p>\n<p>En el Grup de recerca&hellip;  <a href=\"https:\/\/agora.xtec.cat\/escolacastellum\/activitats-descola\/grups-de-recerca\/la-impremta\/\" title=\"Read La impremta\">Llegeix m\u00e9s\u00bb<\/a><\/p>\n","protected":false},"author":1,"featured_media":0,"parent":234,"menu_order":0,"comment_status":"closed","ping_status":"closed","template":"page-templates\/side-menu.php","meta":{"_bbp_topic_count":0,"_bbp_reply_count":0,"_bbp_total_topic_count":0,"_bbp_total_reply_count":0,"_bbp_voice_count":0,"_bbp_anonymous_reply_count":0,"_bbp_topic_count_hidden":0,"_bbp_reply_count_hidden":0,"_bbp_forum_subforum_count":0,"footnotes":""},"class_list":["post-442","page","type-page","status-publish","hentry"],"post_mailing_queue_ids":[],"_links":{"self":[{"href":"https:\/\/agora.xtec.cat\/escolacastellum\/wp-json\/wp\/v2\/pages\/442","targetHints":{"allow":["GET"]}}],"collection":[{"href":"https:\/\/agora.xtec.cat\/escolacastellum\/wp-json\/wp\/v2\/pages"}],"about":[{"href":"https:\/\/agora.xtec.cat\/escolacastellum\/wp-json\/wp\/v2\/types\/page"}],"author":[{"embeddable":true,"href":"https:\/\/agora.xtec.cat\/escolacastellum\/wp-json\/wp\/v2\/users\/1"}],"replies":[{"embeddable":true,"href":"https:\/\/agora.xtec.cat\/escolacastellum\/wp-json\/wp\/v2\/comments?post=442"}],"version-history":[{"count":3,"href":"https:\/\/agora.xtec.cat\/escolacastellum\/wp-json\/wp\/v2\/pages\/442\/revisions"}],"predecessor-version":[{"id":1631,"href":"https:\/\/agora.xtec.cat\/escolacastellum\/wp-json\/wp\/v2\/pages\/442\/revisions\/1631"}],"up":[{"embeddable":true,"href":"https:\/\/agora.xtec.cat\/escolacastellum\/wp-json\/wp\/v2\/pages\/234"}],"wp:attachment":[{"href":"https:\/\/agora.xtec.cat\/escolacastellum\/wp-json\/wp\/v2\/media?parent=442"}],"curies":[{"name":"wp","href":"https:\/\/api.w.org\/{rel}","templated":true}]}}