{"id":440,"date":"2016-11-07T16:10:38","date_gmt":"2016-11-07T15:10:38","guid":{"rendered":"http:\/\/agora.xtec.cat\/escolacastellum\/?page_id=440"},"modified":"2018-03-16T16:20:46","modified_gmt":"2018-03-16T15:20:46","slug":"grans-persones","status":"publish","type":"page","link":"https:\/\/agora.xtec.cat\/escolacastellum\/activitats-descola\/grups-de-recerca\/grans-persones\/","title":{"rendered":"Grans persones"},"content":{"rendered":"<p style=\"text-align: center;\"><strong>CURS 2017-18<\/strong><\/p>\n<p><span style=\"font-weight: 400;\">Aquest curs en el grup de recerca \u201cGrans Persones\u201d dediquem la meitat de les sessions a preparar diverses activitats que oferim als avis\/\u00e0vies que ens v\u00e9nen a visitar. Tot seguit us deixem les 5 propostes que estem preparant en aquests moments i que seran presentades despr\u00e9s de les vacances de Setmana Santa: <\/span><\/p>\n<p><b>Estem fent una presentaci\u00f3 a trav\u00e9s d\u2019imatges que recull bons moments que pot tenir una persona gran. <\/b><span style=\"font-weight: 400;\">Eloi G. (6\u00e8)<\/span><\/p>\n<p>&nbsp;<\/p>\n<p><b>Assagem una obra de teatre amb personatges de \u201cStar Wars\u201d. <\/b><span style=\"font-weight: 400;\">Nora J.(2n), Oriol C.(2n) i Guillem M.(2n)<\/span><\/p>\n<p>&nbsp;<\/p>\n<p><b>Estem preparant un conte que es diu \u201cSopa de Carbassa\u201d. <\/b><span style=\"font-weight: 400;\">Nick K.(5\u00e8), Jan X.(4t) i Ian F.(4t)<\/span><\/p>\n<p>&nbsp;<\/p>\n<p><b>Ens hem preparat el conte titulat \u201cL\u2019\u00e0via viatgera\u201d. Parla d\u2019una \u00e0via i un nen que es diu Bernat que viuen molt lluny i es volen veure. <\/b><span style=\"font-weight: 400;\">Lina S.(5\u00e8), Maria R.(4t) i Aina F.(4t)<\/span><\/p>\n<p><strong><br \/>\n<b>Estem preparant un ball amb una can\u00e7\u00f3. <\/b><span style=\"font-weight: 400;\">Carlota R.(3r), Nora F.(3r), Iu A.(6\u00e8) i Jana B.(6\u00e8)<\/span><\/strong><\/p>\n<hr \/>\n<p style=\"text-align: center;\"><strong>CURS 2016-17<\/strong><\/p>\n<hr \/>\n<p><img loading=\"lazy\" decoding=\"async\" class=\"size-large wp-image-609 aligncenter\" src=\"http:\/\/agora.xtec.cat\/escolacastellum\/wp-content\/uploads\/usu788\/2016\/11\/DSCF6638.jpg\" alt=\"dscf6638\" width=\"640\" height=\"480\" srcset=\"https:\/\/agora.xtec.cat\/escolacastellum\/wp-content\/uploads\/usu788\/2016\/11\/DSCF6638.jpg 640w, https:\/\/agora.xtec.cat\/escolacastellum\/wp-content\/uploads\/usu788\/2016\/11\/DSCF6638-300x225.jpg 300w, https:\/\/agora.xtec.cat\/escolacastellum\/wp-content\/uploads\/usu788\/2016\/11\/DSCF6638-200x150.jpg 200w\" sizes=\"auto, (max-width: 640px) 100vw, 640px\" \/><\/p>\n<p>En el grup de recerca \u201cGrans persones\u201d compartim viv\u00e8ncies amb la gent gran que forma part de la nostra comunitat educativa. Hem proposat de fer diverses activitats, com ara escoltar les seves hist\u00f2ries, fer tallers de diverses tipologies i fins i tot poder crear alguna cosa de manera conjunta.<\/p>\n<p><a href=\"http:\/\/agora.xtec.cat\/escolacastellum\/wp-content\/uploads\/usu788\/2016\/11\/DSCF6636.jpg\"><img loading=\"lazy\" decoding=\"async\" class=\"alignnone wp-image-608\" src=\"http:\/\/agora.xtec.cat\/escolacastellum\/wp-content\/uploads\/usu788\/2016\/11\/DSCF6636.jpg\" alt=\"dscf6636\" width=\"336\" height=\"252\" srcset=\"https:\/\/agora.xtec.cat\/escolacastellum\/wp-content\/uploads\/usu788\/2016\/11\/DSCF6636.jpg 640w, https:\/\/agora.xtec.cat\/escolacastellum\/wp-content\/uploads\/usu788\/2016\/11\/DSCF6636-300x225.jpg 300w, https:\/\/agora.xtec.cat\/escolacastellum\/wp-content\/uploads\/usu788\/2016\/11\/DSCF6636-200x150.jpg 200w\" sizes=\"auto, (max-width: 336px) 100vw, 336px\" \/><\/a>\u00a0 \u00a0 \u00a0<a href=\"http:\/\/agora.xtec.cat\/escolacastellum\/wp-content\/uploads\/usu788\/2016\/11\/DSCF6660.jpg\"><img loading=\"lazy\" decoding=\"async\" class=\"alignnone wp-image-610\" src=\"http:\/\/agora.xtec.cat\/escolacastellum\/wp-content\/uploads\/usu788\/2016\/11\/DSCF6660.jpg\" alt=\"dscf6660\" width=\"339\" height=\"254\" srcset=\"https:\/\/agora.xtec.cat\/escolacastellum\/wp-content\/uploads\/usu788\/2016\/11\/DSCF6660.jpg 640w, https:\/\/agora.xtec.cat\/escolacastellum\/wp-content\/uploads\/usu788\/2016\/11\/DSCF6660-300x225.jpg 300w, https:\/\/agora.xtec.cat\/escolacastellum\/wp-content\/uploads\/usu788\/2016\/11\/DSCF6660-200x150.jpg 200w\" sizes=\"auto, (max-width: 339px) 100vw, 339px\" \/><\/a><\/p>\n","protected":false},"excerpt":{"rendered":"<p>CURS 2017-18<br \/>\nAquest curs en el grup de recerca \u201cGrans Persones\u201d dediquem la meitat de les sessions a preparar diverses activitats que oferim als avis\/\u00e0vies que ens v\u00e9nen a visitar. Tot seguit us deixem les 5 propostes que estem preparant en aquests moments i que seran&hellip;  <a href=\"https:\/\/agora.xtec.cat\/escolacastellum\/activitats-descola\/grups-de-recerca\/grans-persones\/\" title=\"Read Grans persones\">Llegeix m\u00e9s\u00bb<\/a><\/p>\n","protected":false},"author":1,"featured_media":0,"parent":234,"menu_order":0,"comment_status":"closed","ping_status":"closed","template":"page-templates\/side-menu.php","meta":{"_bbp_topic_count":0,"_bbp_reply_count":0,"_bbp_total_topic_count":0,"_bbp_total_reply_count":0,"_bbp_voice_count":0,"_bbp_anonymous_reply_count":0,"_bbp_topic_count_hidden":0,"_bbp_reply_count_hidden":0,"_bbp_forum_subforum_count":0,"footnotes":""},"class_list":["post-440","page","type-page","status-publish","hentry"],"post_mailing_queue_ids":[],"_links":{"self":[{"href":"https:\/\/agora.xtec.cat\/escolacastellum\/wp-json\/wp\/v2\/pages\/440","targetHints":{"allow":["GET"]}}],"collection":[{"href":"https:\/\/agora.xtec.cat\/escolacastellum\/wp-json\/wp\/v2\/pages"}],"about":[{"href":"https:\/\/agora.xtec.cat\/escolacastellum\/wp-json\/wp\/v2\/types\/page"}],"author":[{"embeddable":true,"href":"https:\/\/agora.xtec.cat\/escolacastellum\/wp-json\/wp\/v2\/users\/1"}],"replies":[{"embeddable":true,"href":"https:\/\/agora.xtec.cat\/escolacastellum\/wp-json\/wp\/v2\/comments?post=440"}],"version-history":[{"count":3,"href":"https:\/\/agora.xtec.cat\/escolacastellum\/wp-json\/wp\/v2\/pages\/440\/revisions"}],"predecessor-version":[{"id":1534,"href":"https:\/\/agora.xtec.cat\/escolacastellum\/wp-json\/wp\/v2\/pages\/440\/revisions\/1534"}],"up":[{"embeddable":true,"href":"https:\/\/agora.xtec.cat\/escolacastellum\/wp-json\/wp\/v2\/pages\/234"}],"wp:attachment":[{"href":"https:\/\/agora.xtec.cat\/escolacastellum\/wp-json\/wp\/v2\/media?parent=440"}],"curies":[{"name":"wp","href":"https:\/\/api.w.org\/{rel}","templated":true}]}}