{"id":429,"date":"2016-11-07T15:58:04","date_gmt":"2016-11-07T14:58:04","guid":{"rendered":"http:\/\/agora.xtec.cat\/escolacastellum\/?page_id=429"},"modified":"2018-05-08T09:00:00","modified_gmt":"2018-05-08T07:00:00","slug":"a-jugar-2","status":"publish","type":"page","link":"https:\/\/agora.xtec.cat\/escolacastellum\/activitats-descola\/portes-obertes\/a-jugar-2\/","title":{"rendered":"A jugar!"},"content":{"rendered":"<p style=\"text-align: center;\"><strong>PORTES OBERTES&#8230;.A JUGAR !!!&#8230; ENS AGRADA LA TORRE DE HANOI<\/strong><\/p>\n<p style=\"text-align: center;\">\n<p>LA TORRE DE HANOI \u00c9S EL JOC QUE ENS PRESENTA L&#8217; ANNA QUAN COMENCEM A L&#8217;AMBIENT DE &#8230;.A JUGAR!!!<\/p>\n<p>ES TRACTA D&#8217;UNA TORRE AMB CERCLES DE FUSTA DE DIFERENTS MIDES QUE L&#8217;OBJECTIU \u00c9S PASSAR TOTS ELS CERCLES FINS L&#8217;\u00daLTIM PAL AMB 2 CONDICIONS:<\/p>\n<ul>\n<li>NO ES PODEN TREURE DOS CERCLES A L&#8217;HORA<\/li>\n<li>NO ES POT POSAR UN CERCLE M\u00c9S PETIT A SOTA D&#8217;UN GRAN<\/li>\n<\/ul>\n<p>MOLTS NENS I NENES HEM PROVAT ACONSEGUIR-HO I AL FINAL HO HEM ACONSEGUIT!!!<\/p>\n<p>NO \u00c9S UN JOC DIF\u00cdCIL PER\u00d2 TAMPOC \u00c9S GENS F\u00c0CIL&#8230;HAS DE PENSAR!!!<\/p>\n<p><a href=\"http:\/\/agora.xtec.cat\/escolacastellum\/wp-content\/uploads\/usu788\/2018\/04\/des-17-028.jpg\"><img loading=\"lazy\" decoding=\"async\" class=\"aligncenter size-full wp-image-1682\" src=\"http:\/\/agora.xtec.cat\/escolacastellum\/wp-content\/uploads\/usu788\/2018\/04\/des-17-028.jpg\" alt=\"\" width=\"640\" height=\"480\" srcset=\"https:\/\/agora.xtec.cat\/escolacastellum\/wp-content\/uploads\/usu788\/2018\/04\/des-17-028.jpg 640w, https:\/\/agora.xtec.cat\/escolacastellum\/wp-content\/uploads\/usu788\/2018\/04\/des-17-028-300x225.jpg 300w, https:\/\/agora.xtec.cat\/escolacastellum\/wp-content\/uploads\/usu788\/2018\/04\/des-17-028-200x150.jpg 200w\" sizes=\"auto, (max-width: 640px) 100vw, 640px\" \/><\/a><\/p>\n<p><a href=\"http:\/\/agora.xtec.cat\/escolacastellum\/wp-content\/uploads\/usu788\/2018\/04\/abril18-005.jpg\"><img loading=\"lazy\" decoding=\"async\" class=\"aligncenter size-full wp-image-1683\" src=\"http:\/\/agora.xtec.cat\/escolacastellum\/wp-content\/uploads\/usu788\/2018\/04\/abril18-005.jpg\" alt=\"\" width=\"640\" height=\"480\" srcset=\"https:\/\/agora.xtec.cat\/escolacastellum\/wp-content\/uploads\/usu788\/2018\/04\/abril18-005.jpg 640w, https:\/\/agora.xtec.cat\/escolacastellum\/wp-content\/uploads\/usu788\/2018\/04\/abril18-005-300x225.jpg 300w, https:\/\/agora.xtec.cat\/escolacastellum\/wp-content\/uploads\/usu788\/2018\/04\/abril18-005-200x150.jpg 200w\" sizes=\"auto, (max-width: 640px) 100vw, 640px\" \/><\/a><a href=\"http:\/\/agora.xtec.cat\/escolacastellum\/wp-content\/uploads\/usu788\/2018\/04\/abril18-011.jpg\"><img loading=\"lazy\" decoding=\"async\" class=\"aligncenter size-full wp-image-1684\" src=\"http:\/\/agora.xtec.cat\/escolacastellum\/wp-content\/uploads\/usu788\/2018\/04\/abril18-011.jpg\" alt=\"\" width=\"640\" height=\"480\" srcset=\"https:\/\/agora.xtec.cat\/escolacastellum\/wp-content\/uploads\/usu788\/2018\/04\/abril18-011.jpg 640w, https:\/\/agora.xtec.cat\/escolacastellum\/wp-content\/uploads\/usu788\/2018\/04\/abril18-011-300x225.jpg 300w, https:\/\/agora.xtec.cat\/escolacastellum\/wp-content\/uploads\/usu788\/2018\/04\/abril18-011-200x150.jpg 200w\" sizes=\"auto, (max-width: 640px) 100vw, 640px\" \/><\/a><a href=\"http:\/\/agora.xtec.cat\/escolacastellum\/wp-content\/uploads\/usu788\/2018\/04\/abril18-042.jpg\"><img loading=\"lazy\" decoding=\"async\" class=\"aligncenter size-full wp-image-1685\" src=\"http:\/\/agora.xtec.cat\/escolacastellum\/wp-content\/uploads\/usu788\/2018\/04\/abril18-042.jpg\" alt=\"\" width=\"640\" height=\"480\" srcset=\"https:\/\/agora.xtec.cat\/escolacastellum\/wp-content\/uploads\/usu788\/2018\/04\/abril18-042.jpg 640w, https:\/\/agora.xtec.cat\/escolacastellum\/wp-content\/uploads\/usu788\/2018\/04\/abril18-042-300x225.jpg 300w, https:\/\/agora.xtec.cat\/escolacastellum\/wp-content\/uploads\/usu788\/2018\/04\/abril18-042-200x150.jpg 200w\" sizes=\"auto, (max-width: 640px) 100vw, 640px\" \/><\/a><a href=\"http:\/\/agora.xtec.cat\/escolacastellum\/wp-content\/uploads\/usu788\/2018\/04\/abril18-040.jpg\"><img loading=\"lazy\" decoding=\"async\" class=\"aligncenter size-full wp-image-1686\" src=\"http:\/\/agora.xtec.cat\/escolacastellum\/wp-content\/uploads\/usu788\/2018\/04\/abril18-040.jpg\" alt=\"\" width=\"480\" height=\"640\" srcset=\"https:\/\/agora.xtec.cat\/escolacastellum\/wp-content\/uploads\/usu788\/2018\/04\/abril18-040.jpg 480w, https:\/\/agora.xtec.cat\/escolacastellum\/wp-content\/uploads\/usu788\/2018\/04\/abril18-040-225x300.jpg 225w\" sizes=\"auto, (max-width: 480px) 100vw, 480px\" \/><\/a><a href=\"http:\/\/agora.xtec.cat\/escolacastellum\/wp-content\/uploads\/usu788\/2018\/04\/des-17-068.jpg\"><img loading=\"lazy\" decoding=\"async\" class=\"aligncenter size-full wp-image-1681\" src=\"http:\/\/agora.xtec.cat\/escolacastellum\/wp-content\/uploads\/usu788\/2018\/04\/des-17-068.jpg\" alt=\"\" width=\"640\" height=\"480\" srcset=\"https:\/\/agora.xtec.cat\/escolacastellum\/wp-content\/uploads\/usu788\/2018\/04\/des-17-068.jpg 640w, https:\/\/agora.xtec.cat\/escolacastellum\/wp-content\/uploads\/usu788\/2018\/04\/des-17-068-300x225.jpg 300w, https:\/\/agora.xtec.cat\/escolacastellum\/wp-content\/uploads\/usu788\/2018\/04\/des-17-068-200x150.jpg 200w\" sizes=\"auto, (max-width: 640px) 100vw, 640px\" \/><\/a><\/p>\n<p style=\"text-align: center;\"><strong>\u00a0<\/strong><\/p>\n<hr \/>\n<p style=\"text-align: center;\"><strong>APRENEM JUNTS A L&#8217;AMBIENT DE&#8230;.A JUGAR !!!<\/strong><\/p>\n<p>EN AQUEST AMBIENT DE A JUGAR ES DONEN RELACIONS DIFERENTS ENTRE INFANTS ,QUE POTSER MAI JUGARIEN JUNTS EN CAP D&#8217;ALTRA ESPAI&#8230;.<\/p>\n<p>\u00c9S EL CAS\u00a0<strong>D&#8217;EN JAN\u00a0 DE 1r I EN JORDI DE 3r.<\/strong>..AVUI HAN APR\u00c8S A JUGAR JUNTS I S&#8217;HAN ENSENYAT JOCS M\u00daTUAMENT&#8230;HAN COMPARTIT UNA ESTONA TRANQUILS I HAN DISFRUTAT DE JOCS NOUS.<\/p>\n<p>EN JAN SAP JUGAR AL\u00a0<strong>&#8221; LABERINTO &#8220;<\/strong>\u00a0 I QUAN EL COMEN\u00c7A A PREPARAR ARRIBA EN JORDI I LI PREGUNTA SI LI ENSENYA&#8230;EN JAN LI EXPLICA I ACABEN JUGANT JUNTS UNA BONA ESTONA.<\/p>\n<p><a href=\"http:\/\/agora.xtec.cat\/escolacastellum\/wp-content\/uploads\/usu788\/2018\/04\/des-17-038.jpg\"><img loading=\"lazy\" decoding=\"async\" class=\"aligncenter size-full wp-image-1553\" src=\"http:\/\/agora.xtec.cat\/escolacastellum\/wp-content\/uploads\/usu788\/2018\/04\/des-17-038.jpg\" alt=\"\" width=\"640\" height=\"480\" srcset=\"https:\/\/agora.xtec.cat\/escolacastellum\/wp-content\/uploads\/usu788\/2018\/04\/des-17-038.jpg 640w, https:\/\/agora.xtec.cat\/escolacastellum\/wp-content\/uploads\/usu788\/2018\/04\/des-17-038-300x225.jpg 300w, https:\/\/agora.xtec.cat\/escolacastellum\/wp-content\/uploads\/usu788\/2018\/04\/des-17-038-200x150.jpg 200w\" sizes=\"auto, (max-width: 640px) 100vw, 640px\" \/><\/a><a href=\"http:\/\/agora.xtec.cat\/escolacastellum\/wp-content\/uploads\/usu788\/2018\/04\/des-17-033.jpg\"><img loading=\"lazy\" decoding=\"async\" class=\"aligncenter size-full wp-image-1554\" src=\"http:\/\/agora.xtec.cat\/escolacastellum\/wp-content\/uploads\/usu788\/2018\/04\/des-17-033.jpg\" alt=\"\" width=\"640\" height=\"480\" srcset=\"https:\/\/agora.xtec.cat\/escolacastellum\/wp-content\/uploads\/usu788\/2018\/04\/des-17-033.jpg 640w, https:\/\/agora.xtec.cat\/escolacastellum\/wp-content\/uploads\/usu788\/2018\/04\/des-17-033-300x225.jpg 300w, https:\/\/agora.xtec.cat\/escolacastellum\/wp-content\/uploads\/usu788\/2018\/04\/des-17-033-200x150.jpg 200w\" sizes=\"auto, (max-width: 640px) 100vw, 640px\" \/><\/a><a href=\"http:\/\/agora.xtec.cat\/escolacastellum\/wp-content\/uploads\/usu788\/2018\/04\/des-17-040.jpg\"><img loading=\"lazy\" decoding=\"async\" class=\"aligncenter size-full wp-image-1555\" src=\"http:\/\/agora.xtec.cat\/escolacastellum\/wp-content\/uploads\/usu788\/2018\/04\/des-17-040.jpg\" alt=\"\" width=\"640\" height=\"480\" srcset=\"https:\/\/agora.xtec.cat\/escolacastellum\/wp-content\/uploads\/usu788\/2018\/04\/des-17-040.jpg 640w, https:\/\/agora.xtec.cat\/escolacastellum\/wp-content\/uploads\/usu788\/2018\/04\/des-17-040-300x225.jpg 300w, https:\/\/agora.xtec.cat\/escolacastellum\/wp-content\/uploads\/usu788\/2018\/04\/des-17-040-200x150.jpg 200w\" sizes=\"auto, (max-width: 640px) 100vw, 640px\" \/><\/a><a href=\"http:\/\/agora.xtec.cat\/escolacastellum\/wp-content\/uploads\/usu788\/2018\/04\/des-17-066.jpg\"><img loading=\"lazy\" decoding=\"async\" class=\"aligncenter size-full wp-image-1556\" src=\"http:\/\/agora.xtec.cat\/escolacastellum\/wp-content\/uploads\/usu788\/2018\/04\/des-17-066.jpg\" alt=\"\" width=\"640\" height=\"480\" srcset=\"https:\/\/agora.xtec.cat\/escolacastellum\/wp-content\/uploads\/usu788\/2018\/04\/des-17-066.jpg 640w, https:\/\/agora.xtec.cat\/escolacastellum\/wp-content\/uploads\/usu788\/2018\/04\/des-17-066-300x225.jpg 300w, https:\/\/agora.xtec.cat\/escolacastellum\/wp-content\/uploads\/usu788\/2018\/04\/des-17-066-200x150.jpg 200w\" sizes=\"auto, (max-width: 640px) 100vw, 640px\" \/><\/a><\/p>\n<p>QUAN ACABEN DE JUGAR AL LABERINTO&#8230;EN JORDI LI PROPOSA A EN JAN JUGAR A UN JOC QUE ELL SAP, PERQU\u00c8 COM JA VA A 3r, JA HA APR\u00c8S A JUGAR-HI.<\/p>\n<p>EN JORDI LI ENSENYA A EN JAN A JUGAR AL\u00a0<strong>&#8221; S\u00cd O NO &#8220;.<\/strong><\/p>\n<p><a href=\"http:\/\/agora.xtec.cat\/escolacastellum\/wp-content\/uploads\/usu788\/2018\/04\/des-17-079.jpg\"><img loading=\"lazy\" decoding=\"async\" class=\"aligncenter size-full wp-image-1557\" src=\"http:\/\/agora.xtec.cat\/escolacastellum\/wp-content\/uploads\/usu788\/2018\/04\/des-17-079.jpg\" alt=\"\" width=\"640\" height=\"480\" srcset=\"https:\/\/agora.xtec.cat\/escolacastellum\/wp-content\/uploads\/usu788\/2018\/04\/des-17-079.jpg 640w, https:\/\/agora.xtec.cat\/escolacastellum\/wp-content\/uploads\/usu788\/2018\/04\/des-17-079-300x225.jpg 300w, https:\/\/agora.xtec.cat\/escolacastellum\/wp-content\/uploads\/usu788\/2018\/04\/des-17-079-200x150.jpg 200w\" sizes=\"auto, (max-width: 640px) 100vw, 640px\" \/><\/a><a href=\"http:\/\/agora.xtec.cat\/escolacastellum\/wp-content\/uploads\/usu788\/2018\/04\/des-17-080.jpg\"><img loading=\"lazy\" decoding=\"async\" class=\"aligncenter size-full wp-image-1558\" src=\"http:\/\/agora.xtec.cat\/escolacastellum\/wp-content\/uploads\/usu788\/2018\/04\/des-17-080.jpg\" alt=\"\" width=\"640\" height=\"480\" srcset=\"https:\/\/agora.xtec.cat\/escolacastellum\/wp-content\/uploads\/usu788\/2018\/04\/des-17-080.jpg 640w, https:\/\/agora.xtec.cat\/escolacastellum\/wp-content\/uploads\/usu788\/2018\/04\/des-17-080-300x225.jpg 300w, https:\/\/agora.xtec.cat\/escolacastellum\/wp-content\/uploads\/usu788\/2018\/04\/des-17-080-200x150.jpg 200w\" sizes=\"auto, (max-width: 640px) 100vw, 640px\" \/><\/a><a href=\"http:\/\/agora.xtec.cat\/escolacastellum\/wp-content\/uploads\/usu788\/2018\/04\/des-17-085.jpg\"><img loading=\"lazy\" decoding=\"async\" class=\"aligncenter size-full wp-image-1559\" src=\"http:\/\/agora.xtec.cat\/escolacastellum\/wp-content\/uploads\/usu788\/2018\/04\/des-17-085.jpg\" alt=\"\" width=\"640\" height=\"480\" srcset=\"https:\/\/agora.xtec.cat\/escolacastellum\/wp-content\/uploads\/usu788\/2018\/04\/des-17-085.jpg 640w, https:\/\/agora.xtec.cat\/escolacastellum\/wp-content\/uploads\/usu788\/2018\/04\/des-17-085-300x225.jpg 300w, https:\/\/agora.xtec.cat\/escolacastellum\/wp-content\/uploads\/usu788\/2018\/04\/des-17-085-200x150.jpg 200w\" sizes=\"auto, (max-width: 640px) 100vw, 640px\" \/><\/a><\/p>\n<p>AVUI EN JORDI I EN JAN HAN COMPARTIT L&#8217;AMBIENT DE&#8230; A JUGAR !! I A PART D&#8217;APRENDRE JOCS NOUS&#8230;TAMB\u00c9 HAN PRACTICAT EL CASTELL\u00c0 !!!!<\/p>\n<p style=\"text-align: center;\"><strong>\u00a0<\/strong><\/p>\n<hr \/>\n<p style=\"text-align: center;\"><strong>CURS 2016 &#8211; 17<\/strong><\/p>\n<hr \/>\n<p><img loading=\"lazy\" decoding=\"async\" class=\"size-large wp-image-536 aligncenter\" src=\"http:\/\/agora.xtec.cat\/escolacastellum\/wp-content\/uploads\/usu788\/2016\/11\/DSC_0128.jpg\" alt=\"????????????????????????????????????\" width=\"640\" height=\"426\" srcset=\"https:\/\/agora.xtec.cat\/escolacastellum\/wp-content\/uploads\/usu788\/2016\/11\/DSC_0128.jpg 640w, https:\/\/agora.xtec.cat\/escolacastellum\/wp-content\/uploads\/usu788\/2016\/11\/DSC_0128-300x200.jpg 300w\" sizes=\"auto, (max-width: 640px) 100vw, 640px\" \/><\/p>\n<p>Activitat dedicada als jocs estrat\u00e8gics com: escacs, quoridor, \u00a0quarto, chromino, risk\u2026 per desenvolupar la capacitat d\u2019aplicar estrat\u00e8gies resolutives a diferents situacions on participen diferents nombres de jugadors de distintes edats. <strong>(de 2n a 4t)<\/strong><\/p>\n<p>La llengua utilitzada ser\u00e0 el castell\u00e0.<\/p>\n<p><a href=\"http:\/\/agora.xtec.cat\/escolacastellum\/wp-content\/uploads\/usu788\/2016\/11\/DSC_0122.jpg\"><img loading=\"lazy\" decoding=\"async\" class=\"size-full wp-image-534 aligncenter\" src=\"http:\/\/agora.xtec.cat\/escolacastellum\/wp-content\/uploads\/usu788\/2016\/11\/DSC_0122.jpg\" alt=\"????????????????????????????????????\" width=\"640\" height=\"426\" srcset=\"https:\/\/agora.xtec.cat\/escolacastellum\/wp-content\/uploads\/usu788\/2016\/11\/DSC_0122.jpg 640w, https:\/\/agora.xtec.cat\/escolacastellum\/wp-content\/uploads\/usu788\/2016\/11\/DSC_0122-300x200.jpg 300w\" sizes=\"auto, (max-width: 640px) 100vw, 640px\" \/><\/a><\/p>\n<p><a href=\"http:\/\/agora.xtec.cat\/escolacastellum\/wp-content\/uploads\/usu788\/2016\/11\/DSC_0126.jpg\"><img loading=\"lazy\" decoding=\"async\" class=\"size-large wp-image-535 aligncenter\" src=\"http:\/\/agora.xtec.cat\/escolacastellum\/wp-content\/uploads\/usu788\/2016\/11\/DSC_0126.jpg\" alt=\"????????????????????????????????????\" width=\"640\" height=\"426\" srcset=\"https:\/\/agora.xtec.cat\/escolacastellum\/wp-content\/uploads\/usu788\/2016\/11\/DSC_0126.jpg 640w, https:\/\/agora.xtec.cat\/escolacastellum\/wp-content\/uploads\/usu788\/2016\/11\/DSC_0126-300x200.jpg 300w\" sizes=\"auto, (max-width: 640px) 100vw, 640px\" \/><\/a><\/p>\n<p><a href=\"http:\/\/agora.xtec.cat\/escolacastellum\/wp-content\/uploads\/usu788\/2016\/11\/DSC_0131.jpg\"><img loading=\"lazy\" decoding=\"async\" class=\"size-large wp-image-537 aligncenter\" src=\"http:\/\/agora.xtec.cat\/escolacastellum\/wp-content\/uploads\/usu788\/2016\/11\/DSC_0131.jpg\" alt=\"????????????????????????????????????\" width=\"640\" height=\"426\" srcset=\"https:\/\/agora.xtec.cat\/escolacastellum\/wp-content\/uploads\/usu788\/2016\/11\/DSC_0131.jpg 640w, https:\/\/agora.xtec.cat\/escolacastellum\/wp-content\/uploads\/usu788\/2016\/11\/DSC_0131-300x200.jpg 300w\" sizes=\"auto, (max-width: 640px) 100vw, 640px\" \/><\/a><\/p>\n<p><a href=\"http:\/\/agora.xtec.cat\/escolacastellum\/wp-content\/uploads\/usu788\/2016\/11\/DSCN0090.jpg\"><img loading=\"lazy\" decoding=\"async\" class=\"size-large wp-image-538 aligncenter\" src=\"http:\/\/agora.xtec.cat\/escolacastellum\/wp-content\/uploads\/usu788\/2016\/11\/DSCN0090.jpg\" alt=\"dscn0090\" width=\"640\" height=\"480\" srcset=\"https:\/\/agora.xtec.cat\/escolacastellum\/wp-content\/uploads\/usu788\/2016\/11\/DSCN0090.jpg 640w, https:\/\/agora.xtec.cat\/escolacastellum\/wp-content\/uploads\/usu788\/2016\/11\/DSCN0090-300x225.jpg 300w, https:\/\/agora.xtec.cat\/escolacastellum\/wp-content\/uploads\/usu788\/2016\/11\/DSCN0090-200x150.jpg 200w\" sizes=\"auto, (max-width: 640px) 100vw, 640px\" \/><\/a><\/p>\n","protected":false},"excerpt":{"rendered":"<p>PORTES OBERTES&#8230;.A JUGAR !!!&#8230; ENS AGRADA LA TORRE DE HANOI<\/p>\n<p>LA TORRE DE HANOI \u00c9S EL JOC QUE ENS PRESENTA L&#8217; ANNA QUAN COMENCEM A L&#8217;AMBIENT DE &#8230;.A JUGAR!!!<br \/>\nES TRACTA D&#8217;UNA TORRE AMB CERCLES DE FUSTA DE DIFERENTS MIDES QUE L&#8217;OBJECTIU \u00c9S PASSAR TOTS ELS CERCLES&hellip;  <a href=\"https:\/\/agora.xtec.cat\/escolacastellum\/activitats-descola\/portes-obertes\/a-jugar-2\/\" title=\"Read A jugar!\">Llegeix m\u00e9s\u00bb<\/a><\/p>\n","protected":false},"author":1,"featured_media":0,"parent":226,"menu_order":0,"comment_status":"closed","ping_status":"closed","template":"page-templates\/side-menu.php","meta":{"_bbp_topic_count":0,"_bbp_reply_count":0,"_bbp_total_topic_count":0,"_bbp_total_reply_count":0,"_bbp_voice_count":0,"_bbp_anonymous_reply_count":0,"_bbp_topic_count_hidden":0,"_bbp_reply_count_hidden":0,"_bbp_forum_subforum_count":0,"footnotes":""},"class_list":["post-429","page","type-page","status-publish","hentry"],"post_mailing_queue_ids":[],"_links":{"self":[{"href":"https:\/\/agora.xtec.cat\/escolacastellum\/wp-json\/wp\/v2\/pages\/429","targetHints":{"allow":["GET"]}}],"collection":[{"href":"https:\/\/agora.xtec.cat\/escolacastellum\/wp-json\/wp\/v2\/pages"}],"about":[{"href":"https:\/\/agora.xtec.cat\/escolacastellum\/wp-json\/wp\/v2\/types\/page"}],"author":[{"embeddable":true,"href":"https:\/\/agora.xtec.cat\/escolacastellum\/wp-json\/wp\/v2\/users\/1"}],"replies":[{"embeddable":true,"href":"https:\/\/agora.xtec.cat\/escolacastellum\/wp-json\/wp\/v2\/comments?post=429"}],"version-history":[{"count":4,"href":"https:\/\/agora.xtec.cat\/escolacastellum\/wp-json\/wp\/v2\/pages\/429\/revisions"}],"predecessor-version":[{"id":1805,"href":"https:\/\/agora.xtec.cat\/escolacastellum\/wp-json\/wp\/v2\/pages\/429\/revisions\/1805"}],"up":[{"embeddable":true,"href":"https:\/\/agora.xtec.cat\/escolacastellum\/wp-json\/wp\/v2\/pages\/226"}],"wp:attachment":[{"href":"https:\/\/agora.xtec.cat\/escolacastellum\/wp-json\/wp\/v2\/media?parent=429"}],"curies":[{"name":"wp","href":"https:\/\/api.w.org\/{rel}","templated":true}]}}