{"id":403,"date":"2016-11-07T15:50:47","date_gmt":"2016-11-07T14:50:47","guid":{"rendered":"http:\/\/agora.xtec.cat\/escolacastellum\/?page_id=403"},"modified":"2018-11-05T17:16:02","modified_gmt":"2018-11-05T16:16:02","slug":"jardineria","status":"publish","type":"page","link":"https:\/\/agora.xtec.cat\/escolacastellum\/activitats-descola\/portes-obertes\/jardineria\/","title":{"rendered":"Jardineria"},"content":{"rendered":"<p style=\"text-align: center;\">\n<p>A jardineria, ens hem cuidat de podar la s\u00e0lvia i les altres plantes de l\u2019escola per preparar-les per a que brotin amb molta energia durant la primavera. Vigilem que sota al salze no hi hagin herbes que molesten. Cada setmana reguem les plantes.<\/p>\n<p>Hem plantat plantes amb arrel i d\u2019altres a partir d\u2019 un esqueix.<\/p>\n<p>Abans de plantar flors a la bibliovana, hem fet petits dissenys de com ens agradaria que qued\u00e9s.<\/p>\n<p><a href=\"http:\/\/agora.xtec.cat\/escolacastellum\/wp-content\/uploads\/usu788\/2016\/11\/1-2.jpg\"><img loading=\"lazy\" decoding=\"async\" class=\"wp-image-1619 aligncenter\" src=\"http:\/\/agora.xtec.cat\/escolacastellum\/wp-content\/uploads\/usu788\/2016\/11\/1-2.jpg\" alt=\"\" width=\"539\" height=\"409\" srcset=\"https:\/\/agora.xtec.cat\/escolacastellum\/wp-content\/uploads\/usu788\/2016\/11\/1-2.jpg 633w, https:\/\/agora.xtec.cat\/escolacastellum\/wp-content\/uploads\/usu788\/2016\/11\/1-2-300x227.jpg 300w\" sizes=\"auto, (max-width: 539px) 100vw, 539px\" \/><\/a><\/p>\n<p><a href=\"http:\/\/agora.xtec.cat\/escolacastellum\/wp-content\/uploads\/usu788\/2016\/11\/2-2.jpg\"><img loading=\"lazy\" decoding=\"async\" class=\"wp-image-1620 aligncenter\" src=\"http:\/\/agora.xtec.cat\/escolacastellum\/wp-content\/uploads\/usu788\/2016\/11\/2-2.jpg\" alt=\"\" width=\"522\" height=\"435\" srcset=\"https:\/\/agora.xtec.cat\/escolacastellum\/wp-content\/uploads\/usu788\/2016\/11\/2-2.jpg 576w, https:\/\/agora.xtec.cat\/escolacastellum\/wp-content\/uploads\/usu788\/2016\/11\/2-2-300x250.jpg 300w\" sizes=\"auto, (max-width: 522px) 100vw, 522px\" \/><\/a><\/p>\n<p><a href=\"http:\/\/agora.xtec.cat\/escolacastellum\/wp-content\/uploads\/usu788\/2016\/11\/3-2.jpg\"><img loading=\"lazy\" decoding=\"async\" class=\"wp-image-1621 aligncenter\" src=\"http:\/\/agora.xtec.cat\/escolacastellum\/wp-content\/uploads\/usu788\/2016\/11\/3-2.jpg\" alt=\"\" width=\"512\" height=\"447\" srcset=\"https:\/\/agora.xtec.cat\/escolacastellum\/wp-content\/uploads\/usu788\/2016\/11\/3-2.jpg 550w, https:\/\/agora.xtec.cat\/escolacastellum\/wp-content\/uploads\/usu788\/2016\/11\/3-2-300x262.jpg 300w\" sizes=\"auto, (max-width: 512px) 100vw, 512px\" \/><\/a><\/p>\n<p><a href=\"http:\/\/agora.xtec.cat\/escolacastellum\/wp-content\/uploads\/usu788\/2016\/11\/4-1.jpg\"><img loading=\"lazy\" decoding=\"async\" class=\"wp-image-1622 aligncenter\" src=\"http:\/\/agora.xtec.cat\/escolacastellum\/wp-content\/uploads\/usu788\/2016\/11\/4-1.jpg\" alt=\"\" width=\"501\" height=\"371\" srcset=\"https:\/\/agora.xtec.cat\/escolacastellum\/wp-content\/uploads\/usu788\/2016\/11\/4-1.jpg 640w, https:\/\/agora.xtec.cat\/escolacastellum\/wp-content\/uploads\/usu788\/2016\/11\/4-1-300x222.jpg 300w\" sizes=\"auto, (max-width: 501px) 100vw, 501px\" \/><\/a><\/p>\n<p><a href=\"http:\/\/agora.xtec.cat\/escolacastellum\/wp-content\/uploads\/usu788\/2016\/11\/6-1.jpg\"><img loading=\"lazy\" decoding=\"async\" class=\"wp-image-1624 aligncenter\" src=\"http:\/\/agora.xtec.cat\/escolacastellum\/wp-content\/uploads\/usu788\/2016\/11\/6-1.jpg\" alt=\"\" width=\"502\" height=\"357\" srcset=\"https:\/\/agora.xtec.cat\/escolacastellum\/wp-content\/uploads\/usu788\/2016\/11\/6-1.jpg 640w, https:\/\/agora.xtec.cat\/escolacastellum\/wp-content\/uploads\/usu788\/2016\/11\/6-1-300x213.jpg 300w\" sizes=\"auto, (max-width: 502px) 100vw, 502px\" \/><\/a><\/p>\n<p><a href=\"http:\/\/agora.xtec.cat\/escolacastellum\/wp-content\/uploads\/usu788\/2016\/11\/5-2.jpg\"><img loading=\"lazy\" decoding=\"async\" class=\"wp-image-1623 aligncenter\" src=\"http:\/\/agora.xtec.cat\/escolacastellum\/wp-content\/uploads\/usu788\/2016\/11\/5-2.jpg\" alt=\"\" width=\"497\" height=\"368\" srcset=\"https:\/\/agora.xtec.cat\/escolacastellum\/wp-content\/uploads\/usu788\/2016\/11\/5-2.jpg 640w, https:\/\/agora.xtec.cat\/escolacastellum\/wp-content\/uploads\/usu788\/2016\/11\/5-2-300x222.jpg 300w\" sizes=\"auto, (max-width: 497px) 100vw, 497px\" \/><\/a><\/p>\n<p>&nbsp;<\/p>\n<p>&nbsp;<\/p>\n<hr \/>\n<p style=\"text-align: center;\"><strong>CURS 2016-17<\/strong><\/p>\n<hr \/>\n<p><img loading=\"lazy\" decoding=\"async\" class=\"size-large wp-image-475 aligncenter\" src=\"http:\/\/agora.xtec.cat\/escolacastellum\/wp-content\/uploads\/usu788\/2016\/11\/20160601_095857.jpg\" alt=\"20160601_095857\" width=\"640\" height=\"360\" srcset=\"https:\/\/agora.xtec.cat\/escolacastellum\/wp-content\/uploads\/usu788\/2016\/11\/20160601_095857.jpg 640w, https:\/\/agora.xtec.cat\/escolacastellum\/wp-content\/uploads\/usu788\/2016\/11\/20160601_095857-300x169.jpg 300w\" sizes=\"auto, (max-width: 640px) 100vw, 640px\" \/><\/p>\n<p>Els nens i les nenes juntament amb una fam\u00edlia i la mestra faran manteniment de les zones enjardinades de l\u2019escola. Portaran a la pr\u00e0ctica les tasques b\u00e0siques de jardineria: podar, regar, plantar, treure herbes, cavar&#8230; Coneixerem i identificarem les eines que fem \u00fas: tr\u00e0mec, rasclet, regadora, tisores podar&#8230; Coneixerem les plantes arom\u00e0tiques, les seves propietats i les flors que estant plantades. <strong>(de 4 anys a 4t)<\/strong><\/p>\n<p><a href=\"http:\/\/agora.xtec.cat\/escolacastellum\/wp-content\/uploads\/usu788\/2016\/11\/DSC_0155.jpg\"><img loading=\"lazy\" decoding=\"async\" class=\"size-full wp-image-470 aligncenter\" src=\"http:\/\/agora.xtec.cat\/escolacastellum\/wp-content\/uploads\/usu788\/2016\/11\/DSC_0155.jpg\" alt=\"????????????????????????????????????\" width=\"640\" height=\"426\" srcset=\"https:\/\/agora.xtec.cat\/escolacastellum\/wp-content\/uploads\/usu788\/2016\/11\/DSC_0155.jpg 640w, https:\/\/agora.xtec.cat\/escolacastellum\/wp-content\/uploads\/usu788\/2016\/11\/DSC_0155-300x200.jpg 300w\" sizes=\"auto, (max-width: 640px) 100vw, 640px\" \/><\/a><\/p>\n<p><a href=\"http:\/\/agora.xtec.cat\/escolacastellum\/wp-content\/uploads\/usu788\/2016\/11\/DSC_0158.jpg\"><img loading=\"lazy\" decoding=\"async\" class=\"size-large wp-image-472 aligncenter\" src=\"http:\/\/agora.xtec.cat\/escolacastellum\/wp-content\/uploads\/usu788\/2016\/11\/DSC_0158.jpg\" alt=\"????????????????????????????????????\" width=\"640\" height=\"426\" srcset=\"https:\/\/agora.xtec.cat\/escolacastellum\/wp-content\/uploads\/usu788\/2016\/11\/DSC_0158.jpg 640w, https:\/\/agora.xtec.cat\/escolacastellum\/wp-content\/uploads\/usu788\/2016\/11\/DSC_0158-300x200.jpg 300w\" sizes=\"auto, (max-width: 640px) 100vw, 640px\" \/><\/a><\/p>\n<p><a href=\"http:\/\/agora.xtec.cat\/escolacastellum\/wp-content\/uploads\/usu788\/2016\/11\/20160525_100415.jpg\"><img loading=\"lazy\" decoding=\"async\" class=\"size-full wp-image-473 aligncenter\" src=\"http:\/\/agora.xtec.cat\/escolacastellum\/wp-content\/uploads\/usu788\/2016\/11\/20160525_100415.jpg\" alt=\"20160525_100415\" width=\"640\" height=\"360\" srcset=\"https:\/\/agora.xtec.cat\/escolacastellum\/wp-content\/uploads\/usu788\/2016\/11\/20160525_100415.jpg 640w, https:\/\/agora.xtec.cat\/escolacastellum\/wp-content\/uploads\/usu788\/2016\/11\/20160525_100415-300x169.jpg 300w\" sizes=\"auto, (max-width: 640px) 100vw, 640px\" \/><\/a><\/p>\n<p><a href=\"http:\/\/agora.xtec.cat\/escolacastellum\/wp-content\/uploads\/usu788\/2016\/11\/DSC_0082.jpg\"><img loading=\"lazy\" decoding=\"async\" class=\"size-large wp-image-476 aligncenter\" src=\"http:\/\/agora.xtec.cat\/escolacastellum\/wp-content\/uploads\/usu788\/2016\/11\/DSC_0082.jpg\" alt=\"????????????????????????????????????\" width=\"640\" height=\"426\" srcset=\"https:\/\/agora.xtec.cat\/escolacastellum\/wp-content\/uploads\/usu788\/2016\/11\/DSC_0082.jpg 640w, https:\/\/agora.xtec.cat\/escolacastellum\/wp-content\/uploads\/usu788\/2016\/11\/DSC_0082-300x200.jpg 300w\" sizes=\"auto, (max-width: 640px) 100vw, 640px\" \/><\/a><\/p>\n<p><a href=\"http:\/\/agora.xtec.cat\/escolacastellum\/wp-content\/uploads\/usu788\/2016\/11\/20160525_100525-1.jpg\"><img loading=\"lazy\" decoding=\"async\" class=\"size-full wp-image-477 aligncenter\" src=\"http:\/\/agora.xtec.cat\/escolacastellum\/wp-content\/uploads\/usu788\/2016\/11\/20160525_100525-1.jpg\" alt=\"20160525_100525\" width=\"360\" height=\"640\" srcset=\"https:\/\/agora.xtec.cat\/escolacastellum\/wp-content\/uploads\/usu788\/2016\/11\/20160525_100525-1.jpg 360w, https:\/\/agora.xtec.cat\/escolacastellum\/wp-content\/uploads\/usu788\/2016\/11\/20160525_100525-1-169x300.jpg 169w\" sizes=\"auto, (max-width: 360px) 100vw, 360px\" \/><\/a><\/p>\n","protected":false},"excerpt":{"rendered":"<p>A jardineria, ens hem cuidat de podar la s\u00e0lvia i les altres plantes de l\u2019escola per preparar-les per a que brotin amb molta energia durant la primavera. Vigilem que sota al salze no hi hagin herbes que molesten. Cada setmana reguem les plantes.<br \/>\nHem plantat plantes&hellip;  <a href=\"https:\/\/agora.xtec.cat\/escolacastellum\/activitats-descola\/portes-obertes\/jardineria\/\" title=\"Read Jardineria\">Llegeix m\u00e9s\u00bb<\/a><\/p>\n","protected":false},"author":1,"featured_media":0,"parent":226,"menu_order":0,"comment_status":"closed","ping_status":"closed","template":"page-templates\/side-menu.php","meta":{"_bbp_topic_count":0,"_bbp_reply_count":0,"_bbp_total_topic_count":0,"_bbp_total_reply_count":0,"_bbp_voice_count":0,"_bbp_anonymous_reply_count":0,"_bbp_topic_count_hidden":0,"_bbp_reply_count_hidden":0,"_bbp_forum_subforum_count":0,"footnotes":""},"class_list":["post-403","page","type-page","status-publish","hentry"],"post_mailing_queue_ids":[],"_links":{"self":[{"href":"https:\/\/agora.xtec.cat\/escolacastellum\/wp-json\/wp\/v2\/pages\/403","targetHints":{"allow":["GET"]}}],"collection":[{"href":"https:\/\/agora.xtec.cat\/escolacastellum\/wp-json\/wp\/v2\/pages"}],"about":[{"href":"https:\/\/agora.xtec.cat\/escolacastellum\/wp-json\/wp\/v2\/types\/page"}],"author":[{"embeddable":true,"href":"https:\/\/agora.xtec.cat\/escolacastellum\/wp-json\/wp\/v2\/users\/1"}],"replies":[{"embeddable":true,"href":"https:\/\/agora.xtec.cat\/escolacastellum\/wp-json\/wp\/v2\/comments?post=403"}],"version-history":[{"count":4,"href":"https:\/\/agora.xtec.cat\/escolacastellum\/wp-json\/wp\/v2\/pages\/403\/revisions"}],"predecessor-version":[{"id":2284,"href":"https:\/\/agora.xtec.cat\/escolacastellum\/wp-json\/wp\/v2\/pages\/403\/revisions\/2284"}],"up":[{"embeddable":true,"href":"https:\/\/agora.xtec.cat\/escolacastellum\/wp-json\/wp\/v2\/pages\/226"}],"wp:attachment":[{"href":"https:\/\/agora.xtec.cat\/escolacastellum\/wp-json\/wp\/v2\/media?parent=403"}],"curies":[{"name":"wp","href":"https:\/\/api.w.org\/{rel}","templated":true}]}}