{"id":26,"date":"2014-09-18T12:24:32","date_gmt":"2014-09-18T11:24:32","guid":{"rendered":"http:\/\/agora.xtec.cat\/escolacastellum\/?page_id=26"},"modified":"2025-01-30T12:27:25","modified_gmt":"2025-01-30T11:27:25","slug":"historia","status":"publish","type":"page","link":"https:\/\/agora.xtec.cat\/escolacastellum\/lescola\/historia\/","title":{"rendered":"Pas a pas &#8211; InfoCastellum"},"content":{"rendered":"<p style=\"text-align: center;\">Revista InfoCastellum<iframe class=\"fp-iframe\" style=\"border: 1px solid lightgray; width: 100%; height: 400px;\" src=\"https:\/\/heyzine.com\/flip-book\/799b416a42.html\" scrolling=\"no\" allowfullscreen=\"allowfullscreen\" data-mce-fragment=\"1\"><\/iframe>La revista InfoCastellum reflecteix la mirada en ulls d&#8217;infant de la nostra escola. Creada el curs 23-24 per l&#8217;alumnat de 4t a 6\u00e8 del grup de recerca InfoCastellum.<\/p>\n<hr \/>\n<p><strong>El \u201cPas a Pas<\/strong>\u201d \u00e9s una visita a l\u2019Escola Castellum des d\u2019un punt de vista especial: el de les nenes i els nens. Creat el curs 2016-2017.<\/p>\n<p>Som conscients que l\u2019escola acull infants nous, sobretot al setembre i, tamb\u00e9 al llarg del curs i \u00e9s per aix\u00f2, que ens hem proposat la tasca period\u00edstica d\u2019explicar i aconsellar als nouvinguts.<\/p>\n<p>Les mestres hem preguntat als infants: <em><strong>\u201cqu\u00e8 explicar\u00edeu de l\u2019escola a les nenes i als nens nous?<\/strong> <strong>\u201c<\/strong><\/em> i <em><strong>\u201cqu\u00e8 us sembla que els hi agradaria saber?\u201d<\/strong><\/em><\/p>\n<p>Hem gravat les seves converses fent un esfor\u00e7 per recordar i explicar les seves viv\u00e8ncies al llarg dels cursos; tot un aprenentatge d\u2019expressi\u00f3 i reflexi\u00f3 sobre la seva experi\u00e8ncia.<\/p>\n<p>Us recomenem fer una lectura d\u2019aquest gran tresor i, d\u2019aquesta manera descobrireu una mica m\u00e9s com \u00e9s la nostra escola i qu\u00e8 hi fem.<\/p>\n<p><iframe title=\"Pas a pas 17 word\" src=\"https:\/\/e.issuu.com\/embed.html?u=infantilinfantil&#038;d=pas_a_pas_17_word.docx\" style=\"border:none; width: 500px; height: 383px;\" allow=\"clipboard-write,allow-top-navigation,allow-top-navigation-by-user-activation,allow-downloads,allow-scripts,allow-same-origin,allow-popups,allow-modals,allow-popups-to-escape-sandbox,allow-forms\"  allowfullscreen=\"true\"><\/iframe><\/p>\n","protected":false},"excerpt":{"rendered":"<p>Revista InfoCastellumLa revista InfoCastellum reflecteix la mirada en ulls d&#8217;infant de la nostra escola. Creada el curs 23-24 per l&#8217;alumnat de 4t a 6\u00e8 del grup de recerca InfoCastellum.<\/p>\n<p>El \u201cPas a Pas\u201d \u00e9s una visita a l\u2019Escola Castellum des d\u2019un punt de vista especial: el&hellip;  <a href=\"https:\/\/agora.xtec.cat\/escolacastellum\/lescola\/historia\/\" title=\"Read Pas a pas &#8211; InfoCastellum\">Llegeix m\u00e9s\u00bb<\/a><\/p>\n","protected":false},"author":1,"featured_media":0,"parent":22,"menu_order":20,"comment_status":"closed","ping_status":"closed","template":"page-templates\/side-menu.php","meta":{"_bbp_topic_count":0,"_bbp_reply_count":0,"_bbp_total_topic_count":0,"_bbp_total_reply_count":0,"_bbp_voice_count":0,"_bbp_anonymous_reply_count":0,"_bbp_topic_count_hidden":0,"_bbp_reply_count_hidden":0,"_bbp_forum_subforum_count":0,"footnotes":""},"class_list":["post-26","page","type-page","status-publish","hentry"],"post_mailing_queue_ids":[],"_links":{"self":[{"href":"https:\/\/agora.xtec.cat\/escolacastellum\/wp-json\/wp\/v2\/pages\/26","targetHints":{"allow":["GET"]}}],"collection":[{"href":"https:\/\/agora.xtec.cat\/escolacastellum\/wp-json\/wp\/v2\/pages"}],"about":[{"href":"https:\/\/agora.xtec.cat\/escolacastellum\/wp-json\/wp\/v2\/types\/page"}],"author":[{"embeddable":true,"href":"https:\/\/agora.xtec.cat\/escolacastellum\/wp-json\/wp\/v2\/users\/1"}],"replies":[{"embeddable":true,"href":"https:\/\/agora.xtec.cat\/escolacastellum\/wp-json\/wp\/v2\/comments?post=26"}],"version-history":[{"count":5,"href":"https:\/\/agora.xtec.cat\/escolacastellum\/wp-json\/wp\/v2\/pages\/26\/revisions"}],"predecessor-version":[{"id":20110,"href":"https:\/\/agora.xtec.cat\/escolacastellum\/wp-json\/wp\/v2\/pages\/26\/revisions\/20110"}],"up":[{"embeddable":true,"href":"https:\/\/agora.xtec.cat\/escolacastellum\/wp-json\/wp\/v2\/pages\/22"}],"wp:attachment":[{"href":"https:\/\/agora.xtec.cat\/escolacastellum\/wp-json\/wp\/v2\/media?parent=26"}],"curies":[{"name":"wp","href":"https:\/\/api.w.org\/{rel}","templated":true}]}}