{"id":255,"date":"2016-02-29T18:01:45","date_gmt":"2016-02-29T17:01:45","guid":{"rendered":"http:\/\/agora.xtec.cat\/escolacastellum\/?page_id=255"},"modified":"2017-05-03T13:44:38","modified_gmt":"2017-05-03T11:44:38","slug":"el-joc-com-a-eix-de-treball","status":"publish","type":"page","link":"https:\/\/agora.xtec.cat\/escolacastellum\/lescola\/on-som\/el-joc-com-a-eix-de-treball\/","title":{"rendered":"El JOC com a eix de treball"},"content":{"rendered":"<p style=\"text-align: center;\"><a href=\"http:\/\/agora.xtec.cat\/escolacastellum\/wp-content\/uploads\/usu788\/2016\/02\/DSC00120.jpg\"><img loading=\"lazy\" decoding=\"async\" class=\"alignnone size-full wp-image-594\" src=\"http:\/\/agora.xtec.cat\/escolacastellum\/wp-content\/uploads\/usu788\/2016\/02\/DSC00120.jpg\" alt=\"dsc00120\" width=\"640\" height=\"480\" srcset=\"https:\/\/agora.xtec.cat\/escolacastellum\/wp-content\/uploads\/usu788\/2016\/02\/DSC00120.jpg 640w, https:\/\/agora.xtec.cat\/escolacastellum\/wp-content\/uploads\/usu788\/2016\/02\/DSC00120-300x225.jpg 300w, https:\/\/agora.xtec.cat\/escolacastellum\/wp-content\/uploads\/usu788\/2016\/02\/DSC00120-200x150.jpg 200w\" sizes=\"auto, (max-width: 640px) 100vw, 640px\" \/><\/a><\/p>\n<p style=\"text-align: center;\">\u201cL\u2019infant per norma sempre juga\u201d per tant, creiem que <strong>el joc<\/strong> \u00e9s b\u00e0sic pel seu desenvolupament i adquisici\u00f3 d\u2019aprenentatges.<br \/>\nJugar \u00e9s una necessitat per l\u2019infant i si partim d\u2019aquest inter\u00e8s garantim la seva motivaci\u00f3 i implicaci\u00f3.<\/p>\n","protected":false},"excerpt":{"rendered":"<p><a href=\"http:\/\/agora.xtec.cat\/escolacastellum\/wp-content\/uploads\/usu788\/2016\/02\/DSC00120.jpg\"><\/a><br \/>\n\u201cL\u2019infant per norma sempre juga\u201d per tant, creiem que el joc \u00e9s b\u00e0sic pel seu desenvolupament i adquisici\u00f3 d\u2019aprenentatges.<br \/>\nJugar \u00e9s una necessitat per l\u2019infant i si partim d\u2019aquest inter\u00e8s garantim la seva motivaci\u00f3 i implicaci\u00f3.<\/p>\n","protected":false},"author":1,"featured_media":0,"parent":24,"menu_order":20,"comment_status":"closed","ping_status":"closed","template":"page-templates\/side-menu.php","meta":{"_bbp_topic_count":0,"_bbp_reply_count":0,"_bbp_total_topic_count":0,"_bbp_total_reply_count":0,"_bbp_voice_count":0,"_bbp_anonymous_reply_count":0,"_bbp_topic_count_hidden":0,"_bbp_reply_count_hidden":0,"_bbp_forum_subforum_count":0,"footnotes":""},"class_list":["post-255","page","type-page","status-publish","hentry"],"post_mailing_queue_ids":[],"_links":{"self":[{"href":"https:\/\/agora.xtec.cat\/escolacastellum\/wp-json\/wp\/v2\/pages\/255","targetHints":{"allow":["GET"]}}],"collection":[{"href":"https:\/\/agora.xtec.cat\/escolacastellum\/wp-json\/wp\/v2\/pages"}],"about":[{"href":"https:\/\/agora.xtec.cat\/escolacastellum\/wp-json\/wp\/v2\/types\/page"}],"author":[{"embeddable":true,"href":"https:\/\/agora.xtec.cat\/escolacastellum\/wp-json\/wp\/v2\/users\/1"}],"replies":[{"embeddable":true,"href":"https:\/\/agora.xtec.cat\/escolacastellum\/wp-json\/wp\/v2\/comments?post=255"}],"version-history":[{"count":3,"href":"https:\/\/agora.xtec.cat\/escolacastellum\/wp-json\/wp\/v2\/pages\/255\/revisions"}],"predecessor-version":[{"id":772,"href":"https:\/\/agora.xtec.cat\/escolacastellum\/wp-json\/wp\/v2\/pages\/255\/revisions\/772"}],"up":[{"embeddable":true,"href":"https:\/\/agora.xtec.cat\/escolacastellum\/wp-json\/wp\/v2\/pages\/24"}],"wp:attachment":[{"href":"https:\/\/agora.xtec.cat\/escolacastellum\/wp-json\/wp\/v2\/media?parent=255"}],"curies":[{"name":"wp","href":"https:\/\/api.w.org\/{rel}","templated":true}]}}