{"id":236,"date":"2016-02-29T17:52:54","date_gmt":"2016-02-29T16:52:54","guid":{"rendered":"http:\/\/agora.xtec.cat\/escolacastellum\/?page_id=236"},"modified":"2017-05-03T13:38:46","modified_gmt":"2017-05-03T11:38:46","slug":"trobada-descola","status":"publish","type":"page","link":"https:\/\/agora.xtec.cat\/escolacastellum\/activitats-descola\/trobada-descola\/","title":{"rendered":"Trobada d&#8217;escola"},"content":{"rendered":"<p><img loading=\"lazy\" decoding=\"async\" class=\" wp-image-604 aligncenter\" src=\"http:\/\/agora.xtec.cat\/escolacastellum\/wp-content\/uploads\/usu788\/2016\/02\/DSC_0176.jpg\" alt=\"????????????????????????????????????\" width=\"518\" height=\"345\" srcset=\"https:\/\/agora.xtec.cat\/escolacastellum\/wp-content\/uploads\/usu788\/2016\/02\/DSC_0176.jpg 640w, https:\/\/agora.xtec.cat\/escolacastellum\/wp-content\/uploads\/usu788\/2016\/02\/DSC_0176-300x200.jpg 300w\" sizes=\"auto, (max-width: 518px) 100vw, 518px\" \/><\/p>\n<p>&nbsp;<\/p>\n<p>Les trobades d&#8217;escola les fem els divendres. Ens trobem els nens i nenes de 3 anys, 4 anys, 5 anys i primer. Obrim aules, fem sortides i diferents espectacles: contes, valls, audicions&#8230;<\/p>\n<p>&#8220;Ens expliquen teatre, contes&#8230; No sempre \u00e9s el mateix. Tamb\u00e9 les fan els pares i mares que no tenen feina o que poden venir per la tarda. Us agradar\u00e0 perqu\u00e8 \u00e9s una cosa molt bonica que fins i tot hi ha coses m\u00e0giques&#8230;&#8221; <em>(en veu d&#8217;infant)<\/em><\/p>\n<p><img loading=\"lazy\" decoding=\"async\" class=\"wp-image-603 alignleft\" src=\"http:\/\/agora.xtec.cat\/escolacastellum\/wp-content\/uploads\/usu788\/2016\/02\/DSC_0054.jpg\" alt=\"????????????????????????????????????\" width=\"320\" height=\"213\" srcset=\"https:\/\/agora.xtec.cat\/escolacastellum\/wp-content\/uploads\/usu788\/2016\/02\/DSC_0054.jpg 640w, https:\/\/agora.xtec.cat\/escolacastellum\/wp-content\/uploads\/usu788\/2016\/02\/DSC_0054-300x200.jpg 300w\" sizes=\"auto, (max-width: 320px) 100vw, 320px\" \/><\/p>\n<p><a href=\"http:\/\/agora.xtec.cat\/escolacastellum\/wp-content\/uploads\/usu788\/2016\/02\/DSC_0289.jpg\"><img loading=\"lazy\" decoding=\"async\" class=\" wp-image-605\" src=\"http:\/\/agora.xtec.cat\/escolacastellum\/wp-content\/uploads\/usu788\/2016\/02\/DSC_0289.jpg\" alt=\"????????????????????????????????????\" width=\"322\" height=\"214\" srcset=\"https:\/\/agora.xtec.cat\/escolacastellum\/wp-content\/uploads\/usu788\/2016\/02\/DSC_0289.jpg 640w, https:\/\/agora.xtec.cat\/escolacastellum\/wp-content\/uploads\/usu788\/2016\/02\/DSC_0289-300x200.jpg 300w\" sizes=\"auto, (max-width: 322px) 100vw, 322px\" \/><\/a><\/p>\n","protected":false},"excerpt":{"rendered":"<p>&nbsp;<br \/>\nLes trobades d&#8217;escola les fem els divendres. Ens trobem els nens i nenes de 3 anys, 4 anys, 5 anys i primer. Obrim aules, fem sortides i diferents espectacles: contes, valls, audicions&#8230;<br \/>\n&#8220;Ens expliquen teatre, contes&#8230; No sempre \u00e9s el mateix. Tamb\u00e9 les fan els pares&hellip;  <a href=\"https:\/\/agora.xtec.cat\/escolacastellum\/activitats-descola\/trobada-descola\/\" title=\"Read Trobada d&#8217;escola\">Llegeix m\u00e9s\u00bb<\/a><\/p>\n","protected":false},"author":1,"featured_media":0,"parent":224,"menu_order":0,"comment_status":"closed","ping_status":"closed","template":"page-templates\/side-menu.php","meta":{"_bbp_topic_count":0,"_bbp_reply_count":0,"_bbp_total_topic_count":0,"_bbp_total_reply_count":0,"_bbp_voice_count":0,"_bbp_anonymous_reply_count":0,"_bbp_topic_count_hidden":0,"_bbp_reply_count_hidden":0,"_bbp_forum_subforum_count":0,"footnotes":""},"class_list":["post-236","page","type-page","status-publish","hentry"],"post_mailing_queue_ids":[],"_links":{"self":[{"href":"https:\/\/agora.xtec.cat\/escolacastellum\/wp-json\/wp\/v2\/pages\/236","targetHints":{"allow":["GET"]}}],"collection":[{"href":"https:\/\/agora.xtec.cat\/escolacastellum\/wp-json\/wp\/v2\/pages"}],"about":[{"href":"https:\/\/agora.xtec.cat\/escolacastellum\/wp-json\/wp\/v2\/types\/page"}],"author":[{"embeddable":true,"href":"https:\/\/agora.xtec.cat\/escolacastellum\/wp-json\/wp\/v2\/users\/1"}],"replies":[{"embeddable":true,"href":"https:\/\/agora.xtec.cat\/escolacastellum\/wp-json\/wp\/v2\/comments?post=236"}],"version-history":[{"count":3,"href":"https:\/\/agora.xtec.cat\/escolacastellum\/wp-json\/wp\/v2\/pages\/236\/revisions"}],"predecessor-version":[{"id":606,"href":"https:\/\/agora.xtec.cat\/escolacastellum\/wp-json\/wp\/v2\/pages\/236\/revisions\/606"}],"up":[{"embeddable":true,"href":"https:\/\/agora.xtec.cat\/escolacastellum\/wp-json\/wp\/v2\/pages\/224"}],"wp:attachment":[{"href":"https:\/\/agora.xtec.cat\/escolacastellum\/wp-json\/wp\/v2\/media?parent=236"}],"curies":[{"name":"wp","href":"https:\/\/api.w.org\/{rel}","templated":true}]}}