{"id":234,"date":"2016-02-29T17:52:13","date_gmt":"2016-02-29T16:52:13","guid":{"rendered":"http:\/\/agora.xtec.cat\/escolacastellum\/?page_id=234"},"modified":"2025-06-18T09:42:20","modified_gmt":"2025-06-18T07:42:20","slug":"grups-de-recerca","status":"publish","type":"page","link":"https:\/\/agora.xtec.cat\/escolacastellum\/activitats-descola\/grups-de-recerca\/","title":{"rendered":"Grups de recerca"},"content":{"rendered":"<p>Grups de recerca del curs 23-24.<\/p>\n<p><span style=\"font-weight: 400;\">El dijous 5 d\u2019octubre reprendrem els Grups de Recerca, on infants de 4t fins a 6\u00e8 d\u2019Educaci\u00f3 Prim\u00e0ria es barregen per anar a diversos tallers. Cada alumne\/a est\u00e0 agrupat dins d\u2019un taller, que ha triat pr\u00e8viament segons les seves prefer\u00e8ncies, i anir\u00e0 al mateix al llarg de tot el curs. En total hi ha vuit Grups de Recerca, tot seguit us els definim esmentant el mestre\/a que el porta a terme:<\/span><\/p>\n<table>\n<tbody>\n<tr>\n<td><b>GRUP DE RECERCA<\/b><\/td>\n<td><b>QU\u00c8 S\u2019HI FAR\u00c0?<\/b><\/td>\n<td><b>MESTRE\/A<\/b><\/td>\n<\/tr>\n<tr>\n<td><a href=\"https:\/\/agora.xtec.cat\/escolacastellum\/grups-de-recerca\/colonies-4t-5e-el-puig-de-balenya-curs-23-24\/\"><b>Preparem la motxilla<\/b><\/a><\/td>\n<td><span style=\"font-weight: 400;\">Organitzarem i planificarem les col\u00f2nies dels grups de 4t i 5\u00e8, amb el fi que, tant els infants que ho preparem com els que no, ho gaudim tots i totes al m\u00e0xim. A m\u00e9s a m\u00e9s, quan ja haguem fet les col\u00f2nies, tamb\u00e9 organitzarem la festa<\/span> <span style=\"font-weight: 400;\">que celebrem l&#8217;\u00faltim dia d\u2019escola.<\/span><\/td>\n<td><b>Ivana Corominas<\/b><\/td>\n<\/tr>\n<tr>\n<td><b>Experimentem\u00a0<\/b><\/td>\n<td><span style=\"font-weight: 400;\">Treballarem la ci\u00e8ncia i l\u2019experimentaci\u00f3 a trav\u00e9s de posar en pr\u00e0ctica diverses activitats de caire cient\u00edfic. De tot el que anem aprenent farem una Fira de la ci\u00e8ncia a final de curs per a tota l\u2019escola.\u00a0<\/span><\/td>\n<td><b>Marta Gallardo<\/b><\/td>\n<\/tr>\n<tr>\n<td><a href=\"https:\/\/agora.xtec.cat\/escolacastellum\/general\/curt-el-nen-barbut\/\"><b>Llum, c\u00e0mera i acci\u00f3!<\/b><\/a><\/td>\n<td><span style=\"font-weight: 400;\">Coneixerem els inicis del cinema i les primeres joguines \u00f2ptiques. Realitzarem diferents tipus d&#8217;activitats, fent \u00fas de recursos digitals, per aprendre finalment a elaborar un curtmetratge.<\/span><\/td>\n<td><b>Cristian Risco<\/b><\/td>\n<\/tr>\n<tr>\n<td><b>Perkussion Jam<\/b><\/td>\n<td><span style=\"font-weight: 400;\">Tocarem diferents ritmes amb baquetes i tambors i els pintarem. Tamb\u00e9 treballarem l\u2019expressi\u00f3 corporal i la posada en escena. Finalment muntarem una actuaci\u00f3 musical per la Festa de final de curs de l&#8217;escola.<\/span><\/td>\n<td><b>Ester Fontrodona<\/b><\/td>\n<\/tr>\n<tr>\n<td><b>EnCanta\u2019t<\/b><\/td>\n<td><span style=\"font-weight: 400;\">Farem m\u00fasica i teatre. Prepararem una actuaci\u00f3 musical per la Festa de fi de curs amb les fam\u00edlies.\u00a0<\/span><\/td>\n<td><b>Ari Gamarra<\/b><\/td>\n<\/tr>\n<tr>\n<td><a href=\"https:\/\/agora.xtec.cat\/escolacastellum\/infocastellum\/\"><b>InfoCastellum<\/b><\/a><\/td>\n<td><span style=\"font-weight: 400;\">Farem de reporters\/es informant, tant a alumnes com fam\u00edlies, de diferents activitats que fem en el nostre dia a dia a l\u2019Escola Castellum creant una revista i participant en la revista del poble.<\/span><\/td>\n<td><b>Eli Pag\u00e8s<\/b><\/td>\n<\/tr>\n<tr>\n<td><b>Lletra a Lletra<\/b><\/td>\n<td><span style=\"font-weight: 400;\">Viurem la hist\u00f2ria de l\u2019escriptura. Comen\u00e7arem amb la prehist\u00f2ria i serem neardentals, egipcis, ibers\u2026 Descobrirem com es feia la tinta, els pigments i els manuscrits il\u00b7luminats. Coneixerem els arabescos d\u2019Ar\u00e0bia, la lletra g\u00f2tica\u2026 Tamb\u00e9 aprendrem a fer scrapbooking. I finalment ens endinsarem en el m\u00f3n del lettering, l\u2019art de dibuixar lletres boniques.<\/span><\/td>\n<td><b>N\u00faria Reginc\u00f3s<\/b><\/td>\n<\/tr>\n<tr>\n<td><b>BricoArt<\/b><\/td>\n<td><span style=\"font-weight: 400;\">Viurem un proc\u00e9s creatiu i art\u00edstic a partir del projecte de remodelatge de la bibliovana i del passad\u00eds de l\u2019escola amb l\u2019acompanyament d\u2019en Joan (conserge) i d\u2019algun artista. Prepareu-vos per arremangar-vos, dissenyar, dibuixar, pintar i arranjar el que faci falta!<\/span><\/td>\n<td><b>Alba Culubret<\/b><\/td>\n<\/tr>\n<\/tbody>\n<\/table>\n<hr \/>\n<p>Els dimarts a la tarda els alumnes de 4t, 5\u00e8 i 6\u00e8 es troben per fer grups de recerca. Els grups de recerca que hi ha aquest curs s\u00f3n:<\/p>\n<table style=\"width: 28.7261%;\">\n<tbody>\n<tr>\n<td style=\"width: 100%;\">\n<h4><a href=\"https:\/\/agora.xtec.cat\/escolacastellum\/charles-chaplin-cinema\/\"><b>Charles Chaplin\u00a0<\/b><b>(Cinema)<\/b><\/a><\/h4>\n<\/td>\n<\/tr>\n<tr>\n<td style=\"width: 100%;\">\n<h4><a href=\"https:\/\/agora.xtec.cat\/escolacastellum\/roger-taylor-percussio\/\"><b>Roger Taylor (Percussi\u00f3)<\/b><\/a><\/h4>\n<\/td>\n<\/tr>\n<tr>\n<td style=\"width: 100%;\">\n<h4><a href=\"https:\/\/agora.xtec.cat\/escolacastellum\/nuria-picas-colonies\/\"><b>N\u00faria Picas (Col\u00f2nies)<\/b><\/a><\/h4>\n<\/td>\n<\/tr>\n<tr>\n<td style=\"width: 100%;\">\n<h4><a href=\"https:\/\/agora.xtec.cat\/escolacastellum\/palmira-jaquetti-coral\/\"><b>Palmira Jaquetti (Coral)<\/b><\/a><\/h4>\n<\/td>\n<\/tr>\n<tr>\n<td style=\"width: 100%;\">\n<h4><a href=\"https:\/\/agora.xtec.cat\/escolacastellum\/marie-curie-ciencies\/https:\/\/agora.xtec.cat\/escolacastellum\/marie-curie-ciencies\/\"><b>Marie Curie (Ci\u00e8ncies)<\/b><\/a><\/h4>\n<\/td>\n<\/tr>\n<tr>\n<td style=\"width: 100%;\">\n<h4><a href=\"https:\/\/agora.xtec.cat\/escolacastellum\/peter-brook-teatre\/\"><b>Peter Brook (Teatre)<\/b><\/a><\/h4>\n<\/td>\n<\/tr>\n<tr>\n<td style=\"width: 100%;\">\n<h4><a href=\"https:\/\/agora.xtec.cat\/escolacastellum\/ernest-hemingway-reporters\/\"><b>Ernest Hemingway (Reporters)<\/b><\/a><\/h4>\n<\/td>\n<\/tr>\n<tr>\n<td style=\"width: 100%;\">\n<h4><a href=\"https:\/\/agora.xtec.cat\/escolacastellum\/johannes-gutenberg-impremta\/\"><b>Johannes Gutenberg (Impremta)<\/b><\/a><\/h4>\n<\/td>\n<\/tr>\n<\/tbody>\n<\/table>\n<hr \/>\n<h3><span style=\"color: #339966;\"><strong><a style=\"color: #339966;\" href=\"http:\/\/agora.xtec.cat\/escolacastellum\/activitats-descola\/grups-de-recerca\/preparem-la-motxilla-2n-i-3r\/\">Preparem la motxilla \u00a02n i 3r<\/a>\u00a0 \u00a0<\/strong><\/span><\/h3>\n<p><span style=\"color: #339966;\"><strong><a style=\"font-size: 1.6875em; color: #339966;\" href=\"http:\/\/agora.xtec.cat\/escolacastellum\/activitats-descola\/grups-de-recerca\/preparem-la-motxilla\/\">Preparem la motxilla 4t i 5\u00e8<\/a><span style=\"font-size: 1.6875em;\">\u00a0<\/span>\u00a0 \u00a0<\/strong><\/span><\/p>\n<h3><span style=\"color: #339966;\"><strong><a style=\"color: #339966;\" href=\"http:\/\/agora.xtec.cat\/escolacastellum\/activitats-descola\/grups-de-recerca\/ona-castellum\/\">Ona Castellum<\/a><\/strong><\/span><\/h3>\n<h3><span style=\"color: #339966;\"><strong><a style=\"color: #339966;\" href=\"http:\/\/agora.xtec.cat\/escolacastellum\/activitats-descola\/grups-de-recerca\/artistart\/\">ArtistART<\/a><\/strong><\/span><\/h3>\n<h3><span style=\"color: #339966;\"><strong><a style=\"color: #339966;\" href=\"http:\/\/agora.xtec.cat\/escolacastellum\/activitats-descola\/grups-de-recerca\/putxinel\u00b7lis\/\">Putxinel\u00b7lis!<\/a>\u00a0 \u00a0 \u00a0 \u00a0 \u00a0 \u00a0 \u00a0 \u00a0 \u00a0 \u00a0 \u00a0 \u00a0 \u00a0 \u00a0 \u00a0<\/strong><\/span><\/h3>\n<h3><span style=\"color: #339966;\"><strong><a style=\"color: #339966;\" href=\"http:\/\/agora.xtec.cat\/escolacastellum\/activitats-descola\/grups-de-recerca\/grans-persones\/\">Petites Grans persones<\/a>\u00a0 \u00a0 \u00a0 \u00a0 \u00a0 \u00a0 \u00a0 \u00a0 \u00a0 \u00a0 \u00a0 \u00a0 \u00a0 \u00a0 \u00a0 \u00a0\u00a0<\/strong><\/span><\/h3>\n<h3><span style=\"color: #339966;\"><strong><a style=\"color: #339966;\" href=\"http:\/\/agora.xtec.cat\/escolacastellum\/activitats-descola\/grups-de-recerca\/llums-camera-i-accio\/\">Llums, c\u00e0mera i acci\u00f3!<\/a><\/strong><\/span><\/h3>\n<h3><span style=\"color: #339966;\"><strong><a style=\"color: #339966;\" href=\"http:\/\/agora.xtec.cat\/escolacastellum\/?s=perkussion+jam\">Perkussion Jam<\/a>\u00a0 \u00a0 \u00a0 \u00a0 \u00a0 \u00a0 \u00a0\u00a0<\/strong><\/span><\/h3>\n<h3><span style=\"color: #339966;\"><strong><a style=\"color: #339966;\" href=\"http:\/\/agora.xtec.cat\/escolacastellum\/activitats-descola\/grups-de-recerca\/provem-ho\/\">Provem-ho!<\/a><\/strong><\/span><\/h3>\n<h3><span style=\"color: #339966;\"><strong><a style=\"color: #339966;\" href=\"http:\/\/agora.xtec.cat\/escolacastellum\/activitats-descola\/grups-de-recerca\/saixeca-el-telo\/\">S&#8217;aixeca el tel\u00f3<\/a><\/strong><\/span><\/h3>\n<hr \/>\n<h3><span style=\"color: #ff0000;\"><a style=\"color: #ff0000;\" href=\"https:\/\/agora.xtec.cat\/escolacastellum\/activitats-descola\/grups-de-recerca\/maticastellum\/\">Maticastellum curs 18-19<\/a><\/span><\/h3>\n<h3><span style=\"color: #ff0000;\"><a style=\"color: #ff0000;\" href=\"https:\/\/agora.xtec.cat\/escolacastellum\/activitats-descola\/grups-de-recerca\/respira\/\">Respira curs 18-19<\/a><\/span><\/h3>\n<h3><span style=\"color: #ff0000;\"><a style=\"color: #ff0000;\" href=\"https:\/\/agora.xtec.cat\/escolacastellum\/activitats-descola\/grups-de-recerca\/elginy\/\">Elginy\u00a0 curs 18-19<\/a><\/span><\/h3>\n<hr \/>\n<p><span style=\"color: #993366;\"><strong><a style=\"font-size: 1.6875em; color: #993366;\" href=\"http:\/\/agora.xtec.cat\/escolacastellum\/activitats-descola\/grups-de-recerca\/la-impremta\/\">La impremta curs 17 &#8211; 18<\/a><span style=\"font-size: 1.6875em;\">\u00a0 \u00a0<\/span><\/strong><\/span><\/p>\n<p><span style=\"color: #993366;\"><strong><a style=\"font-size: 1.6875em; color: #993366;\" href=\"http:\/\/agora.xtec.cat\/escolacastellum\/activitats-descola\/grups-de-recerca\/reciklaesport\/\">Recikla<\/a><a style=\"font-size: 1.6875em; color: #993366;\" href=\"http:\/\/agora.xtec.cat\/escolacastellum\/activitats-descola\/grups-de-recerca\/reciklaesport\/\">esport curs 17 &#8211; 18<\/a><\/strong><\/span><\/p>\n<p><span style=\"color: #993366;\"><strong><a style=\"font-size: 1.6875em; color: #993366;\" href=\"http:\/\/agora.xtec.cat\/escolacastellum\/activitats-descola\/grups-de-recerca\/art-i-caps\/\">ART I CAPS curs 17 &#8211; 18<\/a><\/strong><\/span><\/p>\n<hr \/>\n<h3><span style=\"color: #339966;\">Com sona curs 16-17\u00a0<\/span><\/h3>\n<h3><span style=\"color: #339966;\">ARTquitectes curs 16-17\u00a0<\/span><\/h3>\n<h3><\/h3>\n<p>&nbsp;<\/p>\n","protected":false},"excerpt":{"rendered":"<p>Grups de recerca del curs 23-24.<br \/>\nEl dijous 5 d\u2019octubre reprendrem els Grups de Recerca, on infants de 4t fins a 6\u00e8 d\u2019Educaci\u00f3 Prim\u00e0ria es barregen per anar a diversos tallers. Cada alumne\/a est\u00e0 agrupat dins d\u2019un taller, que ha triat pr\u00e8viament segons les seves prefer\u00e8ncies,&hellip;  <a href=\"https:\/\/agora.xtec.cat\/escolacastellum\/activitats-descola\/grups-de-recerca\/\" title=\"Read Grups de recerca\">Llegeix m\u00e9s\u00bb<\/a><\/p>\n","protected":false},"author":1,"featured_media":0,"parent":224,"menu_order":0,"comment_status":"closed","ping_status":"closed","template":"page-templates\/side-menu.php","meta":{"_bbp_topic_count":0,"_bbp_reply_count":0,"_bbp_total_topic_count":0,"_bbp_total_reply_count":0,"_bbp_voice_count":0,"_bbp_anonymous_reply_count":0,"_bbp_topic_count_hidden":0,"_bbp_reply_count_hidden":0,"_bbp_forum_subforum_count":0,"footnotes":""},"class_list":["post-234","page","type-page","status-publish","hentry"],"post_mailing_queue_ids":[],"_links":{"self":[{"href":"https:\/\/agora.xtec.cat\/escolacastellum\/wp-json\/wp\/v2\/pages\/234","targetHints":{"allow":["GET"]}}],"collection":[{"href":"https:\/\/agora.xtec.cat\/escolacastellum\/wp-json\/wp\/v2\/pages"}],"about":[{"href":"https:\/\/agora.xtec.cat\/escolacastellum\/wp-json\/wp\/v2\/types\/page"}],"author":[{"embeddable":true,"href":"https:\/\/agora.xtec.cat\/escolacastellum\/wp-json\/wp\/v2\/users\/1"}],"replies":[{"embeddable":true,"href":"https:\/\/agora.xtec.cat\/escolacastellum\/wp-json\/wp\/v2\/comments?post=234"}],"version-history":[{"count":6,"href":"https:\/\/agora.xtec.cat\/escolacastellum\/wp-json\/wp\/v2\/pages\/234\/revisions"}],"predecessor-version":[{"id":20174,"href":"https:\/\/agora.xtec.cat\/escolacastellum\/wp-json\/wp\/v2\/pages\/234\/revisions\/20174"}],"up":[{"embeddable":true,"href":"https:\/\/agora.xtec.cat\/escolacastellum\/wp-json\/wp\/v2\/pages\/224"}],"wp:attachment":[{"href":"https:\/\/agora.xtec.cat\/escolacastellum\/wp-json\/wp\/v2\/media?parent=234"}],"curies":[{"name":"wp","href":"https:\/\/api.w.org\/{rel}","templated":true}]}}