{"id":232,"date":"2016-02-29T17:51:56","date_gmt":"2016-02-29T16:51:56","guid":{"rendered":"http:\/\/agora.xtec.cat\/escolacastellum\/?page_id=232"},"modified":"2018-05-07T17:09:30","modified_gmt":"2018-05-07T15:09:30","slug":"tallers","status":"publish","type":"page","link":"https:\/\/agora.xtec.cat\/escolacastellum\/activitats-descola\/tallers\/","title":{"rendered":"Tallers"},"content":{"rendered":"<p><strong>\u00a0TALLERS DE 3 ANYS<\/strong><\/p>\n<p>Tal i com vam explicar a la reuni\u00f3 de classe, en aquest segon trimestre de curs, comen\u00e7arem els tallers amb els infants de 3 anys.<\/p>\n<p>Es faran el <strong>dimecres a la tarda de les 15\u201915h a les 16\u201915h<\/strong>. Cada grup de taller estar\u00e0 format per uns 11 infants. <strong>S\u2019iniciaran el 7 de febrer<\/strong>.<\/p>\n<p>L\u2019objectiu principal dels tallers \u00e9s realitzar activitats relacionades amb les matem\u00e0tiques, la descoberta, l\u2019experimentaci\u00f3&#8230; i que es poden aprofundir millor en petit grup.<\/p>\n<p><strong>Quins tallers farem?<\/strong><\/p>\n<table>\n<tbody>\n<tr>\n<td width=\"326\"><strong>Tipus de taller<\/strong><\/td>\n<td width=\"326\"><strong>Adult responsable<\/strong><\/p>\n<p><strong>\u00a0<\/strong><\/td>\n<\/tr>\n<tr>\n<td width=\"326\"><strong>Joc heur\u00edstic: <\/strong>amb material de la vida quotidiana treballem el raonament matem\u00e0tic<\/p>\n<p><u>\u00a0<\/u><\/td>\n<td width=\"326\">Montse Maruny<\/td>\n<\/tr>\n<tr>\n<td width=\"326\"><strong>Experimentaci\u00f3:<\/strong> descoberta de material i les seves caracter\u00edstiques a trav\u00e9s del m\u00e8tode cient\u00edfic.<\/td>\n<td width=\"326\">Pili Mart\u00ednez<\/td>\n<\/tr>\n<tr>\n<td width=\"326\"><strong>Tem\u00e0tica diversa: <\/strong>manualitats, dansa, ioga, teatre, sentits, cuina&#8230;<\/p>\n<p><u>\u00a0<\/u><\/td>\n<td width=\"326\">Fam\u00edlia<\/p>\n<p>&nbsp;<\/td>\n<\/tr>\n<\/tbody>\n<\/table>\n<p>Com podeu veure un dels tallers el porta una fam\u00edlia. Per aix\u00f2 us demanem <strong>la vostra col\u00b7laboraci\u00f3<\/strong>. Per una bona organitzaci\u00f3 cal que us apunteu a la <strong>graella <\/strong>que est\u00e0 penjada a fora de l\u2019aula.<\/p>\n<p>Si teniu ganes de participar per\u00f2 no teniu cap idea les mestres us podem assessorar.<\/p>\n<p>&nbsp;<\/p>\n<p><strong>TALLERS DE 4, 5 ANYS I PRIMER\u00a0\u00a0\u00a0\u00a0\u00a0<\/strong><\/p>\n<p>Un any m\u00e9s comencem els tallers entre infants de 4 anys, 5 anys i primer.<\/p>\n<p>Els tallers s\u00f3n un tipus d\u2019agrupament que possibilita:<\/p>\n<ul>\n<li>La interrelaci\u00f3 entre infants de diferents edats, fet que comporta un gran enriquiment.<\/li>\n<li>Es fomenta el treball cooperatiu.<\/li>\n<li>El fet que el grup sigui fix d\u00f3na una identitat que en altres situacions com p.ex. portes obertes on tamb\u00e9 es barregen els grups no es d\u00f3na ja que cada setmana varia.<\/li>\n<li>Podem realitzar activitats diverses que en gran grup \u00e9s dif\u00edcil portar-les a terme.<\/li>\n<\/ul>\n<p>Els tallers de <strong>4,5 anys i 1r es faran el dijous a la tarda de 15\u201915 a les 16\u201915 h<\/strong>. \u00a0Cada grup de tallers estar\u00e0 format per <strong>13\/14 infants<\/strong> i s\u2019iniciaran el <strong>dijous<\/strong> <strong>8 de febrer.<\/strong><\/p>\n<p>Com cada any ja sabeu que necessitem de la vostra <strong>col\u00b7laboraci\u00f3<\/strong> per dur a terme els tallers. S\u00b4ha penjat una graella a la paret del m\u00f2dul de 5 anys perqu\u00e8 les <strong>fam\u00edlies<\/strong> us aneu apuntant per a fer els tallers. Tamb\u00e9 trobareu el grup on anir\u00e0 el vostre fill o filla i aix\u00ed ho podeu fer coincidir, si voleu.<\/p>\n<p><strong>Quins tallers farem?<\/strong><\/p>\n<table>\n<tbody>\n<tr>\n<td width=\"326\"><strong>Tipus de taller<\/strong><\/td>\n<td width=\"326\"><strong>Adult responsable<\/strong><\/p>\n<p><strong>\u00a0<\/strong><\/td>\n<\/tr>\n<tr>\n<td width=\"326\">Ioga i relaxaci\u00f3<\/td>\n<td width=\"326\">Mireia<\/td>\n<\/tr>\n<tr>\n<td width=\"326\">Teatre<\/td>\n<td width=\"326\">Laia<\/td>\n<\/tr>\n<tr>\n<td width=\"326\">Dansa<\/td>\n<td width=\"326\">Mariona<\/td>\n<\/tr>\n<tr>\n<td width=\"326\">Cuina<\/td>\n<td width=\"326\">Anna<\/td>\n<\/tr>\n<tr>\n<td width=\"326\">Bee-bots<\/td>\n<td width=\"326\">Margaret<\/td>\n<\/tr>\n<tr>\n<td width=\"326\">Ci\u00e8ncies<\/td>\n<td width=\"326\">Ol\u00edvia<\/td>\n<\/tr>\n<tr>\n<td width=\"326\">Taller fam\u00edlies<\/td>\n<td width=\"326\">Fam\u00edlies<\/td>\n<\/tr>\n<tr>\n<td width=\"326\"><\/td>\n<td width=\"326\"><\/td>\n<\/tr>\n<\/tbody>\n<\/table>\n<p><u>\u00a0<\/u><\/p>\n<p><strong><u>TALLERS DE\u00a0 2n\u00a0 I\u00a0 3r\u00a0<\/u><\/strong><\/p>\n<p>Un any m\u00e9s comencem els tallers entre infants de 2n i 3r<\/p>\n<p>Els tallers s\u00f3n un tipus d\u2019agrupament que possibilita:<\/p>\n<ul>\n<li>La interrelaci\u00f3 entre infants de diferents edats, fet que comporta un gran enriquiment.<\/li>\n<li>Es fomenta el treball cooperatiu.<\/li>\n<li>El fet que el grup sigui fix d\u00f3na una identitat que en altres situacions com p.ex. portes obertes on tamb\u00e9 es barregen els grups no es d\u00f3na ja que cada setmana varia.<\/li>\n<li>Podem realitzar activitats diverses que en gran grup \u00e9s dif\u00edcil portar-les a terme.<\/li>\n<\/ul>\n<p>Els tallers de <strong>2n i 3r\u00a0 es faran el dimarts a la tarda de 15\u201915 a les 16\u201915 h<\/strong>. \u00a0Cada grup de tallers estar\u00e0 format per <strong>12 infants<\/strong> i s\u2019iniciaran el <strong>dijous<\/strong> <strong>30 de gener.<\/strong><\/p>\n<p>Com cada any ja sabeu que necessitem de la vostra <strong>col\u00b7laboraci\u00f3<\/strong> per dur a terme els tallers.<\/p>\n<p>S\u00b4ha penjat una graella al costat de l\u2019aula de llum, perqu\u00e8 les <strong>fam\u00edlies<\/strong> us aneu apuntant per venir a fer els tallers. Tamb\u00e9 trobareu el grup on anir\u00e0 el vostre fill o filla i aix\u00ed ho podeu fer coincidir, si voleu. Us animem a preparar el taller de fam\u00edlies conjuntament amb el vostre fill o filla.<\/p>\n<p><strong>Quins tallers farem?<\/strong><\/p>\n<table width=\"618\">\n<tbody>\n<tr>\n<td width=\"234\"><strong>TIPUS DE TALLER<\/strong><\/td>\n<td width=\"198\"><strong>ADULT RESPONSABLE<\/strong><\/td>\n<td width=\"185\"><strong>ESPAI<\/strong><\/td>\n<\/tr>\n<tr>\n<td width=\"234\"><strong>Fem una poci\u00f3 m\u00e0gica!<\/strong><\/td>\n<td width=\"198\"><strong>S\u00e0lvia <\/strong><\/td>\n<td width=\"185\"><strong>3r Dreta<\/strong><\/td>\n<\/tr>\n<tr>\n<td width=\"234\"><strong>Creamos con los Bee boots.<\/strong><\/td>\n<td width=\"198\"><strong>Ma Carmen<\/strong><\/td>\n<td width=\"185\"><strong>3r Esquerra<\/strong><\/td>\n<\/tr>\n<tr>\n<td width=\"234\"><strong>Com funciona el cos?<\/strong><\/td>\n<td width=\"198\"><strong>Laura J.<\/strong><\/td>\n<td width=\"185\"><strong>4t B Dreta<\/strong><\/td>\n<\/tr>\n<tr>\n<td width=\"234\"><strong>Ball de bastons.<\/strong><\/td>\n<td width=\"198\"><strong>Laura A.<\/strong><\/td>\n<td width=\"185\"><strong>2n Dreta<\/strong><\/td>\n<\/tr>\n<tr>\n<td width=\"234\"><strong>Taller fam\u00edlies<\/strong><\/td>\n<td width=\"198\"><strong>Fam\u00edlies<\/strong><\/td>\n<td width=\"185\"><strong>2n Esquerra<\/strong><\/td>\n<\/tr>\n<\/tbody>\n<\/table>\n<p><u>\u00a0<\/u><\/p>\n<p><strong>\u00a0TALLERS DE 4t, 5\u00e8 i 6\u00e8<\/strong><\/p>\n<p>Un any m\u00e9s comencem els tallers entre infants de 4t a 6\u00e8.<\/p>\n<p>Els tallers s\u00f3n un tipus d\u2019agrupament que possibilita:<\/p>\n<ul>\n<li>La interrelaci\u00f3 entre infants de diferents edats, fet que comporta un gran enriquiment.<\/li>\n<li>Es fomenta el treball cooperatiu.<\/li>\n<li>El fet que el grup sigui fix d\u00f3na una identitat que en altres situacions com p.ex. portes obertes on tamb\u00e9 es barregen els grups no es d\u00f3na ja que cada setmana varia.<\/li>\n<li>Podem realitzar activitats diverses que en gran grup \u00e9s dif\u00edcil portar-les a terme.<\/li>\n<\/ul>\n<p>Els tallers 4t a 6\u00e8<strong> es faran el dilluns a la tarda de 15\u201915 a les 16\u201915 h<\/strong>. \u00a0Cada grup de tallers estar\u00e0 format per <strong>13\/14 infants<\/strong> i la data d\u2019inici \u00e9s el dilluns 16 de gener<strong>.<\/strong><\/p>\n<p>Com cada any ja sabeu que necessitem de la vostra <strong>col\u00b7laboraci\u00f3<\/strong> per dur a terme els tallers. S\u00b4ha penjat una graella a la porta del m\u00f2dul nou \u00a0perqu\u00e8 les <strong>fam\u00edlies<\/strong> us aneu apuntant per\u00a0 fer els tallers.<\/p>\n<p><strong>Quins tallers farem?<\/strong><\/p>\n<table>\n<tbody>\n<tr>\n<td width=\"253\"><strong>Tipus de taller<\/strong><\/td>\n<td width=\"263\"><strong>Adult responsable<\/strong><\/p>\n<p><strong>\u00a0<\/strong><\/td>\n<td width=\"136\"><strong>Espai<\/strong><\/p>\n<p><strong>\u00a0<\/strong><\/td>\n<\/tr>\n<tr>\n<td width=\"253\">Cultura i tradici\u00f3: Castells<\/td>\n<td width=\"263\">Olga Geli<\/td>\n<td width=\"136\">Aula 5\u00e8<\/td>\n<\/tr>\n<tr>\n<td width=\"253\">&nbsp;<\/td>\n<td width=\"263\">&nbsp;<\/td>\n<td width=\"136\">&nbsp;<\/td>\n<\/tr>\n<tr>\n<td width=\"253\">Bum bum<\/td>\n<td width=\"263\">Dani<\/td>\n<td width=\"136\">Aula 6\u00e8<\/td>\n<\/tr>\n<tr>\n<td width=\"253\">&nbsp;<\/td>\n<td width=\"263\">&nbsp;<\/td>\n<td width=\"136\">&nbsp;<\/td>\n<\/tr>\n<tr>\n<td width=\"253\">T\u00e8cniques pre-Teatre<\/td>\n<td width=\"263\">Joan<\/td>\n<td width=\"136\">Sala gran<\/td>\n<\/tr>\n<tr>\n<td width=\"253\">&nbsp;<\/td>\n<td width=\"263\">&nbsp;<\/td>\n<td width=\"136\">&nbsp;<\/td>\n<\/tr>\n<tr>\n<td width=\"253\">Animaci\u00f3 on-line<\/td>\n<td width=\"263\">Llu\u00eds<\/td>\n<td width=\"136\">Aula 4B<\/td>\n<\/tr>\n<tr>\n<td width=\"253\">&nbsp;<\/td>\n<td width=\"263\">&nbsp;<\/td>\n<td width=\"136\">&nbsp;<\/td>\n<\/tr>\n<tr>\n<td width=\"253\">Jocs ling\u00fc\u00edstics<\/td>\n<td width=\"263\">Irene<\/td>\n<td width=\"136\">Biblioteca<\/p>\n<p>&nbsp;<\/p>\n<p>&nbsp;<\/td>\n<\/tr>\n<tr>\n<td width=\"253\">Gimcana matem\u00e0tica<\/p>\n<p>&nbsp;<\/p>\n<p>Activitats v\u00e0ries<\/td>\n<td width=\"263\">Laura<\/p>\n<p>&nbsp;<\/p>\n<p>fam\u00edlies<\/td>\n<td width=\"136\">Aula 4A<\/p>\n<p>&nbsp;<\/p>\n<p>&nbsp;<\/td>\n<\/tr>\n<\/tbody>\n<\/table>\n<p style=\"text-align: center;\"><strong>\u00a0<\/strong><\/p>\n<hr \/>\n<p style=\"text-align: center;\"><strong>CURS 2016 &#8211; 17<\/strong><\/p>\n<hr \/>\n<p><strong>\u00a0TALLERS DE 4, 5 ANYS I PRIMER<\/strong><\/p>\n<p><u><\/u>Un any m\u00e9s comencem els tallers entre infants de 4, 5 i primer.<\/p>\n<p>Els tallers s\u00f3n un tipus d\u2019agrupament que possibilita:<\/p>\n<ul>\n<li>La interrelaci\u00f3 entre infants de diferents edats, fet que comporta un gran enriquiment.<\/li>\n<li>Es fomenta el treball cooperatiu.<\/li>\n<li>El fet que el grup sigui fix d\u00f3na una identitat que en altres situacions com p.ex. portes obertes on tamb\u00e9 es barregen els grups no es d\u00f3na ja que cada setmana varia.<\/li>\n<li>Podem realitzar activitats diverses que en gran grup \u00e9s dif\u00edcil portar-les a terme.<\/li>\n<\/ul>\n<p>Els tallers de <strong>4,5 anys i 1r es faran el dijous a la tarda de 15\u201915 a les 16\u201915 h<\/strong>. \u00a0Cada grup de tallers estar\u00e0 format per <strong>12\/13 infants<\/strong> i s\u2019iniciaran el <strong>dijous<\/strong> <strong>2 de febrer.<\/strong><\/p>\n<p>&nbsp;<\/p>\n<p><strong>Quins tallers farem?<\/strong><\/p>\n<table>\n<tbody>\n<tr>\n<td width=\"326\"><strong>Tipus de taller<\/strong><\/td>\n<td width=\"326\"><strong>Adult responsable<\/strong><\/p>\n<p><strong>\u00a0<\/strong><\/td>\n<\/tr>\n<tr>\n<td width=\"326\">Entorn<\/td>\n<td width=\"326\">Mari<\/td>\n<\/tr>\n<tr>\n<td width=\"326\">Ioga i relaxaci\u00f3<\/td>\n<td width=\"326\">N\u00faria Aguil\u00f3<\/td>\n<\/tr>\n<tr>\n<td width=\"326\">Teatre<\/td>\n<td width=\"326\">Margaret<\/td>\n<\/tr>\n<tr>\n<td width=\"326\">M\u00fasica<\/td>\n<td width=\"326\">Jana<\/td>\n<\/tr>\n<tr>\n<td width=\"326\">Matem\u00e0tiques<\/td>\n<td width=\"326\">Montse Maruny<\/td>\n<\/tr>\n<tr>\n<td width=\"326\">Bee-bots<\/td>\n<td width=\"326\">Laura<\/td>\n<\/tr>\n<tr>\n<td width=\"326\">Ci\u00e8ncies<\/td>\n<td width=\"326\">Jess<\/td>\n<\/tr>\n<tr>\n<td width=\"326\">Taller fam\u00edlies<\/td>\n<td width=\"326\">fam\u00edlies<\/td>\n<\/tr>\n<tr>\n<td width=\"326\"><u>\u00a0<\/u><\/td>\n<td width=\"326\"><\/td>\n<\/tr>\n<\/tbody>\n<\/table>\n<p>&nbsp;<\/p>\n<p><strong>TALLERS DE SEGON I TERCER<\/strong><\/p>\n<p>Un any m\u00e9s comencem els tallers entre infants de segon i tercer.<\/p>\n<p>Els tallers s\u00f3n un tipus d\u2019agrupament que possibilita:<\/p>\n<p>&#8211; La interrelaci\u00f3 entre infants de diferents edats, fet que comporta un gran enriquiment.<br \/>\n&#8211; Es fomenta el treball cooperatiu.<br \/>\n&#8211; El fet que el grup sigui fix d\u00f3na una identitat que en altres situacions com p.ex. portes obertes on tamb\u00e9 es barregen els grups no es d\u00f3na ja que cada setmana varia.<br \/>\n&#8211; Podem realitzar activitats diverses que en gran grup \u00e9s dif\u00edcil portar-les a terme.<\/p>\n<p>Els tallers de segon i tercer es faran els dimarts a la tarda de 15\u201915 a les 16\u201915 h. Cada grup de tallers estar\u00e0 format per 12\/13 infants i s\u2019iniciaran el dimarts 14 de febrer.<\/p>\n<p>Com cada any ja sabeu que necessitem de la vostra col\u2022laboraci\u00f3 per dur a terme els tallers. S\u00b4ha penjat una graella a la paret del m\u00f2dul de tercer, davant la pissarra perqu\u00e8 les fam\u00edlies us aneu apuntant per a fer els tallers.<\/p>\n<p><strong>Quins tallers farem?<\/strong>Quins tallers farem?<\/p>\n<table width=\"546\">\n<tbody>\n<tr>\n<td><strong>Tipus de taller<\/strong><\/td>\n<td><strong>Adult responsable<\/strong><\/p>\n<p><strong>\u00a0<\/strong><\/td>\n<\/tr>\n<tr>\n<td>Percussi\u00f3 Corporal<\/td>\n<td>Ester Fontrodona<\/td>\n<\/tr>\n<tr>\n<td>Bee-bots- ( Rob\u00f3tica )<\/td>\n<td>Eli Pag\u00e8s<\/td>\n<\/tr>\n<tr>\n<td>Teatre<\/td>\n<td>Anna C\u00e9spedes<\/td>\n<\/tr>\n<tr>\n<td>M\u00e0ster Xef- ( Cuina )<\/td>\n<td>Olga Geli<\/td>\n<\/tr>\n<tr>\n<td>Experiments Salats- ( Experimentaci\u00f3 )<\/td>\n<td>Ester Franco<\/td>\n<\/tr>\n<tr>\n<td>Taller fam\u00edlies<\/td>\n<td>Fam\u00edlies<\/td>\n<\/tr>\n<tr>\n<td><u>\u00a0<\/u><\/td>\n<td><\/td>\n<\/tr>\n<\/tbody>\n<\/table>\n<p>&nbsp;<\/p>\n<p><strong>TALLERS DE 4t, 5\u00e8 i 6\u00e8<\/strong><\/p>\n<p>Un any m\u00e9s comencem els tallers entre infants de 4t a 6\u00e8.<\/p>\n<p>Els tallers s\u00f3n un tipus d\u2019agrupament que possibilita:<\/p>\n<ul style=\"list-style-type: circle;\">\n<li>La interrelaci\u00f3 entre infants de diferents edats, fet que comporta un gran enriquiment.<\/li>\n<li>Es fomenta el treball cooperatiu.<\/li>\n<li>El fet que el grup sigui fix d\u00f3na una identitat que en altres situacions com p.ex. portes obertes on tamb\u00e9 es barregen els grups no es d\u00f3na ja que cada setmana varia.<\/li>\n<li>Podem realitzar activitats diverses que en gran grup \u00e9s dif\u00edcil portar-les a terme.<\/li>\n<\/ul>\n<p>Els tallers 4t a 6\u00e8<strong> es faran el dilluns a la tarda de 15\u201915 a les 16\u201915 h<\/strong>. \u00a0Cada grup de tallers estar\u00e0 format per <strong>13\/14 infants<\/strong> i la data d\u2019inici \u00e9s el dilluns 16 de gener<strong>.<\/strong><\/p>\n<p><strong>Quins tallers farem?<\/strong><\/p>\n<table>\n<tbody>\n<tr>\n<td width=\"253\"><strong>Tipus de taller<\/strong><\/td>\n<td width=\"263\"><strong>Adult responsable<\/strong><\/p>\n<p><strong>\u00a0<\/strong><\/td>\n<td width=\"136\"><strong>Espai<\/strong><\/p>\n<p><strong>\u00a0<\/strong><\/td>\n<\/tr>\n<tr>\n<td width=\"253\">Matem\u00e0tiques: art geom\u00e8tric<\/td>\n<td width=\"263\">Olga Geli<\/td>\n<td width=\"136\">Aula 4t<\/td>\n<\/tr>\n<tr>\n<td width=\"253\">Matem\u00e0tiques: gimcana de mesures<\/td>\n<td width=\"263\">Joan Garcia<\/td>\n<td width=\"136\">Aula 5\u00e8<\/td>\n<\/tr>\n<tr>\n<td width=\"253\">T\u00e8cniques pre-Teatre<\/td>\n<td width=\"263\">Irene<\/td>\n<td width=\"136\">Sala gran<\/td>\n<\/tr>\n<tr>\n<td width=\"253\">Ci\u00e8ncies<\/td>\n<td width=\"263\">M\u00aa Carmen<\/td>\n<td width=\"136\">Aula 6\u00e8<\/td>\n<\/tr>\n<tr>\n<td width=\"253\">Taller fam\u00edlies<\/td>\n<td width=\"263\">fam\u00edlies<\/td>\n<td width=\"136\">Aula polivalent<\/td>\n<\/tr>\n<\/tbody>\n<\/table>\n<p>&nbsp;<\/p>\n<p>&nbsp;<\/p>\n","protected":false},"excerpt":{"rendered":"<p>\u00a0TALLERS DE 3 ANYS<br \/>\nTal i com vam explicar a la reuni\u00f3 de classe, en aquest segon trimestre de curs, comen\u00e7arem els tallers amb els infants de 3 anys.<br \/>\nEs faran el dimecres a la tarda de les 15\u201915h a les 16\u201915h. Cada grup de taller estar\u00e0&hellip;  <a href=\"https:\/\/agora.xtec.cat\/escolacastellum\/activitats-descola\/tallers\/\" title=\"Read Tallers\">Llegeix m\u00e9s\u00bb<\/a><\/p>\n","protected":false},"author":1,"featured_media":0,"parent":224,"menu_order":0,"comment_status":"closed","ping_status":"closed","template":"page-templates\/side-menu.php","meta":{"_bbp_topic_count":0,"_bbp_reply_count":0,"_bbp_total_topic_count":0,"_bbp_total_reply_count":0,"_bbp_voice_count":0,"_bbp_anonymous_reply_count":0,"_bbp_topic_count_hidden":0,"_bbp_reply_count_hidden":0,"_bbp_forum_subforum_count":0,"footnotes":""},"class_list":["post-232","page","type-page","status-publish","hentry"],"post_mailing_queue_ids":[],"_links":{"self":[{"href":"https:\/\/agora.xtec.cat\/escolacastellum\/wp-json\/wp\/v2\/pages\/232","targetHints":{"allow":["GET"]}}],"collection":[{"href":"https:\/\/agora.xtec.cat\/escolacastellum\/wp-json\/wp\/v2\/pages"}],"about":[{"href":"https:\/\/agora.xtec.cat\/escolacastellum\/wp-json\/wp\/v2\/types\/page"}],"author":[{"embeddable":true,"href":"https:\/\/agora.xtec.cat\/escolacastellum\/wp-json\/wp\/v2\/users\/1"}],"replies":[{"embeddable":true,"href":"https:\/\/agora.xtec.cat\/escolacastellum\/wp-json\/wp\/v2\/comments?post=232"}],"version-history":[{"count":3,"href":"https:\/\/agora.xtec.cat\/escolacastellum\/wp-json\/wp\/v2\/pages\/232\/revisions"}],"predecessor-version":[{"id":1785,"href":"https:\/\/agora.xtec.cat\/escolacastellum\/wp-json\/wp\/v2\/pages\/232\/revisions\/1785"}],"up":[{"embeddable":true,"href":"https:\/\/agora.xtec.cat\/escolacastellum\/wp-json\/wp\/v2\/pages\/224"}],"wp:attachment":[{"href":"https:\/\/agora.xtec.cat\/escolacastellum\/wp-json\/wp\/v2\/media?parent=232"}],"curies":[{"name":"wp","href":"https:\/\/api.w.org\/{rel}","templated":true}]}}