{"id":2293,"date":"2018-11-05T17:26:37","date_gmt":"2018-11-05T16:26:37","guid":{"rendered":"http:\/\/agora.xtec.cat\/escolacastellum\/?page_id=2293"},"modified":"2019-06-12T14:31:14","modified_gmt":"2019-06-12T12:31:14","slug":"elginy","status":"publish","type":"page","link":"https:\/\/agora.xtec.cat\/escolacastellum\/activitats-descola\/grups-de-recerca\/elginy\/","title":{"rendered":"Elginy"},"content":{"rendered":"<p>Aquest curs hem iniciat un nou grup de recerca anomenat El giny.<\/p>\n<p>La seva finalitat era recrear estructures, mecanismes o ginys presents en el nostre dia a dia.\u00a0 Per a construir-los hem utilitzat material de reciclatge: cartrons, bastonets i palets de fusta, cartolines, taps de pl\u00e0stic&#8230; Hem representat tobogans gegants aqu\u00e0tics i de terra, cotxes proposats per globus, ascensors de p\u00e0rking&#8230; Per completar aquest treball hem muntat dos estructures basades en el funcionament\u00a0 de les politges\u00a0 i una font d&#8217;aigua perqu\u00e8 aix\u00ed la resta de companys de l&#8217;escola els pugui analitzar i comprendre com rutllen aquests mecanismes.<\/p>\n<p><a href=\"https:\/\/agora.xtec.cat\/escolacastellum\/wp-content\/uploads\/usu788\/2019\/06\/1.jpg\"><img loading=\"lazy\" decoding=\"async\" class=\"size-full wp-image-2841 aligncenter\" src=\"https:\/\/agora.xtec.cat\/escolacastellum\/wp-content\/uploads\/usu788\/2019\/06\/1.jpg\" alt=\"\" width=\"640\" height=\"457\" srcset=\"https:\/\/agora.xtec.cat\/escolacastellum\/wp-content\/uploads\/usu788\/2019\/06\/1.jpg 640w, https:\/\/agora.xtec.cat\/escolacastellum\/wp-content\/uploads\/usu788\/2019\/06\/1-300x214.jpg 300w\" sizes=\"auto, (max-width: 640px) 100vw, 640px\" \/><\/a><\/p>\n<p><a href=\"https:\/\/agora.xtec.cat\/escolacastellum\/wp-content\/uploads\/usu788\/2019\/06\/2.jpg\"><img loading=\"lazy\" decoding=\"async\" class=\"size-full wp-image-2842 aligncenter\" src=\"https:\/\/agora.xtec.cat\/escolacastellum\/wp-content\/uploads\/usu788\/2019\/06\/2.jpg\" alt=\"\" width=\"640\" height=\"421\" srcset=\"https:\/\/agora.xtec.cat\/escolacastellum\/wp-content\/uploads\/usu788\/2019\/06\/2.jpg 640w, https:\/\/agora.xtec.cat\/escolacastellum\/wp-content\/uploads\/usu788\/2019\/06\/2-300x197.jpg 300w\" sizes=\"auto, (max-width: 640px) 100vw, 640px\" \/><\/a><\/p>\n<p>Tamb\u00e9 hem manipulat diversos components el\u00e8ctrics per a con\u00e8ixer el funcionament b\u00e0sic de molts dels aparells el\u00e8ctrics quotidians. Hem utilitzat ventiladors, motors, cables, brunzidors&#8230; Fins i tot hem creat una petita decoraci\u00f3 nadalenca animada.<\/p>\n<p><a href=\"https:\/\/agora.xtec.cat\/escolacastellum\/wp-content\/uploads\/usu788\/2019\/06\/3.jpg\"><img loading=\"lazy\" decoding=\"async\" class=\"size-full wp-image-2843 aligncenter\" src=\"https:\/\/agora.xtec.cat\/escolacastellum\/wp-content\/uploads\/usu788\/2019\/06\/3.jpg\" alt=\"\" width=\"609\" height=\"480\" srcset=\"https:\/\/agora.xtec.cat\/escolacastellum\/wp-content\/uploads\/usu788\/2019\/06\/3.jpg 609w, https:\/\/agora.xtec.cat\/escolacastellum\/wp-content\/uploads\/usu788\/2019\/06\/3-300x236.jpg 300w\" sizes=\"auto, (max-width: 609px) 100vw, 609px\" \/><\/a><\/p>\n<p>Per con\u00e8ixer una mica m\u00e9s sobre el funcionament de les energies renovables hem constru\u00eft diversos prototips: dos generadors solars, un cotxe solar i una central d&#8217;energies renovables. Estaran a disposici\u00f3 de les nenes i els nens de l&#8217;escola perqu\u00e8 puguin investigar com funcionen.<\/p>\n","protected":false},"excerpt":{"rendered":"<p>Aquest curs hem iniciat un nou grup de recerca anomenat El giny.<br \/>\nLa seva finalitat era recrear estructures, mecanismes o ginys presents en el nostre dia a dia.\u00a0 Per a construir-los hem utilitzat material de reciclatge: cartrons, bastonets i palets de fusta, cartolines, taps de pl\u00e0stic&#8230;&hellip;  <a href=\"https:\/\/agora.xtec.cat\/escolacastellum\/activitats-descola\/grups-de-recerca\/elginy\/\" title=\"Read Elginy\">Llegeix m\u00e9s\u00bb<\/a><\/p>\n","protected":false},"author":1,"featured_media":0,"parent":234,"menu_order":0,"comment_status":"closed","ping_status":"closed","template":"page-templates\/side-menu.php","meta":{"_bbp_topic_count":0,"_bbp_reply_count":0,"_bbp_total_topic_count":0,"_bbp_total_reply_count":0,"_bbp_voice_count":0,"_bbp_anonymous_reply_count":0,"_bbp_topic_count_hidden":0,"_bbp_reply_count_hidden":0,"_bbp_forum_subforum_count":0,"footnotes":""},"class_list":["post-2293","page","type-page","status-publish","hentry"],"post_mailing_queue_ids":[],"_links":{"self":[{"href":"https:\/\/agora.xtec.cat\/escolacastellum\/wp-json\/wp\/v2\/pages\/2293","targetHints":{"allow":["GET"]}}],"collection":[{"href":"https:\/\/agora.xtec.cat\/escolacastellum\/wp-json\/wp\/v2\/pages"}],"about":[{"href":"https:\/\/agora.xtec.cat\/escolacastellum\/wp-json\/wp\/v2\/types\/page"}],"author":[{"embeddable":true,"href":"https:\/\/agora.xtec.cat\/escolacastellum\/wp-json\/wp\/v2\/users\/1"}],"replies":[{"embeddable":true,"href":"https:\/\/agora.xtec.cat\/escolacastellum\/wp-json\/wp\/v2\/comments?post=2293"}],"version-history":[{"count":3,"href":"https:\/\/agora.xtec.cat\/escolacastellum\/wp-json\/wp\/v2\/pages\/2293\/revisions"}],"predecessor-version":[{"id":2846,"href":"https:\/\/agora.xtec.cat\/escolacastellum\/wp-json\/wp\/v2\/pages\/2293\/revisions\/2846"}],"up":[{"embeddable":true,"href":"https:\/\/agora.xtec.cat\/escolacastellum\/wp-json\/wp\/v2\/pages\/234"}],"wp:attachment":[{"href":"https:\/\/agora.xtec.cat\/escolacastellum\/wp-json\/wp\/v2\/media?parent=2293"}],"curies":[{"name":"wp","href":"https:\/\/api.w.org\/{rel}","templated":true}]}}