{"id":2291,"date":"2018-11-05T17:26:15","date_gmt":"2018-11-05T16:26:15","guid":{"rendered":"http:\/\/agora.xtec.cat\/escolacastellum\/?page_id=2291"},"modified":"2019-03-19T13:40:21","modified_gmt":"2019-03-19T12:40:21","slug":"maticastellum","status":"publish","type":"page","link":"https:\/\/agora.xtec.cat\/escolacastellum\/activitats-descola\/grups-de-recerca\/maticastellum\/","title":{"rendered":"Maticastellum"},"content":{"rendered":"<p style=\"text-align: center;\"><strong>CURS 2018-2019<\/strong><\/p>\n<p>A Maticastellum aprofitem que necessitem material manipulatiu l\u00f2gico-matem\u00e0tic per elaborar-lo en aquestes estones. Primer pensem que aprenem a cada curs o cicle per aix\u00ed saber quin material necessitem i poder-lo elaborar.<\/p>\n<p>Aquests materials els mostrarem i n&#8217;explicarem qu\u00e8 podem aprendre a la Primera Fira Matem\u00e0tica de l&#8217;escola Castellum!<\/p>\n<p><a href=\"https:\/\/agora.xtec.cat\/escolacastellum\/wp-content\/uploads\/usu788\/2019\/03\/IMG-4215.jpg\"><img loading=\"lazy\" decoding=\"async\" class=\"alignnone  wp-image-2673\" src=\"https:\/\/agora.xtec.cat\/escolacastellum\/wp-content\/uploads\/usu788\/2019\/03\/IMG-4215.jpg\" alt=\"\" width=\"386\" height=\"289\" srcset=\"https:\/\/agora.xtec.cat\/escolacastellum\/wp-content\/uploads\/usu788\/2019\/03\/IMG-4215.jpg 640w, https:\/\/agora.xtec.cat\/escolacastellum\/wp-content\/uploads\/usu788\/2019\/03\/IMG-4215-300x225.jpg 300w, https:\/\/agora.xtec.cat\/escolacastellum\/wp-content\/uploads\/usu788\/2019\/03\/IMG-4215-200x150.jpg 200w\" sizes=\"auto, (max-width: 386px) 100vw, 386px\" \/><\/a> <a href=\"https:\/\/agora.xtec.cat\/escolacastellum\/wp-content\/uploads\/usu788\/2019\/03\/IMG-4210.jpg\"><img loading=\"lazy\" decoding=\"async\" class=\"alignnone  wp-image-2672\" src=\"https:\/\/agora.xtec.cat\/escolacastellum\/wp-content\/uploads\/usu788\/2019\/03\/IMG-4210.jpg\" alt=\"\" width=\"388\" height=\"291\" srcset=\"https:\/\/agora.xtec.cat\/escolacastellum\/wp-content\/uploads\/usu788\/2019\/03\/IMG-4210.jpg 640w, https:\/\/agora.xtec.cat\/escolacastellum\/wp-content\/uploads\/usu788\/2019\/03\/IMG-4210-300x225.jpg 300w, https:\/\/agora.xtec.cat\/escolacastellum\/wp-content\/uploads\/usu788\/2019\/03\/IMG-4210-200x150.jpg 200w\" sizes=\"auto, (max-width: 388px) 100vw, 388px\" \/><\/a><\/p>\n","protected":false},"excerpt":{"rendered":"<p>CURS 2018-2019<br \/>\nA Maticastellum aprofitem que necessitem material manipulatiu l\u00f2gico-matem\u00e0tic per elaborar-lo en aquestes estones. Primer pensem que aprenem a cada curs o cicle per aix\u00ed saber quin material necessitem i poder-lo elaborar.<br \/>\nAquests materials els mostrarem i n&#8217;explicarem qu\u00e8 podem aprendre a la Primera Fira Matem\u00e0tica&hellip;  <a href=\"https:\/\/agora.xtec.cat\/escolacastellum\/activitats-descola\/grups-de-recerca\/maticastellum\/\" title=\"Read Maticastellum\">Llegeix m\u00e9s\u00bb<\/a><\/p>\n","protected":false},"author":1,"featured_media":0,"parent":234,"menu_order":0,"comment_status":"closed","ping_status":"closed","template":"page-templates\/side-menu.php","meta":{"_bbp_topic_count":0,"_bbp_reply_count":0,"_bbp_total_topic_count":0,"_bbp_total_reply_count":0,"_bbp_voice_count":0,"_bbp_anonymous_reply_count":0,"_bbp_topic_count_hidden":0,"_bbp_reply_count_hidden":0,"_bbp_forum_subforum_count":0,"footnotes":""},"class_list":["post-2291","page","type-page","status-publish","hentry"],"post_mailing_queue_ids":[],"_links":{"self":[{"href":"https:\/\/agora.xtec.cat\/escolacastellum\/wp-json\/wp\/v2\/pages\/2291","targetHints":{"allow":["GET"]}}],"collection":[{"href":"https:\/\/agora.xtec.cat\/escolacastellum\/wp-json\/wp\/v2\/pages"}],"about":[{"href":"https:\/\/agora.xtec.cat\/escolacastellum\/wp-json\/wp\/v2\/types\/page"}],"author":[{"embeddable":true,"href":"https:\/\/agora.xtec.cat\/escolacastellum\/wp-json\/wp\/v2\/users\/1"}],"replies":[{"embeddable":true,"href":"https:\/\/agora.xtec.cat\/escolacastellum\/wp-json\/wp\/v2\/comments?post=2291"}],"version-history":[{"count":3,"href":"https:\/\/agora.xtec.cat\/escolacastellum\/wp-json\/wp\/v2\/pages\/2291\/revisions"}],"predecessor-version":[{"id":2674,"href":"https:\/\/agora.xtec.cat\/escolacastellum\/wp-json\/wp\/v2\/pages\/2291\/revisions\/2674"}],"up":[{"embeddable":true,"href":"https:\/\/agora.xtec.cat\/escolacastellum\/wp-json\/wp\/v2\/pages\/234"}],"wp:attachment":[{"href":"https:\/\/agora.xtec.cat\/escolacastellum\/wp-json\/wp\/v2\/media?parent=2291"}],"curies":[{"name":"wp","href":"https:\/\/api.w.org\/{rel}","templated":true}]}}