{"id":226,"date":"2016-02-29T17:50:42","date_gmt":"2016-02-29T16:50:42","guid":{"rendered":"http:\/\/agora.xtec.cat\/escolacastellum\/?page_id=226"},"modified":"2020-01-27T17:10:39","modified_gmt":"2020-01-27T16:10:39","slug":"portes-obertes","status":"publish","type":"page","link":"https:\/\/agora.xtec.cat\/escolacastellum\/activitats-descola\/portes-obertes\/","title":{"rendered":"Portes obertes"},"content":{"rendered":"<p>Portes Obertes \u00e9s una activitat on els infants de diferents de 3 anys fins a 4t \u00a0es barregen per anar als 13 \u00a0ambients que ofertem. Cada dimecres al mat\u00ed poden escollir \u00a0a on anar.<\/p>\n<p>La vostra col\u00b7laboraci\u00f3 i participaci\u00f3 \u00e9s essencial, aix\u00ed doncs, per \u00a0dur a terme les diferents activitats d\u2019alguns ambients com: breakfast, betes i fils, bricolatge, jardineria&#8230; comptem amb vosaltres fam\u00edlies!<\/p>\n<p>El nom dels ambients defineixen qu\u00e8 hi trobarem. A vegades s\u00f3n molt clars, d\u2019altres divertits (fent un joc de paraules), o b\u00e9 hem utilitzat un altre idioma!<\/p>\n<h1 class=\"entry-title\"><span style=\"color: #339966;\"><a style=\"color: #339966;\" href=\"http:\/\/agora.xtec.cat\/escolacastellum\/activitats-descola\/portes-obertes\/jardineria\/\">Jardineria<\/a>\u00a0 \u00a0 \u00a0 \u00a0 \u00a0 \u00a0 \u00a0 \u00a0<a style=\"color: #339966;\" href=\"http:\/\/agora.xtec.cat\/escolacastellum\/activitats-descola\/portes-obertes\/espai-de-llum\/\">Espai de llum<\/a> \u00a0 \u00a0 \u00a0 \u00a0 \u00a0 \u00a0\u00a0<\/span><\/h1>\n<h1><span style=\"color: #339966;\"><a style=\"color: #339966;\" href=\"http:\/\/agora.xtec.cat\/escolacastellum\/activitats-descola\/portes-obertes\/bricolatge\/\">Bricolatge<\/a>\u00a0 \u00a0 \u00a0 \u00a0 \u00a0 \u00a0 \u00a0 \u00a0<a style=\"color: #339966;\" href=\"http:\/\/agora.xtec.cat\/escolacastellum\/activitats-descola\/portes-obertes\/betes-i-fils\/\">Betes i fils<\/a><\/span><\/h1>\n<h1><span style=\"color: #339966;\"><a style=\"color: #339966;\" href=\"http:\/\/agora.xtec.cat\/escolacastellum\/activitats-descola\/portes-obertes\/a-jugar-2\/\">A jugar!<\/a> \u00a0 \u00a0 \u00a0 \u00a0 \u00a0 \u00a0 \u00a0 \u00a0 \u00a0\u00a0<a style=\"color: #339966;\" href=\"http:\/\/agora.xtec.cat\/escolacastellum\/activitats-descola\/portes-obertes\/breakfast\/\">Breakfast<\/a><\/span><\/h1>\n<h1><span style=\"color: #339966;\"><a style=\"color: #339966;\" href=\"http:\/\/agora.xtec.cat\/escolacastellum\/activitats-descola\/portes-obertes\/construccions\/\">Construccions<\/a> \u00a0 \u00a0<a style=\"color: #339966;\" href=\"http:\/\/agora.xtec.cat\/escolacastellum\/activitats-descola\/portes-obertes\/la-caseta\/\"> \u00a0 Caseta<\/a><\/span><\/h1>\n<h1><span style=\"color: #339966;\"><a style=\"color: #339966;\" href=\"http:\/\/agora.xtec.cat\/escolacastellum\/activitats-descola\/portes-obertes\/la-caseta\/\">Vestidor<\/a><\/span><\/h1>\n<h1><span style=\"color: #339966;\"><a style=\"color: #339966;\" href=\"http:\/\/agora.xtec.cat\/escolacastellum\/activitats-descola\/portes-obertes\/ecokip\/\">Ecokip<\/a>\u00a0 \u00a0 \u00a0 \u00a0 \u00a0 \u00a0 \u00a0 \u00a0 \u00a0 \u00a0 \u00a0<\/span><span style=\"color: #339966;\"><a style=\"color: #339966;\" href=\"http:\/\/agora.xtec.cat\/escolacastellum\/activitats-descola\/portes-obertes\/taller\/\">El taller<\/a><\/span><\/h1>\n<h1><span style=\"color: #339966;\"><a style=\"color: #339966;\" href=\"http:\/\/agora.xtec.cat\/escolacastellum\/activitats-descola\/portes-obertes\/a-jugar\/\">L&#8217;art de construir<\/a>\u00a0 \u00a0 <a style=\"color: #339966;\" href=\"http:\/\/agora.xtec.cat\/escolacastellum\/activitats-descola\/portes-obertes\/minimons\/\">Minimundos<\/a><\/span><\/h1>\n<p><iframe loading=\"lazy\" title=\"PORTES OBERTES\" width=\"500\" height=\"281\" src=\"https:\/\/www.youtube.com\/embed\/V4_C9eeiiSQ?feature=oembed\" frameborder=\"0\" allow=\"accelerometer; autoplay; clipboard-write; encrypted-media; gyroscope; picture-in-picture; web-share\" referrerpolicy=\"strict-origin-when-cross-origin\" allowfullscreen><\/iframe><\/p>\n","protected":false},"excerpt":{"rendered":"<p>Portes Obertes \u00e9s una activitat on els infants de diferents de 3 anys fins a 4t \u00a0es barregen per anar als 13 \u00a0ambients que ofertem. Cada dimecres al mat\u00ed poden escollir \u00a0a on anar.<br \/>\nLa vostra col\u00b7laboraci\u00f3 i participaci\u00f3 \u00e9s essencial, aix\u00ed doncs, per \u00a0dur a&hellip;  <a href=\"https:\/\/agora.xtec.cat\/escolacastellum\/activitats-descola\/portes-obertes\/\" title=\"Read Portes obertes\">Llegeix m\u00e9s\u00bb<\/a><\/p>\n","protected":false},"author":1,"featured_media":0,"parent":224,"menu_order":0,"comment_status":"closed","ping_status":"closed","template":"page-templates\/side-menu.php","meta":{"_bbp_topic_count":0,"_bbp_reply_count":0,"_bbp_total_topic_count":0,"_bbp_total_reply_count":0,"_bbp_voice_count":0,"_bbp_anonymous_reply_count":0,"_bbp_topic_count_hidden":0,"_bbp_reply_count_hidden":0,"_bbp_forum_subforum_count":0,"footnotes":""},"class_list":["post-226","page","type-page","status-publish","hentry"],"post_mailing_queue_ids":[],"_links":{"self":[{"href":"https:\/\/agora.xtec.cat\/escolacastellum\/wp-json\/wp\/v2\/pages\/226","targetHints":{"allow":["GET"]}}],"collection":[{"href":"https:\/\/agora.xtec.cat\/escolacastellum\/wp-json\/wp\/v2\/pages"}],"about":[{"href":"https:\/\/agora.xtec.cat\/escolacastellum\/wp-json\/wp\/v2\/types\/page"}],"author":[{"embeddable":true,"href":"https:\/\/agora.xtec.cat\/escolacastellum\/wp-json\/wp\/v2\/users\/1"}],"replies":[{"embeddable":true,"href":"https:\/\/agora.xtec.cat\/escolacastellum\/wp-json\/wp\/v2\/comments?post=226"}],"version-history":[{"count":3,"href":"https:\/\/agora.xtec.cat\/escolacastellum\/wp-json\/wp\/v2\/pages\/226\/revisions"}],"predecessor-version":[{"id":2999,"href":"https:\/\/agora.xtec.cat\/escolacastellum\/wp-json\/wp\/v2\/pages\/226\/revisions\/2999"}],"up":[{"embeddable":true,"href":"https:\/\/agora.xtec.cat\/escolacastellum\/wp-json\/wp\/v2\/pages\/224"}],"wp:attachment":[{"href":"https:\/\/agora.xtec.cat\/escolacastellum\/wp-json\/wp\/v2\/media?parent=226"}],"curies":[{"name":"wp","href":"https:\/\/api.w.org\/{rel}","templated":true}]}}