{"id":19300,"date":"2022-05-16T16:08:22","date_gmt":"2022-05-16T14:08:22","guid":{"rendered":"https:\/\/agora.xtec.cat\/escolacastellum\/?page_id=19300"},"modified":"2022-06-21T14:18:28","modified_gmt":"2022-06-21T12:18:28","slug":"diagnosi","status":"publish","type":"page","link":"https:\/\/agora.xtec.cat\/escolacastellum\/estrategia-digital-de-centre\/estrategia-3\/diagnosi\/","title":{"rendered":"Diagnosi"},"content":{"rendered":"<p style=\"text-align: center;\">L&#8217;informe de centre SELFIE aplega les opinions de l&#8217;equip directiu, el professorat i<br \/>\nl&#8217;alumnat i les compara. Igual que un selfie de veritat, la informaci\u00f3 recollida a<br \/>\nSELFIE ofereix al centre una instant\u00e0nia de quin punt es troba actualment en<br \/>\nrelaci\u00f3 amb l&#8217;estrat\u00e8gia i la pr\u00e0ctica en l&#8217;\u00fas de les tecnologies digitals<br \/>\nd&#8217;ensenyament i aprenentatge. Els resultats de SELFIE poden ajudar a entaular un<br \/>\ndi\u00e0leg dins de la comunitat escolar. Pot ser una bona base per identificar i analitzar<br \/>\nles fortaleses i les debilitats i crear un pla escolar en relaci\u00f3 amb l&#8217;\u00fas de les<br \/>\ntecnologies digitals per donar suport a l&#8217;aprenentatge.<\/p>\n<p><img loading=\"lazy\" decoding=\"async\" class=\"aligncenter\" src=\"https:\/\/encrypted-tbn0.gstatic.com\/images?q=tbn:ANd9GcRd1S0m2Lyi8-Pc41hBfeNcmUD7mnrcrX6QlyzOVLF7RLJkr0ZpAL9VN2O_T3zwT2dBcf4&amp;usqp=CAU\" alt=\"SELFIE | Digitalpedagogycookbook\" width=\"510\" height=\"188\" \/><\/p>\n<p style=\"text-align: center;\">En l&#8217;informe de la Selfie del nostre centre podem veure els seg\u00fcents punts forts i febles:<\/p>\n<p><img loading=\"lazy\" decoding=\"async\" class=\"size-large wp-image-19490 aligncenter\" src=\"https:\/\/agora.xtec.cat\/escolacastellum\/wp-content\/uploads\/usu788\/2022\/06\/selfie-1024x195.jpg\" alt=\"\" width=\"1024\" height=\"195\" srcset=\"https:\/\/agora.xtec.cat\/escolacastellum\/wp-content\/uploads\/usu788\/2022\/06\/selfie-1024x195.jpg 1024w, https:\/\/agora.xtec.cat\/escolacastellum\/wp-content\/uploads\/usu788\/2022\/06\/selfie-300x57.jpg 300w, https:\/\/agora.xtec.cat\/escolacastellum\/wp-content\/uploads\/usu788\/2022\/06\/selfie-768x146.jpg 768w, https:\/\/agora.xtec.cat\/escolacastellum\/wp-content\/uploads\/usu788\/2022\/06\/selfie.jpg 1537w\" sizes=\"auto, (max-width: 1024px) 100vw, 1024px\" \/><\/p>\n<p>&nbsp;<\/p>\n","protected":false},"excerpt":{"rendered":"<p>L&#8217;informe de centre SELFIE aplega les opinions de l&#8217;equip directiu, el professorat i<br \/>\nl&#8217;alumnat i les compara. Igual que un selfie de veritat, la informaci\u00f3 recollida a<br \/>\nSELFIE ofereix al centre una instant\u00e0nia de quin punt es troba actualment en<br \/>\nrelaci\u00f3 amb l&#8217;estrat\u00e8gia i la pr\u00e0ctica en l&#8217;\u00fas&hellip;  <a href=\"https:\/\/agora.xtec.cat\/escolacastellum\/estrategia-digital-de-centre\/estrategia-3\/diagnosi\/\" title=\"Read Diagnosi\">Llegeix m\u00e9s\u00bb<\/a><\/p>\n","protected":false},"author":1,"featured_media":0,"parent":19048,"menu_order":0,"comment_status":"closed","ping_status":"closed","template":"page-templates\/side-menu.php","meta":{"_bbp_topic_count":0,"_bbp_reply_count":0,"_bbp_total_topic_count":0,"_bbp_total_reply_count":0,"_bbp_voice_count":0,"_bbp_anonymous_reply_count":0,"_bbp_topic_count_hidden":0,"_bbp_reply_count_hidden":0,"_bbp_forum_subforum_count":0,"footnotes":""},"class_list":["post-19300","page","type-page","status-publish","hentry"],"post_mailing_queue_ids":[],"_links":{"self":[{"href":"https:\/\/agora.xtec.cat\/escolacastellum\/wp-json\/wp\/v2\/pages\/19300","targetHints":{"allow":["GET"]}}],"collection":[{"href":"https:\/\/agora.xtec.cat\/escolacastellum\/wp-json\/wp\/v2\/pages"}],"about":[{"href":"https:\/\/agora.xtec.cat\/escolacastellum\/wp-json\/wp\/v2\/types\/page"}],"author":[{"embeddable":true,"href":"https:\/\/agora.xtec.cat\/escolacastellum\/wp-json\/wp\/v2\/users\/1"}],"replies":[{"embeddable":true,"href":"https:\/\/agora.xtec.cat\/escolacastellum\/wp-json\/wp\/v2\/comments?post=19300"}],"version-history":[{"count":3,"href":"https:\/\/agora.xtec.cat\/escolacastellum\/wp-json\/wp\/v2\/pages\/19300\/revisions"}],"predecessor-version":[{"id":19491,"href":"https:\/\/agora.xtec.cat\/escolacastellum\/wp-json\/wp\/v2\/pages\/19300\/revisions\/19491"}],"up":[{"embeddable":true,"href":"https:\/\/agora.xtec.cat\/escolacastellum\/wp-json\/wp\/v2\/pages\/19048"}],"wp:attachment":[{"href":"https:\/\/agora.xtec.cat\/escolacastellum\/wp-json\/wp\/v2\/media?parent=19300"}],"curies":[{"name":"wp","href":"https:\/\/api.w.org\/{rel}","templated":true}]}}