{"id":19171,"date":"2022-05-09T13:13:40","date_gmt":"2022-05-09T11:13:40","guid":{"rendered":"https:\/\/agora.xtec.cat\/escolacastellum\/?page_id=19171"},"modified":"2023-11-06T13:37:12","modified_gmt":"2023-11-06T12:37:12","slug":"comissio-edc","status":"publish","type":"page","link":"https:\/\/agora.xtec.cat\/escolacastellum\/estrategia-digital-de-centre\/estrategia-3\/comissio-edc\/","title":{"rendered":"Comissi\u00f3 EDC"},"content":{"rendered":"<section id=\"h.2f1131aba00521_3\" class=\"yaqOZd\">\n<div class=\"mYVXT\">\n<div class=\"LS81yb VICjCf\" tabindex=\"-1\">\n<div class=\"hJDwNd-AhqUyc-uQSCkd purZT-AhqUyc-II5mzb pSzOP-AhqUyc-qWD73c JNdkSc\">\n<div class=\"JNdkSc-SmKAyb\">\n<div class=\"\">\n<div class=\"oKdM2c Kzv0Me\">\n<div id=\"h.2f1131aba00521_0\" class=\"hJDwNd-AhqUyc-uQSCkd jXK9ad D2fZ2 OjCsFc wHaque GNzUNc\">\n<div class=\"jXK9ad-SmKAyb\">\n<div class=\"tyJCtd mGzaTb baZpAe\">\n<p dir=\"ltr\"><a href=\"https:\/\/agora.xtec.cat\/escolacastellum\/wp-content\/uploads\/usu788\/2022\/05\/4.png\"><img loading=\"lazy\" decoding=\"async\" class=\"alignnone size-large wp-image-19183\" src=\"https:\/\/agora.xtec.cat\/escolacastellum\/wp-content\/uploads\/usu788\/2022\/05\/4-1024x384.png\" alt=\"\" width=\"1024\" height=\"384\" srcset=\"https:\/\/agora.xtec.cat\/escolacastellum\/wp-content\/uploads\/usu788\/2022\/05\/4-1024x384.png 1024w, https:\/\/agora.xtec.cat\/escolacastellum\/wp-content\/uploads\/usu788\/2022\/05\/4-300x113.png 300w, https:\/\/agora.xtec.cat\/escolacastellum\/wp-content\/uploads\/usu788\/2022\/05\/4-768x288.png 768w, https:\/\/agora.xtec.cat\/escolacastellum\/wp-content\/uploads\/usu788\/2022\/05\/4-1536x576.png 1536w, https:\/\/agora.xtec.cat\/escolacastellum\/wp-content\/uploads\/usu788\/2022\/05\/4.png 1920w\" sizes=\"auto, (max-width: 1024px) 100vw, 1024px\" \/><\/a><\/p>\n<p class=\"CDt4Ke zfr3Q\" dir=\"ltr\">La Comissi\u00f3 digital est\u00e0 formada per un membre de l&#8217;equip directiu, el coordinador digital i dos mestres m\u00e9s.<\/p>\n<p class=\"CDt4Ke zfr3Q\" dir=\"ltr\">Aquesta comissi\u00f3 t\u00e9 com a objectiu desenvolupar el Pla d&#8217;Estrat\u00e8gia Digital i liderar la transformaci\u00f3 de l&#8217;escola cap a un centre digital innovador.<\/p>\n<\/div>\n<\/div>\n<\/div>\n<\/div>\n<\/div>\n<\/div>\n<\/div>\n<\/div>\n<\/div>\n<\/section>\n<section id=\"h.2f1131aba00521_7\" class=\"yaqOZd\">\n<div class=\"IFuOkc\"><\/div>\n<div class=\"mYVXT\">\n<div class=\"LS81yb VICjCf\" tabindex=\"-1\">\n<div class=\"hJDwNd-AhqUyc-uQSCkd purZT-AhqUyc-II5mzb pSzOP-AhqUyc-qWD73c JNdkSc\">\n<div class=\"JNdkSc-SmKAyb\">\n<div class=\"\">\n<div class=\"oKdM2c Kzv0Me\">\n<div id=\"h.2f1131aba00521_4\" class=\"hJDwNd-AhqUyc-uQSCkd jXK9ad D2fZ2 OjCsFc wHaque GNzUNc\">\n<div class=\"jXK9ad-SmKAyb\">\n<div class=\"tyJCtd mGzaTb baZpAe\">\n<div id=\"h.9w9xrjnv2lkc\" class=\"GV3q8e aP9Z7e\"><\/div>\n<div class=\"CjVfdc\">\n<div class=\"PPhIP rviiZ\">\n<div class=\"U26fgb mUbCce fKz7Od LRAOtb Znu9nd M9Bg4d\" role=\"presentation\" aria-describedby=\"h.9w9xrjnv2lkc_l\" aria-label=\"Copia l'enlla\u00e7 del t\u00edtol\" aria-disabled=\"false\" data-tooltip=\"Copia l'enlla\u00e7 del t\u00edtol\" aria-hidden=\"true\" data-tooltip-position=\"top\" data-tooltip-vertical-offset=\"12\" data-tooltip-horizontal-offset=\"0\">\n<div class=\"VTBa7b MbhUzd\"><\/div>\n<\/div>\n<\/div>\n<p><strong>Membres:<\/strong><\/p>\n<\/div>\n<ul class=\"n8H08c UVNKR\">\n<li class=\"TYR86d wXCUfe zfr3Q\" dir=\"ltr\">\n<p class=\"CDt4Ke zfr3Q\" dir=\"ltr\"><strong>Eli Pag\u00e8s<\/strong>\u00a0| Directora<\/p>\n<\/li>\n<li class=\"TYR86d wXCUfe zfr3Q\" dir=\"ltr\">\n<p class=\"CDt4Ke zfr3Q\" dir=\"ltr\"><strong>Sara Guitart<\/strong>\u00a0| Coordinadora Digital<\/p>\n<\/li>\n<li class=\"TYR86d wXCUfe zfr3Q\" dir=\"ltr\">\n<p class=\"CDt4Ke zfr3Q\" dir=\"ltr\"><strong>Cristian Risco <\/strong>|Coordinador d&#8217;Estrat\u00e8gia Digital<\/p>\n<\/li>\n<li><strong>Bibiana Vi\u00f1allonga <\/strong>| Tutora de I4<\/li>\n<\/ul>\n<\/div>\n<\/div>\n<\/div>\n<\/div>\n<\/div>\n<\/div>\n<\/div>\n<\/div>\n<\/div>\n<\/section>\n<section id=\"h.1de0c9a07049c2b1_3\" class=\"yaqOZd\">\n<div class=\"mYVXT\">\n<div class=\"LS81yb VICjCf\" tabindex=\"-1\">\n<div class=\"hJDwNd-AhqUyc-uQSCkd purZT-AhqUyc-II5mzb pSzOP-AhqUyc-qWD73c JNdkSc\">\n<div class=\"JNdkSc-SmKAyb\">\n<div class=\"\">\n<div class=\"oKdM2c Kzv0Me\">\n<div id=\"h.1de0c9a07049c2b1_0\" class=\"hJDwNd-AhqUyc-uQSCkd jXK9ad D2fZ2 OjCsFc wHaque GNzUNc\">\n<div class=\"jXK9ad-SmKAyb\">\n<div class=\"tyJCtd mGzaTb baZpAe\">\n<div id=\"h.6oze851z4fjo\" class=\"GV3q8e aP9Z7e\"><\/div>\n<div class=\"CjVfdc\">\n<div class=\"PPhIP rviiZ\">\n<div class=\"U26fgb mUbCce fKz7Od LRAOtb Znu9nd M9Bg4d\" role=\"presentation\" aria-describedby=\"h.6oze851z4fjo_l\" aria-label=\"Copia l'enlla\u00e7 del t\u00edtol\" aria-disabled=\"false\" data-tooltip=\"Copia l'enlla\u00e7 del t\u00edtol\" aria-hidden=\"true\" data-tooltip-position=\"top\" data-tooltip-vertical-offset=\"12\" data-tooltip-horizontal-offset=\"0\">\n<div class=\"VTBa7b MbhUzd\"><\/div>\n<\/div>\n<\/div>\n<p><span class=\" jgG6ef\"><strong>Objectius de la Comissi\u00f3 digital<\/strong><\/span><\/p>\n<\/div>\n<div><\/div>\n<ul class=\"n8H08c UVNKR\">\n<li class=\"TYR86d wXCUfe zfr3Q\" dir=\"ltr\">\n<p class=\"CDt4Ke zfr3Q\" dir=\"ltr\">Promoure, concretar i desplegar el pla de tecnologies digitals i fer-ne el seguiment en el marc del projecte educatiu del centre.<\/p>\n<\/li>\n<li class=\"TYR86d wXCUfe zfr3Q\" dir=\"ltr\">\n<p class=\"CDt4Ke zfr3Q\" dir=\"ltr\">Revisar peri\u00f2dicament les normes d&#8217;organitzaci\u00f3 i funcionament del centre (NOFC) per tal d&#8217;adequar-les als usos i a la normativa sobre privacitat i protecci\u00f3 de dades que el centre faci de les tecnologies digitals i dels dispositius personals.<\/p>\n<\/li>\n<li class=\"TYR86d wXCUfe zfr3Q\" dir=\"ltr\">\n<p class=\"CDt4Ke zfr3Q\" dir=\"ltr\">Potenciar que les tecnologies digitals impregnin les programacions curriculars amb una mirada inclusiva.<\/p>\n<\/li>\n<li class=\"TYR86d wXCUfe zfr3Q\" dir=\"ltr\">\n<p class=\"CDt4Ke zfr3Q\" dir=\"ltr\">Vetllar pel desplegament curricular de la compet\u00e8ncia digital de l&#8217;alumne.<\/p>\n<\/li>\n<li class=\"TYR86d wXCUfe zfr3Q\" dir=\"ltr\">\n<p class=\"CDt4Ke zfr3Q\" dir=\"ltr\">Promoure l&#8217;\u00fas de les tecnologies digitals en la pr\u00e0ctica educativa a l&#8217;aula, especialment en activitats STEM.<\/p>\n<\/li>\n<li class=\"TYR86d wXCUfe zfr3Q\" dir=\"ltr\">\n<p class=\"CDt4Ke zfr3Q\" dir=\"ltr\">Vetllar per l&#8217;optimaci\u00f3 de l&#8217;\u00fas dels recursos tecnol\u00f2gics del centre.<\/p>\n<\/li>\n<li class=\"TYR86d wXCUfe zfr3Q\" dir=\"ltr\">\n<p class=\"CDt4Ke zfr3Q\" dir=\"ltr\">Vetllar perqu\u00e8 es garanteixi la inclusi\u00f3 digital de tot l&#8217;alumnat en els centres, tant pel que fa a l&#8217;acc\u00e9s als equipaments tecnol\u00f2gics com a les fonts d&#8217;informaci\u00f3 i comunicaci\u00f3.<\/p>\n<\/li>\n<li class=\"TYR86d wXCUfe zfr3Q\" dir=\"ltr\">\n<p class=\"CDt4Ke zfr3Q\" dir=\"ltr\">Promoure l&#8217;aplicaci\u00f3 de mesures de protecci\u00f3 de continguts inadequats en l&#8217;acc\u00e9s a Internet, tant dels equipaments de l&#8217;escola com de les dades dels alumnes.<\/p>\n<\/li>\n<li class=\"TYR86d wXCUfe zfr3Q\" dir=\"ltr\">\n<p class=\"CDt4Ke zfr3Q\" dir=\"ltr\">Dinamitzar la pres\u00e8ncia a Internet del centre utilitzant en el possible plataformes que siguin respectuoses amb la privacitat de les dades (portal, EVA, blog, etc.).<\/p>\n<\/li>\n<li class=\"TYR86d wXCUfe zfr3Q\" dir=\"ltr\">\n<p class=\"CDt4Ke zfr3Q\" dir=\"ltr\">Establir el sistema de comunicaci\u00f3 digital del centre amb les fam\u00edlies i vetllar perqu\u00e8 es compleixi.<\/p>\n<\/li>\n<li class=\"TYR86d wXCUfe zfr3Q\" dir=\"ltr\">\n<p class=\"CDt4Ke zfr3Q\" dir=\"ltr\">Vetllar per l&#8217;aplicaci\u00f3 de les pol\u00edtiques de privacitat i seguretat de les dades i per les infraestructures digitals del centre educatiu.<\/p>\n<\/li>\n<li class=\"TYR86d wXCUfe zfr3Q\" dir=\"ltr\">\n<p class=\"CDt4Ke zfr3Q\" dir=\"ltr\">Vetllar perqu\u00e8 les fam\u00edlies rebin la informaci\u00f3 sobre les normes del centre pel que fa als dispositius digitals (usos, control parental, etc.).<\/p>\n<\/li>\n<li class=\"TYR86d wXCUfe zfr3Q\" dir=\"ltr\">\n<p class=\"CDt4Ke zfr3Q\" dir=\"ltr\">Tenir cura que els materials digitals difosos pel centre, que siguin accessibles en l\u00ednia, respectin els drets d&#8217;autoria i les llic\u00e8ncies d&#8217;\u00fas dels diferents elements que els integren (imatges, esquemes, textos, \u00e0udio, v\u00eddeo, etc.), donant prioritat a l&#8217;\u00fas de materials que permetin un \u00fas compartit, i vetllin per l&#8217;\u00fas d&#8217;un llenguatge plural que respecti la diversitat de g\u00e8nere.<\/p>\n<\/li>\n<li class=\"TYR86d wXCUfe zfr3Q\" dir=\"ltr\">\n<p class=\"CDt4Ke zfr3Q\" dir=\"ltr\">Dirigir la Formaci\u00f3 Interna de Centre (FIC) sobre la inclusi\u00f3 digital del professorat.<\/p>\n<\/li>\n<\/ul>\n<\/div>\n<\/div>\n<\/div>\n<\/div>\n<\/div>\n<\/div>\n<\/div>\n<\/div>\n<\/div>\n<\/section>\n","protected":false},"excerpt":{"rendered":"<p><a href=\"https:\/\/agora.xtec.cat\/escolacastellum\/wp-content\/uploads\/usu788\/2022\/05\/4.png\"><\/a><br \/>\nLa Comissi\u00f3 digital est\u00e0 formada per un membre de l&#8217;equip directiu, el coordinador digital i dos mestres m\u00e9s.<br \/>\nAquesta comissi\u00f3 t\u00e9 com a objectiu desenvolupar el Pla d&#8217;Estrat\u00e8gia Digital i liderar la transformaci\u00f3 de l&#8217;escola cap a un centre digital innovador.<\/p>\n<p>Membres:<\/p>\n<ul class=\"n8H08c UVNKR\">\n<li class=\"TYR86d wXCUfe&hellip;  <a href=\"https:\/\/agora.xtec.cat\/escolacastellum\/estrategia-digital-de-centre\/estrategia-3\/comissio-edc\/\" title=\"Read Comissi\u00f3 EDC\">Llegeix m\u00e9s\u00bb<\/a><br \/>\n","protected":false},"author":1,"featured_media":0,"parent":19048,"menu_order":0,"comment_status":"closed","ping_status":"closed","template":"page-templates\/side-menu.php","meta":{"_bbp_topic_count":0,"_bbp_reply_count":0,"_bbp_total_topic_count":0,"_bbp_total_reply_count":0,"_bbp_voice_count":0,"_bbp_anonymous_reply_count":0,"_bbp_topic_count_hidden":0,"_bbp_reply_count_hidden":0,"_bbp_forum_subforum_count":0,"footnotes":""},"class_list":["post-19171","page","type-page","status-publish","hentry"],"post_mailing_queue_ids":[],"_links":{"self":[{"href":"https:\/\/agora.xtec.cat\/escolacastellum\/wp-json\/wp\/v2\/pages\/19171","targetHints":{"allow":["GET"]}}],"collection":[{"href":"https:\/\/agora.xtec.cat\/escolacastellum\/wp-json\/wp\/v2\/pages"}],"about":[{"href":"https:\/\/agora.xtec.cat\/escolacastellum\/wp-json\/wp\/v2\/types\/page"}],"author":[{"embeddable":true,"href":"https:\/\/agora.xtec.cat\/escolacastellum\/wp-json\/wp\/v2\/users\/1"}],"replies":[{"embeddable":true,"href":"https:\/\/agora.xtec.cat\/escolacastellum\/wp-json\/wp\/v2\/comments?post=19171"}],"version-history":[{"count":5,"href":"https:\/\/agora.xtec.cat\/escolacastellum\/wp-json\/wp\/v2\/pages\/19171\/revisions"}],"predecessor-version":[{"id":19822,"href":"https:\/\/agora.xtec.cat\/escolacastellum\/wp-json\/wp\/v2\/pages\/19171\/revisions\/19822"}],"up":[{"embeddable":true,"href":"https:\/\/agora.xtec.cat\/escolacastellum\/wp-json\/wp\/v2\/pages\/19048"}],"wp:attachment":[{"href":"https:\/\/agora.xtec.cat\/escolacastellum\/wp-json\/wp\/v2\/media?parent=19171"}],"curies":[{"name":"wp","href":"https:\/\/api.w.org\/{rel}","templated":true}]}}