{"id":19064,"date":"2022-04-08T10:26:53","date_gmt":"2022-04-08T08:26:53","guid":{"rendered":"https:\/\/agora.xtec.cat\/escolacastellum\/?page_id=19064"},"modified":"2025-01-30T12:17:24","modified_gmt":"2025-01-30T11:17:24","slug":"consell-escolar-2","status":"publish","type":"page","link":"https:\/\/agora.xtec.cat\/escolacastellum\/lescola\/consell-escolar-2\/","title":{"rendered":"Consell Escolar"},"content":{"rendered":"<h5>COMPOSICI\u00d3 CONSELL ESCOLAR<\/h5>\n<table>\n<tbody>\n<tr>\n<td colspan=\"2\"><b> \u00a0 \u00a0 \u00a0 \u00a0 \u00a0 \u00a0 \u00a0 \u00a0 \u00a0 \u00a0 \u00a0 \u00a0 COMPOSICI\u00d3 DEL CONSELL ESCOLAR 24-25<\/b><\/td>\n<\/tr>\n<tr>\n<td><b>Directora<\/b><\/td>\n<td><span style=\"font-weight: 400;\">Elisabet Pag\u00e8s Vidal<\/span><\/td>\n<\/tr>\n<tr>\n<td><b>Cap d\u2019estudis<\/b><\/td>\n<td><span style=\"font-weight: 400;\">S\u00edlvia Mart\u00ednez Matas<\/span><\/td>\n<\/tr>\n<tr>\n<td><b>Secret\u00e0ria<\/b><\/td>\n<td><span style=\"font-weight: 400;\">Ivana Corominas Miret<\/span><\/td>\n<\/tr>\n<tr>\n<td><b>Representant de l\u2019Ajuntament<\/b><\/td>\n<td><span style=\"font-weight: 400;\">Pere Pujolr\u00e0s Feixas<\/span><\/td>\n<\/tr>\n<tr>\n<td rowspan=\"3\"><b>Representants de pares i mares<\/b><\/td>\n<td><span style=\"font-weight: 400;\">Isabel Ruiz Cozar<\/span><\/td>\n<\/tr>\n<tr>\n<td><span style=\"font-weight: 400;\">Paqui Palomares Palomares<\/span><\/td>\n<\/tr>\n<tr>\n<td><span style=\"font-weight: 400;\">Berenguer Sabadell Noguera<\/span><\/td>\n<\/tr>\n<tr>\n<td><b>Representant de l\u2019AFA<\/b><\/td>\n<td><span style=\"font-weight: 400;\">Imma Serrano Lorite<\/span><\/td>\n<\/tr>\n<tr>\n<td rowspan=\"4\"><b>Representants de mestres<\/b><\/td>\n<td><span style=\"font-weight: 400;\">M\u00aa Carmen Moya Fern\u00e1ndez<\/span><\/td>\n<\/tr>\n<tr>\n<td><span style=\"font-weight: 400;\">Llu\u00eds Busquets Costa<\/span><\/td>\n<\/tr>\n<tr>\n<td><span style=\"font-weight: 400;\">Ma\u0161a Kamenjasevic Kucukalic<\/span><\/td>\n<\/tr>\n<tr>\n<td><span style=\"font-weight: 400;\">Anna C\u00e9spedes Sans<\/span><\/td>\n<\/tr>\n<tr>\n<td><b>Representant del PAS<\/b><\/td>\n<td><span style=\"font-weight: 400;\">Juan Revidiego Bocanegra<\/span><\/td>\n<\/tr>\n<tr>\n<td><b>Representant del PAE<\/b><\/td>\n<td><span style=\"font-weight: 400;\">Gl\u00f2ria Ayguad\u00e9 Su\u00f1er<\/span><\/td>\n<\/tr>\n<\/tbody>\n<\/table>\n<h5>FUNCIONS<\/h5>\n<p>Corresponen al consell escolar les funcions seg\u00fcents:<\/p>\n<ul>\n<li style=\"font-weight: 400;\" aria-level=\"2\"><span style=\"font-weight: 400;\">Donar suport al projecte educatiu i les modificacions corresponents per una majoria de les tres cinquenes parts dels membres.<\/span><\/li>\n<li style=\"font-weight: 400;\" aria-level=\"2\"><span style=\"font-weight: 400;\">Donar suport a la programaci\u00f3 general anual del centre, el suport a la proposta corresponent podr\u00e0 ser per majoria simple, i avaluar-ne el desenvolupament i els resultats.<\/span><\/li>\n<li style=\"font-weight: 400;\" aria-level=\"2\"><span style=\"font-weight: 400;\">Donar suport a les propostes d&#8217;acords de corresponsabilitat, convenis i altres acords de col\u00b7laboraci\u00f3 del centre amb entitats o institucions.<\/span><\/li>\n<li style=\"font-weight: 400;\" aria-level=\"2\"><span style=\"font-weight: 400;\">Donar suport a les normes d&#8217;organitzaci\u00f3 i funcionament i les modificacions corresponents.<\/span><\/li>\n<li style=\"font-weight: 400;\" aria-level=\"2\"><span style=\"font-weight: 400;\">Donar suport a la carta de comprom\u00eds educatiu.<\/span><\/li>\n<li style=\"font-weight: 400;\" aria-level=\"2\"><span style=\"font-weight: 400;\">Donar suport al pressupost del centre i el rendiment de comptes.<\/span><\/li>\n<li style=\"font-weight: 400;\" aria-level=\"2\"><span style=\"font-weight: 400;\">Intervenir en el procediment d&#8217;admissi\u00f3 d&#8217;alumnes.<\/span><\/li>\n<li style=\"font-weight: 400;\" aria-level=\"2\"><span style=\"font-weight: 400;\">Participar en el procediment de selecci\u00f3 i en la proposta de cessament del director o directora.<\/span><\/li>\n<li style=\"font-weight: 400;\" aria-level=\"2\"><span style=\"font-weight: 400;\">Intervenir en la resoluci\u00f3 dels conflictes i, si escau, revisar les sancions a l\u2019alumnat.<\/span><\/li>\n<li style=\"font-weight: 400;\" aria-level=\"2\"><span style=\"font-weight: 400;\">Donar suport a les directrius per a la programaci\u00f3 d&#8217;activitats escolars complement\u00e0ries i d&#8217;activitats extraescolars, i avaluar-ne el desenvolupament.<\/span><\/li>\n<li style=\"font-weight: 400;\" aria-level=\"2\"><span style=\"font-weight: 400;\">Participar en les an\u00e0lisis i les avaluacions del funcionament general del centre i con\u00e8ixer l&#8217;evoluci\u00f3 del rendiment escolar.<\/span><\/li>\n<li style=\"font-weight: 400;\" aria-level=\"2\"><span style=\"font-weight: 400;\">Donar suport als criteris de col\u00b7laboraci\u00f3 amb altres centres i amb l&#8217;entorn.<\/span><\/li>\n<li style=\"font-weight: 400;\" aria-level=\"2\"><span style=\"font-weight: 400;\">Qualsevol altra que li sigui atribu\u00efda per les normes legals o reglament\u00e0ries.<\/span><\/li>\n<\/ul>\n<p><strong>ACORDS<\/strong><\/p>\n<h6>Consell Escolar 6\/7\/22:<\/h6>\n<table>\n<tbody>\n<tr style=\"height: 57px;\">\n<td style=\"height: 57px;\"><span style=\"font-weight: 400;\">Aprovar les actes anteriors<\/span><\/td>\n<\/tr>\n<tr style=\"height: 57px;\">\n<td style=\"height: 57px;\"><span style=\"font-weight: 400;\">Aprovar la Mem\u00f2ria del curs 21-22<\/span><\/td>\n<\/tr>\n<\/tbody>\n<\/table>\n<h6>Consell Escolar 5\/9\/22:<\/h6>\n<table style=\"border-collapse: collapse; width: 35.6057%; height: 46px;\">\n<tbody>\n<tr>\n<td style=\"width: 100%;\"><span style=\"font-weight: 400;\">Aprovaci\u00f3 dels dies de lliure disposici\u00f3, 30 de gener i 17 de febrer.<\/span><\/td>\n<\/tr>\n<\/tbody>\n<\/table>\n<h6>Consell Escolar 4\/10\/22:<\/h6>\n<table style=\"width: 12.1063%; height: 114px;\">\n<tbody>\n<tr style=\"height: 57px;\">\n<td style=\"height: 57px;\"><span style=\"font-weight: 400;\">Aprovar les actes 1 i 2<\/span><\/td>\n<\/tr>\n<tr style=\"height: 57px;\">\n<td style=\"height: 57px;\"><span style=\"font-weight: 400;\">Aprovar la PGA<\/span><\/td>\n<\/tr>\n<\/tbody>\n<\/table>\n<h6>Consell Escolar 4\/10\/22:<\/h6>\n<table>\n<tbody>\n<tr>\n<td><span style=\"font-weight: 400;\">Aprovar les acta 3 anteriors<\/span><\/td>\n<\/tr>\n<tr>\n<td><span style=\"font-weight: 400;\">Aprovar el pressupost exercici 23<\/span><\/td>\n<\/tr>\n<tr>\n<td><span style=\"font-weight: 400;\">Acordar dia i hora del Consell escolar<\/span><\/td>\n<\/tr>\n<\/tbody>\n<\/table>\n<h6>Consell Escolar 21\/3\/23:<\/h6>\n<table>\n<tbody>\n<tr>\n<td><span style=\"font-weight: 400;\">Aprovar les acta anterior<\/span><\/td>\n<\/tr>\n<tr>\n<td><span style=\"font-weight: 400;\">Aprovar el tancament de l\u2019exercici 22<\/span><\/td>\n<\/tr>\n<tr>\n<td><span style=\"font-weight: 400;\">Aprovar l\u2019actualitzaci\u00f3 de les NOFC<\/span><\/td>\n<\/tr>\n<\/tbody>\n<\/table>\n<h6>Consell Escolar 17\/4\/23:<\/h6>\n<table style=\"border-collapse: collapse; width: 34.2277%; height: 63px;\">\n<tbody>\n<tr style=\"height: 31px;\">\n<td style=\"width: 100%; height: 31px;\">Aprovaci\u00f3 dels documents de centre per poder-los actualitzar<\/td>\n<\/tr>\n<tr style=\"height: 32px;\">\n<td style=\"width: 100%; height: 32px;\">Assignar un referent del Consell Escolar per a la Igualtat de g\u00e8nere.<\/td>\n<\/tr>\n<\/tbody>\n<\/table>\n<h6>Consell Escolar 29\/6\/23:<\/h6>\n<table style=\"border-collapse: collapse; width: 35.388%;\">\n<tbody>\n<tr style=\"height: 33px;\">\n<td style=\"height: 33px; width: 100%;\">Aprovaci\u00f3 de l\u2019\u00faltima acta<\/td>\n<\/tr>\n<tr style=\"height: 45px;\">\n<td style=\"height: 45px; width: 100%;\">Aprovaci\u00f3 de diferents documents de centre:<\/p>\n<ul>\n<li style=\"font-weight: 400;\" aria-level=\"1\">\u00cdndex de les Normes d\u2019Organitzaci\u00f3 i Funcionament de Centre &#8211; NOFC<\/li>\n<li style=\"font-weight: 400;\" aria-level=\"1\">Apartat 9.1.8. Consell Escolar de les NOFC<\/li>\n<li style=\"font-weight: 400;\" aria-level=\"1\">Pla de comunicaci\u00f3: Criteris de comunicaci\u00f3 dels canals del Tellfy.<\/li>\n<li style=\"font-weight: 400;\" aria-level=\"1\">Pla d\u2019acollida digital.<\/li>\n<li style=\"font-weight: 400;\" aria-level=\"1\">Estrat\u00e8gia digital.<\/li>\n<li style=\"font-weight: 400;\" aria-level=\"1\">Funcionament de la biblioteca<\/li>\n<\/ul>\n<\/td>\n<\/tr>\n<tr style=\"height: 33px;\">\n<td style=\"height: 33px; width: 100%;\">Aprovaci\u00f3 de les modificacions del projecte de direcci\u00f3<\/td>\n<\/tr>\n<tr>\n<td style=\"width: 100%;\">Aprovar calendari escolar<\/td>\n<\/tr>\n<tr>\n<td style=\"width: 100%;\">Aprovar quota material fam\u00edlies curs 23-24<\/td>\n<\/tr>\n<tr>\n<td style=\"width: 100%;\">Mem\u00f2ria 22-23<\/td>\n<\/tr>\n<\/tbody>\n<\/table>\n<h6>Consell Escolar 6\/11\/23:<\/h6>\n<table>\n<tbody>\n<tr>\n<td><span style=\"font-weight: 400;\">Aprovaci\u00f3 de la PGA 23-24<\/span><\/td>\n<\/tr>\n<tr>\n<td><span style=\"font-weight: 400;\">Aprovaci\u00f3 del Pla de menjador 23-24<\/span><\/td>\n<\/tr>\n<\/tbody>\n<\/table>\n<h6>Consell Escolar 4\/12\/23:<\/h6>\n<table>\n<tbody>\n<tr>\n<td><span style=\"font-weight: 400;\">Aprovaci\u00f3 dels membres del Consell Escolar<\/span><\/td>\n<\/tr>\n<\/tbody>\n<\/table>\n<h6>Consell Escolar 29\/1\/24:<\/h6>\n<table>\n<tbody>\n<tr>\n<td><span style=\"font-weight: 400;\">Aprovaci\u00f3 del tancament econ\u00f2mic exercici 23<\/span><\/td>\n<\/tr>\n<tr>\n<td><span style=\"font-weight: 400;\">Aprovaci\u00f3 de pressupost econ\u00f2mic exercici 24<\/span><\/td>\n<\/tr>\n<\/tbody>\n<\/table>\n<h6>Consell Escolar 27\/6\/24:<\/h6>\n<table>\n<tbody>\n<tr>\n<td><span style=\"font-weight: 400;\">Aprovaci\u00f3 de la Mem\u00f2ria 23-24<\/span><\/td>\n<\/tr>\n<tr>\n<td><span style=\"font-weight: 400;\">Aprovaci\u00f3 Calendari escolar<\/span><\/td>\n<\/tr>\n<\/tbody>\n<\/table>\n<h6>Consell Escolar 04\/11\/24:<\/h6>\n<table style=\"width: 24.1824%; height: 103px;\">\n<tbody>\n<tr style=\"height: 32px;\">\n<td style=\"height: 32px;\">Aprovaci\u00f3 de la PGA<\/td>\n<\/tr>\n<tr style=\"height: 10px;\">\n<td style=\"height: 10px;\">Aprovaci\u00f3 de les sortides, tallers i col\u00f2nies<\/td>\n<\/tr>\n<tr style=\"height: 61px;\">\n<td style=\"height: 61px;\">Aprovaci\u00f3 del Pla de funcionament de menjador<\/td>\n<\/tr>\n<\/tbody>\n<\/table>\n<h6>Consell Escolar 27\/1\/25:<\/h6>\n<table>\n<tbody>\n<tr>\n<td><span style=\"font-weight: 400;\">Aprovaci\u00f3 del tancament econ\u00f2mic exercici 24<\/span><\/td>\n<\/tr>\n<tr>\n<td><span style=\"font-weight: 400;\">Aprovaci\u00f3 de pressupost econ\u00f2mic exercici 25<\/span><\/td>\n<\/tr>\n<tr>\n<td><span style=\"font-weight: 400;\">Aprovaci\u00f3 de la Carta de comprom\u00eds educatiu Infantil i Prim\u00e0ria<\/span><\/td>\n<\/tr>\n<\/tbody>\n<\/table>\n","protected":false},"excerpt":{"rendered":"<p>COMPOSICI\u00d3 CONSELL ESCOLAR<\/p>\n<p> \u00a0 \u00a0 \u00a0 \u00a0 \u00a0 \u00a0 \u00a0 \u00a0 \u00a0 \u00a0 \u00a0 \u00a0 COMPOSICI\u00d3 DEL CONSELL ESCOLAR 24-25<\/p>\n<p>Directora<br \/>\nElisabet Pag\u00e8s Vidal<\/p>\n<p>Cap d\u2019estudis<br \/>\nS\u00edlvia Mart\u00ednez Matas<\/p>\n<p>Secret\u00e0ria<br \/>\nIvana Corominas Miret<\/p>\n<p>Representant de l\u2019Ajuntament<br \/>\nPere Pujolr\u00e0s Feixas<\/p>\n<p>Representants de pares i mares<br \/>\nIsabel Ruiz Cozar<\/p>\n<p>Paqui Palomares Palomares<\/p>\n<p>Berenguer Sabadell Noguera<\/p>\n<p>Representant de l\u2019AFA<br \/>\nImma Serrano Lorite<\/p>\n<p>Representants&hellip;  <a href=\"https:\/\/agora.xtec.cat\/escolacastellum\/lescola\/consell-escolar-2\/\" title=\"Read Consell Escolar\">Llegeix m\u00e9s\u00bb<\/a><\/p>\n","protected":false},"author":1,"featured_media":0,"parent":22,"menu_order":0,"comment_status":"closed","ping_status":"closed","template":"page-templates\/side-menu.php","meta":{"_bbp_topic_count":0,"_bbp_reply_count":0,"_bbp_total_topic_count":0,"_bbp_total_reply_count":0,"_bbp_voice_count":0,"_bbp_anonymous_reply_count":0,"_bbp_topic_count_hidden":0,"_bbp_reply_count_hidden":0,"_bbp_forum_subforum_count":0,"footnotes":""},"class_list":["post-19064","page","type-page","status-publish","hentry"],"post_mailing_queue_ids":[],"_links":{"self":[{"href":"https:\/\/agora.xtec.cat\/escolacastellum\/wp-json\/wp\/v2\/pages\/19064","targetHints":{"allow":["GET"]}}],"collection":[{"href":"https:\/\/agora.xtec.cat\/escolacastellum\/wp-json\/wp\/v2\/pages"}],"about":[{"href":"https:\/\/agora.xtec.cat\/escolacastellum\/wp-json\/wp\/v2\/types\/page"}],"author":[{"embeddable":true,"href":"https:\/\/agora.xtec.cat\/escolacastellum\/wp-json\/wp\/v2\/users\/1"}],"replies":[{"embeddable":true,"href":"https:\/\/agora.xtec.cat\/escolacastellum\/wp-json\/wp\/v2\/comments?post=19064"}],"version-history":[{"count":5,"href":"https:\/\/agora.xtec.cat\/escolacastellum\/wp-json\/wp\/v2\/pages\/19064\/revisions"}],"predecessor-version":[{"id":20106,"href":"https:\/\/agora.xtec.cat\/escolacastellum\/wp-json\/wp\/v2\/pages\/19064\/revisions\/20106"}],"up":[{"embeddable":true,"href":"https:\/\/agora.xtec.cat\/escolacastellum\/wp-json\/wp\/v2\/pages\/22"}],"wp:attachment":[{"href":"https:\/\/agora.xtec.cat\/escolacastellum\/wp-json\/wp\/v2\/media?parent=19064"}],"curies":[{"name":"wp","href":"https:\/\/api.w.org\/{rel}","templated":true}]}}