{"id":1839,"date":"2018-05-17T13:00:48","date_gmt":"2018-05-17T11:00:48","guid":{"rendered":"http:\/\/agora.xtec.cat\/escolacastellum\/?page_id=1839"},"modified":"2018-05-17T13:27:13","modified_gmt":"2018-05-17T11:27:13","slug":"sant-jordi","status":"publish","type":"page","link":"https:\/\/agora.xtec.cat\/escolacastellum\/activitats-descola\/festes\/sant-jordi\/","title":{"rendered":"Sant Jordi"},"content":{"rendered":"<p style=\"text-align: center;\"><strong>SANT JORDI 2018<\/strong><\/p>\n<p style=\"text-align: left;\">Aquest curs tamb\u00e9 hem celebrat la diada de Sant Jordi explicant contes, fent tallers, fent una parada de llibres de segona m\u00e0 i coques i, com a novetat d&#8217;aquest any, elaborant entre tots plegats el LLIBRE GEGANT DELS NOSTRES CONTES PREFERITS.<\/p>\n<p style=\"text-align: left;\">Esperem que totes aquestes activitats us hagin agradat molt i les h\u00e0giu gaudit en fam\u00edlia. La vostra col\u00b7laboraci\u00f3 ha estat imprescindible i des de la comissi\u00f3 us ho volem agra\u00efr. Aquesta festa no seria possible sense la participaci\u00f3 de vosaltres, les fam\u00edlies.<\/p>\n<p style=\"text-align: left;\">Si voleu venir a veure el resultat del llibre gegant, est\u00e0 exposat a la Sala Gran de manera permanent a disposici\u00f3 de tots i totes.<\/p>\n<p style=\"text-align: left;\">Us deixem aqu\u00ed unes quantes fotografies representatives de la diada.<\/p>\n<p style=\"text-align: left;\"><a href=\"http:\/\/agora.xtec.cat\/escolacastellum\/wp-content\/uploads\/usu788\/2018\/05\/abril18-065.jpg\"><img loading=\"lazy\" decoding=\"async\" class=\"size-full wp-image-1844 aligncenter\" src=\"http:\/\/agora.xtec.cat\/escolacastellum\/wp-content\/uploads\/usu788\/2018\/05\/abril18-065.jpg\" alt=\"\" width=\"640\" height=\"480\" srcset=\"https:\/\/agora.xtec.cat\/escolacastellum\/wp-content\/uploads\/usu788\/2018\/05\/abril18-065.jpg 640w, https:\/\/agora.xtec.cat\/escolacastellum\/wp-content\/uploads\/usu788\/2018\/05\/abril18-065-300x225.jpg 300w, https:\/\/agora.xtec.cat\/escolacastellum\/wp-content\/uploads\/usu788\/2018\/05\/abril18-065-200x150.jpg 200w\" sizes=\"auto, (max-width: 640px) 100vw, 640px\" \/><\/a><\/p>\n<p style=\"text-align: left;\"><a href=\"http:\/\/agora.xtec.cat\/escolacastellum\/wp-content\/uploads\/usu788\/2018\/05\/abril18-073.jpg\"><img loading=\"lazy\" decoding=\"async\" class=\"size-large wp-image-1845 aligncenter\" src=\"http:\/\/agora.xtec.cat\/escolacastellum\/wp-content\/uploads\/usu788\/2018\/05\/abril18-073.jpg\" alt=\"\" width=\"640\" height=\"480\" srcset=\"https:\/\/agora.xtec.cat\/escolacastellum\/wp-content\/uploads\/usu788\/2018\/05\/abril18-073.jpg 640w, https:\/\/agora.xtec.cat\/escolacastellum\/wp-content\/uploads\/usu788\/2018\/05\/abril18-073-300x225.jpg 300w, https:\/\/agora.xtec.cat\/escolacastellum\/wp-content\/uploads\/usu788\/2018\/05\/abril18-073-200x150.jpg 200w\" sizes=\"auto, (max-width: 640px) 100vw, 640px\" \/><\/a><\/p>\n<p style=\"text-align: left;\"><a href=\"http:\/\/agora.xtec.cat\/escolacastellum\/wp-content\/uploads\/usu788\/2018\/05\/DSC_0402.jpg\"><img loading=\"lazy\" decoding=\"async\" class=\"size-large wp-image-1846 aligncenter\" src=\"http:\/\/agora.xtec.cat\/escolacastellum\/wp-content\/uploads\/usu788\/2018\/05\/DSC_0402.jpg\" alt=\"\" width=\"640\" height=\"426\" srcset=\"https:\/\/agora.xtec.cat\/escolacastellum\/wp-content\/uploads\/usu788\/2018\/05\/DSC_0402.jpg 640w, https:\/\/agora.xtec.cat\/escolacastellum\/wp-content\/uploads\/usu788\/2018\/05\/DSC_0402-300x200.jpg 300w\" sizes=\"auto, (max-width: 640px) 100vw, 640px\" \/><\/a><\/p>\n<p style=\"text-align: left;\"><a href=\"http:\/\/agora.xtec.cat\/escolacastellum\/wp-content\/uploads\/usu788\/2018\/05\/DSC_0421.jpg\"><img loading=\"lazy\" decoding=\"async\" class=\"size-large wp-image-1847 aligncenter\" src=\"http:\/\/agora.xtec.cat\/escolacastellum\/wp-content\/uploads\/usu788\/2018\/05\/DSC_0421.jpg\" alt=\"\" width=\"640\" height=\"426\" srcset=\"https:\/\/agora.xtec.cat\/escolacastellum\/wp-content\/uploads\/usu788\/2018\/05\/DSC_0421.jpg 640w, https:\/\/agora.xtec.cat\/escolacastellum\/wp-content\/uploads\/usu788\/2018\/05\/DSC_0421-300x200.jpg 300w\" sizes=\"auto, (max-width: 640px) 100vw, 640px\" \/><\/a><\/p>\n<p style=\"text-align: left;\"><a href=\"http:\/\/agora.xtec.cat\/escolacastellum\/wp-content\/uploads\/usu788\/2018\/05\/DSC_0426.jpg\"><img loading=\"lazy\" decoding=\"async\" class=\"size-large wp-image-1848 aligncenter\" src=\"http:\/\/agora.xtec.cat\/escolacastellum\/wp-content\/uploads\/usu788\/2018\/05\/DSC_0426.jpg\" alt=\"\" width=\"640\" height=\"426\" srcset=\"https:\/\/agora.xtec.cat\/escolacastellum\/wp-content\/uploads\/usu788\/2018\/05\/DSC_0426.jpg 640w, https:\/\/agora.xtec.cat\/escolacastellum\/wp-content\/uploads\/usu788\/2018\/05\/DSC_0426-300x200.jpg 300w\" sizes=\"auto, (max-width: 640px) 100vw, 640px\" \/><\/a><\/p>\n<p style=\"text-align: left;\"><a href=\"http:\/\/agora.xtec.cat\/escolacastellum\/wp-content\/uploads\/usu788\/2018\/05\/DSC_0436.jpg\"><img loading=\"lazy\" decoding=\"async\" class=\"size-large wp-image-1849 aligncenter\" src=\"http:\/\/agora.xtec.cat\/escolacastellum\/wp-content\/uploads\/usu788\/2018\/05\/DSC_0436.jpg\" alt=\"\" width=\"640\" height=\"426\" srcset=\"https:\/\/agora.xtec.cat\/escolacastellum\/wp-content\/uploads\/usu788\/2018\/05\/DSC_0436.jpg 640w, https:\/\/agora.xtec.cat\/escolacastellum\/wp-content\/uploads\/usu788\/2018\/05\/DSC_0436-300x200.jpg 300w\" sizes=\"auto, (max-width: 640px) 100vw, 640px\" \/><\/a><\/p>\n<p style=\"text-align: left;\"><a href=\"http:\/\/agora.xtec.cat\/escolacastellum\/wp-content\/uploads\/usu788\/2018\/05\/DSC_0443.jpg\"><img loading=\"lazy\" decoding=\"async\" class=\"size-large wp-image-1850 aligncenter\" src=\"http:\/\/agora.xtec.cat\/escolacastellum\/wp-content\/uploads\/usu788\/2018\/05\/DSC_0443.jpg\" alt=\"\" width=\"640\" height=\"426\" srcset=\"https:\/\/agora.xtec.cat\/escolacastellum\/wp-content\/uploads\/usu788\/2018\/05\/DSC_0443.jpg 640w, https:\/\/agora.xtec.cat\/escolacastellum\/wp-content\/uploads\/usu788\/2018\/05\/DSC_0443-300x200.jpg 300w\" sizes=\"auto, (max-width: 640px) 100vw, 640px\" \/><\/a><\/p>\n<p style=\"text-align: left;\"><a href=\"http:\/\/agora.xtec.cat\/escolacastellum\/wp-content\/uploads\/usu788\/2018\/05\/DSC_0446.jpg\"><img loading=\"lazy\" decoding=\"async\" class=\"size-large wp-image-1851 aligncenter\" src=\"http:\/\/agora.xtec.cat\/escolacastellum\/wp-content\/uploads\/usu788\/2018\/05\/DSC_0446.jpg\" alt=\"\" width=\"640\" height=\"426\" srcset=\"https:\/\/agora.xtec.cat\/escolacastellum\/wp-content\/uploads\/usu788\/2018\/05\/DSC_0446.jpg 640w, https:\/\/agora.xtec.cat\/escolacastellum\/wp-content\/uploads\/usu788\/2018\/05\/DSC_0446-300x200.jpg 300w\" sizes=\"auto, (max-width: 640px) 100vw, 640px\" \/><\/a><\/p>\n<p style=\"text-align: left;\"><a href=\"http:\/\/agora.xtec.cat\/escolacastellum\/wp-content\/uploads\/usu788\/2018\/05\/DSC_0471.jpg\"><img loading=\"lazy\" decoding=\"async\" class=\"size-large wp-image-1852 aligncenter\" src=\"http:\/\/agora.xtec.cat\/escolacastellum\/wp-content\/uploads\/usu788\/2018\/05\/DSC_0471.jpg\" alt=\"\" width=\"640\" height=\"426\" srcset=\"https:\/\/agora.xtec.cat\/escolacastellum\/wp-content\/uploads\/usu788\/2018\/05\/DSC_0471.jpg 640w, https:\/\/agora.xtec.cat\/escolacastellum\/wp-content\/uploads\/usu788\/2018\/05\/DSC_0471-300x200.jpg 300w\" sizes=\"auto, (max-width: 640px) 100vw, 640px\" \/><\/a><\/p>\n<p style=\"text-align: left;\">\n","protected":false},"excerpt":{"rendered":"<p>SANT JORDI 2018<br \/>\nAquest curs tamb\u00e9 hem celebrat la diada de Sant Jordi explicant contes, fent tallers, fent una parada de llibres de segona m\u00e0 i coques i, com a novetat d&#8217;aquest any, elaborant entre tots plegats el LLIBRE GEGANT DELS NOSTRES CONTES PREFERITS.<br \/>\nEsperem que totes&hellip;  <a href=\"https:\/\/agora.xtec.cat\/escolacastellum\/activitats-descola\/festes\/sant-jordi\/\" title=\"Read Sant Jordi\">Llegeix m\u00e9s\u00bb<\/a><\/p>\n","protected":false},"author":1,"featured_media":0,"parent":462,"menu_order":0,"comment_status":"closed","ping_status":"closed","template":"page-templates\/side-menu.php","meta":{"_bbp_topic_count":0,"_bbp_reply_count":0,"_bbp_total_topic_count":0,"_bbp_total_reply_count":0,"_bbp_voice_count":0,"_bbp_anonymous_reply_count":0,"_bbp_topic_count_hidden":0,"_bbp_reply_count_hidden":0,"_bbp_forum_subforum_count":0,"footnotes":""},"class_list":["post-1839","page","type-page","status-publish","hentry"],"post_mailing_queue_ids":[],"_links":{"self":[{"href":"https:\/\/agora.xtec.cat\/escolacastellum\/wp-json\/wp\/v2\/pages\/1839","targetHints":{"allow":["GET"]}}],"collection":[{"href":"https:\/\/agora.xtec.cat\/escolacastellum\/wp-json\/wp\/v2\/pages"}],"about":[{"href":"https:\/\/agora.xtec.cat\/escolacastellum\/wp-json\/wp\/v2\/types\/page"}],"author":[{"embeddable":true,"href":"https:\/\/agora.xtec.cat\/escolacastellum\/wp-json\/wp\/v2\/users\/1"}],"replies":[{"embeddable":true,"href":"https:\/\/agora.xtec.cat\/escolacastellum\/wp-json\/wp\/v2\/comments?post=1839"}],"version-history":[{"count":4,"href":"https:\/\/agora.xtec.cat\/escolacastellum\/wp-json\/wp\/v2\/pages\/1839\/revisions"}],"predecessor-version":[{"id":1854,"href":"https:\/\/agora.xtec.cat\/escolacastellum\/wp-json\/wp\/v2\/pages\/1839\/revisions\/1854"}],"up":[{"embeddable":true,"href":"https:\/\/agora.xtec.cat\/escolacastellum\/wp-json\/wp\/v2\/pages\/462"}],"wp:attachment":[{"href":"https:\/\/agora.xtec.cat\/escolacastellum\/wp-json\/wp\/v2\/media?parent=1839"}],"curies":[{"name":"wp","href":"https:\/\/api.w.org\/{rel}","templated":true}]}}